{"id":32439,"date":"2019-05-16T11:08:18","date_gmt":"2019-05-16T09:08:18","guid":{"rendered":"https:\/\/new-fitadium.synten.com\/TheGoodFit\/?page_id=32439"},"modified":"2020-09-21T09:03:11","modified_gmt":"2020-09-21T07:03:11","slug":"qui-sommes-nous","status":"publish","type":"page","link":"https:\/\/www.fitadium.com\/conseils\/qui-sommes-nous\/","title":{"rendered":"Qui sommes-nous ?"},"content":{"rendered":"\n<p>Conseils Fit c\u2019est un e-magazine de passionn\u00e9s, anim\u00e9 par une \u00e9quipe d\u2019auteurs sp\u00e9cialis\u00e9s chacun dans leur domaine.<\/p>\n\n\n\n<h2><strong>Pourquoi les Conseils Fit ?<\/strong><\/h2>\n\n\n\n<p>Parce que la forme, c\u2019est notre \u00e9l\u00e9ment, on s\u2019y sent bien et\nque c\u2019est l\u00e0 qu\u2019on a envie de vous embarquer avec nous&nbsp;!<\/p>\n\n\n\n<p>Notre ambition est de vous informer, de vous aider \u00e0\nprogresser mais aussi de vous divertir, car on apprend mieux en s\u2019amusant, non&nbsp;?<\/p>\n\n\n\n<p>Nous nous appuyons sur l\u2019actualit\u00e9 du moment, la science et\nl\u2019expertise de nos coachs pour vous offrir le meilleur.<\/p>\n\n\n\n<p>Nous abordons tous les sujets du fitness et du bien-\u00eatre qui\nvous pr\u00e9occupent au quotidien.<\/p>\n\n\n\n<p>Recettes, aliments, entrainement, mythes, suppl\u00e9ments, techniques, nutrition, lifestyle&#8230; on vous parle de tout, de nous mais surtout de vous !<\/p>\n\n\n\n<p>Nous rendons accessibles les \u00e9tudes scientifiques et les sujets\ncomplexes sous forme de br\u00e8ves, conseils, et astuces pour r\u00e9pondre \u00e0 vos\nbesoins et rendre votre vie plus simple.<\/p>\n\n\n\n<p>Nous laissons aussi la parole \u00e0 d\u2019autres passionn\u00e9s, qui\nnous font partager leurs r\u00eaves et leurs \u00e9motions.<\/p>\n\n\n\n<p>Nous n\u2019avons pas d\u2019autre objectif que de susciter votre\ncuriosit\u00e9, d\u2019ouvrir votre esprit ou de vous faire sourire. Si on vous donne\nenvie d\u2019en savoir plus, tant mieux&nbsp;!<\/p>\n\n\n\n<p>Vous souhaitez dialoguer avec nous, nous faire part d\u2019id\u00e9es\nou de suggestions&nbsp;? Rendez-vous sur notre page \u00ab&nbsp;contact&nbsp;\u00bb<\/p>\n\n\n\n<p>Bienvenue sur les Conseils Fit by Fitadium !<\/p>\n","protected":false},"excerpt":{"rendered":"<p>Conseils Fit c\u2019est un e-magazine de passionn\u00e9s, anim\u00e9 par une \u00e9quipe d\u2019auteurs sp\u00e9cialis\u00e9s chacun dans leur domaine. Pourquoi les Conseils Fit ? Parce que la forme, c\u2019est notre \u00e9l\u00e9ment, on s\u2019y sent bien et que c\u2019est l\u00e0 qu\u2019on a envie de vous embarquer avec nous&nbsp;! Notre ambition est de vous informer, de vous aider \u00e0 [&hellip;]<\/p>\n","protected":false},"author":1,"featured_media":0,"parent":0,"menu_order":0,"comment_status":"closed","ping_status":"closed","template":"","meta":[],"yoast_head":"<!-- This site is optimized with the Yoast SEO plugin v17.1 - https:\/\/yoast.com\/wordpress\/plugins\/seo\/ -->\n<title>Qui sommes-nous ? Les Conseils Fit by Fitadium<\/title>\n<meta name=\"description\" content=\"Qui sommes-nous ? D\u00e9couvrez notre e-magazine Les Conseils Fit by Fitadium\" \/>\n<meta name=\"robots\" content=\"index, follow, max-snippet:-1, max-image-preview:large, max-video-preview:-1\" \/>\n<link rel=\"canonical\" href=\"https:\/\/www.fitadium.com\/conseils\/qui-sommes-nous\/\" \/>\n<meta property=\"og:locale\" content=\"fr_FR\" \/>\n<meta property=\"og:type\" content=\"article\" \/>\n<meta property=\"og:title\" content=\"Qui sommes-nous ? Les Conseils Fit by Fitadium\" \/>\n<meta property=\"og:description\" content=\"Qui sommes-nous ? D\u00e9couvrez notre e-magazine Les Conseils Fit by Fitadium\" \/>\n<meta property=\"og:url\" content=\"https:\/\/www.fitadium.com\/conseils\/qui-sommes-nous\/\" \/>\n<meta property=\"og:site_name\" content=\"Fitadium\" \/>\n<meta property=\"article:publisher\" content=\"https:\/\/www.facebook.com\/fitadium.musculation\" \/>\n<meta property=\"article:modified_time\" content=\"2020-09-21T07:03:11+00:00\" \/>\n<meta property=\"og:image\" content=\"https:\/\/www.fitadium.com\/conseils\/wp-content\/uploads\/2020\/05\/100949611_249536676267297_6848748714129861639_n.jpg\" \/>\n\t<meta property=\"og:image:width\" content=\"1080\" \/>\n\t<meta property=\"og:image:height\" content=\"1080\" \/>\n<script type=\"application\/ld+json\" class=\"yoast-schema-graph\">{\"@context\":\"https:\/\/schema.org\",\"@graph\":[{\"@type\":\"Organization\",\"@id\":\"https:\/\/www.fitadium.com\/conseils\/#organization\",\"name\":\"FITADIUM\",\"url\":\"https:\/\/www.fitadium.com\/conseils\/\",\"sameAs\":[\"https:\/\/www.facebook.com\/fitadium.musculation\"],\"logo\":{\"@type\":\"ImageObject\",\"@id\":\"https:\/\/www.fitadium.com\/conseils\/#logo\",\"inLanguage\":\"fr-FR\",\"url\":\"https:\/\/www.fitadium.com\/conseils\/wp-content\/uploads\/2013\/08\/mobypicture.jpg\",\"contentUrl\":\"https:\/\/www.fitadium.com\/conseils\/wp-content\/uploads\/2013\/08\/mobypicture.jpg\",\"width\":510,\"height\":600,\"caption\":\"FITADIUM\"},\"image\":{\"@id\":\"https:\/\/www.fitadium.com\/conseils\/#logo\"}},{\"@type\":\"WebSite\",\"@id\":\"https:\/\/www.fitadium.com\/conseils\/#website\",\"url\":\"https:\/\/www.fitadium.com\/conseils\/\",\"name\":\"Fitadium\",\"description\":\"Toute l&#039;actualit\\u00e9 de la musculation et du fitness\",\"publisher\":{\"@id\":\"https:\/\/www.fitadium.com\/conseils\/#organization\"},\"potentialAction\":[{\"@type\":\"SearchAction\",\"target\":{\"@type\":\"EntryPoint\",\"urlTemplate\":\"https:\/\/www.fitadium.com\/conseils\/?s={search_term_string}\"},\"query-input\":\"required name=search_term_string\"}],\"inLanguage\":\"fr-FR\"},{\"@type\":\"WebPage\",\"@id\":\"https:\/\/www.fitadium.com\/conseils\/qui-sommes-nous\/#webpage\",\"url\":\"https:\/\/www.fitadium.com\/conseils\/qui-sommes-nous\/\",\"name\":\"Qui sommes-nous ? Les Conseils Fit by Fitadium\",\"isPartOf\":{\"@id\":\"https:\/\/www.fitadium.com\/conseils\/#website\"},\"datePublished\":\"2019-05-16T09:08:18+00:00\",\"dateModified\":\"2020-09-21T07:03:11+00:00\",\"description\":\"Qui sommes-nous ? D\\u00e9couvrez notre e-magazine Les Conseils Fit by Fitadium\",\"breadcrumb\":{\"@id\":\"https:\/\/www.fitadium.com\/conseils\/qui-sommes-nous\/#breadcrumb\"},\"inLanguage\":\"fr-FR\",\"potentialAction\":[{\"@type\":\"ReadAction\",\"target\":[\"https:\/\/www.fitadium.com\/conseils\/qui-sommes-nous\/\"]}]},{\"@type\":\"BreadcrumbList\",\"@id\":\"https:\/\/www.fitadium.com\/conseils\/qui-sommes-nous\/#breadcrumb\",\"itemListElement\":[{\"@type\":\"ListItem\",\"position\":1,\"name\":\"Home\",\"item\":\"https:\/\/www.fitadium.com\/conseils\/\"},{\"@type\":\"ListItem\",\"position\":2,\"name\":\"Qui sommes-nous ?\"}]}]}<\/script>\n<!-- \/ Yoast SEO plugin. -->","yoast_head_json":{"title":"Qui sommes-nous ? Les Conseils Fit by Fitadium","description":"Qui sommes-nous ? D\u00e9couvrez notre e-magazine Les Conseils Fit by Fitadium","robots":{"index":"index","follow":"follow","max-snippet":"max-snippet:-1","max-image-preview":"max-image-preview:large","max-video-preview":"max-video-preview:-1"},"canonical":"https:\/\/www.fitadium.com\/conseils\/qui-sommes-nous\/","og_locale":"fr_FR","og_type":"article","og_title":"Qui sommes-nous ? Les Conseils Fit by Fitadium","og_description":"Qui sommes-nous ? D\u00e9couvrez notre e-magazine Les Conseils Fit by Fitadium","og_url":"https:\/\/www.fitadium.com\/conseils\/qui-sommes-nous\/","og_site_name":"Fitadium","article_publisher":"https:\/\/www.facebook.com\/fitadium.musculation","article_modified_time":"2020-09-21T07:03:11+00:00","og_image":[{"width":1080,"height":1080,"url":"https:\/\/www.fitadium.com\/conseils\/wp-content\/uploads\/2020\/05\/100949611_249536676267297_6848748714129861639_n.jpg","path":"\/home\/www\/fitadium\/www\/conseils\/wp-content\/uploads\/2020\/05\/100949611_249536676267297_6848748714129861639_n.jpg","size":"full","id":47394,"alt":"","pixels":1166400,"type":"image\/jpeg"}],"schema":{"@context":"https:\/\/schema.org","@graph":[{"@type":"Organization","@id":"https:\/\/www.fitadium.com\/conseils\/#organization","name":"FITADIUM","url":"https:\/\/www.fitadium.com\/conseils\/","sameAs":["https:\/\/www.facebook.com\/fitadium.musculation"],"logo":{"@type":"ImageObject","@id":"https:\/\/www.fitadium.com\/conseils\/#logo","inLanguage":"fr-FR","url":"https:\/\/www.fitadium.com\/conseils\/wp-content\/uploads\/2013\/08\/mobypicture.jpg","contentUrl":"https:\/\/www.fitadium.com\/conseils\/wp-content\/uploads\/2013\/08\/mobypicture.jpg","width":510,"height":600,"caption":"FITADIUM"},"image":{"@id":"https:\/\/www.fitadium.com\/conseils\/#logo"}},{"@type":"WebSite","@id":"https:\/\/www.fitadium.com\/conseils\/#website","url":"https:\/\/www.fitadium.com\/conseils\/","name":"Fitadium","description":"Toute l&#039;actualit\u00e9 de la musculation et du fitness","publisher":{"@id":"https:\/\/www.fitadium.com\/conseils\/#organization"},"potentialAction":[{"@type":"SearchAction","target":{"@type":"EntryPoint","urlTemplate":"https:\/\/www.fitadium.com\/conseils\/?s={search_term_string}"},"query-input":"required name=search_term_string"}],"inLanguage":"fr-FR"},{"@type":"WebPage","@id":"https:\/\/www.fitadium.com\/conseils\/qui-sommes-nous\/#webpage","url":"https:\/\/www.fitadium.com\/conseils\/qui-sommes-nous\/","name":"Qui sommes-nous ? Les Conseils Fit by Fitadium","isPartOf":{"@id":"https:\/\/www.fitadium.com\/conseils\/#website"},"datePublished":"2019-05-16T09:08:18+00:00","dateModified":"2020-09-21T07:03:11+00:00","description":"Qui sommes-nous ? D\u00e9couvrez notre e-magazine Les Conseils Fit by Fitadium","breadcrumb":{"@id":"https:\/\/www.fitadium.com\/conseils\/qui-sommes-nous\/#breadcrumb"},"inLanguage":"fr-FR","potentialAction":[{"@type":"ReadAction","target":["https:\/\/www.fitadium.com\/conseils\/qui-sommes-nous\/"]}]},{"@type":"BreadcrumbList","@id":"https:\/\/www.fitadium.com\/conseils\/qui-sommes-nous\/#breadcrumb","itemListElement":[{"@type":"ListItem","position":1,"name":"Home","item":"https:\/\/www.fitadium.com\/conseils\/"},{"@type":"ListItem","position":2,"name":"Qui sommes-nous ?"}]}]}},"featured_image_src":null,"featured_image_src_square":null,"_links":{"self":[{"href":"https:\/\/www.fitadium.com\/conseils\/wp-json\/wp\/v2\/pages\/32439"}],"collection":[{"href":"https:\/\/www.fitadium.com\/conseils\/wp-json\/wp\/v2\/pages"}],"about":[{"href":"https:\/\/www.fitadium.com\/conseils\/wp-json\/wp\/v2\/types\/page"}],"author":[{"embeddable":true,"href":"https:\/\/www.fitadium.com\/conseils\/wp-json\/wp\/v2\/users\/1"}],"replies":[{"embeddable":true,"href":"https:\/\/www.fitadium.com\/conseils\/wp-json\/wp\/v2\/comments?post=32439"}],"version-history":[{"count":7,"href":"https:\/\/www.fitadium.com\/conseils\/wp-json\/wp\/v2\/pages\/32439\/revisions"}],"predecessor-version":[{"id":50899,"href":"https:\/\/www.fitadium.com\/conseils\/wp-json\/wp\/v2\/pages\/32439\/revisions\/50899"}],"wp:attachment":[{"href":"https:\/\/www.fitadium.com\/conseils\/wp-json\/wp\/v2\/media?parent=32439"}],"curies":[{"name":"wp","href":"https:\/\/api.w.org\/{rel}","templated":true}]}}