{"id":32446,"date":"2019-05-16T11:11:16","date_gmt":"2019-05-16T09:11:16","guid":{"rendered":"https:\/\/new-fitadium.synten.com\/TheGoodFit\/?page_id=32446"},"modified":"2025-02-04T16:08:15","modified_gmt":"2025-02-04T15:08:15","slug":"nous-contacter","status":"publish","type":"page","link":"https:\/\/www.fitadium.com\/conseils\/nous-contacter\/","title":{"rendered":"Nous contacter"},"content":{"rendered":"\n<p> <br>Pour contacter nos auteurs, demander des pr\u00e9cisions sur un article ou encore nous faire une suggestion. Proposer un article, une interview ou un t\u00e9moignage, c&rsquo;est ici : <\/p>\n\n\n\n<p>Ecrire \u00e0 contact@fitadium.com<\/p>\n","protected":false},"excerpt":{"rendered":"<p>Pour contacter nos auteurs, demander des pr\u00e9cisions sur un article ou encore nous faire une suggestion. Proposer un article, une interview ou un t\u00e9moignage, c&rsquo;est ici : Ecrire \u00e0 contact@fitadium.com<\/p>\n","protected":false},"author":1,"featured_media":0,"parent":0,"menu_order":0,"comment_status":"closed","ping_status":"closed","template":"","meta":{"footnotes":""},"class_list":null,"yoast_head":"<!-- This site is optimized with the Yoast SEO plugin v17.1 - https:\/\/yoast.com\/wordpress\/plugins\/seo\/ -->\n<title>Contactez Fitadium<\/title>\n<meta name=\"description\" content=\"Pour contacter nos auteurs, demander des pr\u00e9cisions sur un article, nous faire une suggestion, proposer un article, une interview ou t\u00e9moignage\" \/>\n<meta name=\"robots\" content=\"index, follow, max-snippet:-1, max-image-preview:large, max-video-preview:-1\" \/>\n<link rel=\"canonical\" href=\"https:\/\/www.fitadium.com\/conseils\/nous-contacter\/\" \/>\n<meta property=\"og:locale\" content=\"fr_FR\" \/>\n<meta property=\"og:type\" content=\"article\" \/>\n<meta property=\"og:title\" content=\"Contactez Fitadium\" \/>\n<meta property=\"og:description\" content=\"Pour contacter nos auteurs, demander des pr\u00e9cisions sur un article, nous faire une suggestion, proposer un article, une interview ou t\u00e9moignage\" \/>\n<meta property=\"og:url\" content=\"https:\/\/www.fitadium.com\/conseils\/nous-contacter\/\" \/>\n<meta property=\"og:site_name\" content=\"Fitadium\" \/>\n<meta property=\"article:publisher\" content=\"https:\/\/www.facebook.com\/fitadium.musculation\" \/>\n<meta property=\"article:modified_time\" content=\"2025-02-04T15:08:15+00:00\" \/>\n<meta property=\"og:image\" content=\"https:\/\/www.fitadium.com\/conseils\/wp-content\/uploads\/2020\/05\/100949611_249536676267297_6848748714129861639_n.jpg\" \/>\n\t<meta property=\"og:image:width\" content=\"1080\" \/>\n\t<meta property=\"og:image:height\" content=\"1080\" \/>\n<script type=\"application\/ld+json\" class=\"yoast-schema-graph\">{\"@context\":\"https:\/\/schema.org\",\"@graph\":[{\"@type\":\"Organization\",\"@id\":\"https:\/\/www.fitadium.com\/conseils\/#organization\",\"name\":\"FITADIUM\",\"url\":\"https:\/\/www.fitadium.com\/conseils\/\",\"sameAs\":[\"https:\/\/www.facebook.com\/fitadium.musculation\"],\"logo\":{\"@type\":\"ImageObject\",\"@id\":\"https:\/\/www.fitadium.com\/conseils\/#logo\",\"inLanguage\":\"fr-FR\",\"url\":\"https:\/\/www.fitadium.com\/conseils\/wp-content\/uploads\/2013\/08\/mobypicture.jpg\",\"contentUrl\":\"https:\/\/www.fitadium.com\/conseils\/wp-content\/uploads\/2013\/08\/mobypicture.jpg\",\"width\":510,\"height\":600,\"caption\":\"FITADIUM\"},\"image\":{\"@id\":\"https:\/\/www.fitadium.com\/conseils\/#logo\"}},{\"@type\":\"WebSite\",\"@id\":\"https:\/\/www.fitadium.com\/conseils\/#website\",\"url\":\"https:\/\/www.fitadium.com\/conseils\/\",\"name\":\"Fitadium\",\"description\":\"Toute l&#039;actualit\\u00e9 de la musculation et du fitness\",\"publisher\":{\"@id\":\"https:\/\/www.fitadium.com\/conseils\/#organization\"},\"potentialAction\":[{\"@type\":\"SearchAction\",\"target\":{\"@type\":\"EntryPoint\",\"urlTemplate\":\"https:\/\/www.fitadium.com\/conseils\/?s={search_term_string}\"},\"query-input\":\"required name=search_term_string\"}],\"inLanguage\":\"fr-FR\"},{\"@type\":\"WebPage\",\"@id\":\"https:\/\/www.fitadium.com\/conseils\/nous-contacter\/#webpage\",\"url\":\"https:\/\/www.fitadium.com\/conseils\/nous-contacter\/\",\"name\":\"Contactez Fitadium\",\"isPartOf\":{\"@id\":\"https:\/\/www.fitadium.com\/conseils\/#website\"},\"datePublished\":\"2019-05-16T09:11:16+00:00\",\"dateModified\":\"2025-02-04T15:08:15+00:00\",\"description\":\"Pour contacter nos auteurs, demander des pr\\u00e9cisions sur un article, nous faire une suggestion, proposer un article, une interview ou t\\u00e9moignage\",\"breadcrumb\":{\"@id\":\"https:\/\/www.fitadium.com\/conseils\/nous-contacter\/#breadcrumb\"},\"inLanguage\":\"fr-FR\",\"potentialAction\":[{\"@type\":\"ReadAction\",\"target\":[\"https:\/\/www.fitadium.com\/conseils\/nous-contacter\/\"]}]},{\"@type\":\"BreadcrumbList\",\"@id\":\"https:\/\/www.fitadium.com\/conseils\/nous-contacter\/#breadcrumb\",\"itemListElement\":[{\"@type\":\"ListItem\",\"position\":1,\"name\":\"Home\",\"item\":\"https:\/\/www.fitadium.com\/conseils\/\"},{\"@type\":\"ListItem\",\"position\":2,\"name\":\"Nous contacter\"}]}]}<\/script>\n<!-- \/ Yoast SEO plugin. -->","yoast_head_json":{"title":"Contactez Fitadium","description":"Pour contacter nos auteurs, demander des pr\u00e9cisions sur un article, nous faire une suggestion, proposer un article, une interview ou t\u00e9moignage","robots":{"index":"index","follow":"follow","max-snippet":"max-snippet:-1","max-image-preview":"max-image-preview:large","max-video-preview":"max-video-preview:-1"},"canonical":"https:\/\/www.fitadium.com\/conseils\/nous-contacter\/","og_locale":"fr_FR","og_type":"article","og_title":"Contactez Fitadium","og_description":"Pour contacter nos auteurs, demander des pr\u00e9cisions sur un article, nous faire une suggestion, proposer un article, une interview ou t\u00e9moignage","og_url":"https:\/\/www.fitadium.com\/conseils\/nous-contacter\/","og_site_name":"Fitadium","article_publisher":"https:\/\/www.facebook.com\/fitadium.musculation","article_modified_time":"2025-02-04T15:08:15+00:00","og_image":[{"width":1080,"height":1080,"url":"https:\/\/www.fitadium.com\/conseils\/wp-content\/uploads\/2020\/05\/100949611_249536676267297_6848748714129861639_n.jpg","path":"\/home\/www\/fitadium\/www\/conseils\/wp-content\/uploads\/2020\/05\/100949611_249536676267297_6848748714129861639_n.jpg","size":"full","id":47394,"alt":"","pixels":1166400,"type":"image\/jpeg"}],"schema":{"@context":"https:\/\/schema.org","@graph":[{"@type":"Organization","@id":"https:\/\/www.fitadium.com\/conseils\/#organization","name":"FITADIUM","url":"https:\/\/www.fitadium.com\/conseils\/","sameAs":["https:\/\/www.facebook.com\/fitadium.musculation"],"logo":{"@type":"ImageObject","@id":"https:\/\/www.fitadium.com\/conseils\/#logo","inLanguage":"fr-FR","url":"https:\/\/www.fitadium.com\/conseils\/wp-content\/uploads\/2013\/08\/mobypicture.jpg","contentUrl":"https:\/\/www.fitadium.com\/conseils\/wp-content\/uploads\/2013\/08\/mobypicture.jpg","width":510,"height":600,"caption":"FITADIUM"},"image":{"@id":"https:\/\/www.fitadium.com\/conseils\/#logo"}},{"@type":"WebSite","@id":"https:\/\/www.fitadium.com\/conseils\/#website","url":"https:\/\/www.fitadium.com\/conseils\/","name":"Fitadium","description":"Toute l&#039;actualit\u00e9 de la musculation et du fitness","publisher":{"@id":"https:\/\/www.fitadium.com\/conseils\/#organization"},"potentialAction":[{"@type":"SearchAction","target":{"@type":"EntryPoint","urlTemplate":"https:\/\/www.fitadium.com\/conseils\/?s={search_term_string}"},"query-input":"required name=search_term_string"}],"inLanguage":"fr-FR"},{"@type":"WebPage","@id":"https:\/\/www.fitadium.com\/conseils\/nous-contacter\/#webpage","url":"https:\/\/www.fitadium.com\/conseils\/nous-contacter\/","name":"Contactez Fitadium","isPartOf":{"@id":"https:\/\/www.fitadium.com\/conseils\/#website"},"datePublished":"2019-05-16T09:11:16+00:00","dateModified":"2025-02-04T15:08:15+00:00","description":"Pour contacter nos auteurs, demander des pr\u00e9cisions sur un article, nous faire une suggestion, proposer un article, une interview ou t\u00e9moignage","breadcrumb":{"@id":"https:\/\/www.fitadium.com\/conseils\/nous-contacter\/#breadcrumb"},"inLanguage":"fr-FR","potentialAction":[{"@type":"ReadAction","target":["https:\/\/www.fitadium.com\/conseils\/nous-contacter\/"]}]},{"@type":"BreadcrumbList","@id":"https:\/\/www.fitadium.com\/conseils\/nous-contacter\/#breadcrumb","itemListElement":[{"@type":"ListItem","position":1,"name":"Home","item":"https:\/\/www.fitadium.com\/conseils\/"},{"@type":"ListItem","position":2,"name":"Nous contacter"}]}]}},"featured_image_src":null,"featured_image_src_square":null,"_links":{"self":[{"href":"https:\/\/www.fitadium.com\/conseils\/wp-json\/wp\/v2\/pages\/32446","targetHints":{"allow":["GET"]}}],"collection":[{"href":"https:\/\/www.fitadium.com\/conseils\/wp-json\/wp\/v2\/pages"}],"about":[{"href":"https:\/\/www.fitadium.com\/conseils\/wp-json\/wp\/v2\/types\/page"}],"author":[{"embeddable":true,"href":"https:\/\/www.fitadium.com\/conseils\/wp-json\/wp\/v2\/users\/1"}],"replies":[{"embeddable":true,"href":"https:\/\/www.fitadium.com\/conseils\/wp-json\/wp\/v2\/comments?post=32446"}],"version-history":[{"count":5,"href":"https:\/\/www.fitadium.com\/conseils\/wp-json\/wp\/v2\/pages\/32446\/revisions"}],"predecessor-version":[{"id":58112,"href":"https:\/\/www.fitadium.com\/conseils\/wp-json\/wp\/v2\/pages\/32446\/revisions\/58112"}],"wp:attachment":[{"href":"https:\/\/www.fitadium.com\/conseils\/wp-json\/wp\/v2\/media?parent=32446"}],"curies":[{"name":"wp","href":"https:\/\/api.w.org\/{rel}","templated":true}]}}