{"id":53704,"date":"2021-06-28T15:26:50","date_gmt":"2021-06-28T13:26:50","guid":{"rendered":"https:\/\/www.fitadium.com\/conseils\/?page_id=53704"},"modified":"2025-06-26T09:57:39","modified_gmt":"2025-06-26T07:57:39","slug":"quand-comment-prendre-whey","status":"publish","type":"page","link":"https:\/\/www.fitadium.com\/conseils\/proteines\/whey\/quand-comment-prendre-whey\/","title":{"rendered":"Quand et comment prendre de la prot\u00e9ine Whey ?"},"content":{"rendered":"\n<p>Beaucoup se demandent comment prendre sa whey et notamment quel est le meilleur moment ! Et bien, tout d\u00e9pend en fait de vos objectifs en musculation pour qu\u2019elle soit le plus utile possible.<\/p>\n\n\n\n<p>Si vous voulez <strong>perdre du poids<\/strong>, <strong>construire de la masse musculaire<\/strong> ou bien<strong> pr\u00e9server cette masse musculaire<\/strong>, le meilleur moment pour prendre votre <a href=\"https:\/\/www.fitadium.com\/424-whey-proteine\">prot\u00e9ine Whey<\/a> d\u00e9terminera la r\u00e9ussite de votre objectif !<\/p>\n\n\n\n<h2 class=\"wp-block-heading\" id=\"prise\">Quand prendre de la Whey pour s\u00e9cher, maigrir, prendre du muscle ?<\/h2>\n\n\n\n<p>De toutes les sources de prot\u00e9ines, la Whey prot\u00e9ine est certainement la plus pl\u00e9biscit\u00e9e par les pratiquants de musculation et cela quel que soit l&rsquo;objectif : prendre de la masse musculaire, prendre du muscle sec, perdre du poids&#8230; La raison est simple, la whey est certainement<strong> le suppl\u00e9ment le plus efficace du march\u00e9<\/strong>.<\/p>\n\n\n\n<p>La whey prot\u00e9ine aussi appel\u00e9e lactos\u00e9rum ou prot\u00e9ine de petit lait, provient de la filtration du lait de vache. C\u2019est une prot\u00e9ine d\u2019absorption rapide qui poss\u00e8de tous les <strong>acides amin\u00e9s essentiels<\/strong> favorisant la reconstruction du tissu musculaire et notamment, en grande quantit\u00e9, de la leucine, un acide amin\u00e9 reconnu pour son action anabolisant. Elle pr\u00e9sente m\u00eame des <a href=\"\/conseils\/proteines\/whey\/whey-anti-cholesterol\/\">b\u00e9n\u00e9fices contre le cholest\u00e9rol<\/a> en r\u00e9duisant la pression sanguine.<\/p>\n\n\n\n<p>On trouve diff\u00e9rents proc\u00e9d\u00e9s de filtration qui vont donner lieu \u00e0 plusieurs types de Whey prot\u00e9ine, Islate de Whey ou Whey hydrolis\u00e9e. Pour savoir <a href=\"\/conseils\/proteines\/whey\/meilleure-whey-proteine-poudre\/\">quelle whey est la meilleure<\/a> pour atteindre vos objectifs, vous pouvez consultez <a href=\"\/conseils\/proteines\/whey\/comment-choisir-sa-proteine-whey\/\">nos conseils pour choisir votre whey<\/a>.<\/p>\n\n\n\n<p>Ces b\u00e9n\u00e9fices expliquent pourquoi prendre de la whey mais il est \u00e9galement important de savoir quand prendre sa whey. En fait la question revient a quel moment faut il prendre les prot\u00e9ines pour b\u00e9n\u00e9ficier de toutes leurs qualit\u00e9s nutritives.<\/p>\n\n\n\n<p>Voici les avantages et inconv\u00e9nients offerts par chaque moment de la journ\u00e9e.<\/p>\n\n\n\n<h3 class=\"wp-block-heading\" id=\"matin\">Prendre de la Whey le matin<\/h3>\n\n\n\n<blockquote class=\"wp-block-quote is-layout-flow wp-block-quote-is-layout-flow\"><p>La premi\u00e8re prise de prot\u00e9ine dans la journ\u00e9e est vraiment tr\u00e8s importante<\/p><\/blockquote>\n\n\n<div class=\"columns-push-product\">\n  <div class=\"columns-push-product__body\">\n    \n\n<p class=\"has-large-font-size\"><\/p>\n\n\n  <\/div>\n  <div class=\"columns-push-product__product\">\n    <div class=\"product\" GTM-data-id=\"1643\" GTM-data-nom=\"100% WHEY PROTEINE ADVANCED (2kg)\">\n  <div class=\"product__img\" style=\"width: -webkit-fill-available;\">\n    <a href=\"https:\/\/www.fitadium.com\/1643-100-whey-proteine-advanced-2kg.html#\/16-gout-chocolat\" class=\"product__image_lnk GTM_blog_product\" >\n      <img decoding=\"async\" src=\"https:\/\/www.fitadium.com\/23261-fit_540\/100-whey-proteine-advanced-2kg.jpg\" alt=\"\" class=\"product__image lazyload\">\n    <\/a>\n  <\/div>\n  <div class=\"product__body\">\n        <div class=\"product__brand\">Superset Nutrition<\/div>\n    <a class=\"product__name GTM_blog_product\" href=\"https:\/\/www.fitadium.com\/1643-100-whey-proteine-advanced-2kg.html#\/16-gout-chocolat\" title=\"100% WHEY PROTEINE ADVANCED (2kg)\">\n      100% WHEY PROTEINE ADVANCED (2kg)\n    <\/a>\n          <span class=\"product__price\">64.9 \u20ac<\/span>\n      <span class=\"product__price_old\">74.9 \u20ac<\/span>\n            <div class=\"product__excerpt\">100% WHEY PROTEINE ADVANCED (2KG) : L&#039;alli\u00e9e de ta prise\u2026<\/div>\n            <div><a class=\"product__cta GTM_blog_product\" href=\"https:\/\/www.fitadium.com\/1643-100-whey-proteine-advanced-2kg.html#\/16-gout-chocolat\" title=\"100% WHEY PROTEINE ADVANCED (2kg)\">Voir le produit<\/a><\/div>\n  <\/div>\n<\/div>\n  <\/div>\n<\/div>\n\n\n\n<p>Quel que soit votre objectif, la <strong>premi\u00e8re prise de prot\u00e9ine dans la journ\u00e9e<\/strong> est vraiment tr\u00e8s importante car elle met fin \u00e0 7 heures de je\u00fbne durant la nuit. <a href=\"\/conseils\/proteines\/whey\/boire-whey-proteine-reveil\/\">Consommer de la whey au r\u00e9veil<\/a> participe notamment \u00e0 <strong>stopper le catabolisme <\/strong>mais aussi \u00e0 mettre \u00e0 disposition de l\u2019organisme la mati\u00e8re premi\u00e8re n\u00e9cessaire \u00e0 son bon fonctionnement.<\/p>\n\n\n\n<p>Une \u00e9tude publi\u00e9e dans \u00ab <em>l\u2019European Association for the Study of Diabetes \u00bb<\/em>, a m\u00eame d\u00e9montr\u00e9 que la consommation de Whey, avant le petit d\u00e9jeuner, <strong>\u00e9vite un pic de sucre dans le sang<\/strong> et donc diminue les fringales dans les cas d\u2019une perte de poids notamment.<\/p>\n\n\n\n<h3 class=\"wp-block-heading\" id=\"collation\">Prendre la Whey comme collation ?<\/h3>\n\n\n\n<p>La shaker prot\u00e9in\u00e9 peut \u00eatre une solution rapide et efficace comme collation entre vos repas pour optimiser l&rsquo;apport constant en prot\u00e9ine tout en \u00e9vitant une fringale en milieu de matin\u00e9e ou au moment du go\u00fbter.<\/p>\n\n\n\n<p>Toutefois, pour un apport plus gradu\u00e9 des prot\u00e9ines sur cette fen\u00eatre entre deux repas, il est plus recommand\u00e9 de prendre un shaker de <strong>cas\u00e9ine \u00e0 assimilation lente<\/strong> plut\u00f4t que de prot\u00e9ine Whey.<\/p>\n\n\n\n<h3 class=\"wp-block-heading\" id=\"musculation\">Pourquoi ne pas prendre de la whey avant l\u2019entra\u00eenement de musculation ?<\/h3>\n\n\n\n<p>Les prot\u00e9ines sont des macros nutriments qui se dig\u00e8rent lentement et qui vont \u00e9norm\u00e9ment solliciter le syst\u00e8me digestif. Le flux sanguin va se concentrer au niveau des diff\u00e9rents organes comme l\u2019estomac et ne pourra donc pas \u00eatre pr\u00e9sent dans les muscles. Il mobilise beaucoup d\u2019\u00e9nergie pour ces diff\u00e9rents processus digestifs.<\/p>\n\n\n\n<p>Si votre objectif est de construire de la masse musculaire, <strong>il n\u2019est absolument pas conseill\u00e9 de prendre de la whey avant l\u2019entra\u00eenement.<\/strong><\/p>\n\n\n\n<h3 class=\"wp-block-heading\" id=\"entra\u00eenement\">Prendre un shaker de whey apr\u00e8s l\u2019entra\u00eenement : indispensable !<\/h3>\n\n\n\n<blockquote class=\"wp-block-quote is-layout-flow wp-block-quote-is-layout-flow\"><p>Un des moments les plus importants de la prise de whey<\/p><\/blockquote>\n\n\n\n<p>Selon l\u2019\u00ab <em>International Society of Sports Nutrition<\/em> \u00bb, la consommation de prot\u00e9ines jusqu\u2019\u00e0 deux heures apr\u00e8s un entra\u00eenement intense, est certainement<strong> un des moments les plus importants de la prise de whey<\/strong>, car le corps est tr\u00e8s r\u00e9ceptif \u00e0 l\u2019apport de prot\u00e9ine.<\/p>\n\n\n\n<p>En effet, le shaker de whey que vous consommez aide les muscles fragilis\u00e9s pour se reconstruire et r\u00e9cup\u00e9rer plus rapidement.<\/p>\n\n\n\n<h3 class=\"wp-block-heading\" id=\"soir\">Un shaker de prot\u00e9ine le soir et au coucher ?<\/h3>\n\n\n\n<p>La Whey est consid\u00e9r\u00e9e comme une prot\u00e9ine \u00e0 absorption rapide ce qui ne fait pas d\u2019elle une prot\u00e9ine id\u00e9ale \u00e0 prendre avant d\u2019aller au lit, cependant d\u2019apr\u00e8s une \u00e9tude de 2014, publi\u00e9e dans \u00ab The British Journal of Nutrition \u00bb, prendre de la whey au moment du coucher, aide \u00e0 <strong>d\u00e9velopper de la masse musculaire pour ceux dont c\u2019est l\u2019objectif<\/strong>.<\/p>\n\n\n\n<p>Le plus int\u00e9ressant de la consommation d\u2019un shaker de whey au coucher, <strong>favorise l\u2019\u00e9l\u00e9vation du m\u00e9tabolisme le lendemain matin pour les sportifs actifs<\/strong>.<\/p>\n\n\n\n<p>Un autre int\u00e9r\u00eat de consommer de la whey avant le coucher est celui de <strong>favoriser le sommeil<\/strong>. En effet, dans un shaker de whey protein, on trouve une quantit\u00e9 non n\u00e9gligeable de tryptophane, qui est le pr\u00e9curseur hormonal de la m\u00e9latonine, l\u2019hormone du sommeil.<\/p>\n\n\n\n<p>En raison de son assimilation tr\u00e8s lente par l\u2019organisme, la <a href=\"https:\/\/www.fitadium.com\/426-caseines\">cas\u00e9ine<\/a> est plus conseill\u00e9e le soir au coucher que la Whey, pour un apport plus prolong\u00e9 en prot\u00e9ines et acides amin\u00e9s.<\/p>\n\n\n\n<h3 class=\"wp-block-heading\" id=\"repos\">Prendre de la Whey les jours de repos ?<\/h3>\n\n\n\n<p>Pour vos jours sans entra\u00eenement, vous devez conserver votre apport quotidien en prot\u00e9ines pour faciliter votre r\u00e9cup\u00e9ration musculaire, les muscles continuant leur construction.<\/p>\n\n\n\n<p>L\u2019id\u00e9al pour votre jour de repos est d\u2019atteindre votre quota <strong>via une alimentation \u00e9quilibr\u00e9e et riche en prot\u00e9ines<\/strong>. Cependant, si cela reste compliqu\u00e9 en termes d\u2019organisation ou de couverture des acides amin\u00e9s essentiels, il n\u2019y a aucune contrainte \u00e0 <a href=\"https:\/\/www.fitadium.com\/conseils\/proteines\/proteine-jour-repos\/\">prendre un shaker de whey un jour de repos<\/a> !<\/p>\n\n\n\n<h2 class=\"wp-block-heading\" id=\"preparer\">Comment pr\u00e9parer sa prot\u00e9ine whey (dosage et pr\u00e9paration) ?<\/h2>\n\n\n\n<p>La pr\u00e9paration d\u2019un shaker de proteine whey est assez simple. Pr\u00e9senter sous forme de poudre, il suffit de <strong>diluer la quantit\u00e9 recommand\u00e9e par la cuill\u00e8re doseuse dans de l\u2019eau ou du lait<\/strong> (ou bien du lait v\u00e9g\u00e9tal).<\/p>\n\n\n\n<p>La <strong>quantit\u00e9 de liquide<\/strong> n\u2019a aucune incidence sur la quantit\u00e9 de prot\u00e9ine dans le shaker. Il faut ajuster selon les go\u00fbts de chacun, la consistance de la pr\u00e9paration sera plus cr\u00e9meuse ou plus liquide.<\/p>\n\n\n\n<p>Pour pr\u00e9parer un shaker de whey, veillez \u00e0 toujours utiliser <strong>un liquide froid ou \u00e0 temp\u00e9rature ambiante<\/strong>, jamais de liquide chaud, sinon vous risqueriez d\u2019avoir quelques mauvaises surprises \u00e0 l\u2019ouverture du shaker !<\/p>\n\n\n\n<p><strong>Consommez rapidement votre pr\u00e9paration de whey <\/strong>apr\u00e8s l\u2019avoir pr\u00e9par\u00e9e sinon elle risque de vous cr\u00e9er quelques tensions abdominales d\u00e9sagr\u00e9ables. La dur\u00e9e de conservation est inscrite sur votre pot, mais sachez qu\u2019apr\u00e8s ouverture, nous vous recommandons de la consommer sous les 6 mois.<\/p>\n\n\n\n<h2 class=\"wp-block-heading\" id=\"associer\">Avec quels compl\u00e9ments associer la Whey ?<\/h2>\n\n\n\n<p>La prot\u00e9ine Whey <strong>s\u2019associe tr\u00e8s bien avec d\u2019autres compl\u00e9ments alimentaires<\/strong> pour optimiser vos performances.<\/p>\n\n\n\n<h3 class=\"wp-block-heading\" id=\"BCAA\">BCAA et Whey<\/h3>\n\n\n\n<p>Les <strong>BCAA, peuvent compl\u00e9ter l\u2019apport d\u2019acides amin\u00e9s dits essentiels<\/strong> (leucine, isoleucine, valine) avant votre entra\u00eenement, une fen\u00eatre pendant laquelle il n\u2019est pas recommand\u00e9 de prendre votre shaker de whey pour des probl\u00e8mes de digestibilit\u00e9. C\u2019est pour cela qu\u2019il est int\u00e9ressant d\u2019<a href=\"\/conseils\/proteines\/whey\/association-whey-bcaa\/\">associer la Whey et les BCAA<\/a>.<\/p>\n\n\n\n<p>Si la Whey contient \u00e9galement ces BCAA dans sa formule, la prise de BCAA en poudre ou g\u00e9lule les rend <strong>accessibles directement pout votre corps<\/strong>. V\u00e9ritable carburant de votre entrainement, les BCAA f<strong>acilitent la synth\u00e8se prot\u00e9ique et la construction musculaire<\/strong>. Ils aident \u00e9galement la <strong>r\u00e9cup\u00e9ration musculaire post-workout<\/strong> notamment en association avec la prise de votre shaker de Whey prot\u00e9ine.<\/p>\n\n\n\n<h3 class=\"wp-block-heading\" id=\"creatine\">Whey et cr\u00e9atine<\/h3>\n\n\n\n<p>La Whey est appr\u00e9ci\u00e9e notamment apr\u00e8s l\u2019entra\u00eenement pour son assimilation rapide avec <strong>un apport en prot\u00e9ines et acides amin\u00e9s<\/strong>, favorables \u00e0 la construction musculaire. La <a href=\"https:\/\/www.fitadium.com\/conseils\/proteines\/whey\/association-bcaa-whey-creatine\/\">cr\u00e9atine compl\u00e8te tr\u00e8s bien cette action de la whey<\/a> en tant que <strong>booster d\u2019\u00e9nergie id\u00e9al pour mieux supporter l\u2019intensit\u00e9 de l\u2019entrainement <\/strong>et gagner en force et puissance.<\/p>\n\n\n\n<h3 class=\"wp-block-heading\" id=\"bruleur\">Whey et bruleur de graisse pour la perte de poids<\/h3>\n\n\n\n<p>La prot\u00e9ine whey peut \u00eatre utilis\u00e9e en <strong>compl\u00e9ment d&rsquo;un bruleur de graisse<\/strong> pour optimiser la perte de poids globale sans perte de masse musculaire. Le bruleur de graisse aide \u00e0 stimuler le m\u00e9tabolisme de base pour inciter le corps \u00e0 puiser des sources d&rsquo;\u00e9nergie dans vos r\u00e9serves de graisse.<\/p>\n\n\n\n<p><\/p>\n\n\n\n<p><\/p>\n","protected":false},"excerpt":{"rendered":"<p>Beaucoup se demandent comment prendre sa whey et notamment quel est le meilleur moment ! Et bien, tout d\u00e9pend en fait de vos objectifs en musculation pour qu\u2019elle soit le plus utile possible. Si vous voulez perdre du poids, construire de la masse musculaire ou bien pr\u00e9server cette masse musculaire, le meilleur moment pour prendre [&hellip;]<\/p>\n","protected":false},"author":2,"featured_media":53159,"parent":55674,"menu_order":0,"comment_status":"closed","ping_status":"closed","template":"template-cocon.php","meta":{"footnotes":""},"class_list":null,"yoast_head":"<!-- This site is optimized with the Yoast SEO plugin v17.1 - https:\/\/yoast.com\/wordpress\/plugins\/seo\/ -->\n<title>Quand et comment prendre de la prot\u00e9ine Whey ?<\/title>\n<meta name=\"description\" content=\"La prise de Whey id\u00e9ale \u2605 Le matin \u2605 comme collation \u2605 Avant ou apr\u00e8s l\u2019entra\u00eenement ? \u2605 Le soir et au coucher \u2605 comment bien la prendre ?\" \/>\n<meta name=\"robots\" content=\"index, follow, max-snippet:-1, max-image-preview:large, max-video-preview:-1\" \/>\n<link rel=\"canonical\" href=\"https:\/\/www.fitadium.com\/conseils\/proteines\/whey\/quand-comment-prendre-whey\/\" \/>\n<meta property=\"og:locale\" content=\"fr_FR\" \/>\n<meta property=\"og:type\" content=\"article\" \/>\n<meta property=\"og:title\" content=\"Quand et comment prendre de la prot\u00e9ine Whey ?\" \/>\n<meta property=\"og:description\" content=\"La prise de Whey id\u00e9ale \u2605 Le matin \u2605 comme collation \u2605 Avant ou apr\u00e8s l\u2019entra\u00eenement ? \u2605 Le soir et au coucher \u2605 comment bien la prendre ?\" \/>\n<meta property=\"og:url\" content=\"https:\/\/www.fitadium.com\/conseils\/proteines\/whey\/quand-comment-prendre-whey\/\" \/>\n<meta property=\"og:site_name\" content=\"Fitadium\" \/>\n<meta property=\"article:publisher\" content=\"https:\/\/www.facebook.com\/fitadium.musculation\" \/>\n<meta property=\"article:modified_time\" content=\"2025-06-26T07:57:39+00:00\" \/>\n<meta property=\"og:image\" content=\"https:\/\/www.fitadium.com\/conseils\/wp-content\/uploads\/2021\/05\/comment-quand-prendre-whey.jpg\" \/>\n\t<meta property=\"og:image:width\" content=\"995\" \/>\n\t<meta property=\"og:image:height\" content=\"500\" \/>\n<script type=\"application\/ld+json\" class=\"yoast-schema-graph\">{\"@context\":\"https:\/\/schema.org\",\"@graph\":[{\"@type\":\"Organization\",\"@id\":\"https:\/\/www.fitadium.com\/conseils\/#organization\",\"name\":\"FITADIUM\",\"url\":\"https:\/\/www.fitadium.com\/conseils\/\",\"sameAs\":[\"https:\/\/www.facebook.com\/fitadium.musculation\"],\"logo\":{\"@type\":\"ImageObject\",\"@id\":\"https:\/\/www.fitadium.com\/conseils\/#logo\",\"inLanguage\":\"fr-FR\",\"url\":\"https:\/\/www.fitadium.com\/conseils\/wp-content\/uploads\/2013\/08\/mobypicture.jpg\",\"contentUrl\":\"https:\/\/www.fitadium.com\/conseils\/wp-content\/uploads\/2013\/08\/mobypicture.jpg\",\"width\":510,\"height\":600,\"caption\":\"FITADIUM\"},\"image\":{\"@id\":\"https:\/\/www.fitadium.com\/conseils\/#logo\"}},{\"@type\":\"WebSite\",\"@id\":\"https:\/\/www.fitadium.com\/conseils\/#website\",\"url\":\"https:\/\/www.fitadium.com\/conseils\/\",\"name\":\"Fitadium\",\"description\":\"Toute l&#039;actualit\\u00e9 de la musculation et du fitness\",\"publisher\":{\"@id\":\"https:\/\/www.fitadium.com\/conseils\/#organization\"},\"potentialAction\":[{\"@type\":\"SearchAction\",\"target\":{\"@type\":\"EntryPoint\",\"urlTemplate\":\"https:\/\/www.fitadium.com\/conseils\/?s={search_term_string}\"},\"query-input\":\"required name=search_term_string\"}],\"inLanguage\":\"fr-FR\"},{\"@type\":\"ImageObject\",\"@id\":\"https:\/\/www.fitadium.com\/conseils\/proteines\/whey\/quand-comment-prendre-whey\/#primaryimage\",\"inLanguage\":\"fr-FR\",\"url\":\"https:\/\/www.fitadium.com\/conseils\/wp-content\/uploads\/2021\/05\/comment-quand-prendre-whey.jpg\",\"contentUrl\":\"https:\/\/www.fitadium.com\/conseils\/wp-content\/uploads\/2021\/05\/comment-quand-prendre-whey.jpg\",\"width\":995,\"height\":500,\"caption\":\"Quand et comment prendre prot\\u00e9ine whey\"},{\"@type\":\"WebPage\",\"@id\":\"https:\/\/www.fitadium.com\/conseils\/proteines\/whey\/quand-comment-prendre-whey\/#webpage\",\"url\":\"https:\/\/www.fitadium.com\/conseils\/proteines\/whey\/quand-comment-prendre-whey\/\",\"name\":\"Quand et comment prendre de la prot\\u00e9ine Whey ?\",\"isPartOf\":{\"@id\":\"https:\/\/www.fitadium.com\/conseils\/#website\"},\"primaryImageOfPage\":{\"@id\":\"https:\/\/www.fitadium.com\/conseils\/proteines\/whey\/quand-comment-prendre-whey\/#primaryimage\"},\"datePublished\":\"2021-06-28T13:26:50+00:00\",\"dateModified\":\"2025-06-26T07:57:39+00:00\",\"description\":\"La prise de Whey id\\u00e9ale \\u2605 Le matin \\u2605 comme collation \\u2605 Avant ou apr\\u00e8s l\\u2019entra\\u00eenement ? \\u2605 Le soir et au coucher \\u2605 comment bien la prendre ?\",\"breadcrumb\":{\"@id\":\"https:\/\/www.fitadium.com\/conseils\/proteines\/whey\/quand-comment-prendre-whey\/#breadcrumb\"},\"inLanguage\":\"fr-FR\",\"potentialAction\":[{\"@type\":\"ReadAction\",\"target\":[\"https:\/\/www.fitadium.com\/conseils\/proteines\/whey\/quand-comment-prendre-whey\/\"]}]},{\"@type\":\"BreadcrumbList\",\"@id\":\"https:\/\/www.fitadium.com\/conseils\/proteines\/whey\/quand-comment-prendre-whey\/#breadcrumb\",\"itemListElement\":[{\"@type\":\"ListItem\",\"position\":1,\"name\":\"Home\",\"item\":\"https:\/\/www.fitadium.com\/conseils\/\"},{\"@type\":\"ListItem\",\"position\":2,\"name\":\"Pourquoi prendre des prot\\u00e9ines en musculation ?\",\"item\":\"https:\/\/www.fitadium.com\/conseils\/proteines\/\"},{\"@type\":\"ListItem\",\"position\":3,\"name\":\"Qu&rsquo;est-ce que la whey prot\\u00e9ine ?\",\"item\":\"https:\/\/www.fitadium.com\/conseils\/proteines\/whey\/\"},{\"@type\":\"ListItem\",\"position\":4,\"name\":\"Quand et comment prendre de la prot\\u00e9ine Whey ?\"}]}]}<\/script>\n<!-- \/ Yoast SEO plugin. -->","yoast_head_json":{"title":"Quand et comment prendre de la prot\u00e9ine Whey ?","description":"La prise de Whey id\u00e9ale \u2605 Le matin \u2605 comme collation \u2605 Avant ou apr\u00e8s l\u2019entra\u00eenement ? \u2605 Le soir et au coucher \u2605 comment bien la prendre ?","robots":{"index":"index","follow":"follow","max-snippet":"max-snippet:-1","max-image-preview":"max-image-preview:large","max-video-preview":"max-video-preview:-1"},"canonical":"https:\/\/www.fitadium.com\/conseils\/proteines\/whey\/quand-comment-prendre-whey\/","og_locale":"fr_FR","og_type":"article","og_title":"Quand et comment prendre de la prot\u00e9ine Whey ?","og_description":"La prise de Whey id\u00e9ale \u2605 Le matin \u2605 comme collation \u2605 Avant ou apr\u00e8s l\u2019entra\u00eenement ? \u2605 Le soir et au coucher \u2605 comment bien la prendre ?","og_url":"https:\/\/www.fitadium.com\/conseils\/proteines\/whey\/quand-comment-prendre-whey\/","og_site_name":"Fitadium","article_publisher":"https:\/\/www.facebook.com\/fitadium.musculation","article_modified_time":"2025-06-26T07:57:39+00:00","og_image":[{"width":995,"height":500,"url":"https:\/\/www.fitadium.com\/conseils\/wp-content\/uploads\/2021\/05\/comment-quand-prendre-whey.jpg","path":"\/home\/www\/fitadium\/www\/conseils\/wp-content\/uploads\/2021\/05\/comment-quand-prendre-whey.jpg","size":"full","id":53159,"alt":"Quand et comment prendre prot\u00e9ine whey","pixels":497500,"type":"image\/jpeg"}],"schema":{"@context":"https:\/\/schema.org","@graph":[{"@type":"Organization","@id":"https:\/\/www.fitadium.com\/conseils\/#organization","name":"FITADIUM","url":"https:\/\/www.fitadium.com\/conseils\/","sameAs":["https:\/\/www.facebook.com\/fitadium.musculation"],"logo":{"@type":"ImageObject","@id":"https:\/\/www.fitadium.com\/conseils\/#logo","inLanguage":"fr-FR","url":"https:\/\/www.fitadium.com\/conseils\/wp-content\/uploads\/2013\/08\/mobypicture.jpg","contentUrl":"https:\/\/www.fitadium.com\/conseils\/wp-content\/uploads\/2013\/08\/mobypicture.jpg","width":510,"height":600,"caption":"FITADIUM"},"image":{"@id":"https:\/\/www.fitadium.com\/conseils\/#logo"}},{"@type":"WebSite","@id":"https:\/\/www.fitadium.com\/conseils\/#website","url":"https:\/\/www.fitadium.com\/conseils\/","name":"Fitadium","description":"Toute l&#039;actualit\u00e9 de la musculation et du fitness","publisher":{"@id":"https:\/\/www.fitadium.com\/conseils\/#organization"},"potentialAction":[{"@type":"SearchAction","target":{"@type":"EntryPoint","urlTemplate":"https:\/\/www.fitadium.com\/conseils\/?s={search_term_string}"},"query-input":"required name=search_term_string"}],"inLanguage":"fr-FR"},{"@type":"ImageObject","@id":"https:\/\/www.fitadium.com\/conseils\/proteines\/whey\/quand-comment-prendre-whey\/#primaryimage","inLanguage":"fr-FR","url":"https:\/\/www.fitadium.com\/conseils\/wp-content\/uploads\/2021\/05\/comment-quand-prendre-whey.jpg","contentUrl":"https:\/\/www.fitadium.com\/conseils\/wp-content\/uploads\/2021\/05\/comment-quand-prendre-whey.jpg","width":995,"height":500,"caption":"Quand et comment prendre prot\u00e9ine whey"},{"@type":"WebPage","@id":"https:\/\/www.fitadium.com\/conseils\/proteines\/whey\/quand-comment-prendre-whey\/#webpage","url":"https:\/\/www.fitadium.com\/conseils\/proteines\/whey\/quand-comment-prendre-whey\/","name":"Quand et comment prendre de la prot\u00e9ine Whey ?","isPartOf":{"@id":"https:\/\/www.fitadium.com\/conseils\/#website"},"primaryImageOfPage":{"@id":"https:\/\/www.fitadium.com\/conseils\/proteines\/whey\/quand-comment-prendre-whey\/#primaryimage"},"datePublished":"2021-06-28T13:26:50+00:00","dateModified":"2025-06-26T07:57:39+00:00","description":"La prise de Whey id\u00e9ale \u2605 Le matin \u2605 comme collation \u2605 Avant ou apr\u00e8s l\u2019entra\u00eenement ? \u2605 Le soir et au coucher \u2605 comment bien la prendre ?","breadcrumb":{"@id":"https:\/\/www.fitadium.com\/conseils\/proteines\/whey\/quand-comment-prendre-whey\/#breadcrumb"},"inLanguage":"fr-FR","potentialAction":[{"@type":"ReadAction","target":["https:\/\/www.fitadium.com\/conseils\/proteines\/whey\/quand-comment-prendre-whey\/"]}]},{"@type":"BreadcrumbList","@id":"https:\/\/www.fitadium.com\/conseils\/proteines\/whey\/quand-comment-prendre-whey\/#breadcrumb","itemListElement":[{"@type":"ListItem","position":1,"name":"Home","item":"https:\/\/www.fitadium.com\/conseils\/"},{"@type":"ListItem","position":2,"name":"Pourquoi prendre des prot\u00e9ines en musculation ?","item":"https:\/\/www.fitadium.com\/conseils\/proteines\/"},{"@type":"ListItem","position":3,"name":"Qu&rsquo;est-ce que la whey prot\u00e9ine ?","item":"https:\/\/www.fitadium.com\/conseils\/proteines\/whey\/"},{"@type":"ListItem","position":4,"name":"Quand et comment prendre de la prot\u00e9ine Whey ?"}]}]}},"featured_image_src":"https:\/\/www.fitadium.com\/conseils\/wp-content\/uploads\/2021\/05\/comment-quand-prendre-whey-600x400.jpg","featured_image_src_square":"https:\/\/www.fitadium.com\/conseils\/wp-content\/uploads\/2021\/05\/comment-quand-prendre-whey-600x500.jpg","_links":{"self":[{"href":"https:\/\/www.fitadium.com\/conseils\/wp-json\/wp\/v2\/pages\/53704","targetHints":{"allow":["GET"]}}],"collection":[{"href":"https:\/\/www.fitadium.com\/conseils\/wp-json\/wp\/v2\/pages"}],"about":[{"href":"https:\/\/www.fitadium.com\/conseils\/wp-json\/wp\/v2\/types\/page"}],"author":[{"embeddable":true,"href":"https:\/\/www.fitadium.com\/conseils\/wp-json\/wp\/v2\/users\/2"}],"replies":[{"embeddable":true,"href":"https:\/\/www.fitadium.com\/conseils\/wp-json\/wp\/v2\/comments?post=53704"}],"version-history":[{"count":21,"href":"https:\/\/www.fitadium.com\/conseils\/wp-json\/wp\/v2\/pages\/53704\/revisions"}],"predecessor-version":[{"id":60404,"href":"https:\/\/www.fitadium.com\/conseils\/wp-json\/wp\/v2\/pages\/53704\/revisions\/60404"}],"up":[{"embeddable":true,"href":"https:\/\/www.fitadium.com\/conseils\/wp-json\/wp\/v2\/pages\/55674"}],"wp:featuredmedia":[{"embeddable":true,"href":"https:\/\/www.fitadium.com\/conseils\/wp-json\/wp\/v2\/media\/53159"}],"wp:attachment":[{"href":"https:\/\/www.fitadium.com\/conseils\/wp-json\/wp\/v2\/media?parent=53704"}],"curies":[{"name":"wp","href":"https:\/\/api.w.org\/{rel}","templated":true}]}}