{"id":53982,"date":"2021-07-05T11:14:53","date_gmt":"2021-07-05T09:14:53","guid":{"rendered":"https:\/\/www.fitadium.com\/conseils\/?page_id=53982"},"modified":"2025-06-17T15:58:14","modified_gmt":"2025-06-17T13:58:14","slug":"association-whey-bcaa","status":"publish","type":"page","link":"https:\/\/www.fitadium.com\/conseils\/proteines\/whey\/association-whey-bcaa\/","title":{"rendered":"Associer BCAA et whey : le top pour la croissance musculaire"},"content":{"rendered":"\n<p>Les BCAA sont tr\u00e8s appr\u00e9ci\u00e9s par les pratiquants de musculation pour <strong>optimiser leur r\u00e9cup\u00e9ration musculaire <\/strong>en favorisant la synth\u00e8se des prot\u00e9ines apr\u00e8s des entra\u00eenements intenses.<\/p>\n\n\n\n<p>On retrouve \u00e9galement des BCAA lors de la prise de <a href=\"https:\/\/www.fitadium.com\/424-whey-proteine\">prot\u00e9ine Whey<\/a>. D\u00e8s lors, est-il utile d\u2019associer la prise de BCAA et de prot\u00e9ine Whey ? La r\u00e9ponse est oui car la prise de prot\u00e9ine whey reste d\u00e9conseill\u00e9e avant l\u2019entrainement, au contraire <strong>des BCAA en g\u00e9lule ou en poudre rapidement assimilables qui offrent les acides amin\u00e9s indispensables \u00e0 votre entra\u00eenement<\/strong>.<\/p>\n\n\n\n<p>Par railleurs, la prise de BCAA est pluss efficace lorsqu\u2019elle est coupl\u00e9e avec la prot\u00e9ine Whey selon l\u2019\u00e9tude d\u00e9taill\u00e9e ci-dessous.<\/p>\n\n\n\n<blockquote class=\"wp-block-quote\"><p>L\u2019association Whey + BCAA<strong> augmente la synth\u00e8se des prot\u00e9ines<\/strong>, am\u00e9liorant ainsi <strong>la r\u00e9cup\u00e9ration et la r\u00e9paration des fibres musculaires<\/strong> pour aider \u00e0 la croissance des muscles.<\/p><\/blockquote>\n\n\n\n<h2 id=\"difference\">Diff\u00e9rence entre Whey prot\u00e9ine et BCAA pour la musculation<\/h2>\n\n\n\n<p>Pour bien comprendre la diff\u00e9rence entre ces compl\u00e9ments alimentaires, nous allons red\u00e9finir ce que sont <strong>les BCAA et la prot\u00e9ine Whey :<\/strong><\/p>\n\n\n\n<p>Les<strong> <a href=\"https:\/\/www.fitadium.com\/3-bcaa-acides-amines-essentiels\">BCAA (Branched Chain Amino Acids)<\/a> <\/strong>d\u00e9signent les acides amin\u00e9s \u00e0 cha\u00eene ramifi\u00e9s : leucine, isoleucine, valine. Ces 3 acides amin\u00e9s sont dits \u00ab\u00a0essentiels\u00a0\u00bb car le corps est incapable de les synth\u00e9tiser seul. On se les procure naturellement via certains aliments (viande, oeufs, poissons, produits laitiers) et dans les compl\u00e9ments alimentaires. Les BCAA jouent un r\u00f4le important dans la <strong>synth\u00e8se prot\u00e9ique<\/strong>, le processus de <strong>r\u00e9cup\u00e9ration et construction musculaire<\/strong> apr\u00e8s vos s\u00e9ances d&rsquo;entrainement.<\/p>\n\n\n<div class=\"columns-push-product\">\n  <div class=\"columns-push-product__body\">\n    \n\n<p class=\"has-large-font-size\"><\/p>\n\n\n  <\/div>\n  <div class=\"columns-push-product__product\">\n    <div class=\"product\" GTM-data-id=\"2127\" GTM-data-nom=\"BCAA HARDCORE (360g)\">\n  <div class=\"product__img\" style=\"width: -webkit-fill-available;\">\n    <a href=\"https:\/\/www.fitadium.com\/2127-bcaa-hardcore-360g.html#\/779-gout-tutti_frutti\" class=\"product__image_lnk GTM_blog_product\" >\n      <img src=\"https:\/\/www.fitadium.com\/31817-fit_540\/bcaa-hardcore-360g.jpg\" alt=\"\" class=\"product__image lazyload\">\n    <\/a>\n  <\/div>\n  <div class=\"product__body\">\n        <div class=\"product__brand\">Superset Nutrition<\/div>\n    <a class=\"product__name GTM_blog_product\" href=\"https:\/\/www.fitadium.com\/2127-bcaa-hardcore-360g.html#\/779-gout-tutti_frutti\" title=\"BCAA HARDCORE (360g)\">\n      BCAA HARDCORE (360g)\n    <\/a>\n          <span class=\"product__price\">39.9 \u20ac<\/span>\n            <div class=\"product__excerpt\">Pourquoi choisir le BCAA HARDCORE (360g) ? Le BCAA Hardcore\u2026<\/div>\n            <div><a class=\"product__cta GTM_blog_product\" href=\"https:\/\/www.fitadium.com\/2127-bcaa-hardcore-360g.html#\/779-gout-tutti_frutti\" title=\"BCAA HARDCORE (360g)\">Voir le produit<\/a><\/div>\n  <\/div>\n<\/div>\n  <\/div>\n<\/div>\n\n\n\n<p>La <strong>prot\u00e9ine Whey <\/strong>est une prot\u00e9ine de lactos\u00e9rum largement utilis\u00e9e par les pratiquants de musculation pour sa rapidit\u00e9 d&rsquo;assimilation id\u00e9ale apr\u00e8s l&rsquo;entrainement, sa facilit\u00e9 de digestion mais aussi sa <strong>forte teneur en acides amin\u00e9s essentielles dont les BCAA.<\/strong> <\/p>\n\n\n\n<p>C&rsquo;est une pr\u00e9cieuse alli\u00e9e pour compl\u00e9ter son alimentation en prot\u00e9ines facilement sous la forme de shakers. Retrouvez les <a href=\"https:\/\/www.fitadium.com\/conseils\/proteines\/whey\/pourquoi-prendre-whey\/\">bonnes raisons de prendre de la Whey<\/a> et notre s\u00e9lection des <a href=\"https:\/\/www.fitadium.com\/conseils\/proteines\/whey\/meilleure-whey-proteine-poudre\/\">meilleures whey du march\u00e9<\/a>. <\/p>\n\n\n<div class=\"columns-push-product\">\n  <div class=\"columns-push-product__body\">\n    \n\n<p class=\"has-large-font-size\"><\/p>\n\n\n  <\/div>\n  <div class=\"columns-push-product__product\">\n    <div class=\"product\" GTM-data-id=\"1643\" GTM-data-nom=\"100% WHEY PROTEINE ADVANCED (2kg)\">\n  <div class=\"product__img\" style=\"width: -webkit-fill-available;\">\n    <a href=\"https:\/\/www.fitadium.com\/1643-100-whey-proteine-advanced-2kg.html#\/16-gout-chocolat\" class=\"product__image_lnk GTM_blog_product\" >\n      <img src=\"https:\/\/www.fitadium.com\/23261-fit_540\/100-whey-proteine-advanced-2kg.jpg\" alt=\"\" class=\"product__image lazyload\">\n    <\/a>\n  <\/div>\n  <div class=\"product__body\">\n        <div class=\"product__brand\">Superset Nutrition<\/div>\n    <a class=\"product__name GTM_blog_product\" href=\"https:\/\/www.fitadium.com\/1643-100-whey-proteine-advanced-2kg.html#\/16-gout-chocolat\" title=\"100% WHEY PROTEINE ADVANCED (2kg)\">\n      100% WHEY PROTEINE ADVANCED (2kg)\n    <\/a>\n          <span class=\"product__price\">74.9 \u20ac<\/span>\n            <div class=\"product__excerpt\">100% WHEY PROTEINE ADVANCED (2KG) : L&#039;alli\u00e9e de ta prise\u2026<\/div>\n            <div><a class=\"product__cta GTM_blog_product\" href=\"https:\/\/www.fitadium.com\/1643-100-whey-proteine-advanced-2kg.html#\/16-gout-chocolat\" title=\"100% WHEY PROTEINE ADVANCED (2kg)\">Voir le produit<\/a><\/div>\n  <\/div>\n<\/div>\n  <\/div>\n<\/div>\n\n\n\n<p>Alors Whey ou BCAA, lequel est le plus utile en r\u00e9cup\u00e9ration ?<\/p>\n\n\n\n<h2 id=\"resultat\">Quels r\u00e9sultats avec l\u2019association whey + BCAA pour la r\u00e9cup\u00e9ration ?<\/h2>\n\n\n\n<p>Les BCAA ou acides amin\u00e9s branch\u00e9s c\u2019est top. Mais l\u2019objectif d\u2019une prise de BCAA n\u2019est pas en priorit\u00e9<strong> le renforcement musculaire.<\/strong> Car la synth\u00e8se des prot\u00e9ines musculaires est davantage stimul\u00e9e par <strong>l\u2019ensemble des acides amin\u00e9s essentiels<\/strong>, si on en croit une \u00e9tude publi\u00e9e dans la revue Frontiers in Physiology.<\/p>\n\n\n<div class=\"columns-push-product\">\n  <div class=\"columns-push-product__body\">\n    \n\n<p class=\"has-large-font-size\"><\/p>\n\n\n  <\/div>\n  <div class=\"columns-push-product__product\">\n    <div class=\"product\" GTM-data-id=\"2747\" GTM-data-nom=\"PROGRAMME GALBE MUSCULAIRE\">\n  <div class=\"product__img\" style=\"width: -webkit-fill-available;\">\n    <a href=\"https:\/\/www.fitadium.com\/2747-programme-galbe-tonicite-musculaire.html#\/503068-gout_100_whey_proteine_advanced-banana_split\/504631-gout_bcaa_hardcore-tutti_frutti\" class=\"product__image_lnk GTM_blog_product\" >\n      <img src=\"https:\/\/www.fitadium.com\/29427-fit_540\/programme-galbe-tonicite-musculaire.jpg\" alt=\"\" class=\"product__image lazyload\">\n    <\/a>\n  <\/div>\n  <div class=\"product__body\">\n        <div class=\"product__brand\">Superset Nutrition<\/div>\n    <a class=\"product__name GTM_blog_product\" href=\"https:\/\/www.fitadium.com\/2747-programme-galbe-tonicite-musculaire.html#\/503068-gout_100_whey_proteine_advanced-banana_split\/504631-gout_bcaa_hardcore-tutti_frutti\" title=\"PROGRAMME GALBE MUSCULAIRE\">\n      PROGRAMME GALBE MUSCULAIRE\n    <\/a>\n          <span class=\"product__price\">64.9 \u20ac<\/span>\n      <span class=\"product__price_old\">98.7 \u20ac<\/span>\n            <div class=\"product__excerpt\">\u00c0 TOI LES MUSCLES GALB\u00c9S ! Les coachs sportifs et\u2026<\/div>\n            <div><a class=\"product__cta GTM_blog_product\" href=\"https:\/\/www.fitadium.com\/2747-programme-galbe-tonicite-musculaire.html#\/503068-gout_100_whey_proteine_advanced-banana_split\/504631-gout_bcaa_hardcore-tutti_frutti\" title=\"PROGRAMME GALBE MUSCULAIRE\">Voir le produit<\/a><\/div>\n  <\/div>\n<\/div>\n  <\/div>\n<\/div>\n\n\n\n<h3 id=\"Etude\">Etude sur la prise de BCAA VS m\u00e9langer BCAA + Whey<\/h3>\n\n\n\n<p>Les BCAA sont parmi les suppl\u00e9ments d\u2019acides amin\u00e9s les plus populaires en musculation et sports de force. Toutefois, ce ne sont visiblement pas les plus efficaces d\u2019apr\u00e8s les chercheurs de l\u2019Universit\u00e9 de Stirling en ce qui concerne les halt\u00e9rophiles. <strong>D\u2019autres suppl\u00e9ments contenant tous les acides amin\u00e9s essentiels provoquent une croissance musculaire plus importante<\/strong>, comme la prot\u00e9ine Whey.<\/p>\n\n\n\n<p>L\u2019\u00e9tude compare deux groupes de sujets \u00e2g\u00e9s en moyenne de 20 ans, ayant pris soit des BCAA, soit un placebo suite \u00e0 un exercice de r\u00e9sistance avec charges.<\/p>\n\n\n\n<p>Il s\u2019av\u00e8re que<strong> le groupe ayant pris 5,6 g de BCAA<\/strong> imm\u00e9diatement apr\u00e8s la s\u00e9ance a obtenu <strong>une r\u00e9ponse musculaire sup\u00e9rieure au placebo<\/strong> (+22% de croissance musculaire). Ce r\u00e9sultat a \u00e9t\u00e9 obtenu \u00e0 partir des biopsies musculaires et des pr\u00e9l\u00e8vements sanguins r\u00e9alis\u00e9s 4 heures apr\u00e8s la s\u00e9ance.<\/p>\n\n\n\n<p><strong>Les BCAA sont donc un super suppl\u00e9ment<\/strong>, mais les scientifiques ont d\u00e9cid\u00e9 de pousser plus loin l\u2019exp\u00e9rience avec une boisson contenant des <strong>BCAA + 20g de prot\u00e9ine de lactos\u00e9rum<\/strong>. <strong>La synth\u00e8se des prot\u00e9ines a \u00e9t\u00e9 deux fois plus importante en pr\u00e9sence de prot\u00e9ine whey<\/strong>, avec l\u2019ajout de prot\u00e9ine de lactos\u00e9rum aux BCAA.<\/p>\n\n\n\n<p>Ce qui veut dire que les BCAA sont efficaces mais qu\u2019<strong>ils le sont encore plus dans un contexte proposant d\u2019autres acides amin\u00e9s<\/strong>.<\/p>\n\n\n\n<p>L\u2019apport de prot\u00e9ines ou d\u2019acides amin\u00e9s stimule la voie mTOR qui d\u00e9termine les besoins. Lorsque tous les acides amin\u00e9s essentiels sont disponibles, le corps a plus de choix pour se r\u00e9parer et se construire.<\/p>\n\n\n\n<h2 id=\"combiner\">Comment combiner whey et bcaa ?<\/h2>\n\n\n\n<p>La prise d\u2019acides amin\u00e9s isol\u00e9s comme les BCAA stimule donc bien<strong> la r\u00e9ponse musculaire<\/strong>. Toutefois, elle le fait moins bien qu\u2019<a href=\"https:\/\/www.fitadium.com\/conseils\/proteines\/whey\/ingredients-whey-proteine\/\"><strong>un apport de prot\u00e9ines avec un aminogramme plus complet<\/strong><\/a> dans le cadre d\u2019un objectif de renforcement musculaire maximum.<\/p>\n\n\n\n<p>Les athl\u00e8tes qui ont <strong>pour objectif de gagner du muscle<\/strong> peuvent toujours utiliser les BCAA avec succ\u00e8s. Mais ils doivent donc compter davantage sur<strong> les prot\u00e9ines ou les complexes d\u2019acides amin\u00e9s essentiels <\/strong>apportant un profil plus complet.<\/p>\n\n\n\n<p>Rien n\u2019emp\u00eache donc d\u2019utiliser ponctuellement les BCAA ou de les associer avec de la whey prot\u00e9ine, lorsqu\u2019on pratique la musculation, pour une <strong>croissance musculaire vraiment optimis\u00e9e<\/strong>.<\/p>\n\n\n\n<h3 id=\"dosage\">Quel dosage de BCAA ? <\/h3>\n\n\n\n<p>Le dosage recommand\u00e9 de BCAA est de <strong>5 \u00e0 10 grammes avant votre entra\u00eenement<\/strong> pour diminuer les dommages musculaires caus\u00e9s par l&rsquo;entra\u00eenement. Vous pouvez les trouvez sous formes de g\u00e9lule ou de poudre avec de nombreuses saveurs.<\/p>\n\n\n\n<h3 id=\"entrainement\">Quand prendre la bcaa et la whey : avant ou apr\u00e8s l&rsquo;entra\u00eenement ?<\/h3>\n\n\n\n<p>Les<strong> BCAA<\/strong> offrent l&rsquo;avantage d&rsquo;une <strong>assimilation rapide <\/strong>pour fournir \u00e0 l&rsquo;organisme un surplus \u00e9nerg\u00e9tique <strong>directement disponible pour les muscles<\/strong> en \u00e9vitant le catabolisme. Une prise avant l&rsquo;entra\u00eenement les rend ainsi disponibles pendant votre entra\u00eenement pour<strong> plus d&rsquo;\u00e9nergie et de performance<\/strong>. AInsi, vous \u00e9vitez \u00e0 votre corps d&rsquo;aller puiser dans ses r\u00e9serves d&rsquo;acides amin\u00e9s.<\/p>\n\n\n\n<p>La <strong>whey<\/strong> est plus <a href=\"https:\/\/www.fitadium.com\/conseils\/proteines\/whey\/quand-comment-prendre-whey\/\">conseill\u00e9e <strong>apr\u00e8s l&rsquo;entra\u00eenement<\/strong><\/a> pour \u00e9viter des d\u00e9sagr\u00e9ments de digestion d&rsquo;une part mais aussi pour sa lib\u00e9ration plus lente des BCAA qu&rsquo;elle contient. Elle compl\u00e8te vos besoins en acides amin\u00e9s post-entrainement pour la r\u00e9cup\u00e9ration musculaire.<\/p>\n\n\n\n<p>Cette alliance offre ainsi un r\u00e9sultat optimis\u00e9 pour votre r\u00e9cup\u00e9ration et construction musculaire. Cela explique que ces suppl\u00e9ments sont tr\u00e8s souvent associ\u00e9s dans les programmes de suppl\u00e9mentation.<\/p>\n\n\n\n<p><strong>Sources<\/strong>: Front Physiol. 2017 Jun 7;8:390. doi: 10.3389\/fphys.2017.00390. eCollection 2017. Branched-Chain Amino Acid Ingestion Stimulates Muscle Myofibrillar Protein Synthesis following Resistance Exercise in Humans. Jackman SR1, Witard OC2, Philp A3, Wallis GA3, Baar K4, Tipton KD2. Photo Shutterstock.com<\/p>\n","protected":false},"excerpt":{"rendered":"<p>Les BCAA sont tr\u00e8s appr\u00e9ci\u00e9s par les pratiquants de musculation pour optimiser leur r\u00e9cup\u00e9ration musculaire en favorisant la synth\u00e8se des prot\u00e9ines apr\u00e8s des entra\u00eenements intenses. On retrouve \u00e9galement des BCAA lors de la prise de prot\u00e9ine Whey. D\u00e8s lors, est-il utile d\u2019associer la prise de BCAA et de prot\u00e9ine Whey ? La r\u00e9ponse est oui [&hellip;]<\/p>\n","protected":false},"author":2,"featured_media":51533,"parent":55674,"menu_order":0,"comment_status":"closed","ping_status":"closed","template":"template-cocon.php","meta":[],"yoast_head":"<!-- This site is optimized with the Yoast SEO plugin v17.1 - https:\/\/yoast.com\/wordpress\/plugins\/seo\/ -->\n<title>Associer whey et BCAA en musculation<\/title>\n<meta name=\"description\" content=\"Associer BCAA et Whey pour la croissance musculaire \u2605De meilleurs r\u00e9sultats \u2605Synth\u00e8se des prot\u00e9ines plus importantes \u2605Une croissance musculaire optimis\u00e9e\" \/>\n<meta name=\"robots\" content=\"index, follow, max-snippet:-1, max-image-preview:large, max-video-preview:-1\" \/>\n<link rel=\"canonical\" href=\"https:\/\/www.fitadium.com\/conseils\/proteines\/whey\/association-whey-bcaa\/\" \/>\n<meta property=\"og:locale\" content=\"fr_FR\" \/>\n<meta property=\"og:type\" content=\"article\" \/>\n<meta property=\"og:title\" content=\"Associer whey et BCAA en musculation\" \/>\n<meta property=\"og:description\" content=\"Associer BCAA et Whey pour la croissance musculaire \u2605De meilleurs r\u00e9sultats \u2605Synth\u00e8se des prot\u00e9ines plus importantes \u2605Une croissance musculaire optimis\u00e9e\" \/>\n<meta property=\"og:url\" content=\"https:\/\/www.fitadium.com\/conseils\/proteines\/whey\/association-whey-bcaa\/\" \/>\n<meta property=\"og:site_name\" content=\"Fitadium\" \/>\n<meta property=\"article:publisher\" content=\"https:\/\/www.facebook.com\/fitadium.musculation\" \/>\n<meta property=\"article:modified_time\" content=\"2025-06-17T13:58:14+00:00\" \/>\n<meta property=\"og:image\" content=\"https:\/\/www.fitadium.com\/conseils\/wp-content\/uploads\/2020\/10\/bcaa-whey-association-1.jpg\" \/>\n\t<meta property=\"og:image:width\" content=\"1600\" \/>\n\t<meta property=\"og:image:height\" content=\"900\" \/>\n<script type=\"application\/ld+json\" class=\"yoast-schema-graph\">{\"@context\":\"https:\/\/schema.org\",\"@graph\":[{\"@type\":\"Organization\",\"@id\":\"https:\/\/www.fitadium.com\/conseils\/#organization\",\"name\":\"FITADIUM\",\"url\":\"https:\/\/www.fitadium.com\/conseils\/\",\"sameAs\":[\"https:\/\/www.facebook.com\/fitadium.musculation\"],\"logo\":{\"@type\":\"ImageObject\",\"@id\":\"https:\/\/www.fitadium.com\/conseils\/#logo\",\"inLanguage\":\"fr-FR\",\"url\":\"https:\/\/www.fitadium.com\/conseils\/wp-content\/uploads\/2013\/08\/mobypicture.jpg\",\"contentUrl\":\"https:\/\/www.fitadium.com\/conseils\/wp-content\/uploads\/2013\/08\/mobypicture.jpg\",\"width\":510,\"height\":600,\"caption\":\"FITADIUM\"},\"image\":{\"@id\":\"https:\/\/www.fitadium.com\/conseils\/#logo\"}},{\"@type\":\"WebSite\",\"@id\":\"https:\/\/www.fitadium.com\/conseils\/#website\",\"url\":\"https:\/\/www.fitadium.com\/conseils\/\",\"name\":\"Fitadium\",\"description\":\"Toute l&#039;actualit\\u00e9 de la musculation et du fitness\",\"publisher\":{\"@id\":\"https:\/\/www.fitadium.com\/conseils\/#organization\"},\"potentialAction\":[{\"@type\":\"SearchAction\",\"target\":{\"@type\":\"EntryPoint\",\"urlTemplate\":\"https:\/\/www.fitadium.com\/conseils\/?s={search_term_string}\"},\"query-input\":\"required name=search_term_string\"}],\"inLanguage\":\"fr-FR\"},{\"@type\":\"ImageObject\",\"@id\":\"https:\/\/www.fitadium.com\/conseils\/proteines\/whey\/association-whey-bcaa\/#primaryimage\",\"inLanguage\":\"fr-FR\",\"url\":\"https:\/\/www.fitadium.com\/conseils\/wp-content\/uploads\/2020\/10\/bcaa-whey-association-1.jpg\",\"contentUrl\":\"https:\/\/www.fitadium.com\/conseils\/wp-content\/uploads\/2020\/10\/bcaa-whey-association-1.jpg\",\"width\":1600,\"height\":900,\"caption\":\"Associer BCAA et Whey\"},{\"@type\":\"WebPage\",\"@id\":\"https:\/\/www.fitadium.com\/conseils\/proteines\/whey\/association-whey-bcaa\/#webpage\",\"url\":\"https:\/\/www.fitadium.com\/conseils\/proteines\/whey\/association-whey-bcaa\/\",\"name\":\"Associer whey et BCAA en musculation\",\"isPartOf\":{\"@id\":\"https:\/\/www.fitadium.com\/conseils\/#website\"},\"primaryImageOfPage\":{\"@id\":\"https:\/\/www.fitadium.com\/conseils\/proteines\/whey\/association-whey-bcaa\/#primaryimage\"},\"datePublished\":\"2021-07-05T09:14:53+00:00\",\"dateModified\":\"2025-06-17T13:58:14+00:00\",\"description\":\"Associer BCAA et Whey pour la croissance musculaire \\u2605De meilleurs r\\u00e9sultats \\u2605Synth\\u00e8se des prot\\u00e9ines plus importantes \\u2605Une croissance musculaire optimis\\u00e9e\",\"breadcrumb\":{\"@id\":\"https:\/\/www.fitadium.com\/conseils\/proteines\/whey\/association-whey-bcaa\/#breadcrumb\"},\"inLanguage\":\"fr-FR\",\"potentialAction\":[{\"@type\":\"ReadAction\",\"target\":[\"https:\/\/www.fitadium.com\/conseils\/proteines\/whey\/association-whey-bcaa\/\"]}]},{\"@type\":\"BreadcrumbList\",\"@id\":\"https:\/\/www.fitadium.com\/conseils\/proteines\/whey\/association-whey-bcaa\/#breadcrumb\",\"itemListElement\":[{\"@type\":\"ListItem\",\"position\":1,\"name\":\"Home\",\"item\":\"https:\/\/www.fitadium.com\/conseils\/\"},{\"@type\":\"ListItem\",\"position\":2,\"name\":\"Pourquoi prendre des prot\\u00e9ines en musculation ?\",\"item\":\"https:\/\/www.fitadium.com\/conseils\/proteines\/\"},{\"@type\":\"ListItem\",\"position\":3,\"name\":\"Qu&rsquo;est-ce que la whey prot\\u00e9ine ?\",\"item\":\"https:\/\/www.fitadium.com\/conseils\/proteines\/whey\/\"},{\"@type\":\"ListItem\",\"position\":4,\"name\":\"Associer BCAA et whey : le top pour la croissance musculaire\"}]}]}<\/script>\n<!-- \/ Yoast SEO plugin. -->","yoast_head_json":{"title":"Associer whey et BCAA en musculation","description":"Associer BCAA et Whey pour la croissance musculaire \u2605De meilleurs r\u00e9sultats \u2605Synth\u00e8se des prot\u00e9ines plus importantes \u2605Une croissance musculaire optimis\u00e9e","robots":{"index":"index","follow":"follow","max-snippet":"max-snippet:-1","max-image-preview":"max-image-preview:large","max-video-preview":"max-video-preview:-1"},"canonical":"https:\/\/www.fitadium.com\/conseils\/proteines\/whey\/association-whey-bcaa\/","og_locale":"fr_FR","og_type":"article","og_title":"Associer whey et BCAA en musculation","og_description":"Associer BCAA et Whey pour la croissance musculaire \u2605De meilleurs r\u00e9sultats \u2605Synth\u00e8se des prot\u00e9ines plus importantes \u2605Une croissance musculaire optimis\u00e9e","og_url":"https:\/\/www.fitadium.com\/conseils\/proteines\/whey\/association-whey-bcaa\/","og_site_name":"Fitadium","article_publisher":"https:\/\/www.facebook.com\/fitadium.musculation","article_modified_time":"2025-06-17T13:58:14+00:00","og_image":[{"width":1600,"height":900,"url":"https:\/\/www.fitadium.com\/conseils\/wp-content\/uploads\/2020\/10\/bcaa-whey-association-1.jpg","path":"\/home\/www\/fitadium\/www\/conseils\/wp-content\/uploads\/2020\/10\/bcaa-whey-association-1.jpg","size":"full","id":51533,"alt":"Associer BCAA et Whey","pixels":1440000,"type":"image\/jpeg"}],"schema":{"@context":"https:\/\/schema.org","@graph":[{"@type":"Organization","@id":"https:\/\/www.fitadium.com\/conseils\/#organization","name":"FITADIUM","url":"https:\/\/www.fitadium.com\/conseils\/","sameAs":["https:\/\/www.facebook.com\/fitadium.musculation"],"logo":{"@type":"ImageObject","@id":"https:\/\/www.fitadium.com\/conseils\/#logo","inLanguage":"fr-FR","url":"https:\/\/www.fitadium.com\/conseils\/wp-content\/uploads\/2013\/08\/mobypicture.jpg","contentUrl":"https:\/\/www.fitadium.com\/conseils\/wp-content\/uploads\/2013\/08\/mobypicture.jpg","width":510,"height":600,"caption":"FITADIUM"},"image":{"@id":"https:\/\/www.fitadium.com\/conseils\/#logo"}},{"@type":"WebSite","@id":"https:\/\/www.fitadium.com\/conseils\/#website","url":"https:\/\/www.fitadium.com\/conseils\/","name":"Fitadium","description":"Toute l&#039;actualit\u00e9 de la musculation et du fitness","publisher":{"@id":"https:\/\/www.fitadium.com\/conseils\/#organization"},"potentialAction":[{"@type":"SearchAction","target":{"@type":"EntryPoint","urlTemplate":"https:\/\/www.fitadium.com\/conseils\/?s={search_term_string}"},"query-input":"required name=search_term_string"}],"inLanguage":"fr-FR"},{"@type":"ImageObject","@id":"https:\/\/www.fitadium.com\/conseils\/proteines\/whey\/association-whey-bcaa\/#primaryimage","inLanguage":"fr-FR","url":"https:\/\/www.fitadium.com\/conseils\/wp-content\/uploads\/2020\/10\/bcaa-whey-association-1.jpg","contentUrl":"https:\/\/www.fitadium.com\/conseils\/wp-content\/uploads\/2020\/10\/bcaa-whey-association-1.jpg","width":1600,"height":900,"caption":"Associer BCAA et Whey"},{"@type":"WebPage","@id":"https:\/\/www.fitadium.com\/conseils\/proteines\/whey\/association-whey-bcaa\/#webpage","url":"https:\/\/www.fitadium.com\/conseils\/proteines\/whey\/association-whey-bcaa\/","name":"Associer whey et BCAA en musculation","isPartOf":{"@id":"https:\/\/www.fitadium.com\/conseils\/#website"},"primaryImageOfPage":{"@id":"https:\/\/www.fitadium.com\/conseils\/proteines\/whey\/association-whey-bcaa\/#primaryimage"},"datePublished":"2021-07-05T09:14:53+00:00","dateModified":"2025-06-17T13:58:14+00:00","description":"Associer BCAA et Whey pour la croissance musculaire \u2605De meilleurs r\u00e9sultats \u2605Synth\u00e8se des prot\u00e9ines plus importantes \u2605Une croissance musculaire optimis\u00e9e","breadcrumb":{"@id":"https:\/\/www.fitadium.com\/conseils\/proteines\/whey\/association-whey-bcaa\/#breadcrumb"},"inLanguage":"fr-FR","potentialAction":[{"@type":"ReadAction","target":["https:\/\/www.fitadium.com\/conseils\/proteines\/whey\/association-whey-bcaa\/"]}]},{"@type":"BreadcrumbList","@id":"https:\/\/www.fitadium.com\/conseils\/proteines\/whey\/association-whey-bcaa\/#breadcrumb","itemListElement":[{"@type":"ListItem","position":1,"name":"Home","item":"https:\/\/www.fitadium.com\/conseils\/"},{"@type":"ListItem","position":2,"name":"Pourquoi prendre des prot\u00e9ines en musculation ?","item":"https:\/\/www.fitadium.com\/conseils\/proteines\/"},{"@type":"ListItem","position":3,"name":"Qu&rsquo;est-ce que la whey prot\u00e9ine ?","item":"https:\/\/www.fitadium.com\/conseils\/proteines\/whey\/"},{"@type":"ListItem","position":4,"name":"Associer BCAA et whey : le top pour la croissance musculaire"}]}]}},"featured_image_src":"https:\/\/www.fitadium.com\/conseils\/wp-content\/uploads\/2020\/10\/bcaa-whey-association-1-600x400.jpg","featured_image_src_square":"https:\/\/www.fitadium.com\/conseils\/wp-content\/uploads\/2020\/10\/bcaa-whey-association-1-600x600.jpg","_links":{"self":[{"href":"https:\/\/www.fitadium.com\/conseils\/wp-json\/wp\/v2\/pages\/53982"}],"collection":[{"href":"https:\/\/www.fitadium.com\/conseils\/wp-json\/wp\/v2\/pages"}],"about":[{"href":"https:\/\/www.fitadium.com\/conseils\/wp-json\/wp\/v2\/types\/page"}],"author":[{"embeddable":true,"href":"https:\/\/www.fitadium.com\/conseils\/wp-json\/wp\/v2\/users\/2"}],"replies":[{"embeddable":true,"href":"https:\/\/www.fitadium.com\/conseils\/wp-json\/wp\/v2\/comments?post=53982"}],"version-history":[{"count":19,"href":"https:\/\/www.fitadium.com\/conseils\/wp-json\/wp\/v2\/pages\/53982\/revisions"}],"predecessor-version":[{"id":60380,"href":"https:\/\/www.fitadium.com\/conseils\/wp-json\/wp\/v2\/pages\/53982\/revisions\/60380"}],"up":[{"embeddable":true,"href":"https:\/\/www.fitadium.com\/conseils\/wp-json\/wp\/v2\/pages\/55674"}],"wp:featuredmedia":[{"embeddable":true,"href":"https:\/\/www.fitadium.com\/conseils\/wp-json\/wp\/v2\/media\/51533"}],"wp:attachment":[{"href":"https:\/\/www.fitadium.com\/conseils\/wp-json\/wp\/v2\/media?parent=53982"}],"curies":[{"name":"wp","href":"https:\/\/api.w.org\/{rel}","templated":true}]}}