{"id":54206,"date":"2021-09-06T16:29:51","date_gmt":"2021-09-06T14:29:51","guid":{"rendered":"https:\/\/www.fitadium.com\/conseils\/?page_id=54206"},"modified":"2025-08-28T11:01:04","modified_gmt":"2025-08-28T09:01:04","slug":"associer-bruleur-graisse","status":"publish","type":"page","link":"https:\/\/www.fitadium.com\/conseils\/bruleur-graisse\/associer-bruleur-graisse\/","title":{"rendered":"Associer bruleur de graisse : gainer, cr\u00e9atine, whey ?"},"content":{"rendered":"\n<p>Certaines&nbsp;<strong>associations entre br\u00fbleurs de graisse et autres compl\u00e9ments<\/strong> sont b\u00e9n\u00e9fiques pour atteindre vos objectifs de perte de graisse et sportifs.<\/p>\n\n\n\n<p>La prise d&rsquo;un bruleur de graisse est compatible avec d&rsquo;autres compl\u00e9ments sans oublier que la priorit\u00e9 dans un objectif de perte de poids est d&rsquo;accompagner sa prise avec <strong>une alimentation saine et \u00e9quilibr\u00e9e<\/strong> et <strong>une activit\u00e9 physique r\u00e9guli\u00e8re<\/strong>. Cela reste la meilleure garantie de r\u00e9sultat de votre perte de poids.<\/p>\n\n\n\n<p>Bien associer vos suppl\u00e9ments est essentiel pour s\u2019assurer de leur compl\u00e9mentarit\u00e9 et ne pas annuler leurs effets. Voil\u00e0 donc nos conseils autour des <strong>meilleurs associations avec un <\/strong><a href=\"https:\/\/www.fitadium.com\/56-bruleurs-de-graisse\"><strong>bruleur de graisse<\/strong>.<\/a><\/p>\n\n\n\n<h2 id=\"whey\">Associer Brule graisse + prot\u00e9ine Whey pour s\u00e9cher<\/h2>\n\n\n\n<p>Dans un objectif de perte de graisse, la whey prot\u00e9ine apporte <strong>un suppl\u00e9ment de prot\u00e9ines \u00e0 l\u2019organisme sans aucun ajout de glucides ou lipides<\/strong> pour accompagner parfaitement la synth\u00e8se protidique via sa richesse en acides amin\u00e9s. Elle compl\u00e8te ainsi parfaitement les modes d\u2019action d\u2019un bruleur de graisse.<\/p>\n\n\n\n<p>Elle est particuli\u00e8rement recommand\u00e9e dans le cadre <strong>d\u2019un&nbsp;r\u00e9gime de s\u00e8che&nbsp;et favoriser l\u2019anabolisme, tout en&nbsp;acc\u00e9l\u00e9rant la perte de graisse<\/strong>.<\/p>\n\n\n\n<p>Cela explique l&rsquo;utilisation de l&rsquo;association bruleur de graisse et whey par les bodybuilders \u00e0 l&rsquo;approche de comp\u00e9titions pour accentuer leur d\u00e9finition musculaire.&nbsp;<\/p>\n\n\n\n<h3>Les prot\u00e9ines, macronutriment efficace en perte de poids<\/h3>\n\n\n\n<p>Les prot\u00e9ines ont un <strong>co\u00fbt \u00e9nerg\u00e9tique plus \u00e9lev\u00e9 pour leur digestion<\/strong>, la synth\u00e8se d&rsquo;\u00e9nergie \u00e0 partir des&nbsp; acides amin\u00e9s des prot\u00e9ines vous demande ainsi plus d&rsquo;\u00e9nergie et de calories pour \u00eatre assimil\u00e9es et converties en mol\u00e9cules \u00e9nergisantes.&nbsp;<\/p>\n\n\n\n<p>Autre avantage, les prot\u00e9ines ont un r\u00f4le de <strong>maintien de votre masse musculaire<\/strong>. Plus votre masse musculaire maigre est \u00e9lev\u00e9e, plus votre d\u00e9pense \u00e9nerg\u00e9tique pour la maintenir est \u00e9lev\u00e9e m\u00eame au repos. Les prot\u00e9ines sont \u00e9galement l&rsquo;\u00e9l\u00e9ment b\u00e2tisseur de la construction de nouveaux tissus musculaires \u00e0 partir de leurs acides amin\u00e9s (anabolisme).&nbsp;<\/p>\n\n\n\n<p>Enfin, un avantage important des prot\u00e9ines en perte de poids est <strong>leur effet rassasiant qui mod\u00e8re l&rsquo;app\u00e9tit<\/strong> en raison de la pr\u00e9sence de peptides et d&rsquo;autres hormones qui r\u00e9duisent la sensation de faim.<\/p>\n\n\n\n<p>Si le dosage quotidien recommand\u00e9 en prot\u00e9ine est de 0,8g\/kg de poids de corps pour une personne s\u00e9dentaire, on passe<strong> de 1,5 \u00e0 2g\/ kg de poids du corps pour une personne pratiquant une activit\u00e9 physique r\u00e9guli\u00e8re<\/strong>.&nbsp;<\/p>\n\n\n\n<h3>Est-ce que la whey aide \u00e0 maigrir ?<\/h3>\n\n\n\n<p>On peut compter sur les apports en prot\u00e9ines animales ou v\u00e9g\u00e9tales selon votre r\u00e9gime alimentaire mais aussi sur les compl\u00e9ments en poudre qui aient \u00e0 atteindre ce dosage quotidien recommand\u00e9.<\/p>\n\n\n\n<p>On pense particuli\u00e8rement \u00e0 la<strong> <a href=\"https:\/\/www.fitadium.com\/424-whey-proteine\">prot\u00e9ine de lactos\u00e9rum (whey)<\/a> <\/strong>issue du lait par s\u00e9paration de la cas\u00e9ine. La whey a l&rsquo;avantage d&rsquo;\u00eatre pauvre en calories, \u00e0 haute valeur biologique et avec une assimilation rapide.<\/p>\n\n\n\n<p>La whey est un compl\u00e9ment id\u00e9al pour \u00e9quilibrer vos apports alimentaires en compl\u00e9ment de l&rsquo;utilisation de votre bruleur de graisse.&nbsp;<\/p>\n\n\n<div class=\"columns-push-product\">\n  <div class=\"columns-push-product__body\">\n    \n\n<p class=\"has-large-font-size\"><\/p>\n\n\n  <\/div>\n  <div class=\"columns-push-product__product\">\n    <div class=\"product\" GTM-data-id=\"1644\" GTM-data-nom=\"100% WHEY PROTEINE ADVANCED (900g)\">\n  <div class=\"product__img\" style=\"width: -webkit-fill-available;\">\n    <a href=\"https:\/\/www.fitadium.com\/1644-100-whey-proteine-advanced-900g.html#\/792-gout-nutella\" class=\"product__image_lnk GTM_blog_product\" >\n      <img src=\"https:\/\/www.fitadium.com\/31577-fit_540\/100-whey-proteine-advanced-900g.jpg\" alt=\"\" class=\"product__image lazyload\">\n    <\/a>\n  <\/div>\n  <div class=\"product__body\">\n        <div class=\"product__brand\">Superset Nutrition<\/div>\n    <a class=\"product__name GTM_blog_product\" href=\"https:\/\/www.fitadium.com\/1644-100-whey-proteine-advanced-900g.html#\/792-gout-nutella\" title=\"100% WHEY PROTEINE ADVANCED (900g)\">\n      100% WHEY PROTEINE ADVANCED (900g)\n    <\/a>\n          <span class=\"product__price\">37.9 \u20ac<\/span>\n      <span class=\"product__price_old\">42.9 \u20ac<\/span>\n            <div class=\"product__excerpt\">Pourquoi choisir la 100% WHEY PROTEINE ADVANCED (900gr) ? La\u2026<\/div>\n            <div><a class=\"product__cta GTM_blog_product\" href=\"https:\/\/www.fitadium.com\/1644-100-whey-proteine-advanced-900g.html#\/792-gout-nutella\" title=\"100% WHEY PROTEINE ADVANCED (900g)\">Voir le produit<\/a><\/div>\n  <\/div>\n<\/div>\n  <\/div>\n<\/div>\n\n\n\n<h3>Quelle whey pour maigrir (concentr\u00e9e, isolat, hydrolys\u00e9e) ?<\/h3>\n\n\n\n<p>Plus \u00e9conomique, la <strong>whey concentr\u00e9e offre d\u00e9j\u00e0 une excellente assimilation avec 75 \u00e0 80% de prot\u00e9ines<\/strong> et un aminogramme tr\u00e8s complet. C&rsquo;est une whey accessible d\u00e9j\u00e0 tr\u00e8s utile pour atteindre votre quotas quotidien de prot\u00e9ines.&nbsp;<\/p>\n\n\n\n<p>Avec un proc\u00e9d\u00e9 de filtration plus complexe qui impacte son prix<strong>, la <a href=\"https:\/\/www.fitadium.com\/425-whey-isolate\">Whey isolate<\/a> est plus pure avec davantage de peptides et d&rsquo;acides amin\u00e9s<\/strong> . Le principal avantage de l&rsquo;isolat de whey est la faible pr\u00e9sence de traces lactose induit par le proc\u00e9d\u00e9 de filtration plus abouti qui convient davantage aux intol\u00e9rants au lactose.<\/p>\n\n\n\n<p>Encore plus filtr\u00e9e, l<strong>a <a href=\"https:\/\/www.fitadium.com\/602-whey-hydrolysee\">whey hydrolys\u00e9e<\/a> est une prot\u00e9ine pr\u00e9-dig\u00e9r\u00e9e d\u00e9pourvue de lactose et mati\u00e8re grasse avec une assimilation encore meilleure<\/strong>. Plus ch\u00e8re, cette whey est id\u00e9ale pour un apport prot\u00e9in\u00e9e en s\u00e8che et d\u00e9finition musculaire.&nbsp;<\/p>\n\n\n\n<p>Ces diff\u00e9rents types de whey peuvent parfaitement accompagner votre objectif de perte de poids, la concentr\u00e9e \u00e9tant la plus accessible et l&rsquo;hydrolys\u00e9e la plus filtr\u00e9e, l&rsquo;isolat de whey est un compromis de grande qualit\u00e9.&nbsp;<\/p>\n\n\n\n<h2 id=\"acides\">Bruleurs de graisse et Acides amin\u00e9s pour maigrir<\/h2>\n\n\n\n<p>Pris avant l\u2019effort,<strong> les acides amin\u00e9s permettent de pr\u00e9server le capital musculaire sans emp\u00eacher le m\u00e9tabolisme des graisses<\/strong>.<\/p>\n\n\n\n<p>Cela \u00e9pargne la masse musculaire et met en route le processus de combustion. Voici quelques exemples d\u2019acides amin\u00e9s compl\u00e9mentaires avec les effets d\u2019un bruleur de graisse :<\/p>\n\n\n\n<ul><li>Le <strong>tryptophane<\/strong> par exemple, calme et freine les envies de sucre, surtout le soir. Antistress, elle agit sur la s\u00e9rotonine pour favoriser un bon sommeil et l&rsquo;agissement des vitamines B.&nbsp;<\/li><li>La <strong>glutamine <\/strong>emp\u00eache l\u2019organisme de puiser dans ses r\u00e9serves musculaires pour produire de l\u2019\u00e9nergie.&nbsp;Elle facilite la production d&rsquo;\u00e9nergie en vue d&rsquo;\u00e9viter le stockage de graisse provoqu\u00e9 par l&rsquo;insuline.&nbsp;Elle aussi r\u00e9duit les envies de sucr\u00e9.&nbsp;<\/li><li>La <strong>Tyrosine<\/strong> <a href=\"https:\/\/www.fitadium.com\/conseils\/bruleur-graisse\/comment-augmenter-metabolisme\/\">acc\u00e9l\u00e8re le m\u00e9tabolisme<\/a> et augmente la combustion des graisses, tout en mod\u00e9rant l\u2019app\u00e9tit. Elle stimule la production de thyroxine par la glande thyro\u00efde, qui vient influencer le m\u00e9tabolisme de base.&nbsp;<\/li><\/ul>\n\n\n\n<h2 id=\"vita\">Bruleurs de graisses et vitamines, min\u00e9raux<\/h2>\n\n\n\n<p>Les vitamines et min\u00e9raux sont un <strong>compl\u00e9ment alimentaire absolument indispensables pour perdre du poids<\/strong> dans le cadre d\u2019une restriction calorique importante.<\/p>\n\n\n\n<p>En effet ce type de r\u00e9gime est synonyme de <strong>carences et de fatigue, qui vont ralentir la perte de poids<\/strong>. Ajouter un complexe vitamines et min\u00e9raux en plus de votre bruleur de graisse pr\u00e9vient ces d\u00e9sagr\u00e9ments.<\/p>\n\n\n\n<p>R\u00e9duire son apport calorique ne va pas sans risques de carences nutritionnelles. <strong>Vitamines et min\u00e9raux<\/strong> vont manquer alors que leur r\u00f4le est utile pour toutes sortes de transformations m\u00e9taboliques.<\/p>\n\n\n\n<p>De plus, la carence de certains cr\u00e9\u00e9 un surplus d\u2019app\u00e9tit. Des<strong> formules dos\u00e9es en vitamines et min\u00e9raux<\/strong> ou en <strong>spiruline<\/strong> remettent les fonctions du corps en route, pour \u00e9liminer les graisses.<\/p>\n\n\n\n<h2 id=\"boosters\">Produits Bruleurs de graisse et boosters hormonaux<\/h2>\n\n\n\n<p>En compl\u00e9ment des bruleurs de graisse, les <strong>boosters hormonaux<\/strong> vont <strong>activer les hormones impliqu\u00e9es dans la combustion des graisse<\/strong>s, mais aussi <strong>prolonger le processus de perte de gras<\/strong>.<\/p>\n\n\n\n<p>Ils permettent une meilleure mobilisation des graisses en activant les r\u00e9cepteurs b\u00e9ta, responsables du d\u00e9stockage. Alors qu\u2019ils inhibent, au contraire, les facteurs de stockage. Enfin, ils aident \u00e0 lib\u00e9rer plus d\u2019\u00e9nergie trouv\u00e9e dans les acides gras.<\/p>\n\n\n\n<h2 id=\"reco\">Nos recommandations d\u2019association id\u00e9ales pour la perte de graisse<\/h2>\n\n\n\n<ul><li>Cas\u00e9ine ou Proteine de boeuf + bruleur de graisse thermog\u00e9nique (+ CLA) + vitamines<\/li><li>On peut s\u2019ajouter \u00e0 cette combinaison la L-Carnitine, des <strong><a href=\"https:\/\/www.fitadium.com\/conseils\/bruleur-graisse\/plantes\/\">plantes diur\u00e9tiques<\/a><\/strong><\/li><li>L.tryptophane + L.Tyrosine comme coupe faim naturel en potentialisant la s\u00e9cr\u00e9tion de s\u00e9rotonine<\/li><\/ul>\n\n\n\n<h2 id=\"eviter\">Les associations \u00e0 \u00e9viter avec les g\u00e9lules bruleurs de graisse<\/h2>\n\n\n\n<h3>Gainer et cr\u00e9atine : des effets antinomiques avec les bruleurs de graisse<\/h3>\n\n\n\n<p>S&rsquo;il faut le pr\u00e9ciser, l\u2019association&nbsp;<strong><a href=\"https:\/\/www.fitadium.com\/6-gainers\">Gainers<\/a> + br\u00fbleurs de graisse<\/strong> est tout simplement antinomique. Le gainer a pour objectif d&rsquo;accompagner une prise de masse avec des apports en prot\u00e9ines et en glucides, loin de l&rsquo;objectif de s\u00e8che et perte de poids lorsque l&rsquo;on prend un bruleur de graisse<\/p>\n\n\n\n<p>M\u00eame chose pour l\u2019association d&rsquo;un bruleur de graisse et de <strong>Cr\u00e9atine complexe (avec glucides) <\/strong>qui &nbsp;favorise \u00e9galement la prise de volumes musculaire.<\/p>\n\n\n\n<p>A noter que l&rsquo;on \u00e9vite par ailleurs la prise de cr\u00e9atine et <a href=\"https:\/\/www.fitadium.com\/402-draineur\">de diur\u00e9tique (draineurs)<\/a>, la cr\u00e9atine agissant dans la r\u00e9tention d&rsquo;eau intramusculaire pour augmenter la synth\u00e8se des prot\u00e9ines musculaires. les cellules musculaires plus grosses accompagnent une prise de volume musculaire.<\/p>\n\n\n\n<p>La prise de draineur serait donc contraire \u00e0 l&rsquo;objectif de r\u00e9tention d&rsquo;eau dans les cellules musculaires et il y a un risque de d\u00e9shydratation.<\/p>\n\n\n\n<h3>Pre workouts musculation et bruleurs de graisse puissants : attention aux stimulants<\/h3>\n\n\n\n<p>Eviter la prise de<strong> Pr\u00e9 workout + br\u00fbleurs de graisse <\/strong>car cela peut correspondre \u00e0 une double dose de stimulants du SNC (Syst\u00e8me nerveux central). On parle alors des bruleurs de graisses thermog\u00e9niques en raison de leur action sur <a href=\"https:\/\/www.fitadium.com\/conseils\/bruleur-graisse\/activer-thermogenese\/\">stimulation de la thermog\u00e9n\u00e8se<\/a> gr\u00e2ce \u00e0 leur teneur en stimulants du syst\u00e8me nerveux : caf\u00e9ine du caf\u00e9, th\u00e9 vert ou guarana.\u00a0<\/p>\n\n\n\n<p>On retrouve ce type de stimulants dans les <a href=\"https:\/\/www.fitadium.com\/8-preworkout\">preworkouts<\/a>, couramment utilis\u00e9s par les pratiquants de musculation pour booster une s\u00e9ance d&rsquo;entra\u00eenement. Cela reviendrait donc \u00e0 une double dose de stimulants avec des effets secondaires peu agr\u00e9ables notamment si vous \u00eates sensibles aux effets de la caf\u00e9ine.&nbsp;<\/p>\n\n\n\n<p>A noter que vous pouvez opter pour des&nbsp;<a href=\"https:\/\/www.fitadium.com\/conseils\/bruleur-graisse\/bruleur-sans-cafeine\/\">bruleurs de graisse sans stimulant&nbsp;<\/a> dits lipotropes tout aussi efficaces. Ces formules agissent \u00e9galement sur la combustion des graisses via des ingr\u00e9dients utiles comme le CLA ou la <a href=\"https:\/\/www.fitadium.com\/401-l-carnitine\">L-carnitine<\/a>.&nbsp;<\/p>\n\n\n\n<p>\u27a1\ufe0f Besoin d &lsquo;aide pour faire votre choix, vous pouvez consulter <a href=\"https:\/\/www.fitadium.com\/conseils\/bruleur-graisse\/meilleur-bruleur-graisse\/\">notre comparatif des meilleurs bruleurs de graisse<\/a>.<\/p>\n\n\n\n<p>Photo unsplash.com<\/p>\n","protected":false},"excerpt":{"rendered":"<p>Certaines&nbsp;associations entre br\u00fbleurs de graisse et autres compl\u00e9ments sont b\u00e9n\u00e9fiques pour atteindre vos objectifs de perte de graisse et sportifs. La prise d&rsquo;un bruleur de graisse est compatible avec d&rsquo;autres compl\u00e9ments sans oublier que la priorit\u00e9 dans un objectif de perte de poids est d&rsquo;accompagner sa prise avec une alimentation saine et \u00e9quilibr\u00e9e et une [&hellip;]<\/p>\n","protected":false},"author":4,"featured_media":54207,"parent":54163,"menu_order":0,"comment_status":"closed","ping_status":"closed","template":"template-cocon.php","meta":[],"yoast_head":"<!-- This site is optimized with the Yoast SEO plugin v17.1 - https:\/\/yoast.com\/wordpress\/plugins\/seo\/ -->\n<title>Associer bruleur de graisse : gainer, cr\u00e9atine, whey ?<\/title>\n<meta name=\"description\" content=\"Quelles sont les bonnes associations de suppl\u00e9ments avec des bruleurs de graisse : prot\u00e9ines, gainer, whey ? On vous conseille\" \/>\n<meta name=\"robots\" content=\"index, follow, max-snippet:-1, max-image-preview:large, max-video-preview:-1\" \/>\n<link rel=\"canonical\" href=\"https:\/\/www.fitadium.com\/conseils\/bruleur-graisse\/associer-bruleur-graisse\/\" \/>\n<meta property=\"og:locale\" content=\"fr_FR\" \/>\n<meta property=\"og:type\" content=\"article\" \/>\n<meta property=\"og:title\" content=\"Associer bruleur de graisse : gainer, cr\u00e9atine, whey ?\" \/>\n<meta property=\"og:description\" content=\"Quelles sont les bonnes associations de suppl\u00e9ments avec des bruleurs de graisse : prot\u00e9ines, gainer, whey ? On vous conseille\" \/>\n<meta property=\"og:url\" content=\"https:\/\/www.fitadium.com\/conseils\/bruleur-graisse\/associer-bruleur-graisse\/\" \/>\n<meta property=\"og:site_name\" content=\"Fitadium\" \/>\n<meta property=\"article:publisher\" content=\"https:\/\/www.facebook.com\/fitadium.musculation\" \/>\n<meta property=\"article:modified_time\" content=\"2025-08-28T09:01:04+00:00\" \/>\n<meta property=\"og:image\" content=\"https:\/\/www.fitadium.com\/conseils\/wp-content\/uploads\/2021\/09\/gesina-kunkel-SUkN3DyFJjk-unsplash.jpg\" \/>\n\t<meta property=\"og:image:width\" content=\"1600\" \/>\n\t<meta property=\"og:image:height\" content=\"900\" \/>\n<script type=\"application\/ld+json\" class=\"yoast-schema-graph\">{\"@context\":\"https:\/\/schema.org\",\"@graph\":[{\"@type\":\"Organization\",\"@id\":\"https:\/\/www.fitadium.com\/conseils\/#organization\",\"name\":\"FITADIUM\",\"url\":\"https:\/\/www.fitadium.com\/conseils\/\",\"sameAs\":[\"https:\/\/www.facebook.com\/fitadium.musculation\"],\"logo\":{\"@type\":\"ImageObject\",\"@id\":\"https:\/\/www.fitadium.com\/conseils\/#logo\",\"inLanguage\":\"fr-FR\",\"url\":\"https:\/\/www.fitadium.com\/conseils\/wp-content\/uploads\/2013\/08\/mobypicture.jpg\",\"contentUrl\":\"https:\/\/www.fitadium.com\/conseils\/wp-content\/uploads\/2013\/08\/mobypicture.jpg\",\"width\":510,\"height\":600,\"caption\":\"FITADIUM\"},\"image\":{\"@id\":\"https:\/\/www.fitadium.com\/conseils\/#logo\"}},{\"@type\":\"WebSite\",\"@id\":\"https:\/\/www.fitadium.com\/conseils\/#website\",\"url\":\"https:\/\/www.fitadium.com\/conseils\/\",\"name\":\"Fitadium\",\"description\":\"Toute l&#039;actualit\\u00e9 de la musculation et du fitness\",\"publisher\":{\"@id\":\"https:\/\/www.fitadium.com\/conseils\/#organization\"},\"potentialAction\":[{\"@type\":\"SearchAction\",\"target\":{\"@type\":\"EntryPoint\",\"urlTemplate\":\"https:\/\/www.fitadium.com\/conseils\/?s={search_term_string}\"},\"query-input\":\"required name=search_term_string\"}],\"inLanguage\":\"fr-FR\"},{\"@type\":\"ImageObject\",\"@id\":\"https:\/\/www.fitadium.com\/conseils\/bruleur-graisse\/associer-bruleur-graisse\/#primaryimage\",\"inLanguage\":\"fr-FR\",\"url\":\"https:\/\/www.fitadium.com\/conseils\/wp-content\/uploads\/2021\/09\/gesina-kunkel-SUkN3DyFJjk-unsplash.jpg\",\"contentUrl\":\"https:\/\/www.fitadium.com\/conseils\/wp-content\/uploads\/2021\/09\/gesina-kunkel-SUkN3DyFJjk-unsplash.jpg\",\"width\":1600,\"height\":900},{\"@type\":\"WebPage\",\"@id\":\"https:\/\/www.fitadium.com\/conseils\/bruleur-graisse\/associer-bruleur-graisse\/#webpage\",\"url\":\"https:\/\/www.fitadium.com\/conseils\/bruleur-graisse\/associer-bruleur-graisse\/\",\"name\":\"Associer bruleur de graisse : gainer, cr\\u00e9atine, whey ?\",\"isPartOf\":{\"@id\":\"https:\/\/www.fitadium.com\/conseils\/#website\"},\"primaryImageOfPage\":{\"@id\":\"https:\/\/www.fitadium.com\/conseils\/bruleur-graisse\/associer-bruleur-graisse\/#primaryimage\"},\"datePublished\":\"2021-09-06T14:29:51+00:00\",\"dateModified\":\"2025-08-28T09:01:04+00:00\",\"description\":\"Quelles sont les bonnes associations de suppl\\u00e9ments avec des bruleurs de graisse : prot\\u00e9ines, gainer, whey ? On vous conseille\",\"breadcrumb\":{\"@id\":\"https:\/\/www.fitadium.com\/conseils\/bruleur-graisse\/associer-bruleur-graisse\/#breadcrumb\"},\"inLanguage\":\"fr-FR\",\"potentialAction\":[{\"@type\":\"ReadAction\",\"target\":[\"https:\/\/www.fitadium.com\/conseils\/bruleur-graisse\/associer-bruleur-graisse\/\"]}]},{\"@type\":\"BreadcrumbList\",\"@id\":\"https:\/\/www.fitadium.com\/conseils\/bruleur-graisse\/associer-bruleur-graisse\/#breadcrumb\",\"itemListElement\":[{\"@type\":\"ListItem\",\"position\":1,\"name\":\"Home\",\"item\":\"https:\/\/www.fitadium.com\/conseils\/\"},{\"@type\":\"ListItem\",\"position\":2,\"name\":\"Comment bien choisir un br\\u00fbleur de graisse ?\",\"item\":\"https:\/\/www.fitadium.com\/conseils\/bruleur-graisse\/\"},{\"@type\":\"ListItem\",\"position\":3,\"name\":\"Associer bruleur de graisse : gainer, cr\\u00e9atine, whey ?\"}]}]}<\/script>\n<!-- \/ Yoast SEO plugin. -->","yoast_head_json":{"title":"Associer bruleur de graisse : gainer, cr\u00e9atine, whey ?","description":"Quelles sont les bonnes associations de suppl\u00e9ments avec des bruleurs de graisse : prot\u00e9ines, gainer, whey ? On vous conseille","robots":{"index":"index","follow":"follow","max-snippet":"max-snippet:-1","max-image-preview":"max-image-preview:large","max-video-preview":"max-video-preview:-1"},"canonical":"https:\/\/www.fitadium.com\/conseils\/bruleur-graisse\/associer-bruleur-graisse\/","og_locale":"fr_FR","og_type":"article","og_title":"Associer bruleur de graisse : gainer, cr\u00e9atine, whey ?","og_description":"Quelles sont les bonnes associations de suppl\u00e9ments avec des bruleurs de graisse : prot\u00e9ines, gainer, whey ? On vous conseille","og_url":"https:\/\/www.fitadium.com\/conseils\/bruleur-graisse\/associer-bruleur-graisse\/","og_site_name":"Fitadium","article_publisher":"https:\/\/www.facebook.com\/fitadium.musculation","article_modified_time":"2025-08-28T09:01:04+00:00","og_image":[{"width":1600,"height":900,"url":"https:\/\/www.fitadium.com\/conseils\/wp-content\/uploads\/2021\/09\/gesina-kunkel-SUkN3DyFJjk-unsplash.jpg","path":"\/home\/www\/fitadium\/www\/conseils\/wp-content\/uploads\/2021\/09\/gesina-kunkel-SUkN3DyFJjk-unsplash.jpg","size":"full","id":54207,"alt":"","pixels":1440000,"type":"image\/jpeg"}],"schema":{"@context":"https:\/\/schema.org","@graph":[{"@type":"Organization","@id":"https:\/\/www.fitadium.com\/conseils\/#organization","name":"FITADIUM","url":"https:\/\/www.fitadium.com\/conseils\/","sameAs":["https:\/\/www.facebook.com\/fitadium.musculation"],"logo":{"@type":"ImageObject","@id":"https:\/\/www.fitadium.com\/conseils\/#logo","inLanguage":"fr-FR","url":"https:\/\/www.fitadium.com\/conseils\/wp-content\/uploads\/2013\/08\/mobypicture.jpg","contentUrl":"https:\/\/www.fitadium.com\/conseils\/wp-content\/uploads\/2013\/08\/mobypicture.jpg","width":510,"height":600,"caption":"FITADIUM"},"image":{"@id":"https:\/\/www.fitadium.com\/conseils\/#logo"}},{"@type":"WebSite","@id":"https:\/\/www.fitadium.com\/conseils\/#website","url":"https:\/\/www.fitadium.com\/conseils\/","name":"Fitadium","description":"Toute l&#039;actualit\u00e9 de la musculation et du fitness","publisher":{"@id":"https:\/\/www.fitadium.com\/conseils\/#organization"},"potentialAction":[{"@type":"SearchAction","target":{"@type":"EntryPoint","urlTemplate":"https:\/\/www.fitadium.com\/conseils\/?s={search_term_string}"},"query-input":"required name=search_term_string"}],"inLanguage":"fr-FR"},{"@type":"ImageObject","@id":"https:\/\/www.fitadium.com\/conseils\/bruleur-graisse\/associer-bruleur-graisse\/#primaryimage","inLanguage":"fr-FR","url":"https:\/\/www.fitadium.com\/conseils\/wp-content\/uploads\/2021\/09\/gesina-kunkel-SUkN3DyFJjk-unsplash.jpg","contentUrl":"https:\/\/www.fitadium.com\/conseils\/wp-content\/uploads\/2021\/09\/gesina-kunkel-SUkN3DyFJjk-unsplash.jpg","width":1600,"height":900},{"@type":"WebPage","@id":"https:\/\/www.fitadium.com\/conseils\/bruleur-graisse\/associer-bruleur-graisse\/#webpage","url":"https:\/\/www.fitadium.com\/conseils\/bruleur-graisse\/associer-bruleur-graisse\/","name":"Associer bruleur de graisse : gainer, cr\u00e9atine, whey ?","isPartOf":{"@id":"https:\/\/www.fitadium.com\/conseils\/#website"},"primaryImageOfPage":{"@id":"https:\/\/www.fitadium.com\/conseils\/bruleur-graisse\/associer-bruleur-graisse\/#primaryimage"},"datePublished":"2021-09-06T14:29:51+00:00","dateModified":"2025-08-28T09:01:04+00:00","description":"Quelles sont les bonnes associations de suppl\u00e9ments avec des bruleurs de graisse : prot\u00e9ines, gainer, whey ? On vous conseille","breadcrumb":{"@id":"https:\/\/www.fitadium.com\/conseils\/bruleur-graisse\/associer-bruleur-graisse\/#breadcrumb"},"inLanguage":"fr-FR","potentialAction":[{"@type":"ReadAction","target":["https:\/\/www.fitadium.com\/conseils\/bruleur-graisse\/associer-bruleur-graisse\/"]}]},{"@type":"BreadcrumbList","@id":"https:\/\/www.fitadium.com\/conseils\/bruleur-graisse\/associer-bruleur-graisse\/#breadcrumb","itemListElement":[{"@type":"ListItem","position":1,"name":"Home","item":"https:\/\/www.fitadium.com\/conseils\/"},{"@type":"ListItem","position":2,"name":"Comment bien choisir un br\u00fbleur de graisse ?","item":"https:\/\/www.fitadium.com\/conseils\/bruleur-graisse\/"},{"@type":"ListItem","position":3,"name":"Associer bruleur de graisse : gainer, cr\u00e9atine, whey ?"}]}]}},"featured_image_src":"https:\/\/www.fitadium.com\/conseils\/wp-content\/uploads\/2021\/09\/gesina-kunkel-SUkN3DyFJjk-unsplash-600x400.jpg","featured_image_src_square":"https:\/\/www.fitadium.com\/conseils\/wp-content\/uploads\/2021\/09\/gesina-kunkel-SUkN3DyFJjk-unsplash-600x600.jpg","_links":{"self":[{"href":"https:\/\/www.fitadium.com\/conseils\/wp-json\/wp\/v2\/pages\/54206"}],"collection":[{"href":"https:\/\/www.fitadium.com\/conseils\/wp-json\/wp\/v2\/pages"}],"about":[{"href":"https:\/\/www.fitadium.com\/conseils\/wp-json\/wp\/v2\/types\/page"}],"author":[{"embeddable":true,"href":"https:\/\/www.fitadium.com\/conseils\/wp-json\/wp\/v2\/users\/4"}],"replies":[{"embeddable":true,"href":"https:\/\/www.fitadium.com\/conseils\/wp-json\/wp\/v2\/comments?post=54206"}],"version-history":[{"count":25,"href":"https:\/\/www.fitadium.com\/conseils\/wp-json\/wp\/v2\/pages\/54206\/revisions"}],"predecessor-version":[{"id":60679,"href":"https:\/\/www.fitadium.com\/conseils\/wp-json\/wp\/v2\/pages\/54206\/revisions\/60679"}],"up":[{"embeddable":true,"href":"https:\/\/www.fitadium.com\/conseils\/wp-json\/wp\/v2\/pages\/54163"}],"wp:featuredmedia":[{"embeddable":true,"href":"https:\/\/www.fitadium.com\/conseils\/wp-json\/wp\/v2\/media\/54207"}],"wp:attachment":[{"href":"https:\/\/www.fitadium.com\/conseils\/wp-json\/wp\/v2\/media?parent=54206"}],"curies":[{"name":"wp","href":"https:\/\/api.w.org\/{rel}","templated":true}]}}