{"id":54211,"date":"2021-09-06T16:30:00","date_gmt":"2021-09-06T14:30:00","guid":{"rendered":"https:\/\/www.fitadium.com\/conseils\/?page_id=54211"},"modified":"2025-08-19T14:54:36","modified_gmt":"2025-08-19T12:54:36","slug":"dangers-effets-secondaires","status":"publish","type":"page","link":"https:\/\/www.fitadium.com\/conseils\/bruleur-graisse\/dangers-effets-secondaires\/","title":{"rendered":"Les br\u00fbleurs de graisse pr\u00e9sentent-ils un danger ou des effets secondaires ?\u00a0"},"content":{"rendered":"\n<p>En mati\u00e8re de compl\u00e9ments alimentaires, on entend bien souvent dire que les <a href=\"https:\/\/www.fitadium.com\/56-bruleurs-de-graisse\">bruleurs de graisse<\/a> sont <strong>dangereux pour le c\u0153ur<\/strong>, que c\u2019est du <strong>dopage<\/strong> ou que <strong>\u00e7a ne sert \u00e0 rien<\/strong>&#8230; On vous a dit que\u2026 vous avez lu que\u2026 , ou vous avez l\u2019impression de l\u2019avoir toujours su\u2026<\/p>\n\n\n\n<p>Pourtant, de <strong>fausses croyances circulent chez les consommateurs<\/strong>, certains rapportent des lieux communs ou des clich\u00e9s qui finissent par sembler vrais, tant on les a entendus. Ensemble, faisons la chasse aux id\u00e9es re\u00e7ues\u2026<\/p>\n\n\n\n<p>Certains produits bruleurs de graisse ont bien \u00e9t\u00e9 d\u00e9nonces par L&rsquo;Agence Nationale des Produits de Sant\u00e9 et du M\u00e9dicament&nbsp; (ANSM), des produits <strong>vendus sur Internet <\/strong>qui<strong> contenaient des substances interdites (st\u00e9ro\u00efdes)<\/strong> dans de nombreux pays dont la France. On rappelle que les compl\u00e9ments alimentaires font l&rsquo;objet d&rsquo;une r\u00e9glementation en France.<\/p>\n\n\n\n<p>Le discr\u00e9dit de <strong>certains produits \u00e9trangers disponibles sur Internet<\/strong> ne doit pas impacter la r\u00e9putation de ces compl\u00e9ments aux principes actifs naturels, souvent extraits de plantes, qui ne pr\u00e9sentent aucun risque pour les consommateurs en bonne sant\u00e9.<\/p>\n\n\n\n<p>La prise en compl\u00e9ment d&rsquo;un bruleur de graisse <strong>ne pr\u00e9sente en soi aucun danger tant que l&rsquo;on respecte la posologie<\/strong>. Le danger vient en fait d&rsquo;une mauvaise utilisation de ces compl\u00e9ments alimentaires destin\u00e9s \u00e0 l&rsquo;\u00e9limination des graisses corporelles.<\/p>\n\n\n\n<h2 class=\"wp-block-heading\" id=\"danger\">Les produits bruleurs de graisses avec stimulants (thermog\u00e9niques) pr\u00e9sentent-ils un danger ?&nbsp;<\/h2>\n\n\n\n<p>Les <a href=\"https:\/\/www.fitadium.com\/conseils\/bruleur-graisse\/thermogeniques\/\">bruleurs de graisse thermog\u00e9niques<\/a> sont particuli\u00e8rement concern\u00e9es par cette id\u00e9e re\u00e7ue de dangerosit\u00e9 car ils contiennent dans leur formule <strong>des stimulants<\/strong>, caf\u00e9ine, et autres mol\u00e9cules apparent\u00e9es \u00e0 la famille des m\u00e9thylxanthines (th\u00e9obromine, paraxanthine, th\u00e9ophylline&#8230;).&nbsp;<\/p>\n\n\n\n<p>Issus du caf\u00e9, du Guarana ou du th\u00e9 vert, ces stimulants du syst\u00e8me nerveux<strong> apportent de l&rsquo;\u00e9nergie<\/strong>, faisant reculer la fatigue physique et nerveuse mais ont surtout un int\u00e9r\u00eat pour<strong> stimuler l&rsquo;oxydation des acides gras et calories \u00e0 des fins \u00e9nerg\u00e9tiques<\/strong>.<\/p>\n\n\n\n<p>La caf\u00e9ine favorise ainsi le <a href=\"https:\/\/www.fitadium.com\/conseils\/bruleur-graisse\/activer-thermogenese\/\">processus de thermogen\u00e8se du corps<\/a> : une <strong>augmentation du m\u00e9tabolisme de base et de la temp\u00e9rature corporelle<\/strong> pendant plusieurs heures.&nbsp;Cette augmentation engendre une oxydation plus \u00e9lev\u00e9e des acides gras sur plusieurs heures.&nbsp;<\/p>\n\n\n\n<p>Cette pr\u00e9sence de stimulants dans les formules thermog\u00e9niques est donc tr\u00e8s utile pour bruler des graisses mais implique de<strong> prendre des pr\u00e9cautions<\/strong>, de la m\u00eame mani\u00e8re qu&rsquo;il faut contr\u00f4ler sa consommation de caf\u00e9.<\/p>\n\n\n\n<h2 class=\"wp-block-heading\" id=\"conso\">Consommation de caf\u00e9ine et effets secondaires : hyper tension,&nbsp; palpitation, insomnie&#8230;<\/h2>\n\n\n\n<p>Les <strong><a href=\"https:\/\/www.fitadium.com\/conseils\/bruleur-graisse\/bruleur-de-graisse-naturel-choisir\/\">br\u00fbleurs de graisse sont compos\u00e9s de plantes stimulantes<\/a><\/strong> (caf\u00e9ine, th\u00e9 vert, guarana \u2026) qui augmentent l\u00e9g\u00e8rement le rythme cardiaque d\u2019o\u00f9 leur mauvaise r\u00e9putation. Les personnes sensibles \u00e0 la caf\u00e9ine peuvent ressentir plusieurs effets secondaires :<\/p>\n\n\n\n<ul class=\"wp-block-list\"><li><strong>Augmentation de la fr\u00e9quence cardiaque <\/strong>: les stimulants peuvent augmenter la fr\u00e9quence cardiaque et la pression art\u00e9rielle, ce qui peut entra\u00eener des palpitations, douleurs thoraciques et troubles du rythme cardiaque.<\/li><li>&nbsp;<strong>Probl\u00e8mes gastro-intestinaux <\/strong>: la consommation de caf\u00e9ine peut augmente la production d&rsquo;acide dans l&rsquo;estomac et irriter la muqueuse gastrique, \u00e0 l&rsquo;origine de naus\u00e9es, vomissements, douleurs abdominales, diarrh\u00e9es et flatulences.<\/li><li>Les stimulants pr\u00e9sents dans les br\u00fbleurs de graisse peuvent \u00e9galement <strong>perturber le sommeil<\/strong>, en particulier s&rsquo;ils sont pris le soir. L&rsquo;insomnie peut entra\u00eener des probl\u00e8mes de sant\u00e9 tels que la fatigue, l&rsquo;irritabilit\u00e9 et la d\u00e9pression.<\/li><li><strong>Probl\u00e8mes de d\u00e9pendance<\/strong> : l&rsquo;utilisation r\u00e9guli\u00e8re de ces suppl\u00e9ments peut entra\u00eener une tol\u00e9rance aux effets stimulants, ce qui peut n\u00e9cessiter une augmentation de la dose pour obtenir les m\u00eames effets. Cela peut finalement conduire \u00e0 une d\u00e9pendance.<\/li><li><strong>Interactions m\u00e9dicamenteuses<\/strong> : les br\u00fbleurs de graisse peuvent interagir avec certains m\u00e9dicaments, en particulier ceux qui sont utilis\u00e9s pour traiter des probl\u00e8mes de sant\u00e9 tels que l&rsquo;hypertension art\u00e9rielle, le diab\u00e8te et les troubles de la thyro\u00efde. Ces interactions sont toutefois bien mentionn\u00e9es dans les instructions de posologie de chaque bruleur de graisse.&nbsp;<\/li><\/ul>\n\n\n\n<p>Si les bruleurs de graisse avec stimulant sont montr\u00e9s du doigt pour leur teneur en caf\u00e9ine, le m\u00eame probl\u00e8me se pose globalement sur la consommation de caf\u00e9.&nbsp;Un caf\u00e9 c\u2019est &nbsp;60 \u00e0 80 mg de caf\u00e9ine, soit une dose maximale conseill\u00e9e pour des br\u00fbleurs de graisse.&nbsp;<\/p>\n\n\n\n<p>On recommande donc de ne pas d\u00e9passer 3 tasses de caf\u00e9 par jour, une dose largement d\u00e9pass\u00e9e par de nombreux consommateurs selon leur tol\u00e9rance aux effets de la caf\u00e9ine.<\/p>\n\n\n\n<p>La DGCCRF a fix\u00e9&nbsp;<strong>la limite autoris\u00e9e dans les compl\u00e9ments alimentaires \u00e0 200 mg&nbsp;<\/strong>par jour (moins de 3 caf\u00e9s par jour). Les \u00e9tudes scientifiques d\u00e9montrent que la dose efficace et sans aucun danger de caf\u00e9ine \u00e9tait de <strong>300mg environ<\/strong>, d\u2019o\u00f9 certaines disparit\u00e9s entre les diff\u00e9rents pays.<\/p>\n\n\n\n<p>Les&nbsp;<strong>br\u00fbleurs de graisse thermog\u00e9niques \u00e9l\u00e8vent certes le rythme cardiaque<\/strong>, mais au m\u00eame titre que toutes les sources de caf\u00e9ine. C&rsquo;est donc votre consommation de caf\u00e9ine globale qu&rsquo;il faut adapt\u00e9e&nbsp;<\/p>\n\n\n\n<h3 class=\"wp-block-heading\">Les bruleurs de graisses naturels lipotropes : une alternative sans stimulant<\/h3>\n\n\n\n<p>Si vous \u00eates sujets \u00e0 une sensibilit\u00e9 aux stimulants, vous pouvez toujours<strong> vous orienter vers les <a href=\"https:\/\/www.fitadium.com\/conseils\/bruleur-graisse\/lipotropes\/\">bruleurs de graisse lipotropes<\/a><\/strong> tout aussi efficace, tout en maintenant une alimentation \u00e9quilibr\u00e9e et vari\u00e9e, avec une activit\u00e9 physique r\u00e9guli\u00e8re.&nbsp;<\/p>\n\n\n\n<p>Ces bruleurs de graisse utilisent d&rsquo;autres<strong> principes actifs utiles <\/strong>pour bloquer et bruler les graisses via d&rsquo;autres voies m\u00e9taboliques : <strong>L-Carnitine, CLA, picolinate de chrome, pip\u00e9rine<\/strong>&#8230; Aussi efficaces que les bruleurs de graisses thermog\u00e9niques, ces lipotropes constituent une excellente alternative. On retrouve d&rsquo;ailleurs souvent ces ingr\u00e9dients associ\u00e9s aux stimulants dans les formules.&nbsp;<\/p>\n\n\n\n<p>La&nbsp;<a href=\"https:\/\/www.fitadium.com\/401-l-carnitine\">L-carnitine<\/a> a par exemple un r\u00f4le dans<strong> la fonction mitochondriale et la production d&rsquo;\u00e9nergie cellulaire<\/strong>, elle est tr\u00e8s fr\u00e9quent dans les r\u00e9gimes de perte de poids. Ce d\u00e9riv\u00e9 d&rsquo;acides amin\u00e9s aide au transport de graisses dans les mitochondries pour les convertir.<\/p>\n\n\n\n<p>\u27a1\ufe0f Thermog\u00e9nique ou lipotrope ? Vous pouvez consulter <a href=\"https:\/\/www.fitadium.com\/conseils\/bruleur-graisse\/meilleur-bruleur-graisse\/\">notre comparatif des meilleurs bruleurs de graisse<\/a>.<\/p>\n\n\n\n<h2 class=\"wp-block-heading\" id=\"posologie\">Comment et quand bien utiliser un bruleur de graisse pour un objectif de perte de poids ?&nbsp;<\/h2>\n\n\n\n<p>Le plus important est de <a href=\"https:\/\/www.fitadium.com\/conseils\/bruleur-graisse\/quand-comment-prendre-bruleur\/\">respecter la posologie recommand\u00e9e<\/a> sur le compl\u00e9ment bruleur de graisse. Le bruleur de graisse n&rsquo;est pas une pilule miracle, il faut le consomme<strong>r dans le cadre d&rsquo;un objectif de perte de poids global <\/strong>avec<strong> un r\u00e9\u00e9quilibrage alimentaire<\/strong> et <strong>une activit\u00e9 physique r\u00e9guli\u00e8re<\/strong>.&nbsp;<\/p>\n\n\n\n<p>L&rsquo;effet combin\u00e9 d&rsquo;un plan alimentaire \u00e9quilibr\u00e9 et du sport est d\u00e9j\u00e0 optimal pour un objectif de perte de poids mais l&rsquo;ajout d&rsquo;un bruleur de graisse vient<strong> apporter une aide suppl\u00e9mentaire avec son effet thermog\u00e9nique ou lipotropique<\/strong>.&nbsp;<\/p>\n\n\n\n<p>Certains aliments sont par ailleurs souvent associ\u00e9s \u00e0 des <strong>aliments bruleurs de graisse<\/strong> comme le piment ou l&rsquo;aubergine pour leurs effets sur les graisses bien que leurs effets ne soient pas comparables \u00e0 ceux des compl\u00e9ments bruleurs de graisse.\u00a0<\/p>\n\n\n\n<p>Les bruleurs de graisse se prennent g\u00e9n\u00e9ralement<strong> avant un repas ou une s\u00e9ance de sport<\/strong> pour stimuler la perte de graisse et la lib\u00e9ration d&rsquo;\u00e9nergie.&nbsp;<\/p>\n\n\n\n<p>On <strong>\u00e9vite de prendre un bruleur de graisse en fin d&rsquo;apr\u00e8s-midi ou le soir <\/strong>notamment s&rsquo;il s&rsquo;agit d&rsquo;un thermog\u00e9nique contenant un stimulant.&nbsp;<\/p>\n\n\n\n<h3 class=\"wp-block-heading\">Quel moment est plus efficace pour la prise d&rsquo;un brule de graisse ? Avant le sport<\/h3>\n\n\n\n<p>Les bruleurs de graisse sont plus efficaces lorsqu&rsquo;ils sont<strong> pris avant une activit\u00e9 sportive<\/strong>, la caf\u00e9ine entra\u00eene une \u00e9l\u00e9vation du m\u00e9tabolisme tout en favorisant l&rsquo;utilisation des graisses pour faire de l&rsquo;\u00e9nergie.<\/p>\n\n\n\n<p>Vos sources de glucose et acides amin\u00e9s seront ainsi moins sollicit\u00e9s comme source d&rsquo;\u00e9nergie au profit des graisses.&nbsp;<\/p>\n","protected":false},"excerpt":{"rendered":"<p>En mati\u00e8re de compl\u00e9ments alimentaires, on entend bien souvent dire que les bruleurs de graisse sont dangereux pour le c\u0153ur, que c\u2019est du dopage ou que \u00e7a ne sert \u00e0 rien&#8230; On vous a dit que\u2026 vous avez lu que\u2026 , ou vous avez l\u2019impression de l\u2019avoir toujours su\u2026 Pourtant, de fausses croyances circulent chez [&hellip;]<\/p>\n","protected":false},"author":4,"featured_media":26448,"parent":54163,"menu_order":0,"comment_status":"closed","ping_status":"closed","template":"template-cocon.php","meta":{"footnotes":""},"class_list":null,"yoast_head":"<!-- This site is optimized with the Yoast SEO plugin v17.1 - https:\/\/yoast.com\/wordpress\/plugins\/seo\/ -->\n<title>Les br\u00fbleurs graisse dangereux pour le c\u0153ur<\/title>\n<meta name=\"description\" content=\"Faites le tri parmi les principales id\u00e9es re\u00e7ues : Les br\u00fbleurs de graisse sont-ils dangereux pour le coeur ? On vous dit tout\" \/>\n<meta name=\"robots\" content=\"index, follow, max-snippet:-1, max-image-preview:large, max-video-preview:-1\" \/>\n<link rel=\"canonical\" href=\"https:\/\/www.fitadium.com\/conseils\/bruleur-graisse\/dangers-effets-secondaires\/\" \/>\n<meta property=\"og:locale\" content=\"fr_FR\" \/>\n<meta property=\"og:type\" content=\"article\" \/>\n<meta property=\"og:title\" content=\"Les br\u00fbleurs graisse dangereux pour le c\u0153ur\" \/>\n<meta property=\"og:description\" content=\"Faites le tri parmi les principales id\u00e9es re\u00e7ues : Les br\u00fbleurs de graisse sont-ils dangereux pour le coeur ? On vous dit tout\" \/>\n<meta property=\"og:url\" content=\"https:\/\/www.fitadium.com\/conseils\/bruleur-graisse\/dangers-effets-secondaires\/\" \/>\n<meta property=\"og:site_name\" content=\"Fitadium\" \/>\n<meta property=\"article:publisher\" content=\"https:\/\/www.facebook.com\/fitadium.musculation\" \/>\n<meta property=\"article:modified_time\" content=\"2025-08-19T12:54:36+00:00\" \/>\n<meta property=\"og:image\" content=\"https:\/\/www.fitadium.com\/conseils\/wp-content\/uploads\/2016\/06\/bruleurs-graisse.jpg\" \/>\n\t<meta property=\"og:image:width\" content=\"1200\" \/>\n\t<meta property=\"og:image:height\" content=\"628\" \/>\n<script type=\"application\/ld+json\" class=\"yoast-schema-graph\">{\"@context\":\"https:\/\/schema.org\",\"@graph\":[{\"@type\":\"Organization\",\"@id\":\"https:\/\/www.fitadium.com\/conseils\/#organization\",\"name\":\"FITADIUM\",\"url\":\"https:\/\/www.fitadium.com\/conseils\/\",\"sameAs\":[\"https:\/\/www.facebook.com\/fitadium.musculation\"],\"logo\":{\"@type\":\"ImageObject\",\"@id\":\"https:\/\/www.fitadium.com\/conseils\/#logo\",\"inLanguage\":\"fr-FR\",\"url\":\"https:\/\/www.fitadium.com\/conseils\/wp-content\/uploads\/2013\/08\/mobypicture.jpg\",\"contentUrl\":\"https:\/\/www.fitadium.com\/conseils\/wp-content\/uploads\/2013\/08\/mobypicture.jpg\",\"width\":510,\"height\":600,\"caption\":\"FITADIUM\"},\"image\":{\"@id\":\"https:\/\/www.fitadium.com\/conseils\/#logo\"}},{\"@type\":\"WebSite\",\"@id\":\"https:\/\/www.fitadium.com\/conseils\/#website\",\"url\":\"https:\/\/www.fitadium.com\/conseils\/\",\"name\":\"Fitadium\",\"description\":\"Toute l&#039;actualit\\u00e9 de la musculation et du fitness\",\"publisher\":{\"@id\":\"https:\/\/www.fitadium.com\/conseils\/#organization\"},\"potentialAction\":[{\"@type\":\"SearchAction\",\"target\":{\"@type\":\"EntryPoint\",\"urlTemplate\":\"https:\/\/www.fitadium.com\/conseils\/?s={search_term_string}\"},\"query-input\":\"required name=search_term_string\"}],\"inLanguage\":\"fr-FR\"},{\"@type\":\"ImageObject\",\"@id\":\"https:\/\/www.fitadium.com\/conseils\/bruleur-graisse\/dangers-effets-secondaires\/#primaryimage\",\"inLanguage\":\"fr-FR\",\"url\":\"https:\/\/www.fitadium.com\/conseils\/wp-content\/uploads\/2016\/06\/bruleurs-graisse.jpg\",\"contentUrl\":\"https:\/\/www.fitadium.com\/conseils\/wp-content\/uploads\/2016\/06\/bruleurs-graisse.jpg\",\"width\":1200,\"height\":628,\"caption\":\"Perdre du gras passe aussi par les br\\u00fbleurs de graisse\"},{\"@type\":\"WebPage\",\"@id\":\"https:\/\/www.fitadium.com\/conseils\/bruleur-graisse\/dangers-effets-secondaires\/#webpage\",\"url\":\"https:\/\/www.fitadium.com\/conseils\/bruleur-graisse\/dangers-effets-secondaires\/\",\"name\":\"Les br\\u00fbleurs graisse dangereux pour le c\\u0153ur\",\"isPartOf\":{\"@id\":\"https:\/\/www.fitadium.com\/conseils\/#website\"},\"primaryImageOfPage\":{\"@id\":\"https:\/\/www.fitadium.com\/conseils\/bruleur-graisse\/dangers-effets-secondaires\/#primaryimage\"},\"datePublished\":\"2021-09-06T14:30:00+00:00\",\"dateModified\":\"2025-08-19T12:54:36+00:00\",\"description\":\"Faites le tri parmi les principales id\\u00e9es re\\u00e7ues : Les br\\u00fbleurs de graisse sont-ils dangereux pour le coeur ? On vous dit tout\",\"breadcrumb\":{\"@id\":\"https:\/\/www.fitadium.com\/conseils\/bruleur-graisse\/dangers-effets-secondaires\/#breadcrumb\"},\"inLanguage\":\"fr-FR\",\"potentialAction\":[{\"@type\":\"ReadAction\",\"target\":[\"https:\/\/www.fitadium.com\/conseils\/bruleur-graisse\/dangers-effets-secondaires\/\"]}]},{\"@type\":\"BreadcrumbList\",\"@id\":\"https:\/\/www.fitadium.com\/conseils\/bruleur-graisse\/dangers-effets-secondaires\/#breadcrumb\",\"itemListElement\":[{\"@type\":\"ListItem\",\"position\":1,\"name\":\"Home\",\"item\":\"https:\/\/www.fitadium.com\/conseils\/\"},{\"@type\":\"ListItem\",\"position\":2,\"name\":\"Comment bien choisir un br\\u00fbleur de graisse ?\",\"item\":\"https:\/\/www.fitadium.com\/conseils\/bruleur-graisse\/\"},{\"@type\":\"ListItem\",\"position\":3,\"name\":\"Les br\\u00fbleurs de graisse pr\\u00e9sentent-ils un danger ou des effets secondaires ?\\u00a0\"}]}]}<\/script>\n<!-- \/ Yoast SEO plugin. -->","yoast_head_json":{"title":"Les br\u00fbleurs graisse dangereux pour le c\u0153ur","description":"Faites le tri parmi les principales id\u00e9es re\u00e7ues : Les br\u00fbleurs de graisse sont-ils dangereux pour le coeur ? On vous dit tout","robots":{"index":"index","follow":"follow","max-snippet":"max-snippet:-1","max-image-preview":"max-image-preview:large","max-video-preview":"max-video-preview:-1"},"canonical":"https:\/\/www.fitadium.com\/conseils\/bruleur-graisse\/dangers-effets-secondaires\/","og_locale":"fr_FR","og_type":"article","og_title":"Les br\u00fbleurs graisse dangereux pour le c\u0153ur","og_description":"Faites le tri parmi les principales id\u00e9es re\u00e7ues : Les br\u00fbleurs de graisse sont-ils dangereux pour le coeur ? On vous dit tout","og_url":"https:\/\/www.fitadium.com\/conseils\/bruleur-graisse\/dangers-effets-secondaires\/","og_site_name":"Fitadium","article_publisher":"https:\/\/www.facebook.com\/fitadium.musculation","article_modified_time":"2025-08-19T12:54:36+00:00","og_image":[{"width":1200,"height":628,"url":"https:\/\/www.fitadium.com\/conseils\/wp-content\/uploads\/2016\/06\/bruleurs-graisse.jpg","path":"\/home\/www\/fitadium\/www\/conseils\/wp-content\/uploads\/2016\/06\/bruleurs-graisse.jpg","size":"full","id":26448,"alt":"Perdre du gras passe aussi par les br\u00fbleurs de graisse","pixels":753600,"type":"image\/jpeg"}],"schema":{"@context":"https:\/\/schema.org","@graph":[{"@type":"Organization","@id":"https:\/\/www.fitadium.com\/conseils\/#organization","name":"FITADIUM","url":"https:\/\/www.fitadium.com\/conseils\/","sameAs":["https:\/\/www.facebook.com\/fitadium.musculation"],"logo":{"@type":"ImageObject","@id":"https:\/\/www.fitadium.com\/conseils\/#logo","inLanguage":"fr-FR","url":"https:\/\/www.fitadium.com\/conseils\/wp-content\/uploads\/2013\/08\/mobypicture.jpg","contentUrl":"https:\/\/www.fitadium.com\/conseils\/wp-content\/uploads\/2013\/08\/mobypicture.jpg","width":510,"height":600,"caption":"FITADIUM"},"image":{"@id":"https:\/\/www.fitadium.com\/conseils\/#logo"}},{"@type":"WebSite","@id":"https:\/\/www.fitadium.com\/conseils\/#website","url":"https:\/\/www.fitadium.com\/conseils\/","name":"Fitadium","description":"Toute l&#039;actualit\u00e9 de la musculation et du fitness","publisher":{"@id":"https:\/\/www.fitadium.com\/conseils\/#organization"},"potentialAction":[{"@type":"SearchAction","target":{"@type":"EntryPoint","urlTemplate":"https:\/\/www.fitadium.com\/conseils\/?s={search_term_string}"},"query-input":"required name=search_term_string"}],"inLanguage":"fr-FR"},{"@type":"ImageObject","@id":"https:\/\/www.fitadium.com\/conseils\/bruleur-graisse\/dangers-effets-secondaires\/#primaryimage","inLanguage":"fr-FR","url":"https:\/\/www.fitadium.com\/conseils\/wp-content\/uploads\/2016\/06\/bruleurs-graisse.jpg","contentUrl":"https:\/\/www.fitadium.com\/conseils\/wp-content\/uploads\/2016\/06\/bruleurs-graisse.jpg","width":1200,"height":628,"caption":"Perdre du gras passe aussi par les br\u00fbleurs de graisse"},{"@type":"WebPage","@id":"https:\/\/www.fitadium.com\/conseils\/bruleur-graisse\/dangers-effets-secondaires\/#webpage","url":"https:\/\/www.fitadium.com\/conseils\/bruleur-graisse\/dangers-effets-secondaires\/","name":"Les br\u00fbleurs graisse dangereux pour le c\u0153ur","isPartOf":{"@id":"https:\/\/www.fitadium.com\/conseils\/#website"},"primaryImageOfPage":{"@id":"https:\/\/www.fitadium.com\/conseils\/bruleur-graisse\/dangers-effets-secondaires\/#primaryimage"},"datePublished":"2021-09-06T14:30:00+00:00","dateModified":"2025-08-19T12:54:36+00:00","description":"Faites le tri parmi les principales id\u00e9es re\u00e7ues : Les br\u00fbleurs de graisse sont-ils dangereux pour le coeur ? On vous dit tout","breadcrumb":{"@id":"https:\/\/www.fitadium.com\/conseils\/bruleur-graisse\/dangers-effets-secondaires\/#breadcrumb"},"inLanguage":"fr-FR","potentialAction":[{"@type":"ReadAction","target":["https:\/\/www.fitadium.com\/conseils\/bruleur-graisse\/dangers-effets-secondaires\/"]}]},{"@type":"BreadcrumbList","@id":"https:\/\/www.fitadium.com\/conseils\/bruleur-graisse\/dangers-effets-secondaires\/#breadcrumb","itemListElement":[{"@type":"ListItem","position":1,"name":"Home","item":"https:\/\/www.fitadium.com\/conseils\/"},{"@type":"ListItem","position":2,"name":"Comment bien choisir un br\u00fbleur de graisse ?","item":"https:\/\/www.fitadium.com\/conseils\/bruleur-graisse\/"},{"@type":"ListItem","position":3,"name":"Les br\u00fbleurs de graisse pr\u00e9sentent-ils un danger ou des effets secondaires ?\u00a0"}]}]}},"featured_image_src":"https:\/\/www.fitadium.com\/conseils\/wp-content\/uploads\/2016\/06\/bruleurs-graisse.jpg","featured_image_src_square":"https:\/\/www.fitadium.com\/conseils\/wp-content\/uploads\/2016\/06\/bruleurs-graisse.jpg","_links":{"self":[{"href":"https:\/\/www.fitadium.com\/conseils\/wp-json\/wp\/v2\/pages\/54211","targetHints":{"allow":["GET"]}}],"collection":[{"href":"https:\/\/www.fitadium.com\/conseils\/wp-json\/wp\/v2\/pages"}],"about":[{"href":"https:\/\/www.fitadium.com\/conseils\/wp-json\/wp\/v2\/types\/page"}],"author":[{"embeddable":true,"href":"https:\/\/www.fitadium.com\/conseils\/wp-json\/wp\/v2\/users\/4"}],"replies":[{"embeddable":true,"href":"https:\/\/www.fitadium.com\/conseils\/wp-json\/wp\/v2\/comments?post=54211"}],"version-history":[{"count":21,"href":"https:\/\/www.fitadium.com\/conseils\/wp-json\/wp\/v2\/pages\/54211\/revisions"}],"predecessor-version":[{"id":60628,"href":"https:\/\/www.fitadium.com\/conseils\/wp-json\/wp\/v2\/pages\/54211\/revisions\/60628"}],"up":[{"embeddable":true,"href":"https:\/\/www.fitadium.com\/conseils\/wp-json\/wp\/v2\/pages\/54163"}],"wp:featuredmedia":[{"embeddable":true,"href":"https:\/\/www.fitadium.com\/conseils\/wp-json\/wp\/v2\/media\/26448"}],"wp:attachment":[{"href":"https:\/\/www.fitadium.com\/conseils\/wp-json\/wp\/v2\/media?parent=54211"}],"curies":[{"name":"wp","href":"https:\/\/api.w.org\/{rel}","templated":true}]}}