{"id":54220,"date":"2021-09-06T16:25:25","date_gmt":"2021-09-06T14:25:25","guid":{"rendered":"https:\/\/www.fitadium.com\/conseils\/?page_id=54220"},"modified":"2025-07-16T11:12:02","modified_gmt":"2025-07-16T09:12:02","slug":"ingredients-bruleur-graisse","status":"publish","type":"page","link":"https:\/\/www.fitadium.com\/conseils\/bruleur-graisse\/ingredients-bruleur-graisse\/","title":{"rendered":"5 ingr\u00e9dients br\u00fbleurs de graisse"},"content":{"rendered":"\n<p>Lorsqu&rsquo;on \u00e9l\u00e8ve le m\u00e9tabolisme c&rsquo;est dans le but de consommer plus d&rsquo;\u00e9nergie, le corps<strong> br\u00fble des calories<\/strong> pour <strong>trouver de l&rsquo;\u00e9nergie suppl\u00e9mentaire<\/strong> pour faire face \u00e0 un surcro\u00eet d&rsquo;activit\u00e9.<br>Un autre ph\u00e9nom\u00e8ne est int\u00e9ressant pour la <strong>perte de graisse<\/strong>, c&rsquo;est la <strong>thermogen\u00e8se<\/strong>. C&rsquo;est l&rsquo;action de maintenir la temp\u00e9rature corporelle, soit par le m\u00e9tabolisme hormonal qui cherche \u00e0 r\u00e9chauffer le corps, soit par l&rsquo;apport alimentaire (la digestion cr\u00e9e de la chaleur) ou la lipolyse, soit par l&rsquo;exercice.<\/p>\n\n\n\n<p>On peut rendre ce processus de thermog\u00e9n\u00e8se plus efficace gr\u00e2ce \u00e0 des <strong>ingr\u00e9dients <a href=\"\/conseils\/bruleur-graisse\/\">bruleurs de graisse<\/a> capables d&rsquo;optimiser la combustion des graisses.<\/strong><\/p>\n\n\n\n<p id=\"vitamine\"><\/p>\n\n\n<h2 class=\"has-number\">La vitamine C pour m\u00e9taboliser la graisse<\/h2>\n\n\n\n<p>Elle est connue en p\u00e9riode hivernale pour nous prot\u00e9ger des rhumes et de la grippe, mais elle permet aussi de br\u00fbler plus efficacement les graisses. En effet, elle <strong>am\u00e9liore la capacit\u00e9 de toutes les cellules \u00e0 m\u00e9taboliser la graisse<\/strong>. <\/p>\n\n\n\n<p>L&rsquo;<strong>acide ascorbique<\/strong> permet de perdre plus de poids, et les personnes carenc\u00e9es en vitamine C, ont tendance \u00e0 stocker davantage de graisse. <\/p>\n\n\n\n<p>La Vitamine C accompagn\u00e9e d&rsquo;exercice permet de <strong>br\u00fbler plus de graisses<\/strong>. Enfin, elle jouerait un r\u00f4le dans la glyc\u00e9mie. En tout cas l&rsquo;ajout de Vitamine C \u00e0 votre alimentation augmente vos chances de perdre du poids.<br>Pour cela consommez de fruits et l\u00e9gumes frais ou optez pour des <strong><a href=\"\/56-bruleurs-de-graisse\">suppl\u00e9ments br\u00fble-graisses<\/a><\/strong> qui en contiennent.<\/p>\n\n\n\n<p id=\"capsaicine\"><\/p>\n\n\n<h2 class=\"has-number\">La capsa\u00efcine et le poivre<\/h2>\n\n\n\n<p>Contenue dans le piment rouge, <strong><a href=\"https:\/\/www.fitadium.com\/conseils\/bruleur-graisse\/capsaicine\/\">la capsa\u00efcine \u00e9l\u00e8ve la temp\u00e9rature corporelle<\/a><\/strong>, en lib\u00e9rant les <strong>cat\u00e9cholamines<\/strong>, stimulants naturels et diminuent l&rsquo;apport calorique et le taux de graisse sanguin. <\/p>\n\n\n\n<p>Le <strong>poivre<\/strong> aussi (piper nigrum) a les m\u00eame vertus, il <strong>\u00e9l\u00e8ve la temp\u00e9rature corporelle <\/strong>donc favorise le gaspillage des calories.<\/p>\n\n\n\n<p><strong>Manger piment\u00e9<\/strong> (et transpirer un peu) permet donc de perdre du gras. Vous pouvez aussi prendre des suppl\u00e9ments qui contiennent de la capsa\u00efcine ou du poivre.<\/p>\n\n\n<div class=\"columns-push-product\">\n  <div class=\"columns-push-product__body\">\n    \n\n<p class=\"has-large-font-size\"><strong>Br\u00fbler plus sans se d\u00e9penser plus<\/strong><\/p>\n\n\n  <\/div>\n  <div class=\"columns-push-product__product\">\n    <div class=\"product\" GTM-data-id=\"1631\" GTM-data-nom=\"REDBURN HARDCORE (100 Caps)\">\n  <div class=\"product__img\" style=\"width: -webkit-fill-available;\">\n    <a href=\"https:\/\/www.fitadium.com\/1631-redburn-hardcore-100-caps.html\" class=\"product__image_lnk GTM_blog_product\" >\n      <img src=\"https:\/\/www.fitadium.com\/32453-fit_540\/redburn-hardcore-100-caps.jpg\" alt=\"\" class=\"product__image lazyload\">\n    <\/a>\n  <\/div>\n  <div class=\"product__body\">\n        <div class=\"product__brand\">Superset Nutrition<\/div>\n    <a class=\"product__name GTM_blog_product\" href=\"https:\/\/www.fitadium.com\/1631-redburn-hardcore-100-caps.html\" title=\"REDBURN HARDCORE (100 Caps)\">\n      REDBURN HARDCORE (100 Caps)\n    <\/a>\n          <span class=\"product__price\">35.9 \u20ac<\/span>\n      <span class=\"product__price_old\">45.9 \u20ac<\/span>\n            <div class=\"product__excerpt\">Pourquoi choisir le br\u00fbleur Redburn Hardcore ? Le REDBURN HARDCORE\u2026<\/div>\n            <div><a class=\"product__cta GTM_blog_product\" href=\"https:\/\/www.fitadium.com\/1631-redburn-hardcore-100-caps.html\" title=\"REDBURN HARDCORE (100 Caps)\">Voir le produit<\/a><\/div>\n  <\/div>\n<\/div>\n  <\/div>\n<\/div>\n\n\n\n<p id=\"guarana\"><\/p>\n\n\n<h2 class=\"has-number\">La caf\u00e9ine du guarana<\/h2>\n\n\n\n<p>Le Guarana est souvent choisi comme stimulant pour sa <strong>forte teneur en caf\u00e9ine<\/strong>, sans les inconv\u00e9nients excitants et brefs du caf\u00e9. La <strong><a href=\"\/conseils\/bruleur-graisse\/comment-augmenter-metabolisme\/\">caf\u00e9ine augmente le m\u00e9tabolisme de base<\/a><\/strong>, stimule l&rsquo;organisme et am\u00e9liore l&rsquo;endurance. <\/p>\n\n\n\n<p>Ainsi, la <strong>combustion des graisses<\/strong> s&rsquo;acc\u00e9l\u00e8re. Son action est longue dur\u00e9e, et comme elle agit plus longtemps, elle contribue \u00e0 la combustion des graisses sur <strong>toute la journ\u00e9e<\/strong> et pas seulement au moment de la prise. <\/p>\n\n\n\n<p>Ces acides gras \u00e9tant disponibles dans le sang, c&rsquo;est ce type de carburant qui est utilis\u00e9 en premier lieu, \u00e9pargnant le glycog\u00e8ne (r\u00e9serves musculaires). <\/p>\n\n\n\n<p>Boire du caf\u00e9 \u00e0 hautes doses n&rsquo;est pas recommand\u00e9, pr\u00e9f\u00e9rez les suppl\u00e9ments qui en contiennent sans multiplier les sources de caf\u00e9\u00efne.<\/p>\n\n\n<div class=\"columns-push-product\">\n  <div class=\"columns-push-product__body\">\n    \n\n<p class=\"has-large-font-size\"><strong>Sans les effets excitants<\/strong><\/p>\n\n\n  <\/div>\n  <div class=\"columns-push-product__product\">\n      <\/div>\n<\/div>\n\n\n\n<p id=\"the\"><\/p>\n\n\n<h2 class=\"has-number\">Le Th\u00e9 vert et l&rsquo;EGCG <\/h2>\n\n\n\n<p>Le <a href=\"\/conseils\/bruleur-graisse\/the-vert\/\">th\u00e9 vert<\/a> contient des <strong>cath\u00e9chines,<\/strong> dont l&rsquo;EGCG, l&rsquo;\u00e9pigallocat\u00e9chine gallate, qui <strong>stimule grandement la thermog\u00e9n\u00e8se<\/strong>. <\/p>\n\n\n\n<p>En emp\u00eachant la destruction de la noradr\u00e9naline, l&rsquo;EGCG permet d&rsquo;<strong>oxyder davantage de graisses<\/strong> et de <strong>convertir plus de graisses en \u00e9nergie<\/strong>. La d\u00e9pense calorique est d&rsquo;autant plus grande en <strong>association avec l&rsquo;exercice et le th\u00e9 vert<\/strong> est encore plus efficace coupl\u00e9 avec la caf\u00e9ine.<\/p>\n\n\n\n<p>Vous pouvez boire des litres de th\u00e9 ou opter pour des suppl\u00e9ments riches en th\u00e9 vert.<\/p>\n\n\n<div class=\"columns-push-product\">\n  <div class=\"columns-push-product__body\">\n    \n\n<p class=\"has-large-font-size\"><strong>Les effets du th\u00e9 vert<\/strong><\/p>\n\n\n  <\/div>\n  <div class=\"columns-push-product__product\">\n    <div class=\"product\" GTM-data-id=\"1663\" GTM-data-nom=\"REDBURN LADIES (100 Caps)\">\n  <div class=\"product__img\" style=\"width: -webkit-fill-available;\">\n    <a href=\"https:\/\/www.fitadium.com\/1663-redburn-ladies-100-caps.html\" class=\"product__image_lnk GTM_blog_product\" >\n      <img src=\"https:\/\/www.fitadium.com\/32492-fit_540\/redburn-ladies-100-caps.jpg\" alt=\"\" class=\"product__image lazyload\">\n    <\/a>\n  <\/div>\n  <div class=\"product__body\">\n        <div class=\"product__brand\">Superset Nutrition<\/div>\n    <a class=\"product__name GTM_blog_product\" href=\"https:\/\/www.fitadium.com\/1663-redburn-ladies-100-caps.html\" title=\"REDBURN LADIES (100 Caps)\">\n      REDBURN LADIES (100 Caps)\n    <\/a>\n          <span class=\"product__price\">45.9 \u20ac<\/span>\n            <div class=\"product__excerpt\">REDBURN LADIES (100 CAPS)\u00a0 Une formule compl\u00e8te, 3 actions cibl\u00e9es\u2026<\/div>\n            <div><a class=\"product__cta GTM_blog_product\" href=\"https:\/\/www.fitadium.com\/1663-redburn-ladies-100-caps.html\" title=\"REDBURN LADIES (100 Caps)\">Voir le produit<\/a><\/div>\n  <\/div>\n<\/div>\n  <\/div>\n<\/div>\n\n\n\n<p id=\"citrus\"><\/p>\n\n\n<h2 class=\"has-number\">Le citrus aurantium <\/h2>\n\n\n\n<p>Extrait de l&rsquo;<strong>orange am\u00e8re<\/strong>, (Bigaradier), ce <strong>puissant activateur du m\u00e9tabolisme<\/strong>, est connu pour sa richesse en <strong>syn\u00e9phrine<\/strong>, qui est devenu l&rsquo;alternative \u00e0 l&rsquo;eph\u00e9drine. <\/p>\n\n\n\n<p>Son action <strong>\u00e9l\u00e8ve la temp\u00e9rature corporelle<\/strong> et <strong>active le m\u00e9tabolisme<\/strong>. Son effet stimulant permet de soutenir des efforts, sans fatigue et tout en br\u00fblant plus de graisses. Elle agit en lib\u00e9rant plus de <strong>noradr\u00e9naline<\/strong>, l&rsquo;hormone thermog\u00e8ne de l&rsquo;organisme, qui br\u00fble les graisses.<br>Vous en consommerez si vous \u00eates fan de <strong>confiture d&rsquo;orange am\u00e8re <\/strong>ou de f<strong>leur d&rsquo;oranger<\/strong>. Mais le plus s\u00fbr est de se tourner vers les suppl\u00e9ments qui en contiennent.<\/p>\n\n\n\n<p><\/p>\n\n\n\n<p>\u27a1\ufe0f Vous voulez en savoir plus sur les produits bruleurs de graisse ? Consultez <a href=\"https:\/\/www.fitadium.com\/conseils\/bruleur-graisse\/meilleur-bruleur-graisse\/\">nos recommandations des meilleurs bruleurs de graisse<\/a>.<br><br><br><\/p>\n","protected":false},"excerpt":{"rendered":"<p>Lorsqu&rsquo;on \u00e9l\u00e8ve le m\u00e9tabolisme c&rsquo;est dans le but de consommer plus d&rsquo;\u00e9nergie, le corps br\u00fble des calories pour trouver de l&rsquo;\u00e9nergie suppl\u00e9mentaire pour faire face \u00e0 un surcro\u00eet d&rsquo;activit\u00e9.Un autre ph\u00e9nom\u00e8ne est int\u00e9ressant pour la perte de graisse, c&rsquo;est la thermogen\u00e8se. C&rsquo;est l&rsquo;action de maintenir la temp\u00e9rature corporelle, soit par le m\u00e9tabolisme hormonal qui cherche [&hellip;]<\/p>\n","protected":false},"author":2,"featured_media":40370,"parent":54163,"menu_order":0,"comment_status":"closed","ping_status":"closed","template":"template-cocon.php","meta":[],"yoast_head":"<!-- This site is optimized with the Yoast SEO plugin v17.1 - https:\/\/yoast.com\/wordpress\/plugins\/seo\/ -->\n<title>Meilleurs ingr\u00e9dients d&#039;un bruleur de graisse<\/title>\n<meta name=\"description\" content=\"Quels sont les ingr\u00e9dients efficaces des suppl\u00e9ments br\u00fbleurs de graisses pour vous aider \u00e0 mieux d\u00e9stocker et perdre du poids?\" \/>\n<meta name=\"robots\" content=\"index, follow, max-snippet:-1, max-image-preview:large, max-video-preview:-1\" \/>\n<link rel=\"canonical\" href=\"https:\/\/www.fitadium.com\/conseils\/bruleur-graisse\/ingredients-bruleur-graisse\/\" \/>\n<meta property=\"og:locale\" content=\"fr_FR\" \/>\n<meta property=\"og:type\" content=\"article\" \/>\n<meta property=\"og:title\" content=\"Meilleurs ingr\u00e9dients d&#039;un bruleur de graisse\" \/>\n<meta property=\"og:description\" content=\"Quels sont les ingr\u00e9dients efficaces des suppl\u00e9ments br\u00fbleurs de graisses pour vous aider \u00e0 mieux d\u00e9stocker et perdre du poids?\" \/>\n<meta property=\"og:url\" content=\"https:\/\/www.fitadium.com\/conseils\/bruleur-graisse\/ingredients-bruleur-graisse\/\" \/>\n<meta property=\"og:site_name\" content=\"Fitadium\" \/>\n<meta property=\"article:publisher\" content=\"https:\/\/www.facebook.com\/fitadium.musculation\" \/>\n<meta property=\"article:modified_time\" content=\"2025-07-16T09:12:02+00:00\" \/>\n<meta property=\"og:image\" content=\"https:\/\/www.fitadium.com\/conseils\/wp-content\/uploads\/2011\/01\/freestocks-org-xSGCbGYQtO4-unsplash-e1564043806877.jpg\" \/>\n\t<meta property=\"og:image:width\" content=\"950\" \/>\n\t<meta property=\"og:image:height\" content=\"633\" \/>\n<script type=\"application\/ld+json\" class=\"yoast-schema-graph\">{\"@context\":\"https:\/\/schema.org\",\"@graph\":[{\"@type\":\"Organization\",\"@id\":\"https:\/\/www.fitadium.com\/conseils\/#organization\",\"name\":\"FITADIUM\",\"url\":\"https:\/\/www.fitadium.com\/conseils\/\",\"sameAs\":[\"https:\/\/www.facebook.com\/fitadium.musculation\"],\"logo\":{\"@type\":\"ImageObject\",\"@id\":\"https:\/\/www.fitadium.com\/conseils\/#logo\",\"inLanguage\":\"fr-FR\",\"url\":\"https:\/\/www.fitadium.com\/conseils\/wp-content\/uploads\/2013\/08\/mobypicture.jpg\",\"contentUrl\":\"https:\/\/www.fitadium.com\/conseils\/wp-content\/uploads\/2013\/08\/mobypicture.jpg\",\"width\":510,\"height\":600,\"caption\":\"FITADIUM\"},\"image\":{\"@id\":\"https:\/\/www.fitadium.com\/conseils\/#logo\"}},{\"@type\":\"WebSite\",\"@id\":\"https:\/\/www.fitadium.com\/conseils\/#website\",\"url\":\"https:\/\/www.fitadium.com\/conseils\/\",\"name\":\"Fitadium\",\"description\":\"Toute l&#039;actualit\\u00e9 de la musculation et du fitness\",\"publisher\":{\"@id\":\"https:\/\/www.fitadium.com\/conseils\/#organization\"},\"potentialAction\":[{\"@type\":\"SearchAction\",\"target\":{\"@type\":\"EntryPoint\",\"urlTemplate\":\"https:\/\/www.fitadium.com\/conseils\/?s={search_term_string}\"},\"query-input\":\"required name=search_term_string\"}],\"inLanguage\":\"fr-FR\"},{\"@type\":\"ImageObject\",\"@id\":\"https:\/\/www.fitadium.com\/conseils\/bruleur-graisse\/ingredients-bruleur-graisse\/#primaryimage\",\"inLanguage\":\"fr-FR\",\"url\":\"https:\/\/www.fitadium.com\/conseils\/wp-content\/uploads\/2011\/01\/freestocks-org-xSGCbGYQtO4-unsplash-e1564043806877.jpg\",\"contentUrl\":\"https:\/\/www.fitadium.com\/conseils\/wp-content\/uploads\/2011\/01\/freestocks-org-xSGCbGYQtO4-unsplash-e1564043806877.jpg\",\"width\":950,\"height\":633,\"caption\":\"Vitamine C\"},{\"@type\":\"WebPage\",\"@id\":\"https:\/\/www.fitadium.com\/conseils\/bruleur-graisse\/ingredients-bruleur-graisse\/#webpage\",\"url\":\"https:\/\/www.fitadium.com\/conseils\/bruleur-graisse\/ingredients-bruleur-graisse\/\",\"name\":\"Meilleurs ingr\\u00e9dients d'un bruleur de graisse\",\"isPartOf\":{\"@id\":\"https:\/\/www.fitadium.com\/conseils\/#website\"},\"primaryImageOfPage\":{\"@id\":\"https:\/\/www.fitadium.com\/conseils\/bruleur-graisse\/ingredients-bruleur-graisse\/#primaryimage\"},\"datePublished\":\"2021-09-06T14:25:25+00:00\",\"dateModified\":\"2025-07-16T09:12:02+00:00\",\"description\":\"Quels sont les ingr\\u00e9dients efficaces des suppl\\u00e9ments br\\u00fbleurs de graisses pour vous aider \\u00e0 mieux d\\u00e9stocker et perdre du poids?\",\"breadcrumb\":{\"@id\":\"https:\/\/www.fitadium.com\/conseils\/bruleur-graisse\/ingredients-bruleur-graisse\/#breadcrumb\"},\"inLanguage\":\"fr-FR\",\"potentialAction\":[{\"@type\":\"ReadAction\",\"target\":[\"https:\/\/www.fitadium.com\/conseils\/bruleur-graisse\/ingredients-bruleur-graisse\/\"]}]},{\"@type\":\"BreadcrumbList\",\"@id\":\"https:\/\/www.fitadium.com\/conseils\/bruleur-graisse\/ingredients-bruleur-graisse\/#breadcrumb\",\"itemListElement\":[{\"@type\":\"ListItem\",\"position\":1,\"name\":\"Home\",\"item\":\"https:\/\/www.fitadium.com\/conseils\/\"},{\"@type\":\"ListItem\",\"position\":2,\"name\":\"Comment bien choisir un br\\u00fbleur de graisse ?\",\"item\":\"https:\/\/www.fitadium.com\/conseils\/bruleur-graisse\/\"},{\"@type\":\"ListItem\",\"position\":3,\"name\":\"5 ingr\\u00e9dients br\\u00fbleurs de graisse\"}]}]}<\/script>\n<!-- \/ Yoast SEO plugin. -->","yoast_head_json":{"title":"Meilleurs ingr\u00e9dients d'un bruleur de graisse","description":"Quels sont les ingr\u00e9dients efficaces des suppl\u00e9ments br\u00fbleurs de graisses pour vous aider \u00e0 mieux d\u00e9stocker et perdre du poids?","robots":{"index":"index","follow":"follow","max-snippet":"max-snippet:-1","max-image-preview":"max-image-preview:large","max-video-preview":"max-video-preview:-1"},"canonical":"https:\/\/www.fitadium.com\/conseils\/bruleur-graisse\/ingredients-bruleur-graisse\/","og_locale":"fr_FR","og_type":"article","og_title":"Meilleurs ingr\u00e9dients d'un bruleur de graisse","og_description":"Quels sont les ingr\u00e9dients efficaces des suppl\u00e9ments br\u00fbleurs de graisses pour vous aider \u00e0 mieux d\u00e9stocker et perdre du poids?","og_url":"https:\/\/www.fitadium.com\/conseils\/bruleur-graisse\/ingredients-bruleur-graisse\/","og_site_name":"Fitadium","article_publisher":"https:\/\/www.facebook.com\/fitadium.musculation","article_modified_time":"2025-07-16T09:12:02+00:00","og_image":[{"width":950,"height":633,"url":"https:\/\/www.fitadium.com\/conseils\/wp-content\/uploads\/2011\/01\/freestocks-org-xSGCbGYQtO4-unsplash-e1564043806877.jpg","path":"\/home\/www\/fitadium\/www\/conseils\/wp-content\/uploads\/2011\/01\/freestocks-org-xSGCbGYQtO4-unsplash-e1564043806877.jpg","size":"full","id":40370,"alt":"Vitamine C","pixels":601350,"type":"image\/jpeg"}],"schema":{"@context":"https:\/\/schema.org","@graph":[{"@type":"Organization","@id":"https:\/\/www.fitadium.com\/conseils\/#organization","name":"FITADIUM","url":"https:\/\/www.fitadium.com\/conseils\/","sameAs":["https:\/\/www.facebook.com\/fitadium.musculation"],"logo":{"@type":"ImageObject","@id":"https:\/\/www.fitadium.com\/conseils\/#logo","inLanguage":"fr-FR","url":"https:\/\/www.fitadium.com\/conseils\/wp-content\/uploads\/2013\/08\/mobypicture.jpg","contentUrl":"https:\/\/www.fitadium.com\/conseils\/wp-content\/uploads\/2013\/08\/mobypicture.jpg","width":510,"height":600,"caption":"FITADIUM"},"image":{"@id":"https:\/\/www.fitadium.com\/conseils\/#logo"}},{"@type":"WebSite","@id":"https:\/\/www.fitadium.com\/conseils\/#website","url":"https:\/\/www.fitadium.com\/conseils\/","name":"Fitadium","description":"Toute l&#039;actualit\u00e9 de la musculation et du fitness","publisher":{"@id":"https:\/\/www.fitadium.com\/conseils\/#organization"},"potentialAction":[{"@type":"SearchAction","target":{"@type":"EntryPoint","urlTemplate":"https:\/\/www.fitadium.com\/conseils\/?s={search_term_string}"},"query-input":"required name=search_term_string"}],"inLanguage":"fr-FR"},{"@type":"ImageObject","@id":"https:\/\/www.fitadium.com\/conseils\/bruleur-graisse\/ingredients-bruleur-graisse\/#primaryimage","inLanguage":"fr-FR","url":"https:\/\/www.fitadium.com\/conseils\/wp-content\/uploads\/2011\/01\/freestocks-org-xSGCbGYQtO4-unsplash-e1564043806877.jpg","contentUrl":"https:\/\/www.fitadium.com\/conseils\/wp-content\/uploads\/2011\/01\/freestocks-org-xSGCbGYQtO4-unsplash-e1564043806877.jpg","width":950,"height":633,"caption":"Vitamine C"},{"@type":"WebPage","@id":"https:\/\/www.fitadium.com\/conseils\/bruleur-graisse\/ingredients-bruleur-graisse\/#webpage","url":"https:\/\/www.fitadium.com\/conseils\/bruleur-graisse\/ingredients-bruleur-graisse\/","name":"Meilleurs ingr\u00e9dients d'un bruleur de graisse","isPartOf":{"@id":"https:\/\/www.fitadium.com\/conseils\/#website"},"primaryImageOfPage":{"@id":"https:\/\/www.fitadium.com\/conseils\/bruleur-graisse\/ingredients-bruleur-graisse\/#primaryimage"},"datePublished":"2021-09-06T14:25:25+00:00","dateModified":"2025-07-16T09:12:02+00:00","description":"Quels sont les ingr\u00e9dients efficaces des suppl\u00e9ments br\u00fbleurs de graisses pour vous aider \u00e0 mieux d\u00e9stocker et perdre du poids?","breadcrumb":{"@id":"https:\/\/www.fitadium.com\/conseils\/bruleur-graisse\/ingredients-bruleur-graisse\/#breadcrumb"},"inLanguage":"fr-FR","potentialAction":[{"@type":"ReadAction","target":["https:\/\/www.fitadium.com\/conseils\/bruleur-graisse\/ingredients-bruleur-graisse\/"]}]},{"@type":"BreadcrumbList","@id":"https:\/\/www.fitadium.com\/conseils\/bruleur-graisse\/ingredients-bruleur-graisse\/#breadcrumb","itemListElement":[{"@type":"ListItem","position":1,"name":"Home","item":"https:\/\/www.fitadium.com\/conseils\/"},{"@type":"ListItem","position":2,"name":"Comment bien choisir un br\u00fbleur de graisse ?","item":"https:\/\/www.fitadium.com\/conseils\/bruleur-graisse\/"},{"@type":"ListItem","position":3,"name":"5 ingr\u00e9dients br\u00fbleurs de graisse"}]}]}},"featured_image_src":"https:\/\/www.fitadium.com\/conseils\/wp-content\/uploads\/2011\/01\/freestocks-org-xSGCbGYQtO4-unsplash-600x400.jpg","featured_image_src_square":"https:\/\/www.fitadium.com\/conseils\/wp-content\/uploads\/2011\/01\/freestocks-org-xSGCbGYQtO4-unsplash-600x600.jpg","_links":{"self":[{"href":"https:\/\/www.fitadium.com\/conseils\/wp-json\/wp\/v2\/pages\/54220"}],"collection":[{"href":"https:\/\/www.fitadium.com\/conseils\/wp-json\/wp\/v2\/pages"}],"about":[{"href":"https:\/\/www.fitadium.com\/conseils\/wp-json\/wp\/v2\/types\/page"}],"author":[{"embeddable":true,"href":"https:\/\/www.fitadium.com\/conseils\/wp-json\/wp\/v2\/users\/2"}],"replies":[{"embeddable":true,"href":"https:\/\/www.fitadium.com\/conseils\/wp-json\/wp\/v2\/comments?post=54220"}],"version-history":[{"count":18,"href":"https:\/\/www.fitadium.com\/conseils\/wp-json\/wp\/v2\/pages\/54220\/revisions"}],"predecessor-version":[{"id":60514,"href":"https:\/\/www.fitadium.com\/conseils\/wp-json\/wp\/v2\/pages\/54220\/revisions\/60514"}],"up":[{"embeddable":true,"href":"https:\/\/www.fitadium.com\/conseils\/wp-json\/wp\/v2\/pages\/54163"}],"wp:featuredmedia":[{"embeddable":true,"href":"https:\/\/www.fitadium.com\/conseils\/wp-json\/wp\/v2\/media\/40370"}],"wp:attachment":[{"href":"https:\/\/www.fitadium.com\/conseils\/wp-json\/wp\/v2\/media?parent=54220"}],"curies":[{"name":"wp","href":"https:\/\/api.w.org\/{rel}","templated":true}]}}