{"id":54235,"date":"2021-09-06T16:26:59","date_gmt":"2021-09-06T14:26:59","guid":{"rendered":"https:\/\/www.fitadium.com\/conseils\/?page_id=54235"},"modified":"2024-06-04T11:51:32","modified_gmt":"2024-06-04T09:51:32","slug":"irisine","status":"publish","type":"page","link":"https:\/\/www.fitadium.com\/conseils\/bruleur-graisse\/irisine\/","title":{"rendered":"L\u2019irisine, l\u2019hormone de l&rsquo;activit\u00e9 physique pour bruler des calories"},"content":{"rendered":"\n<p>Vous avez la chair de poule ? Bonne nouvelle, vous maigrissez de la m\u00eame mani\u00e8re que lorsque vous faites du sport. L\u2019hormone qui cause la <strong>transformation de l\u2019exercice physique en chaleur et en \u00e9nergie<\/strong>, c\u2019est l\u2019<strong>irisine,<\/strong> qui transforme \u00e9galement la graisse en chaleur, lorsqu\u2019il fait froid.<\/p>\n\n\n\n<p>Son nom provient des m\u0153urs d\u2019Iris, messag\u00e8re des dieux. D\u00e9couvrez <strong>l\u2019hormone irisine<\/strong> et son r\u00f4le pour l&rsquo;organisme dans <a href=\"https:\/\/www.fitadium.com\/56-bruleurs-de-graisse\">la combustion des graisses<\/a> pour la perte de poids mais aussi la sant\u00e9 globalement.\u00a0<\/p>\n\n\n\n<h2 id=\"def\">Qu&rsquo;est-ce que l&rsquo;irisine, l&rsquo;hormone lib\u00e9r\u00e9e pendant l&rsquo;exercice ?&nbsp;<\/h2>\n\n\n\n<blockquote class=\"wp-block-quote\"><p>L&rsquo;irisine est l&rsquo;hormone lib\u00e9r\u00e9e naturellement par le corps lors d&rsquo;une activit\u00e9 physique.<\/p><\/blockquote>\n\n\n\n<p>Elle a \u00e9t\u00e9 d\u00e9couverte par Bruce Spiegelman de l&rsquo;universit\u00e9 de Harvard en 2012. La prot\u00e9ine irisine est la forme tronqu\u00e9e de la mol\u00e9cule pr\u00e9curseur FNDC5 qui est s\u00e9cr\u00e9t\u00e9e dans le sang.&nbsp;<\/p>\n\n\n\n<p>&nbsp;Les \u00e9tudes autour de l&rsquo;irisine ont d\u00e9montr\u00e9<strong> son r\u00f4le d&rsquo;aide \u00e0 la combustion des graisses<\/strong>, ses <strong>propri\u00e9t\u00e9s neuroprotectrices<\/strong> ou sur la<strong> fonction cardiaque<\/strong>.<\/p>\n\n\n\n<h2 id=\"bienfaits\">Quels sont ses bienfaits pour la sant\u00e9 ?<\/h2>\n\n\n\n<p>L&rsquo;irisine augmente la d\u00e9pense \u00e9nerg\u00e9tique dans le myocarde et le rythme m\u00e9tabolique pour emp\u00eacher <strong>l&rsquo;accumulation de cellules inflammatoires<\/strong>.<\/p>\n\n\n\n<p>Elle aide \u00e9galement l&rsquo;\u00e9longation des t\u00e9lom\u00e8res dans les cellules ce qui joue <strong>un r\u00f4le de protection contre certaines maladies et le vieillissement<\/strong>, \u00e9vitant un affaiblissement du syst\u00e8me immunitaire, le diab\u00e8te ou d&rsquo;autres maladies neurod\u00e9g\u00e9n\u00e9ratives.<\/p>\n\n\n\n<h3>Irisine et sant\u00e9 du cerveau<\/h3>\n\n\n\n<p>Lors de tests d&rsquo;endurance r\u00e9alis\u00e9s avec des souris, les chercheurs ont \u00e9tabli que l&rsquo;irisine lib\u00e9r\u00e9e par l&rsquo;activit\u00e9 physique aide la synth\u00e8se du facteur BDNF (Brain-derived Neurotrophic Factor ou facteur neurotrophique d\u00e9riv\u00e9 du cerveau), une neurotrophine qui a <strong>un r\u00f4le essentielle dans la survie, la croissance et la diff\u00e9renciation des neurones<\/strong>. L&rsquo;irisine accompagne ainsi les fonctions c\u00e9r\u00e9brales.&nbsp;<\/p>\n\n\n\n<h3>Stimuler l&rsquo;irisine pour la maladie d&rsquo;Alzheimer<\/h3>\n\n\n\n<p>Des chercheurs de la Harvard Medical School ont \u00e9tabli que l&rsquo;irisine<strong> prot\u00e8gerait des sympt\u00f4mes de la maladie d&rsquo;Azheimer<\/strong>.&nbsp;<\/p>\n\n\n\n<p>Les personnes atteintes de la maladie d&rsquo;Alzheimer ont un niveau d&rsquo;irisine r\u00e9duit dans leur hyppocampe (r\u00e9gion du cerveau pour la m\u00e9moire et l&rsquo;apprentissage) et le liquide c\u00e9phalo-rachidien. L&rsquo;augmentation de l&rsquo;irisine favorise au contraire de meilleures capacit\u00e9s cognitives.&nbsp;<\/p>\n\n\n\n<h2 id=\"role\">Le r\u00f4le de l&rsquo;irisine dans la transformation des cellules de graisse blanche en brune<\/h2>\n\n\n\n<p>L&rsquo;irisine et sa prot\u00e9ine pr\u00e9curseur FNDC5 jouent un r\u00f4le dans la transformation des cellules graisseuses blanches en cellules brunes <strong>en augmentant la quantit\u00e9 d&rsquo;\u00e9nergie utilis\u00e9e par les cellules<\/strong>. Cette action aide le corps \u00e0 bruler des graisses mais surtout freine la formation des cellules graisseuses.&nbsp;<\/p>\n\n\n\n<p>L&rsquo;irisine augmente ainsi la combustion et la lib\u00e9ration des graisses par les cellules adipeuses, autrement dit la conversion du tissu adipeux blanc en graisse brune b\u00e9n\u00e9fique.&nbsp;<\/p>\n\n\n\n<h3>Comment stimuler l&rsquo;irisine ? L&rsquo;action du froid et du sport<\/h3>\n\n\n\n<p>La<strong> graisse brune stock\u00e9e dans nos tissus<\/strong>&nbsp;est capable de&nbsp;<strong>br\u00fbler des calories<\/strong>. On pensait que ce stock de graisse brune \u00e0 la naissance diminuait avec l\u2019\u00e2ge jusqu\u2019\u00e0 dispara\u00eetre.<\/p>\n\n\n\n<p>Mais c\u2019est faux, affirme le Dr Paul Lee, du Sydney\u2019s Garvan Institute of Medical Research, la graisse et les muscles communiquent entre eux via l\u2019action d\u2019hormones (irisine et FGF21) et ordonnent au corps de <strong>transformer la graisse blanche (qui stocke) en graisse brune qui d\u00e9stocke, pour lutter contre le froid<\/strong>.<\/p>\n\n\n\n<p>50 g de graisse blanche stockerait 300 calories alors que <strong>50g de graisse brune les br\u00fblerait<\/strong>. Ce ph\u00e9nom\u00e8ne d\u2019\u00e9change entre muscles et graisse, se produirait \u00e9galement en cas d\u2019exercice, mais dans une proportion moindre, car il faut <strong>1h d\u2019exercice mod\u00e9r\u00e9 <\/strong>pour lib\u00e9rer autant d\u2019irisine qu\u2019avec <strong>15 mn de frisson<\/strong>.<\/p>\n\n\n\n<p>Lors de tests, les volontaires expos\u00e9s \u00e0 des baisses de temp\u00e9rature ont commenc\u00e9 \u00e0 frissonner \u00e0 partir de<strong> 16 \u00e0 14\u00b0<\/strong>, \u00e0 ce moment-l\u00e0 des pr\u00e9l\u00e8vements de sang ont montr\u00e9 la <strong>pr\u00e9sence d\u2019irisine et de FGF21.<\/strong><\/p>\n\n\n\n<h3>Booster l&rsquo;irisine et son pr\u00e9curseur FNDC5 pour bruler des graisses&nbsp;<\/h3>\n\n\n\n<p>Le ph\u00e9nom\u00e8ne d\u00e9clench\u00e9 par l\u2019irisine est <strong>le m\u00eame en cas d\u2019exercice ou de froid<\/strong>. Un pr\u00e9curseur de l\u2019irisine, le FNDC5 permet de<strong> br\u00fbler plus de calories<\/strong>.<\/p>\n\n\n\n<p>Lors d\u2019une \u00e9tude du National Institute of Diabetes and Digestive and Kidney Diseases (NIDDKD\/NIH), le Dr Francesco avait constat\u00e9 que l\u2019irisine \u00e9tait lib\u00e9r\u00e9e de la m\u00eame fa\u00e7on <strong>en cas de frissons et lors de la pratique d\u2019un exercice<\/strong>, via la <strong>contraction musculaire<\/strong>.<\/p>\n\n\n\n<p>D\u2019autre part, les cellules trait\u00e9es en laboratoire avec le compos\u00e9 FNDC5, pr\u00e9curseur de l\u2019irisine, consomment plus d\u2019\u00e9nergie et lib\u00e8rent de la chaleur, le <a href=\"https:\/\/www.fitadium.com\/conseils\/bruleur-graisse\/activer-thermogenese\/\">processus de thermog\u00e9n\u00e8se<\/a>. Ceci explique que l\u2019irisine d\u00e9clenche <strong>l\u2019augmentation de la temp\u00e9rature corporelle<\/strong>, mais il restait \u00e0 comprendre pourquoi en pr\u00e9sence d\u2019exercice produisant de la chaleur, des hormones incitaient \u00e0<strong> produire encore plus chaleur.<\/strong><\/p>\n\n\n\n<p>L\u2019irisine offrirait ainsi une piste pour un <strong>nouveau traitement de l\u2019ob\u00e9sit\u00e9<\/strong>, (au m\u00eame titre que baisser son chauffage de quelques degr\u00e9s pour favoriser la thermogen\u00e8se) et pourquoi pas, <strong>le diab\u00e8te.<\/strong><\/p>\n\n\n\n<p>Sources&nbsp;<\/p>\n\n\n\n<p>www.garvan.org.au\/Cell Metabolism 4 February 2014 DOI:10.1016\/j.cmet.2013.12.017 Irisin and FGF21 are cold-induced endocrine activators of brown fat function in humans.<\/p>\n\n\n\n<p>Cell Metabolism, 5 novembre 2013, Wrann et coll<\/p>\n\n\n\n<p>Photo sens.artblog.fr<\/p>\n","protected":false},"excerpt":{"rendered":"<p>Vous avez la chair de poule ? Bonne nouvelle, vous maigrissez de la m\u00eame mani\u00e8re que lorsque vous faites du sport. L\u2019hormone qui cause la transformation de l\u2019exercice physique en chaleur et en \u00e9nergie, c\u2019est l\u2019irisine, qui transforme \u00e9galement la graisse en chaleur, lorsqu\u2019il fait froid. Son nom provient des m\u0153urs d\u2019Iris, messag\u00e8re des dieux. [&hellip;]<\/p>\n","protected":false},"author":4,"featured_media":0,"parent":54163,"menu_order":0,"comment_status":"closed","ping_status":"closed","template":"template-cocon.php","meta":[],"yoast_head":"<!-- This site is optimized with the Yoast SEO plugin v17.1 - https:\/\/yoast.com\/wordpress\/plugins\/seo\/ -->\n<title>L&#039;irisine pour bruler des graisses<\/title>\n<meta name=\"description\" content=\"L\u2019irisine est l&#039;hormone qui transforme l\u2019exercice physique en chaleur et en \u00e9nergie mais aussi la graisse en chaleur, lorsqu\u2019il fait froid\" \/>\n<meta name=\"robots\" content=\"index, follow, max-snippet:-1, max-image-preview:large, max-video-preview:-1\" \/>\n<link rel=\"canonical\" href=\"https:\/\/www.fitadium.com\/conseils\/bruleur-graisse\/irisine\/\" \/>\n<meta property=\"og:locale\" content=\"fr_FR\" \/>\n<meta property=\"og:type\" content=\"article\" \/>\n<meta property=\"og:title\" content=\"L&#039;irisine pour bruler des graisses\" \/>\n<meta property=\"og:description\" content=\"L\u2019irisine est l&#039;hormone qui transforme l\u2019exercice physique en chaleur et en \u00e9nergie mais aussi la graisse en chaleur, lorsqu\u2019il fait froid\" \/>\n<meta property=\"og:url\" content=\"https:\/\/www.fitadium.com\/conseils\/bruleur-graisse\/irisine\/\" \/>\n<meta property=\"og:site_name\" content=\"Fitadium\" \/>\n<meta property=\"article:publisher\" content=\"https:\/\/www.facebook.com\/fitadium.musculation\" \/>\n<meta property=\"article:modified_time\" content=\"2024-06-04T09:51:32+00:00\" \/>\n<meta property=\"og:image\" content=\"https:\/\/www.fitadium.com\/conseils\/wp-content\/uploads\/2020\/05\/100949611_249536676267297_6848748714129861639_n.jpg\" \/>\n\t<meta property=\"og:image:width\" content=\"1080\" \/>\n\t<meta property=\"og:image:height\" content=\"1080\" \/>\n<script type=\"application\/ld+json\" class=\"yoast-schema-graph\">{\"@context\":\"https:\/\/schema.org\",\"@graph\":[{\"@type\":\"Organization\",\"@id\":\"https:\/\/www.fitadium.com\/conseils\/#organization\",\"name\":\"FITADIUM\",\"url\":\"https:\/\/www.fitadium.com\/conseils\/\",\"sameAs\":[\"https:\/\/www.facebook.com\/fitadium.musculation\"],\"logo\":{\"@type\":\"ImageObject\",\"@id\":\"https:\/\/www.fitadium.com\/conseils\/#logo\",\"inLanguage\":\"fr-FR\",\"url\":\"https:\/\/www.fitadium.com\/conseils\/wp-content\/uploads\/2013\/08\/mobypicture.jpg\",\"contentUrl\":\"https:\/\/www.fitadium.com\/conseils\/wp-content\/uploads\/2013\/08\/mobypicture.jpg\",\"width\":510,\"height\":600,\"caption\":\"FITADIUM\"},\"image\":{\"@id\":\"https:\/\/www.fitadium.com\/conseils\/#logo\"}},{\"@type\":\"WebSite\",\"@id\":\"https:\/\/www.fitadium.com\/conseils\/#website\",\"url\":\"https:\/\/www.fitadium.com\/conseils\/\",\"name\":\"Fitadium\",\"description\":\"Toute l&#039;actualit\\u00e9 de la musculation et du fitness\",\"publisher\":{\"@id\":\"https:\/\/www.fitadium.com\/conseils\/#organization\"},\"potentialAction\":[{\"@type\":\"SearchAction\",\"target\":{\"@type\":\"EntryPoint\",\"urlTemplate\":\"https:\/\/www.fitadium.com\/conseils\/?s={search_term_string}\"},\"query-input\":\"required name=search_term_string\"}],\"inLanguage\":\"fr-FR\"},{\"@type\":\"WebPage\",\"@id\":\"https:\/\/www.fitadium.com\/conseils\/bruleur-graisse\/irisine\/#webpage\",\"url\":\"https:\/\/www.fitadium.com\/conseils\/bruleur-graisse\/irisine\/\",\"name\":\"L'irisine pour bruler des graisses\",\"isPartOf\":{\"@id\":\"https:\/\/www.fitadium.com\/conseils\/#website\"},\"datePublished\":\"2021-09-06T14:26:59+00:00\",\"dateModified\":\"2024-06-04T09:51:32+00:00\",\"description\":\"L\\u2019irisine est l'hormone qui transforme l\\u2019exercice physique en chaleur et en \\u00e9nergie mais aussi la graisse en chaleur, lorsqu\\u2019il fait froid\",\"breadcrumb\":{\"@id\":\"https:\/\/www.fitadium.com\/conseils\/bruleur-graisse\/irisine\/#breadcrumb\"},\"inLanguage\":\"fr-FR\",\"potentialAction\":[{\"@type\":\"ReadAction\",\"target\":[\"https:\/\/www.fitadium.com\/conseils\/bruleur-graisse\/irisine\/\"]}]},{\"@type\":\"BreadcrumbList\",\"@id\":\"https:\/\/www.fitadium.com\/conseils\/bruleur-graisse\/irisine\/#breadcrumb\",\"itemListElement\":[{\"@type\":\"ListItem\",\"position\":1,\"name\":\"Home\",\"item\":\"https:\/\/www.fitadium.com\/conseils\/\"},{\"@type\":\"ListItem\",\"position\":2,\"name\":\"Comment bien choisir un br\\u00fbleur de graisse ?\",\"item\":\"https:\/\/www.fitadium.com\/conseils\/bruleur-graisse\/\"},{\"@type\":\"ListItem\",\"position\":3,\"name\":\"L\\u2019irisine, l\\u2019hormone de l&rsquo;activit\\u00e9 physique pour bruler des calories\"}]}]}<\/script>\n<!-- \/ Yoast SEO plugin. -->","yoast_head_json":{"title":"L'irisine pour bruler des graisses","description":"L\u2019irisine est l'hormone qui transforme l\u2019exercice physique en chaleur et en \u00e9nergie mais aussi la graisse en chaleur, lorsqu\u2019il fait froid","robots":{"index":"index","follow":"follow","max-snippet":"max-snippet:-1","max-image-preview":"max-image-preview:large","max-video-preview":"max-video-preview:-1"},"canonical":"https:\/\/www.fitadium.com\/conseils\/bruleur-graisse\/irisine\/","og_locale":"fr_FR","og_type":"article","og_title":"L'irisine pour bruler des graisses","og_description":"L\u2019irisine est l'hormone qui transforme l\u2019exercice physique en chaleur et en \u00e9nergie mais aussi la graisse en chaleur, lorsqu\u2019il fait froid","og_url":"https:\/\/www.fitadium.com\/conseils\/bruleur-graisse\/irisine\/","og_site_name":"Fitadium","article_publisher":"https:\/\/www.facebook.com\/fitadium.musculation","article_modified_time":"2024-06-04T09:51:32+00:00","og_image":[{"width":1080,"height":1080,"url":"https:\/\/www.fitadium.com\/conseils\/wp-content\/uploads\/2020\/05\/100949611_249536676267297_6848748714129861639_n.jpg","path":"\/home\/www\/fitadium\/www\/conseils\/wp-content\/uploads\/2020\/05\/100949611_249536676267297_6848748714129861639_n.jpg","size":"full","id":47394,"alt":"","pixels":1166400,"type":"image\/jpeg"}],"schema":{"@context":"https:\/\/schema.org","@graph":[{"@type":"Organization","@id":"https:\/\/www.fitadium.com\/conseils\/#organization","name":"FITADIUM","url":"https:\/\/www.fitadium.com\/conseils\/","sameAs":["https:\/\/www.facebook.com\/fitadium.musculation"],"logo":{"@type":"ImageObject","@id":"https:\/\/www.fitadium.com\/conseils\/#logo","inLanguage":"fr-FR","url":"https:\/\/www.fitadium.com\/conseils\/wp-content\/uploads\/2013\/08\/mobypicture.jpg","contentUrl":"https:\/\/www.fitadium.com\/conseils\/wp-content\/uploads\/2013\/08\/mobypicture.jpg","width":510,"height":600,"caption":"FITADIUM"},"image":{"@id":"https:\/\/www.fitadium.com\/conseils\/#logo"}},{"@type":"WebSite","@id":"https:\/\/www.fitadium.com\/conseils\/#website","url":"https:\/\/www.fitadium.com\/conseils\/","name":"Fitadium","description":"Toute l&#039;actualit\u00e9 de la musculation et du fitness","publisher":{"@id":"https:\/\/www.fitadium.com\/conseils\/#organization"},"potentialAction":[{"@type":"SearchAction","target":{"@type":"EntryPoint","urlTemplate":"https:\/\/www.fitadium.com\/conseils\/?s={search_term_string}"},"query-input":"required name=search_term_string"}],"inLanguage":"fr-FR"},{"@type":"WebPage","@id":"https:\/\/www.fitadium.com\/conseils\/bruleur-graisse\/irisine\/#webpage","url":"https:\/\/www.fitadium.com\/conseils\/bruleur-graisse\/irisine\/","name":"L'irisine pour bruler des graisses","isPartOf":{"@id":"https:\/\/www.fitadium.com\/conseils\/#website"},"datePublished":"2021-09-06T14:26:59+00:00","dateModified":"2024-06-04T09:51:32+00:00","description":"L\u2019irisine est l'hormone qui transforme l\u2019exercice physique en chaleur et en \u00e9nergie mais aussi la graisse en chaleur, lorsqu\u2019il fait froid","breadcrumb":{"@id":"https:\/\/www.fitadium.com\/conseils\/bruleur-graisse\/irisine\/#breadcrumb"},"inLanguage":"fr-FR","potentialAction":[{"@type":"ReadAction","target":["https:\/\/www.fitadium.com\/conseils\/bruleur-graisse\/irisine\/"]}]},{"@type":"BreadcrumbList","@id":"https:\/\/www.fitadium.com\/conseils\/bruleur-graisse\/irisine\/#breadcrumb","itemListElement":[{"@type":"ListItem","position":1,"name":"Home","item":"https:\/\/www.fitadium.com\/conseils\/"},{"@type":"ListItem","position":2,"name":"Comment bien choisir un br\u00fbleur de graisse ?","item":"https:\/\/www.fitadium.com\/conseils\/bruleur-graisse\/"},{"@type":"ListItem","position":3,"name":"L\u2019irisine, l\u2019hormone de l&rsquo;activit\u00e9 physique pour bruler des calories"}]}]}},"featured_image_src":null,"featured_image_src_square":null,"_links":{"self":[{"href":"https:\/\/www.fitadium.com\/conseils\/wp-json\/wp\/v2\/pages\/54235"}],"collection":[{"href":"https:\/\/www.fitadium.com\/conseils\/wp-json\/wp\/v2\/pages"}],"about":[{"href":"https:\/\/www.fitadium.com\/conseils\/wp-json\/wp\/v2\/types\/page"}],"author":[{"embeddable":true,"href":"https:\/\/www.fitadium.com\/conseils\/wp-json\/wp\/v2\/users\/4"}],"replies":[{"embeddable":true,"href":"https:\/\/www.fitadium.com\/conseils\/wp-json\/wp\/v2\/comments?post=54235"}],"version-history":[{"count":16,"href":"https:\/\/www.fitadium.com\/conseils\/wp-json\/wp\/v2\/pages\/54235\/revisions"}],"predecessor-version":[{"id":59283,"href":"https:\/\/www.fitadium.com\/conseils\/wp-json\/wp\/v2\/pages\/54235\/revisions\/59283"}],"up":[{"embeddable":true,"href":"https:\/\/www.fitadium.com\/conseils\/wp-json\/wp\/v2\/pages\/54163"}],"wp:attachment":[{"href":"https:\/\/www.fitadium.com\/conseils\/wp-json\/wp\/v2\/media?parent=54235"}],"curies":[{"name":"wp","href":"https:\/\/api.w.org\/{rel}","templated":true}]}}