{"id":56227,"date":"2022-08-25T10:41:33","date_gmt":"2022-08-25T08:41:33","guid":{"rendered":"https:\/\/www.fitadium.com\/conseils\/?page_id=56227"},"modified":"2024-06-06T14:43:34","modified_gmt":"2024-06-06T12:43:34","slug":"creatine-phosphate","status":"publish","type":"page","link":"https:\/\/www.fitadium.com\/conseils\/creatine\/creatine-phosphate\/","title":{"rendered":"Qu&rsquo;est-ce que la cr\u00e9atine phosphate (phosphocr\u00e9atine) ?"},"content":{"rendered":"\n<p>Si vous aimez vous interroger sur <a href=\"https:\/\/www.fitadium.com\/7-creatines\">la cr\u00e9atine<\/a> en allant un peu plus loin dans vos recherches, vous allez certainement vous demander ce qu&rsquo;est la phosphocr\u00e9atine ou cr\u00e9atine phosphate.<\/p>\n\n\n\n<p>Pour vous r\u00e9pondre, disons que cet article sera sans doute un peu plus technique que les autres mais il r\u00e9pondra utilement \u00e0 vos interrogations pour <strong>comprendre l&rsquo;utilit\u00e9 et l&rsquo;effet de la cr\u00e9atine phosphate<\/strong> sur l&rsquo;organisme, l&rsquo;impact d&rsquo;une suppl\u00e9mentation en cr\u00e9atine.<\/p>\n\n\n\n<h2 id=\"def\">La cr\u00e9atine de phosphate : qu&rsquo;est-ce que c&rsquo;est ?<\/h2>\n\n\n\n<p>La phosphocr\u00e9atine ou cr\u00e9atine phosphate est une mol\u00e9cule de cr\u00e9atine li\u00e9e \u00e0 des ions phosphate. Cette liaison permet une <strong>lib\u00e9ration d&rsquo;\u00e9nergie particuli\u00e8rement forte et efficace<\/strong>, sur une fraction de seconde. Cette forme de cr\u00e9atine li\u00e9e \u00e0 un phosphate est majoritaire dans les <strong>fibres musculaires rapides (70%)<\/strong>. La cr\u00e9atine libre ne repr\u00e9sente que 30% du total.<\/p>\n\n\n\n<h3 id=\"role\">Quel est le r\u00f4le de la cr\u00e9atine phosphate (ATP, ADP) sur les fibres musculaires ?<\/h3>\n\n\n\n<p>La phosphocr\u00e9atine est en charge des <a href=\"https:\/\/www.fitadium.com\/conseils\/creatine\/effets-creatine\/\">effets de la cr\u00e9atine<\/a>. Elle pr\u00e9sente deux r\u00f4les majeurs.<\/p>\n\n\n\n<ol><li>Le premier est<strong> \u00e9nerg\u00e9tique <\/strong>lorsqu&rsquo;elle<strong> lib\u00e8re un phosphate<\/strong> \u00e0 haute \u00e9nergie.<\/li><li>Son second r\u00f4le est de <strong>c\u00e9der un phosphate \u00e0 l&rsquo;ADP<\/strong> (Ad\u00e9nosine Diphosphate) afin qu&rsquo;elle retrouve sa forme initiale d&rsquo;ATP.<\/li><\/ol>\n\n\n\n<p>Ce processus de <strong>recyclage du stock d&rsquo;ATP<\/strong> (Ad\u00e9nosine triphosphate) a donc deux objectifs, d&rsquo;abord celui de <strong>lib\u00e9rer une forte quantit\u00e9 d&rsquo;\u00e9nergie <\/strong>en un instant tr\u00e8s bref (puissance musculaire) et ensuite <strong>d&rsquo;\u00e9viter l&rsquo;\u00e9puisement de l&rsquo;\u00e9nergie cellulaire.<\/strong><\/p>\n\n\n\n<p>Sans ce recyclage, l&rsquo;\u00e9puisement de l&rsquo;ATP aboutirait au blocage d&rsquo;une enzyme situ\u00e9e sur la membrane de vos mitochondries : l&rsquo;ATPase. La <strong>contraction musculaire <\/strong>serait alors impossible.<\/p>\n\n\n\n<blockquote class=\"wp-block-quote\"><p>Les \u00e9changes phosphocr\u00e9atine\/ATP forment en quelque sorte un <strong>processus de s\u00e9curit\u00e9 pour l&rsquo;approvisionnement et la lib\u00e9ration d&rsquo;\u00e9nergie cellulaire<\/strong>.<\/p><\/blockquote>\n\n\n\n<p>Pour l&rsquo;explication, ajoutons que<strong> la phosphocr\u00e9atine lib\u00e8re plus d&rsquo;\u00e9nergie que l&rsquo;ATP<\/strong> (10300 calories par mole contre 7300 pour l&rsquo;ATP). Ce suppl\u00e9ment d&rsquo;\u00e9nergie par rapport \u00e0 l&rsquo;ATP lui permet de donner un phosphate \u00e0 l&rsquo;ADP en \u00e9tant aid\u00e9 par une enzyme:<strong> la cr\u00e9atine kinase<\/strong>. Cela se comprend ais\u00e9ment \u00e9tant donn\u00e9 que toute r\u00e9action chimique et organique n\u00e9cessite un minimum d&rsquo;\u00e9nergie.<\/p>\n\n\n\n<h2 id=\"action\">L&rsquo;action de la cr\u00e9atine phosphate sur l&rsquo;ATP (Ad\u00e9nosine Tri Phosphates)<\/h2>\n\n\n\n<h3 id=\"ou\">O\u00f9 se trouve la cr\u00e9atine phosphate et quelle est son utilit\u00e9 en musculation ?<\/h3>\n\n\n\n<p>La cr\u00e9atine phosphate est <strong>particuli\u00e8rement abondante dans les tissus musculaires<\/strong> et le syst\u00e8me nerveux. En quantit\u00e9, elle est <strong>5 \u00e0 6 fois plus nombreuse que l&rsquo;ATP<\/strong> dans les muscles au repos :<\/p>\n\n\n\n<ul><li>Ainsi, l&rsquo;ATP g\u00e9n\u00e8re les <strong>2 premi\u00e8res secondes de contraction musculaire<\/strong>.<\/li><li>L&rsquo;ATP r\u00e9g\u00e9n\u00e9r\u00e9 par la phosphocr\u00e9atine assure les <strong>6 premi\u00e8res secondes d&rsquo;exercice en moyenne<\/strong>.<\/li><li>La phosphocr\u00e9atine et l&rsquo;ATP recycl\u00e9s lib\u00e8rent de l&rsquo;\u00e9nergie sur les <strong>10 \u00e0 15 premi\u00e8res secondes<\/strong> avant que le glucose ne prenne le relais pour refaire de l&rsquo;ATP.<\/li><\/ul>\n\n\n\n<p>L&rsquo;association <strong>phosphocr\u00e9atine + ATP<\/strong> est appel\u00e9 syst\u00e8me <strong>phosphag\u00e8ne.<\/strong> Ce processus de lib\u00e9ration d&rsquo;\u00e9nergie cellulaire bas\u00e9 sur le phosphore (phosphates) permet aux muscles de se contracter presque imm\u00e9diatement avec <a href=\"https:\/\/www.fitadium.com\/conseils\/creatine\/a-quoi-sert-creatine\/\"><strong>un maximum de force et d&rsquo;efficacit\u00e9<\/strong><\/a>.<\/p>\n\n\n\n<p>Le syst\u00e8me phosphag\u00e8ne sera surtout sollicit\u00e9 \u00e0 court terme, pour faire face \u00e0 un effort intense. Pour r\u00e9sumer le processus phosphag\u00e8ne par une \u00e9quation, nous avons: <strong>Phosphocr\u00e9atine + ADP = ATP + Cr\u00e9atine<\/strong><\/p>\n\n\n\n<p>En outre, le syst\u00e8me phosphag\u00e8ne ne n\u00e9cessite<strong> pas de consommation d&rsquo;oxyg\u00e8ne<\/strong> ni ne g\u00e9n\u00e8re de <strong>lactates<\/strong>, contrairement au glucose qui utilise de l&rsquo;oxyg\u00e8ne pour refaire de l&rsquo;ATP \u00e0 partir du m\u00e9canisme complexe du cycle de Krebs.<\/p>\n\n\n\n<p>La g\u00e9n\u00e9ration d&rsquo;\u00e9nergie par le syst\u00e8me phosphag\u00e8ne est donc qualifi\u00e9e d&rsquo;<strong><em>ana\u00e9robie analactique<\/em><\/strong>.<\/p>\n\n\n\n<p>Quant \u00e0 l&rsquo;ATP, la quantit\u00e9 dominante de la cr\u00e9atine phosphate lui permet d\u2019\u00eatre r\u00e9g\u00e9n\u00e9r\u00e9 rapidement m\u00eame si ce syst\u00e8me a des limites. Dans les cas les plus extr\u00eames, un ADP peut \u00eatre associ\u00e9 \u00e0 un autre ADP pour cr\u00e9er un ATP + 1 AMP (Ad\u00e9nosine monophosphate) avec l&rsquo;aide d&rsquo;une enzyme, la myokinase.<\/p>\n\n\n\n<p>Comme vous l&rsquo;avez compris, l&rsquo;organisme dispose de nombreux moyens pour <strong>poursuivre la lib\u00e9ration d&rsquo;\u00e9nergie musculaire instantan\u00e9e<\/strong>, m\u00eame si ce syst\u00e8me a ses limites. Comme nous l&rsquo;avions pr\u00e9cis\u00e9, les fibres musculaires contiennent une <strong>quantit\u00e9 minoritaire de cr\u00e9atine libre<\/strong>, sans phosphate. Celle-ci recevra un phosphate de l&rsquo;ATP lorsque le corps est au repos. De cette mani\u00e8re, le muscle reste <strong>toujours fonctionnel en cas de besoin imm\u00e9diat d&rsquo;\u00e9nergie<\/strong>.<\/p>\n\n\n\n<h3 id=\"effet\">Un effet sur le muscle mais aussi le syst\u00e8me nerveux<\/h3>\n\n\n\n<p>La phosphocr\u00e9atine sera toute aussi indispensable au <strong>syst\u00e8me nerveux. <\/strong>Les effets de la cr\u00e9atine phosphate aident \u00e0 maintenir les besoins \u00e9nerg\u00e9tiques cons\u00e9quents et imm\u00e9diats du cerveau, au niveau des potentiels membranaires (modification imm\u00e9diate des potentiels \u00e9nerg\u00e9tiques) et de la lib\u00e9ration tr\u00e8s rapide des neurotransmetteurs.<\/p>\n\n\n\n<h3 id=\"supplement\">Prendre un suppl\u00e9ment de cr\u00e9atine va t-il modifier le taux de phosphocr\u00e9atine ?<\/h3>\n\n\n\n<p>Avec une suppl\u00e9mentation en cr\u00e9atine, les ions phosphore vont <strong>se fixer \u00e0 la cr\u00e9atine<\/strong> comme s&rsquo;il s&rsquo;agissait de celle que votre organisme produit \u00e0 partir des acides amin\u00e9s.<\/p>\n\n\n<div class=\"columns-push-product\">\n  <div class=\"columns-push-product__body\">\n    \n\n<p class=\"has-large-font-size\"><\/p>\n\n\n  <\/div>\n  <div class=\"columns-push-product__product\">\n    <div class=\"product\" GTM-data-id=\"1642\" GTM-data-nom=\"CREATINE HARDCORE (1,5Kg)\">\n  <div class=\"product__img\" style=\"width: -webkit-fill-available;\">\n    <a href=\"https:\/\/www.fitadium.com\/1642-creatine-hardcore-15kg.html#\/499-gout-orange\" class=\"product__image_lnk GTM_blog_product\" >\n      <img src=\"https:\/\/www.fitadium.com\/31919-fit_540\/creatine-hardcore-15kg.jpg\" alt=\"\" class=\"product__image lazyload\">\n    <\/a>\n  <\/div>\n  <div class=\"product__body\">\n        <div class=\"product__brand\">Superset Nutrition<\/div>\n    <a class=\"product__name GTM_blog_product\" href=\"https:\/\/www.fitadium.com\/1642-creatine-hardcore-15kg.html#\/499-gout-orange\" title=\"CREATINE HARDCORE (1,5Kg)\">\n      CREATINE HARDCORE (1,5Kg)\n    <\/a>\n          <span class=\"product__price\">39.9 \u20ac<\/span>\n      <span class=\"product__price_old\">49.9 \u20ac<\/span>\n            <div class=\"product__excerpt\">Qu\u2019est-ce que la CREATINE HARDCORE (1,5KG) ? La cr\u00e9atine est\u2026<\/div>\n            <div><a class=\"product__cta GTM_blog_product\" href=\"https:\/\/www.fitadium.com\/1642-creatine-hardcore-15kg.html#\/499-gout-orange\" title=\"CREATINE HARDCORE (1,5Kg)\">Voir le produit<\/a><\/div>\n  <\/div>\n<\/div>\n  <\/div>\n<\/div>\n\n\n\n<p>En r\u00e9alit\u00e9, c&rsquo;est bien cette <strong>augmentation du taux de phosphocr\u00e9atine cellulaire<\/strong> permis par la prise de suppl\u00e9mentation en cr\u00e9atine qui va engendrer un <strong>surcro\u00eet d&rsquo;\u00e9nergie et de force musculaire<\/strong>.<\/p>\n\n\n\n<p><\/p>\n\n\n\n<p><\/p>\n","protected":false},"excerpt":{"rendered":"<p>Si vous aimez vous interroger sur la cr\u00e9atine en allant un peu plus loin dans vos recherches, vous allez certainement vous demander ce qu&rsquo;est la phosphocr\u00e9atine ou cr\u00e9atine phosphate. Pour vous r\u00e9pondre, disons que cet article sera sans doute un peu plus technique que les autres mais il r\u00e9pondra utilement \u00e0 vos interrogations pour comprendre [&hellip;]<\/p>\n","protected":false},"author":23,"featured_media":0,"parent":56095,"menu_order":0,"comment_status":"closed","ping_status":"closed","template":"template-cocon.php","meta":[],"yoast_head":"<!-- This site is optimized with the Yoast SEO plugin v17.1 - https:\/\/yoast.com\/wordpress\/plugins\/seo\/ -->\n<title>Qu&#039;est-ce que la cr\u00e9atine phosphate ou phosphocr\u00e9atine ?<\/title>\n<meta name=\"description\" content=\"La cr\u00e9atine de phosphate : qu\u2019est-ce que c\u2019est ? \u2605R\u00f4le sur les fibres musculaires \u2605L\u2019action sur l\u2019ATP \u2605Utilit\u00e9 en musculation\" \/>\n<meta name=\"robots\" content=\"index, follow, max-snippet:-1, max-image-preview:large, max-video-preview:-1\" \/>\n<link rel=\"canonical\" href=\"https:\/\/www.fitadium.com\/conseils\/creatine\/creatine-phosphate\/\" \/>\n<meta property=\"og:locale\" content=\"fr_FR\" \/>\n<meta property=\"og:type\" content=\"article\" \/>\n<meta property=\"og:title\" content=\"Qu&#039;est-ce que la cr\u00e9atine phosphate ou phosphocr\u00e9atine ?\" \/>\n<meta property=\"og:description\" content=\"La cr\u00e9atine de phosphate : qu\u2019est-ce que c\u2019est ? \u2605R\u00f4le sur les fibres musculaires \u2605L\u2019action sur l\u2019ATP \u2605Utilit\u00e9 en musculation\" \/>\n<meta property=\"og:url\" content=\"https:\/\/www.fitadium.com\/conseils\/creatine\/creatine-phosphate\/\" \/>\n<meta property=\"og:site_name\" content=\"Fitadium\" \/>\n<meta property=\"article:publisher\" content=\"https:\/\/www.facebook.com\/fitadium.musculation\" \/>\n<meta property=\"article:modified_time\" content=\"2024-06-06T12:43:34+00:00\" \/>\n<meta property=\"og:image\" content=\"https:\/\/www.fitadium.com\/conseils\/wp-content\/uploads\/2020\/05\/100949611_249536676267297_6848748714129861639_n.jpg\" \/>\n\t<meta property=\"og:image:width\" content=\"1080\" \/>\n\t<meta property=\"og:image:height\" content=\"1080\" \/>\n<script type=\"application\/ld+json\" class=\"yoast-schema-graph\">{\"@context\":\"https:\/\/schema.org\",\"@graph\":[{\"@type\":\"Organization\",\"@id\":\"https:\/\/www.fitadium.com\/conseils\/#organization\",\"name\":\"FITADIUM\",\"url\":\"https:\/\/www.fitadium.com\/conseils\/\",\"sameAs\":[\"https:\/\/www.facebook.com\/fitadium.musculation\"],\"logo\":{\"@type\":\"ImageObject\",\"@id\":\"https:\/\/www.fitadium.com\/conseils\/#logo\",\"inLanguage\":\"fr-FR\",\"url\":\"https:\/\/www.fitadium.com\/conseils\/wp-content\/uploads\/2013\/08\/mobypicture.jpg\",\"contentUrl\":\"https:\/\/www.fitadium.com\/conseils\/wp-content\/uploads\/2013\/08\/mobypicture.jpg\",\"width\":510,\"height\":600,\"caption\":\"FITADIUM\"},\"image\":{\"@id\":\"https:\/\/www.fitadium.com\/conseils\/#logo\"}},{\"@type\":\"WebSite\",\"@id\":\"https:\/\/www.fitadium.com\/conseils\/#website\",\"url\":\"https:\/\/www.fitadium.com\/conseils\/\",\"name\":\"Fitadium\",\"description\":\"Toute l&#039;actualit\\u00e9 de la musculation et du fitness\",\"publisher\":{\"@id\":\"https:\/\/www.fitadium.com\/conseils\/#organization\"},\"potentialAction\":[{\"@type\":\"SearchAction\",\"target\":{\"@type\":\"EntryPoint\",\"urlTemplate\":\"https:\/\/www.fitadium.com\/conseils\/?s={search_term_string}\"},\"query-input\":\"required name=search_term_string\"}],\"inLanguage\":\"fr-FR\"},{\"@type\":\"WebPage\",\"@id\":\"https:\/\/www.fitadium.com\/conseils\/creatine\/creatine-phosphate\/#webpage\",\"url\":\"https:\/\/www.fitadium.com\/conseils\/creatine\/creatine-phosphate\/\",\"name\":\"Qu'est-ce que la cr\\u00e9atine phosphate ou phosphocr\\u00e9atine ?\",\"isPartOf\":{\"@id\":\"https:\/\/www.fitadium.com\/conseils\/#website\"},\"datePublished\":\"2022-08-25T08:41:33+00:00\",\"dateModified\":\"2024-06-06T12:43:34+00:00\",\"description\":\"La cr\\u00e9atine de phosphate : qu\\u2019est-ce que c\\u2019est ? \\u2605R\\u00f4le sur les fibres musculaires \\u2605L\\u2019action sur l\\u2019ATP \\u2605Utilit\\u00e9 en musculation\",\"breadcrumb\":{\"@id\":\"https:\/\/www.fitadium.com\/conseils\/creatine\/creatine-phosphate\/#breadcrumb\"},\"inLanguage\":\"fr-FR\",\"potentialAction\":[{\"@type\":\"ReadAction\",\"target\":[\"https:\/\/www.fitadium.com\/conseils\/creatine\/creatine-phosphate\/\"]}]},{\"@type\":\"BreadcrumbList\",\"@id\":\"https:\/\/www.fitadium.com\/conseils\/creatine\/creatine-phosphate\/#breadcrumb\",\"itemListElement\":[{\"@type\":\"ListItem\",\"position\":1,\"name\":\"Home\",\"item\":\"https:\/\/www.fitadium.com\/conseils\/\"},{\"@type\":\"ListItem\",\"position\":2,\"name\":\"Le guide de la cr\\u00e9atine\",\"item\":\"https:\/\/www.fitadium.com\/conseils\/creatine\/\"},{\"@type\":\"ListItem\",\"position\":3,\"name\":\"Qu&rsquo;est-ce que la cr\\u00e9atine phosphate (phosphocr\\u00e9atine) ?\"}]}]}<\/script>\n<!-- \/ Yoast SEO plugin. -->","yoast_head_json":{"title":"Qu'est-ce que la cr\u00e9atine phosphate ou phosphocr\u00e9atine ?","description":"La cr\u00e9atine de phosphate : qu\u2019est-ce que c\u2019est ? \u2605R\u00f4le sur les fibres musculaires \u2605L\u2019action sur l\u2019ATP \u2605Utilit\u00e9 en musculation","robots":{"index":"index","follow":"follow","max-snippet":"max-snippet:-1","max-image-preview":"max-image-preview:large","max-video-preview":"max-video-preview:-1"},"canonical":"https:\/\/www.fitadium.com\/conseils\/creatine\/creatine-phosphate\/","og_locale":"fr_FR","og_type":"article","og_title":"Qu'est-ce que la cr\u00e9atine phosphate ou phosphocr\u00e9atine ?","og_description":"La cr\u00e9atine de phosphate : qu\u2019est-ce que c\u2019est ? \u2605R\u00f4le sur les fibres musculaires \u2605L\u2019action sur l\u2019ATP \u2605Utilit\u00e9 en musculation","og_url":"https:\/\/www.fitadium.com\/conseils\/creatine\/creatine-phosphate\/","og_site_name":"Fitadium","article_publisher":"https:\/\/www.facebook.com\/fitadium.musculation","article_modified_time":"2024-06-06T12:43:34+00:00","og_image":[{"width":1080,"height":1080,"url":"https:\/\/www.fitadium.com\/conseils\/wp-content\/uploads\/2020\/05\/100949611_249536676267297_6848748714129861639_n.jpg","path":"\/home\/www\/fitadium\/www\/conseils\/wp-content\/uploads\/2020\/05\/100949611_249536676267297_6848748714129861639_n.jpg","size":"full","id":47394,"alt":"","pixels":1166400,"type":"image\/jpeg"}],"schema":{"@context":"https:\/\/schema.org","@graph":[{"@type":"Organization","@id":"https:\/\/www.fitadium.com\/conseils\/#organization","name":"FITADIUM","url":"https:\/\/www.fitadium.com\/conseils\/","sameAs":["https:\/\/www.facebook.com\/fitadium.musculation"],"logo":{"@type":"ImageObject","@id":"https:\/\/www.fitadium.com\/conseils\/#logo","inLanguage":"fr-FR","url":"https:\/\/www.fitadium.com\/conseils\/wp-content\/uploads\/2013\/08\/mobypicture.jpg","contentUrl":"https:\/\/www.fitadium.com\/conseils\/wp-content\/uploads\/2013\/08\/mobypicture.jpg","width":510,"height":600,"caption":"FITADIUM"},"image":{"@id":"https:\/\/www.fitadium.com\/conseils\/#logo"}},{"@type":"WebSite","@id":"https:\/\/www.fitadium.com\/conseils\/#website","url":"https:\/\/www.fitadium.com\/conseils\/","name":"Fitadium","description":"Toute l&#039;actualit\u00e9 de la musculation et du fitness","publisher":{"@id":"https:\/\/www.fitadium.com\/conseils\/#organization"},"potentialAction":[{"@type":"SearchAction","target":{"@type":"EntryPoint","urlTemplate":"https:\/\/www.fitadium.com\/conseils\/?s={search_term_string}"},"query-input":"required name=search_term_string"}],"inLanguage":"fr-FR"},{"@type":"WebPage","@id":"https:\/\/www.fitadium.com\/conseils\/creatine\/creatine-phosphate\/#webpage","url":"https:\/\/www.fitadium.com\/conseils\/creatine\/creatine-phosphate\/","name":"Qu'est-ce que la cr\u00e9atine phosphate ou phosphocr\u00e9atine ?","isPartOf":{"@id":"https:\/\/www.fitadium.com\/conseils\/#website"},"datePublished":"2022-08-25T08:41:33+00:00","dateModified":"2024-06-06T12:43:34+00:00","description":"La cr\u00e9atine de phosphate : qu\u2019est-ce que c\u2019est ? \u2605R\u00f4le sur les fibres musculaires \u2605L\u2019action sur l\u2019ATP \u2605Utilit\u00e9 en musculation","breadcrumb":{"@id":"https:\/\/www.fitadium.com\/conseils\/creatine\/creatine-phosphate\/#breadcrumb"},"inLanguage":"fr-FR","potentialAction":[{"@type":"ReadAction","target":["https:\/\/www.fitadium.com\/conseils\/creatine\/creatine-phosphate\/"]}]},{"@type":"BreadcrumbList","@id":"https:\/\/www.fitadium.com\/conseils\/creatine\/creatine-phosphate\/#breadcrumb","itemListElement":[{"@type":"ListItem","position":1,"name":"Home","item":"https:\/\/www.fitadium.com\/conseils\/"},{"@type":"ListItem","position":2,"name":"Le guide de la cr\u00e9atine","item":"https:\/\/www.fitadium.com\/conseils\/creatine\/"},{"@type":"ListItem","position":3,"name":"Qu&rsquo;est-ce que la cr\u00e9atine phosphate (phosphocr\u00e9atine) ?"}]}]}},"featured_image_src":null,"featured_image_src_square":null,"_links":{"self":[{"href":"https:\/\/www.fitadium.com\/conseils\/wp-json\/wp\/v2\/pages\/56227"}],"collection":[{"href":"https:\/\/www.fitadium.com\/conseils\/wp-json\/wp\/v2\/pages"}],"about":[{"href":"https:\/\/www.fitadium.com\/conseils\/wp-json\/wp\/v2\/types\/page"}],"author":[{"embeddable":true,"href":"https:\/\/www.fitadium.com\/conseils\/wp-json\/wp\/v2\/users\/23"}],"replies":[{"embeddable":true,"href":"https:\/\/www.fitadium.com\/conseils\/wp-json\/wp\/v2\/comments?post=56227"}],"version-history":[{"count":18,"href":"https:\/\/www.fitadium.com\/conseils\/wp-json\/wp\/v2\/pages\/56227\/revisions"}],"predecessor-version":[{"id":59313,"href":"https:\/\/www.fitadium.com\/conseils\/wp-json\/wp\/v2\/pages\/56227\/revisions\/59313"}],"up":[{"embeddable":true,"href":"https:\/\/www.fitadium.com\/conseils\/wp-json\/wp\/v2\/pages\/56095"}],"wp:attachment":[{"href":"https:\/\/www.fitadium.com\/conseils\/wp-json\/wp\/v2\/media?parent=56227"}],"curies":[{"name":"wp","href":"https:\/\/api.w.org\/{rel}","templated":true}]}}