{"id":56410,"date":"2022-08-25T10:43:13","date_gmt":"2022-08-25T08:43:13","guid":{"rendered":"https:\/\/www.fitadium.com\/conseils\/?page_id=56410"},"modified":"2025-09-18T10:36:40","modified_gmt":"2025-09-18T08:36:40","slug":"creatine-jour-repos","status":"publish","type":"page","link":"https:\/\/www.fitadium.com\/conseils\/creatine\/creatine-jour-repos\/","title":{"rendered":"Est-il utile de prendre de la cr\u00e9atine les jours de repos ?"},"content":{"rendered":"\n<p>La plupart des pratiquants de musculation se posent la question de savoir si <a href=\"https:\/\/www.fitadium.com\/7-creatines\"><strong>la cr\u00e9atine<\/strong><\/a><strong> doit \u00eatre prise pendant les jours de repos<\/strong>.<\/p>\n\n\n\n<p>\u00c9tant donn\u00e9 que la cr\u00e9atine est souvent ajout\u00e9e aux <strong>formules de pr\u00e9workout avec stimulants<\/strong> ou aux <strong>shakes de prot\u00e9ines apr\u00e8s l&rsquo;exercice<\/strong>, les athl\u00e8tes se demandent s&rsquo;il est vraiment n\u00e9cessaire de prendre de la cr\u00e9atine durant les jours de repos et pour quelles raisons.<\/p>\n\n\n\n<p>La r\u00e9ponse est oui. Dans cet article, nous vous expliquerons pourquoi <strong>la cr\u00e9atine doit \u00eatre prise m\u00eame les jours o\u00f9 vous n&rsquo;avez pas de s\u00e9ances d&rsquo;exercices de pr\u00e9vues<\/strong>.<\/p>\n\n\n\n<h2 class=\"wp-block-heading\" id=\"importance\">L&rsquo;importance et l&rsquo;utilit\u00e9 des jours de repos en musculation<\/h2>\n\n\n\n<p>Il est parfois assez juste de dire que les<strong> jours de repos et les moments de r\u00e9cup\u00e9ration<\/strong> comptent plus pour la <strong>r\u00e9cup\u00e9ration et la croissance musculaire <\/strong>que les jours d&rsquo;entra\u00eenement.<\/p>\n\n\n\n<p>Cependant, les deux p\u00e9riodes sont compl\u00e9mentaires. Pourtant, si vous n\u00e9gligez la r\u00e9cup\u00e9ration post-exercices, vous risquez surtout de <strong>perdre votre capacit\u00e9 \u00e0 lib\u00e9rer de l&rsquo;\u00e9nergie et de la force<\/strong> assez rapidement.<\/p>\n\n\n\n<p>Vous finirez par perdre du muscle, de <strong>r\u00e9gresser <\/strong>et de tomber dans une<strong> p\u00e9riode de surentra\u00eenement<\/strong>. \u00c0 vrai dire, le surentra\u00eenement n&rsquo;est pas un mythe, n&rsquo;importe quel bodybuilder peut en faire les frais sur une p\u00e9riode de temps plus ou moins longue, de <strong>perdre de la masse et de la force musculaire<\/strong>.<\/p>\n\n\n\n<h3 class=\"wp-block-heading\" id=\"recup\">La r\u00e9cup\u00e9ration post-entra\u00eenement : un apport optimal en prot\u00e9ines + cr\u00e9atine<\/h3>\n\n\n\n<p>Mais pour mieux comprendre la question de<strong> la r\u00e9cup\u00e9ration post-exercices<\/strong>, prenez l&rsquo;exemple des prot\u00e9ines.<\/p>\n\n\n\n<p>Votre organisme et vos cellules synth\u00e9tisent sans cesse de nouvelles prot\u00e9ines<strong> \u00e0 partir des acides amin\u00e9s issus de l&rsquo;alimentation<\/strong> et de <strong>vos compl\u00e9ments alimentaires<\/strong>.<\/p>\n\n\n\n<p>C&rsquo;est \u00e9galement le cas pour les <strong>muscles squelettiques <\/strong>qui se r\u00e9g\u00e9n\u00e8rent <strong>apr\u00e8s les exercices de force<\/strong>.<\/p>\n\n\n\n<p>Le <strong>ph\u00e9nom\u00e8ne de l&rsquo;hypertrophie <\/strong>s&rsquo;av\u00e8re d&rsquo;ailleurs tr\u00e8s complexe. Ajoutons seulement que la <strong>r\u00e9cup\u00e9ration des tissus musculaires<\/strong> apr\u00e8s un entra\u00eenement intense de musculation n\u00e9cessite <strong>au moins trois jours<\/strong>, une p\u00e9riode de temps o\u00f9 la synth\u00e8se des prot\u00e9ines sera plus active pour un groupe musculaire entra\u00een\u00e9.<\/p>\n\n\n\n<p>Cela veut dire que vos apports en prot\u00e9ine doivent \u00eatre les m\u00eames, <strong>autant pour les jours d&rsquo;entra\u00eenement<\/strong> que durant les jours de repos. La suppl\u00e9mentation en cr\u00e9atine peut aussi <strong>potentialiser et \u00e9courter les phases de r\u00e9cup\u00e9ration<\/strong>, nous vous expliquerons pourquoi.<\/p>\n\n\n<div class=\"columns-push-product\">\n  <div class=\"columns-push-product__body\">\n    \n\n<p class=\"has-large-font-size\"><\/p>\n\n\n  <\/div>\n  <div class=\"columns-push-product__product\">\n    <div class=\"product\" GTM-data-id=\"2739\" GTM-data-nom=\"PROGRAMME PRISE DE MUSCLE SEC - AVANCE\">\n  <div class=\"product__img\" style=\"width: -webkit-fill-available;\">\n    <a href=\"https:\/\/www.fitadium.com\/2739-programme-prise-de-muscle-sec-avance.html#\/503068-gout_100_whey_proteine_advanced-banana_split\" class=\"product__image_lnk GTM_blog_product\" >\n      <img decoding=\"async\" src=\"https:\/\/www.fitadium.com\/25274-fit_540\/programme-prise-de-muscle-sec-avance.jpg\" alt=\"\" class=\"product__image lazyload\">\n    <\/a>\n  <\/div>\n  <div class=\"product__body\">\n        <div class=\"product__brand\">Superset Nutrition<\/div>\n    <a class=\"product__name GTM_blog_product\" href=\"https:\/\/www.fitadium.com\/2739-programme-prise-de-muscle-sec-avance.html#\/503068-gout_100_whey_proteine_advanced-banana_split\" title=\"PROGRAMME PRISE DE MUSCLE SEC - AVANCE\">\n      PROGRAMME PRISE DE MUSCLE SEC &#8211; AVANCE\n    <\/a>\n          <span class=\"product__price\">69.9 \u20ac<\/span>\n      <span class=\"product__price_old\">93.7 \u20ac<\/span>\n            <div class=\"product__excerpt\">INTENSIFIE TA PRISE DE MUSCLE SEC ! Les coachs sportifs\u2026<\/div>\n            <div><a class=\"product__cta GTM_blog_product\" href=\"https:\/\/www.fitadium.com\/2739-programme-prise-de-muscle-sec-avance.html#\/503068-gout_100_whey_proteine_advanced-banana_split\" title=\"PROGRAMME PRISE DE MUSCLE SEC - AVANCE\">Voir le produit<\/a><\/div>\n  <\/div>\n<\/div>\n  <\/div>\n<\/div>\n\n\n\n<h3 class=\"wp-block-heading\" id=\"periode\">La p\u00e9riode de r\u00e9cup\u00e9ration post-exercices est critique pour l&rsquo;hypertrophie musculaire<\/h3>\n\n\n\n<p>\u00c0 vrai dire, la croissance musculaire n&rsquo;est r\u00e9ellement effective qu&rsquo;en <strong>respectant les p\u00e9riodes de repos et de r\u00e9cup\u00e9ration<\/strong>.<\/p>\n\n\n\n<p>L&rsquo;exercice physique \u00e9tant en soi <strong>catabolique<\/strong>, la synth\u00e8se prot\u00e9ique sera toujours <strong>plus basse pendant les jours d&rsquo;entra\u00eenement<\/strong> que durant les jours de repos.<\/p>\n\n\n\n<p>Concernant la cr\u00e9atine, c&rsquo;est un peu la m\u00eame chose. Les entra\u00eenements intenses de musculation ou de Crossfit vont solliciter intens\u00e9ment vos <strong>r\u00e9serves de <\/strong><a href=\"https:\/\/www.fitadium.com\/conseils\/creatine\/creatine-phosphate\/\"><strong>phosphocr\u00e9atine cellulaire<\/strong><\/a> (cr\u00e9atine phosphate).<\/p>\n\n\n\n<p>La suppl\u00e9mentation permet justement un apport quotidien pour <strong>restocker de la cr\u00e9atine plus rapidement<\/strong> qu&rsquo;en son absence, et en plus grande quantit\u00e9. Ce retour optimal des niveaux de cr\u00e9atine entra\u00eenera ensuite une <strong>r\u00e9cup\u00e9ration plus rapide apr\u00e8s l&rsquo;exercice<\/strong>. Vous avez donc tout int\u00e9r\u00eat \u00e0 prendre de la cr\u00e9atine durant les jours de repos afin d&rsquo;<strong>optimiser le recyclage de la cr\u00e9atine<\/strong> avec l&rsquo;ATP \u00e0 ce moment pr\u00e9cis.<\/p>\n\n\n\n<h2 class=\"wp-block-heading\" id=\"pourquoi\">Pourquoi prendre de la cr\u00e9atine monohydrate les jours de repos ?<\/h2>\n\n\n\n<p>Le principe de la <a href=\"https:\/\/www.fitadium.com\/conseils\/creatine\/monohydrate\/\">suppl\u00e9mentation en cr\u00e9atine monohydrate<\/a> consiste justement \u00e0 <strong>augmenter les r\u00e9serves de phosphocr\u00e9atine musculaire<\/strong> de mani\u00e8re graduelle dans le corps.<\/p>\n\n\n\n<p>Ces r\u00e9serves peuvent \u00eatre l\u00e9g\u00e8rement augment\u00e9es et c&rsquo;est pr\u00e9cis\u00e9ment cette am\u00e9lioration l\u00e9g\u00e8re de la cr\u00e9atine pr\u00e9sente dans vos muscles qui fera toute la diff\u00e9rence.<\/p>\n\n\n\n<ul class=\"wp-block-list\"><li>La pratique d&rsquo;<strong>activit\u00e9s de musculation \u00e0 haute intensit\u00e9<\/strong> va entra\u00eener une <strong>baisse majeure de la phosphocr\u00e9atine musculaire<\/strong>.<\/li><li>Prendre de la cr\u00e9atine monohydrate au moment o\u00f9 vous ne vous entra\u00eenez pas est donc tout \u00e0 fait strat\u00e9gique pour les athl\u00e8tes.<\/li><\/ul>\n\n\n\n<p>Ajoutons \u00e9galement que la r\u00e9cup\u00e9ration post-exercices qui se prolonge <strong>au moins 3 jours<\/strong> (parfois m\u00eame 5 jours pour les entra\u00eenements les plus intensifs) entra\u00eene aussi une <strong>plus forte consommation d&rsquo;\u00e9nergie<\/strong>.<\/p>\n\n\n\n<p>Une partie de cette \u00e9nergie passe par la <strong>synth\u00e8se de l&rsquo;ATP<\/strong> et donc, par des besoins augment\u00e9s en cr\u00e9atine. Un apport quotidien en cr\u00e9atine constant, m\u00eame <strong>pendant les jours de repos<\/strong>, serait donc <a href=\"https:\/\/www.fitadium.com\/conseils\/creatine\/creatine-musculation\/\">optimal pour la <strong>croissance musculaire<\/strong><\/a> et la<strong> synth\u00e8se des prot\u00e9ines<\/strong> pendant les p\u00e9riodes de r\u00e9cup\u00e9ration.<\/p>\n\n\n\n<h3 class=\"wp-block-heading\" id=\"dose\">Combien de grammes de cr\u00e9atine pendant les jours de repos (dosage) ?<\/h3>\n\n\n\n<blockquote class=\"wp-block-quote is-layout-flow wp-block-quote-is-layout-flow\"><p>De toute \u00e9vidence, l&rsquo;apport quotidien de cr\u00e9atine monohydrate (ou d&rsquo;autres formes de cr\u00e9atine) \u00e0 prendre pendant les jours de repos sera la m\u00eame que pour les jours d&rsquo;entra\u00eenement.<\/p><\/blockquote>\n\n\n\n<p>La capacit\u00e9 d&rsquo;assimilation de la cr\u00e9atine ne sera pas plus \u00e9lev\u00e9e lorsque vous r\u00e9cup\u00e9rez qu&rsquo;au moment o\u00f9 vous effectuez vos entra\u00eenements.<\/p>\n\n\n\n<p>Aucune \u00e9tude clinique ne met d&rsquo;ailleurs en \u00e9vidence de <strong>diff\u00e9rences d&rsquo;assimilation<\/strong> sur ce crit\u00e8re en particulier. \u00c9videmment, il ne s&rsquo;agit pas pour vous de prendre une <strong><a href=\"https:\/\/www.fitadium.com\/8-preworkout\">formule pr\u00e9workout avec de la cr\u00e9atine<\/a><\/strong> sans vous entra\u00eener ensuite.<\/p>\n\n\n\n<p>Par contre, un compl\u00e9ment alimentaire de cr\u00e9atine monohydrate<a href=\"https:\/\/www.fitadium.com\/conseils\/creatine\/comment-prendre\/\"> sous forme de poudre ou g\u00e9lules<\/a> sera tout indiqu\u00e9. Quelques grammes \u00e0 ajouter dans votre <strong><a href=\"https:\/\/www.fitadium.com\/4-proteines\">shaker de prot\u00e9ine<\/a> <\/strong>est une bonne strat\u00e9gie \u00e0 adopter. Vous pouvez \u00e9galement prendre dose de cr\u00e9atine en boisson glucidique entre les repas comme par exemple le Celltech de Muscletech. Tu peux consulter notre analyse des <a href=\"https:\/\/www.fitadium.com\/conseils\/creatine\/meilleure-creatine\/\">meilleures cr\u00e9atines du march\u00e9<\/a> pour t&rsquo;y retrouver.<\/p>\n\n\n<div class=\"columns-push-product\">\n  <div class=\"columns-push-product__body\">\n    \n\n<p class=\"has-large-font-size\"><\/p>\n\n\n  <\/div>\n  <div class=\"columns-push-product__product\">\n      <\/div>\n<\/div>\n\n\n\n<h3 class=\"wp-block-heading\" id=\"quand\">Quand prendre de la cr\u00e9atine monohydrate un jour de repos sans musculation ?<\/h3>\n\n\n\n<p>Prendre de la cr\u00e9atine pendant les jours de repos peut se faire de diff\u00e9rentes mani\u00e8res. Dans tous les cas, la cr\u00e9atine vous aidera \u00e0 r\u00e9cup\u00e9rer de vos entra\u00eenements intenses de musculation :<\/p>\n\n\n\n<ul class=\"wp-block-list\"><li>Si vous prenez une <strong>boisson glucidique de type CellTech<\/strong>, prenez-en une dose entre deux repas.<\/li><li>S&rsquo;il s&rsquo;agit d&rsquo;un <a href=\"https:\/\/www.fitadium.com\/conseils\/creatine\/creatine-prise-de-masse\/\">objectif de prise de masse<\/a>, ajoutez une dose de<strong> 3 \u00e0 5 g de cr\u00e9atine monohydrate \u00e0 votre gainer <\/strong>est une strat\u00e9gie payante.<\/li><li>Vous pouvez \u00e9galement r\u00e9partir <strong>3 \u00e0 5 g de cr\u00e9atine sur la journ\u00e9e, avec une boisson glucidique ou un jus de fruits <\/strong>pour une meilleure absorption.<\/li><li>Pendant la s\u00e8che, prenez votre cr\u00e9atine au moment de la journ\u00e9e <strong>o\u00f9 vous prenez le plus d&rsquo;aliments sources de glucides<\/strong>.<\/li><\/ul>\n\n\n\n<p>Rappelez-vous que l&rsquo;utilisation de la cr\u00e9atine est efficace lorsqu&rsquo;elle est prise de <strong>mani\u00e8re chronique<\/strong>, en optimisant graduellement vos r\u00e9serves de phosphocr\u00e9atine intramusculaires.<\/p>\n\n\n\n<p>En augmentant la <a href=\"https:\/\/www.fitadium.com\/conseils\/creatine\/dosage\/\">quantit\u00e9 de cr\u00e9atine<\/a> pr\u00e9sente dans vos muscles avec un compl\u00e9ment alimentaire, vous am\u00e9liorez<strong> le rendement \u00e9nerg\u00e9tique et la force de vos muscles<\/strong>. Une prise chronique de cr\u00e9atine, m\u00eame au moment des jours de repos, vous aidera \u00e0 favoriser ce <strong>processus naturel de g\u00e9n\u00e9ration instantan\u00e9e d&rsquo;\u00e9nergie cellulaire<\/strong>.<br><br><br><\/p>\n","protected":false},"excerpt":{"rendered":"<p>La plupart des pratiquants de musculation se posent la question de savoir si la cr\u00e9atine doit \u00eatre prise pendant les jours de repos. \u00c9tant donn\u00e9 que la cr\u00e9atine est souvent ajout\u00e9e aux formules de pr\u00e9workout avec stimulants ou aux shakes de prot\u00e9ines apr\u00e8s l&rsquo;exercice, les athl\u00e8tes se demandent s&rsquo;il est vraiment n\u00e9cessaire de prendre de [&hellip;]<\/p>\n","protected":false},"author":23,"featured_media":56412,"parent":56095,"menu_order":0,"comment_status":"closed","ping_status":"closed","template":"template-cocon.php","meta":{"footnotes":""},"class_list":null,"yoast_head":"<!-- This site is optimized with the Yoast SEO plugin v17.1 - https:\/\/yoast.com\/wordpress\/plugins\/seo\/ -->\n<title>Prendre de la cr\u00e9atine les jours de repos<\/title>\n<meta name=\"description\" content=\"L\u2019importance des jours de repos en musculation \u2605Pourquoi prendre de la cr\u00e9atine les jours de repos ? \u2605Combien et quand la prendre ?\" \/>\n<meta name=\"robots\" content=\"index, follow, max-snippet:-1, max-image-preview:large, max-video-preview:-1\" \/>\n<link rel=\"canonical\" href=\"https:\/\/www.fitadium.com\/conseils\/creatine\/creatine-jour-repos\/\" \/>\n<meta property=\"og:locale\" content=\"fr_FR\" \/>\n<meta property=\"og:type\" content=\"article\" \/>\n<meta property=\"og:title\" content=\"Prendre de la cr\u00e9atine les jours de repos\" \/>\n<meta property=\"og:description\" content=\"L\u2019importance des jours de repos en musculation \u2605Pourquoi prendre de la cr\u00e9atine les jours de repos ? \u2605Combien et quand la prendre ?\" \/>\n<meta property=\"og:url\" content=\"https:\/\/www.fitadium.com\/conseils\/creatine\/creatine-jour-repos\/\" \/>\n<meta property=\"og:site_name\" content=\"Fitadium\" \/>\n<meta property=\"article:publisher\" content=\"https:\/\/www.facebook.com\/fitadium.musculation\" \/>\n<meta property=\"article:modified_time\" content=\"2025-09-18T08:36:40+00:00\" \/>\n<meta property=\"og:image\" content=\"https:\/\/www.fitadium.com\/conseils\/wp-content\/uploads\/2022\/07\/creatine-jours-repos.jpg\" \/>\n\t<meta property=\"og:image:width\" content=\"560\" \/>\n\t<meta property=\"og:image:height\" content=\"450\" \/>\n<script type=\"application\/ld+json\" class=\"yoast-schema-graph\">{\"@context\":\"https:\/\/schema.org\",\"@graph\":[{\"@type\":\"Organization\",\"@id\":\"https:\/\/www.fitadium.com\/conseils\/#organization\",\"name\":\"FITADIUM\",\"url\":\"https:\/\/www.fitadium.com\/conseils\/\",\"sameAs\":[\"https:\/\/www.facebook.com\/fitadium.musculation\"],\"logo\":{\"@type\":\"ImageObject\",\"@id\":\"https:\/\/www.fitadium.com\/conseils\/#logo\",\"inLanguage\":\"fr-FR\",\"url\":\"https:\/\/www.fitadium.com\/conseils\/wp-content\/uploads\/2013\/08\/mobypicture.jpg\",\"contentUrl\":\"https:\/\/www.fitadium.com\/conseils\/wp-content\/uploads\/2013\/08\/mobypicture.jpg\",\"width\":510,\"height\":600,\"caption\":\"FITADIUM\"},\"image\":{\"@id\":\"https:\/\/www.fitadium.com\/conseils\/#logo\"}},{\"@type\":\"WebSite\",\"@id\":\"https:\/\/www.fitadium.com\/conseils\/#website\",\"url\":\"https:\/\/www.fitadium.com\/conseils\/\",\"name\":\"Fitadium\",\"description\":\"Toute l&#039;actualit\\u00e9 de la musculation et du fitness\",\"publisher\":{\"@id\":\"https:\/\/www.fitadium.com\/conseils\/#organization\"},\"potentialAction\":[{\"@type\":\"SearchAction\",\"target\":{\"@type\":\"EntryPoint\",\"urlTemplate\":\"https:\/\/www.fitadium.com\/conseils\/?s={search_term_string}\"},\"query-input\":\"required name=search_term_string\"}],\"inLanguage\":\"fr-FR\"},{\"@type\":\"ImageObject\",\"@id\":\"https:\/\/www.fitadium.com\/conseils\/creatine\/creatine-jour-repos\/#primaryimage\",\"inLanguage\":\"fr-FR\",\"url\":\"https:\/\/www.fitadium.com\/conseils\/wp-content\/uploads\/2022\/07\/creatine-jours-repos.jpg\",\"contentUrl\":\"https:\/\/www.fitadium.com\/conseils\/wp-content\/uploads\/2022\/07\/creatine-jours-repos.jpg\",\"width\":560,\"height\":450,\"caption\":\"prendre de la cr\\u00e9atine les jours de repos\"},{\"@type\":\"WebPage\",\"@id\":\"https:\/\/www.fitadium.com\/conseils\/creatine\/creatine-jour-repos\/#webpage\",\"url\":\"https:\/\/www.fitadium.com\/conseils\/creatine\/creatine-jour-repos\/\",\"name\":\"Prendre de la cr\\u00e9atine les jours de repos\",\"isPartOf\":{\"@id\":\"https:\/\/www.fitadium.com\/conseils\/#website\"},\"primaryImageOfPage\":{\"@id\":\"https:\/\/www.fitadium.com\/conseils\/creatine\/creatine-jour-repos\/#primaryimage\"},\"datePublished\":\"2022-08-25T08:43:13+00:00\",\"dateModified\":\"2025-09-18T08:36:40+00:00\",\"description\":\"L\\u2019importance des jours de repos en musculation \\u2605Pourquoi prendre de la cr\\u00e9atine les jours de repos ? \\u2605Combien et quand la prendre ?\",\"breadcrumb\":{\"@id\":\"https:\/\/www.fitadium.com\/conseils\/creatine\/creatine-jour-repos\/#breadcrumb\"},\"inLanguage\":\"fr-FR\",\"potentialAction\":[{\"@type\":\"ReadAction\",\"target\":[\"https:\/\/www.fitadium.com\/conseils\/creatine\/creatine-jour-repos\/\"]}]},{\"@type\":\"BreadcrumbList\",\"@id\":\"https:\/\/www.fitadium.com\/conseils\/creatine\/creatine-jour-repos\/#breadcrumb\",\"itemListElement\":[{\"@type\":\"ListItem\",\"position\":1,\"name\":\"Home\",\"item\":\"https:\/\/www.fitadium.com\/conseils\/\"},{\"@type\":\"ListItem\",\"position\":2,\"name\":\"Le guide de la cr\\u00e9atine\",\"item\":\"https:\/\/www.fitadium.com\/conseils\/creatine\/\"},{\"@type\":\"ListItem\",\"position\":3,\"name\":\"Est-il utile de prendre de la cr\\u00e9atine les jours de repos ?\"}]}]}<\/script>\n<!-- \/ Yoast SEO plugin. -->","yoast_head_json":{"title":"Prendre de la cr\u00e9atine les jours de repos","description":"L\u2019importance des jours de repos en musculation \u2605Pourquoi prendre de la cr\u00e9atine les jours de repos ? \u2605Combien et quand la prendre ?","robots":{"index":"index","follow":"follow","max-snippet":"max-snippet:-1","max-image-preview":"max-image-preview:large","max-video-preview":"max-video-preview:-1"},"canonical":"https:\/\/www.fitadium.com\/conseils\/creatine\/creatine-jour-repos\/","og_locale":"fr_FR","og_type":"article","og_title":"Prendre de la cr\u00e9atine les jours de repos","og_description":"L\u2019importance des jours de repos en musculation \u2605Pourquoi prendre de la cr\u00e9atine les jours de repos ? \u2605Combien et quand la prendre ?","og_url":"https:\/\/www.fitadium.com\/conseils\/creatine\/creatine-jour-repos\/","og_site_name":"Fitadium","article_publisher":"https:\/\/www.facebook.com\/fitadium.musculation","article_modified_time":"2025-09-18T08:36:40+00:00","og_image":[{"width":560,"height":450,"url":"https:\/\/www.fitadium.com\/conseils\/wp-content\/uploads\/2022\/07\/creatine-jours-repos.jpg","path":"\/home\/www\/fitadium\/www\/conseils\/wp-content\/uploads\/2022\/07\/creatine-jours-repos.jpg","size":"full","id":56412,"alt":"prendre de la cr\u00e9atine les jours de repos","pixels":252000,"type":"image\/jpeg"}],"schema":{"@context":"https:\/\/schema.org","@graph":[{"@type":"Organization","@id":"https:\/\/www.fitadium.com\/conseils\/#organization","name":"FITADIUM","url":"https:\/\/www.fitadium.com\/conseils\/","sameAs":["https:\/\/www.facebook.com\/fitadium.musculation"],"logo":{"@type":"ImageObject","@id":"https:\/\/www.fitadium.com\/conseils\/#logo","inLanguage":"fr-FR","url":"https:\/\/www.fitadium.com\/conseils\/wp-content\/uploads\/2013\/08\/mobypicture.jpg","contentUrl":"https:\/\/www.fitadium.com\/conseils\/wp-content\/uploads\/2013\/08\/mobypicture.jpg","width":510,"height":600,"caption":"FITADIUM"},"image":{"@id":"https:\/\/www.fitadium.com\/conseils\/#logo"}},{"@type":"WebSite","@id":"https:\/\/www.fitadium.com\/conseils\/#website","url":"https:\/\/www.fitadium.com\/conseils\/","name":"Fitadium","description":"Toute l&#039;actualit\u00e9 de la musculation et du fitness","publisher":{"@id":"https:\/\/www.fitadium.com\/conseils\/#organization"},"potentialAction":[{"@type":"SearchAction","target":{"@type":"EntryPoint","urlTemplate":"https:\/\/www.fitadium.com\/conseils\/?s={search_term_string}"},"query-input":"required name=search_term_string"}],"inLanguage":"fr-FR"},{"@type":"ImageObject","@id":"https:\/\/www.fitadium.com\/conseils\/creatine\/creatine-jour-repos\/#primaryimage","inLanguage":"fr-FR","url":"https:\/\/www.fitadium.com\/conseils\/wp-content\/uploads\/2022\/07\/creatine-jours-repos.jpg","contentUrl":"https:\/\/www.fitadium.com\/conseils\/wp-content\/uploads\/2022\/07\/creatine-jours-repos.jpg","width":560,"height":450,"caption":"prendre de la cr\u00e9atine les jours de repos"},{"@type":"WebPage","@id":"https:\/\/www.fitadium.com\/conseils\/creatine\/creatine-jour-repos\/#webpage","url":"https:\/\/www.fitadium.com\/conseils\/creatine\/creatine-jour-repos\/","name":"Prendre de la cr\u00e9atine les jours de repos","isPartOf":{"@id":"https:\/\/www.fitadium.com\/conseils\/#website"},"primaryImageOfPage":{"@id":"https:\/\/www.fitadium.com\/conseils\/creatine\/creatine-jour-repos\/#primaryimage"},"datePublished":"2022-08-25T08:43:13+00:00","dateModified":"2025-09-18T08:36:40+00:00","description":"L\u2019importance des jours de repos en musculation \u2605Pourquoi prendre de la cr\u00e9atine les jours de repos ? \u2605Combien et quand la prendre ?","breadcrumb":{"@id":"https:\/\/www.fitadium.com\/conseils\/creatine\/creatine-jour-repos\/#breadcrumb"},"inLanguage":"fr-FR","potentialAction":[{"@type":"ReadAction","target":["https:\/\/www.fitadium.com\/conseils\/creatine\/creatine-jour-repos\/"]}]},{"@type":"BreadcrumbList","@id":"https:\/\/www.fitadium.com\/conseils\/creatine\/creatine-jour-repos\/#breadcrumb","itemListElement":[{"@type":"ListItem","position":1,"name":"Home","item":"https:\/\/www.fitadium.com\/conseils\/"},{"@type":"ListItem","position":2,"name":"Le guide de la cr\u00e9atine","item":"https:\/\/www.fitadium.com\/conseils\/creatine\/"},{"@type":"ListItem","position":3,"name":"Est-il utile de prendre de la cr\u00e9atine les jours de repos ?"}]}]}},"featured_image_src":"https:\/\/www.fitadium.com\/conseils\/wp-content\/uploads\/2022\/07\/creatine-jours-repos-560x400.jpg","featured_image_src_square":"https:\/\/www.fitadium.com\/conseils\/wp-content\/uploads\/2022\/07\/creatine-jours-repos.jpg","_links":{"self":[{"href":"https:\/\/www.fitadium.com\/conseils\/wp-json\/wp\/v2\/pages\/56410","targetHints":{"allow":["GET"]}}],"collection":[{"href":"https:\/\/www.fitadium.com\/conseils\/wp-json\/wp\/v2\/pages"}],"about":[{"href":"https:\/\/www.fitadium.com\/conseils\/wp-json\/wp\/v2\/types\/page"}],"author":[{"embeddable":true,"href":"https:\/\/www.fitadium.com\/conseils\/wp-json\/wp\/v2\/users\/23"}],"replies":[{"embeddable":true,"href":"https:\/\/www.fitadium.com\/conseils\/wp-json\/wp\/v2\/comments?post=56410"}],"version-history":[{"count":17,"href":"https:\/\/www.fitadium.com\/conseils\/wp-json\/wp\/v2\/pages\/56410\/revisions"}],"predecessor-version":[{"id":60828,"href":"https:\/\/www.fitadium.com\/conseils\/wp-json\/wp\/v2\/pages\/56410\/revisions\/60828"}],"up":[{"embeddable":true,"href":"https:\/\/www.fitadium.com\/conseils\/wp-json\/wp\/v2\/pages\/56095"}],"wp:featuredmedia":[{"embeddable":true,"href":"https:\/\/www.fitadium.com\/conseils\/wp-json\/wp\/v2\/media\/56412"}],"wp:attachment":[{"href":"https:\/\/www.fitadium.com\/conseils\/wp-json\/wp\/v2\/media?parent=56410"}],"curies":[{"name":"wp","href":"https:\/\/api.w.org\/{rel}","templated":true}]}}