{"id":56428,"date":"2022-08-25T10:34:10","date_gmt":"2022-08-25T08:34:10","guid":{"rendered":"https:\/\/www.fitadium.com\/conseils\/?page_id=56428"},"modified":"2025-09-18T10:00:24","modified_gmt":"2025-09-18T08:00:24","slug":"preworkout","status":"publish","type":"page","link":"https:\/\/www.fitadium.com\/conseils\/creatine\/preworkout\/","title":{"rendered":"Cr\u00e9atine et pr\u00e9workout, pourquoi les associer?"},"content":{"rendered":"\n<p><a href=\"https:\/\/www.fitadium.com\/7-creatines\">Cr\u00e9atine<\/a> et pr\u00e9workout, c&rsquo;est le combo id\u00e9al avant un entra\u00eenement de musculation ou crossfit, pour un<strong> grain de force et d&rsquo;\u00e9nergie<\/strong>, augmenter <strong>le nombre de r\u00e9p\u00e9titions <\/strong>avec des <strong>charges plus lourdes<\/strong>.<\/p>\n\n\n\n<p>Avec ou sans stimulant comme la caf\u00e9ine, l&rsquo;association d&rsquo;un pr\u00e9workout et cr\u00e9atine cumule <strong>un ensemble de nutriments et ergog\u00e8nes pour l&rsquo;organisme<\/strong>, c&rsquo;est \u00e0 dire des processus qui am\u00e9liorent les capacit\u00e9s physiques et cognitives.<\/p>\n\n\n\n<p>La cr\u00e9atine travaille en synergie avec les nutriments associ\u00e9s par le pr\u00e9workout pour<strong> stimuler la force et la puissance musculaire<\/strong> lors d&rsquo;exercices intenses.<\/p>\n\n\n\n<h2 class=\"wp-block-heading\" id=\"definition\">Que sont les pr\u00e9workout et la cr\u00e9atine en musculation ?<\/h2>\n\n\n\n<h3 class=\"wp-block-heading\" id=\"utilite\">Utilit\u00e9 des pr\u00e9workout et des stimulants comme la caf\u00e9ine<\/h3>\n\n\n\n<p>Les <strong>suppl\u00e9ments de <a href=\"https:\/\/www.fitadium.com\/8-preworkout\">pr\u00e9workout<\/a><\/strong> sont con\u00e7us pour <strong>am\u00e9liorer la puissance<\/strong> \u00e0 la fois sur des exercices d&rsquo;ana\u00e9robie et a\u00e9robie. Ils augmentent les capacit\u00e9s physiques, l\u2019<strong>endurance musculaire<\/strong>, la <strong>concentration mentale<\/strong> et am\u00e9liorent la <strong>r\u00e9cup\u00e9ration post-exercice<\/strong>.<\/p>\n\n\n\n<p>Ce type de suppl\u00e9ments pr\u00e9workout peut inclure des stimulants tels que la <strong>caf\u00e9ine<\/strong>, la tyrosine, la dim\u00e9thylamylamine et la ph\u00e9nyl\u00e9thylamine. Il comprend aussi les pr\u00e9curseurs de NO (Oxyde Nitrique) comme l\u2019arginine, l\u2019agmatine\u2026 Ou encore des nutriments comme la <strong>cr\u00e9atine<\/strong>, la citrulline, la b\u00eata-alanine, et certains acides amin\u00e9s comme les BCAAS.<\/p>\n\n\n\n<h3 class=\"wp-block-heading\" id=\"cafeine\">Utilit\u00e9 de la caf\u00e9ine<\/h3>\n\n\n\n<p><strong>Stimulant nerveux central <\/strong>avec des propri\u00e9t\u00e9s diur\u00e9tiques, la caf\u00e9ine est souvent utilis\u00e9e par les athl\u00e8tes comme <strong>stimulant de pr\u00e9-entra\u00eenement<\/strong> (ou br\u00fbleur de graisse). Elle est souvent pr\u00e9sente dans les pr\u00e9workouts car elle augmente la capacit\u00e9 de <strong>contraction des muscles squelettiques<\/strong> et aide l&rsquo;organisme \u00e0 m\u00e9taboliser la graisse.<\/p>\n\n\n\n<p>Une \u00e9tude men\u00e9e par Jordan Joy, chercheur \u00e0 la Texas Woman\u2019s University a montr\u00e9 que la caf\u00e9ine pouvait <strong>augmenter artificiellement la production d\u2019ATP<\/strong> en l&rsquo;associant avec un suppl\u00e9ment booster de l\u2019ATP (extraits de pois et de pomme). Chez des sujets soumis \u00e0 un entra\u00eenement de musculation, pendant 8 semaines, cette combinaison a permis d\u2019<strong>augmenter la taille de leur quadriceps.<\/strong><\/p>\n\n\n\n<h3 class=\"wp-block-heading\" id=\"action\">Action de la cr\u00e9atine<\/h3>\n\n\n\n<p>La cr\u00e9atine est <a href=\"https:\/\/www.fitadium.com\/conseils\/creatine\/cest-quoi-creatine\/\">une <strong>mol\u00e9cule naturellement pr\u00e9sente dans le corps<\/strong><\/a> o\u00f9 elle est stock\u00e9e dans les muscles, le foie, le cerveau et les reins. Elle est synth\u00e9tis\u00e9e \u00e0 partir de <strong>3 acides amin\u00e9s <\/strong>: la glycine, la m\u00e9thionine et l&rsquo;arginine.<\/p>\n\n\n\n<p>Au niveau cellulaire, la cr\u00e9atine <a href=\"https:\/\/www.fitadium.com\/conseils\/creatine\/a-quoi-sert-creatine\/\"><strong>lib\u00e8re un phosphate pour g\u00e9n\u00e9rer de l&rsquo;\u00e9nergie<\/strong>, <\/a>un principe qu&rsquo;elle partage avec l&rsquo;ATP (adenosine triphosphate). Son r\u00f4le dans le transport des phosphate favorise la <strong>lib\u00e9ration imm\u00e9diate d&rsquo;\u00e9nergie <\/strong>n\u00e9cessaire \u00e0 la contraction musculaire pour des efforts brefs dans les sports de force.<\/p>\n\n\n\n<p>La <a href=\"https:\/\/www.fitadium.com\/conseils\/creatine\/monohydrate\/\">cr\u00e9atine monohydrate<\/a> est sa forme la plus populaire et la plus \u00e9tudi\u00e9e parmi les compl\u00e9ments alimentaires, c&rsquo;est encore \u00e0 l&rsquo;heure actuelle la formule la plus pl\u00e9biscit\u00e9e et efficace sur le march\u00e9. Tu peux retrouver notre <a href=\"https:\/\/www.fitadium.com\/conseils\/creatine\/meilleure-creatine\/\">dossier sur les meilleures cr\u00e9atines<\/a> pour avoir des exemples de r\u00e9f\u00e9rences.<\/p>\n\n\n\n<p>On retrouve donc des similarit\u00e9s sur la production d&rsquo;ATP entre la cr\u00e9atine et la caf\u00e9ine. Alors est-il utile d&rsquo;utiliser la cr\u00e9atine et un pr\u00e9workout contenant de la caf\u00e9ine ?<\/p>\n\n\n\n<h3 class=\"wp-block-heading\" id=\"associer\">Associer cr\u00e9atine et caf\u00e9ine ?<\/h3>\n\n\n\n<p>Stimuler les niveaux d\u2019ATP pourrait donc <strong>pr\u00e9venir la fatigue<\/strong> en am\u00e9liorant la r\u00e9gulation de l\u2019\u00e9nergie cellulaire. La plupart de cet ATP se trouve dans les cellules et est essentielle pour alimenter les contractions musculaires et la majorit\u00e9 des fonctions cellulaires.<\/p>\n\n\n<div class=\"columns-push-product\">\n  <div class=\"columns-push-product__body\">\n    \n\n<p class=\"has-large-font-size\"><\/p>\n\n\n  <\/div>\n  <div class=\"columns-push-product__product\">\n    <div class=\"product\" GTM-data-id=\"2658\" GTM-data-nom=\"PROGRAMME VOLUME ET FORCE\">\n  <div class=\"product__img\" style=\"width: -webkit-fill-available;\">\n    <a href=\"https:\/\/www.fitadium.com\/2658-programme-volume-et-force.html#\/504607-gout_no_pump-mojito\/504613-gout_creatine_hardcore-orange\" class=\"product__image_lnk GTM_blog_product\" >\n      <img decoding=\"async\" src=\"https:\/\/www.fitadium.com\/17621-fit_540\/programme-volume-et-force.jpg\" alt=\"\" class=\"product__image lazyload\">\n    <\/a>\n  <\/div>\n  <div class=\"product__body\">\n        <div class=\"product__brand\">Superset Nutrition<\/div>\n    <a class=\"product__name GTM_blog_product\" href=\"https:\/\/www.fitadium.com\/2658-programme-volume-et-force.html#\/504607-gout_no_pump-mojito\/504613-gout_creatine_hardcore-orange\" title=\"PROGRAMME VOLUME ET FORCE\">\n      PROGRAMME VOLUME ET FORCE\n    <\/a>\n          <span class=\"product__price\">69.9 \u20ac<\/span>\n      <span class=\"product__price_old\">105.7 \u20ac<\/span>\n            <div class=\"product__excerpt\">PLUS DE VOLUME, PLUS DE FORCE ! Les coachs sportifs\u2026<\/div>\n            <div><a class=\"product__cta GTM_blog_product\" href=\"https:\/\/www.fitadium.com\/2658-programme-volume-et-force.html#\/504607-gout_no_pump-mojito\/504613-gout_creatine_hardcore-orange\" title=\"PROGRAMME VOLUME ET FORCE\">Voir le produit<\/a><\/div>\n  <\/div>\n<\/div>\n  <\/div>\n<\/div>\n\n\n\n<p>La d\u00e9gradation de l\u2019ATP produit des mol\u00e9cules azot\u00e9es (des purines) qui se lient \u00e0 des r\u00e9cepteurs cellulaires. Or ceux-ci sont capables d\u2019influencer le flux sanguin musculaire, la capacit\u00e9 de mouvement, la prise de nourriture et le cycle du sommeil. Des suppl\u00e9ments stimulants de l\u2019ATP pourraient <strong>augmenter la circulation sanguine intra-musculaire<\/strong>. Et durant des contractions musculaires intenses de ce fait, ils prolongeraient ces m\u00eames contractions.<\/p>\n\n\n\n<p>La <strong>cr\u00e9atine monohydrate<\/strong> de son c\u00f4t\u00e9 renforce \u00e9galement les niveaux d\u2019ATP en augmentant les niveaux de <a href=\"https:\/\/www.fitadium.com\/conseils\/creatine\/creatine-phosphate\/\">cr\u00e9atine phosphate<\/a> dans le muscle.<\/p>\n\n\n\n<p>Il est <strong>peu probable que la caf\u00e9ine seule, m\u00eame combin\u00e9e avec des boosters d\u2019ATP soit sup\u00e9rieure \u00e0 la cr\u00e9atine monohydrate<\/strong>. L\u2019objectif premier \u00e9tant d\u2019augmenter la masse musculaire ou la puissance.<\/p>\n\n\n\n<p><strong>Pour vos pr\u00e9-workout, privil\u00e9giez donc ceux qui combinent caf\u00e9ine et cr\u00e9atine<\/strong>, si vous cherchez \u00e0 la fois \u00e0 <strong>augmenter votre volume musculaire (prise de masse) et obtenir un regain d&rsquo;\u00e9nergie<\/strong>, lors d\u2019entra\u00eenements intenses.<\/p>\n\n\n\n<h2 class=\"wp-block-heading\" id=\"pourquoi\">Pourquoi associer cr\u00e9atine et pr\u00e9workout est efficace pour booster l&rsquo;entra\u00eenement ?<\/h2>\n\n\n\n<h3 class=\"wp-block-heading\" id=\"nutriments\">Des nutriments compl\u00e9mentaires<\/h3>\n\n\n\n<p>De la m\u00eame mani\u00e8re que cr\u00e9atine et caf\u00e9ine se compl\u00e8tent parfaitement, <a href=\"https:\/\/www.fitadium.com\/433-boosters-d-entrainement\">les boosters<\/a> et pr\u00e9workouts ont des<strong> nutriments ergog\u00e8nes<\/strong> qui se compl\u00e8tent parfaitement :<\/p>\n\n\n\n<ul class=\"wp-block-list\"><li>La b\u00eata-alanine<\/li><li>les vitamines du groupe B<\/li><li>des acides amin\u00e9s: leucine, tyrosine, glutamine, alanine, taurine&#8230;<\/li><li>min\u00e9raux: magn\u00e9sium, zinc<\/li><\/ul>\n\n\n\n<h3 class=\"wp-block-heading\" id=\"force\">Gagner en \u00e9nergie et en force<\/h3>\n\n\n\n<p>Ces nutriments dans les pr\u00e9workouts <strong>accompagnent parfaitement les effets de la cr\u00e9atine <\/strong>en vue de d\u00e9clencher <strong>plusieurs processus stimulants<\/strong> avant l&rsquo;entra\u00eenement :<\/p>\n\n\n\n<ul class=\"wp-block-list\"><li>Stimulation du <strong>syst\u00e8me nerveux<\/strong>, notamment avec la caf\u00e9ine.<\/li><li>Les stimulants et la cr\u00e9atine freinent <strong>l&rsquo;oxydation du glucose<\/strong> en stimulant celle des graisses et des acides amin\u00e9s.<\/li><li>Syst\u00e8me phosphag\u00e8ne : vous cr\u00e9ez une r\u00e9serve de cr\u00e9atine disponible pour vos muscles en <strong>stimulant la r\u00e9g\u00e9n\u00e9ration de l&rsquo;ATP<\/strong> avant l&rsquo;oxydation du glucose.<\/li><\/ul>\n\n\n\n<h3 class=\"wp-block-heading\" id=\"combien\">Combien de temps les prendre avant l&rsquo;entra\u00eenement ?<\/h3>\n\n\n\n<p>\u00c9tant donn\u00e9 la dur\u00e9e d&rsquo;assimilation de la cr\u00e9atine ou de la caf\u00e9ine, il est recommand\u00e9 de prendre votre dosage de pr\u00e9workout et de cr\u00e9atine <a href=\"https:\/\/www.fitadium.com\/conseils\/creatine\/combien-temps-avant-entrainement\/\"><strong>15 \u00e0 20min avant l&rsquo;entra\u00eenement<\/strong><\/a><strong> pour am\u00e9liorer vos capacit\u00e9s physiques.<\/strong><\/p>\n\n\n\n<p><\/p>\n\n\n\n<p><\/p>\n\n\n\n<p><\/p>\n","protected":false},"excerpt":{"rendered":"<p>Cr\u00e9atine et pr\u00e9workout, c&rsquo;est le combo id\u00e9al avant un entra\u00eenement de musculation ou crossfit, pour un grain de force et d&rsquo;\u00e9nergie, augmenter le nombre de r\u00e9p\u00e9titions avec des charges plus lourdes. Avec ou sans stimulant comme la caf\u00e9ine, l&rsquo;association d&rsquo;un pr\u00e9workout et cr\u00e9atine cumule un ensemble de nutriments et ergog\u00e8nes pour l&rsquo;organisme, c&rsquo;est \u00e0 dire [&hellip;]<\/p>\n","protected":false},"author":4,"featured_media":56429,"parent":56095,"menu_order":0,"comment_status":"closed","ping_status":"closed","template":"template-cocon.php","meta":{"footnotes":""},"class_list":null,"yoast_head":"<!-- This site is optimized with the Yoast SEO plugin v17.1 - https:\/\/yoast.com\/wordpress\/plugins\/seo\/ -->\n<title>Associer cr\u00e9atine et pre-workout en musculation pour l&#039;\u00e9nergie &amp; force<\/title>\n<meta name=\"description\" content=\"Que sont les pr\u00e9workout et la cr\u00e9atine en musculation ? \u2605Utilit\u00e9 des pr\u00e9workouts et stimulants \u2605Associer cr\u00e9atine et pr\u00e9workouts\" \/>\n<meta name=\"robots\" content=\"index, follow, max-snippet:-1, max-image-preview:large, max-video-preview:-1\" \/>\n<link rel=\"canonical\" href=\"https:\/\/www.fitadium.com\/conseils\/creatine\/preworkout\/\" \/>\n<meta property=\"og:locale\" content=\"fr_FR\" \/>\n<meta property=\"og:type\" content=\"article\" \/>\n<meta property=\"og:title\" content=\"Associer cr\u00e9atine et pre-workout en musculation pour l&#039;\u00e9nergie &amp; force\" \/>\n<meta property=\"og:description\" content=\"Que sont les pr\u00e9workout et la cr\u00e9atine en musculation ? \u2605Utilit\u00e9 des pr\u00e9workouts et stimulants \u2605Associer cr\u00e9atine et pr\u00e9workouts\" \/>\n<meta property=\"og:url\" content=\"https:\/\/www.fitadium.com\/conseils\/creatine\/preworkout\/\" \/>\n<meta property=\"og:site_name\" content=\"Fitadium\" \/>\n<meta property=\"article:publisher\" content=\"https:\/\/www.facebook.com\/fitadium.musculation\" \/>\n<meta property=\"article:modified_time\" content=\"2025-09-18T08:00:24+00:00\" \/>\n<meta property=\"og:image\" content=\"https:\/\/www.fitadium.com\/conseils\/wp-content\/uploads\/2022\/07\/preworkout-et-creatine.jpg\" \/>\n\t<meta property=\"og:image:width\" content=\"560\" \/>\n\t<meta property=\"og:image:height\" content=\"450\" \/>\n<script type=\"application\/ld+json\" class=\"yoast-schema-graph\">{\"@context\":\"https:\/\/schema.org\",\"@graph\":[{\"@type\":\"Organization\",\"@id\":\"https:\/\/www.fitadium.com\/conseils\/#organization\",\"name\":\"FITADIUM\",\"url\":\"https:\/\/www.fitadium.com\/conseils\/\",\"sameAs\":[\"https:\/\/www.facebook.com\/fitadium.musculation\"],\"logo\":{\"@type\":\"ImageObject\",\"@id\":\"https:\/\/www.fitadium.com\/conseils\/#logo\",\"inLanguage\":\"fr-FR\",\"url\":\"https:\/\/www.fitadium.com\/conseils\/wp-content\/uploads\/2013\/08\/mobypicture.jpg\",\"contentUrl\":\"https:\/\/www.fitadium.com\/conseils\/wp-content\/uploads\/2013\/08\/mobypicture.jpg\",\"width\":510,\"height\":600,\"caption\":\"FITADIUM\"},\"image\":{\"@id\":\"https:\/\/www.fitadium.com\/conseils\/#logo\"}},{\"@type\":\"WebSite\",\"@id\":\"https:\/\/www.fitadium.com\/conseils\/#website\",\"url\":\"https:\/\/www.fitadium.com\/conseils\/\",\"name\":\"Fitadium\",\"description\":\"Toute l&#039;actualit\\u00e9 de la musculation et du fitness\",\"publisher\":{\"@id\":\"https:\/\/www.fitadium.com\/conseils\/#organization\"},\"potentialAction\":[{\"@type\":\"SearchAction\",\"target\":{\"@type\":\"EntryPoint\",\"urlTemplate\":\"https:\/\/www.fitadium.com\/conseils\/?s={search_term_string}\"},\"query-input\":\"required name=search_term_string\"}],\"inLanguage\":\"fr-FR\"},{\"@type\":\"ImageObject\",\"@id\":\"https:\/\/www.fitadium.com\/conseils\/creatine\/preworkout\/#primaryimage\",\"inLanguage\":\"fr-FR\",\"url\":\"https:\/\/www.fitadium.com\/conseils\/wp-content\/uploads\/2022\/07\/preworkout-et-creatine.jpg\",\"contentUrl\":\"https:\/\/www.fitadium.com\/conseils\/wp-content\/uploads\/2022\/07\/preworkout-et-creatine.jpg\",\"width\":560,\"height\":450,\"caption\":\"cr\\u00e9atine et pr\\u00e9workout\"},{\"@type\":\"WebPage\",\"@id\":\"https:\/\/www.fitadium.com\/conseils\/creatine\/preworkout\/#webpage\",\"url\":\"https:\/\/www.fitadium.com\/conseils\/creatine\/preworkout\/\",\"name\":\"Associer cr\\u00e9atine et pre-workout en musculation pour l'\\u00e9nergie & force\",\"isPartOf\":{\"@id\":\"https:\/\/www.fitadium.com\/conseils\/#website\"},\"primaryImageOfPage\":{\"@id\":\"https:\/\/www.fitadium.com\/conseils\/creatine\/preworkout\/#primaryimage\"},\"datePublished\":\"2022-08-25T08:34:10+00:00\",\"dateModified\":\"2025-09-18T08:00:24+00:00\",\"description\":\"Que sont les pr\\u00e9workout et la cr\\u00e9atine en musculation ? \\u2605Utilit\\u00e9 des pr\\u00e9workouts et stimulants \\u2605Associer cr\\u00e9atine et pr\\u00e9workouts\",\"breadcrumb\":{\"@id\":\"https:\/\/www.fitadium.com\/conseils\/creatine\/preworkout\/#breadcrumb\"},\"inLanguage\":\"fr-FR\",\"potentialAction\":[{\"@type\":\"ReadAction\",\"target\":[\"https:\/\/www.fitadium.com\/conseils\/creatine\/preworkout\/\"]}]},{\"@type\":\"BreadcrumbList\",\"@id\":\"https:\/\/www.fitadium.com\/conseils\/creatine\/preworkout\/#breadcrumb\",\"itemListElement\":[{\"@type\":\"ListItem\",\"position\":1,\"name\":\"Home\",\"item\":\"https:\/\/www.fitadium.com\/conseils\/\"},{\"@type\":\"ListItem\",\"position\":2,\"name\":\"Le guide de la cr\\u00e9atine\",\"item\":\"https:\/\/www.fitadium.com\/conseils\/creatine\/\"},{\"@type\":\"ListItem\",\"position\":3,\"name\":\"Cr\\u00e9atine et pr\\u00e9workout, pourquoi les associer?\"}]}]}<\/script>\n<!-- \/ Yoast SEO plugin. -->","yoast_head_json":{"title":"Associer cr\u00e9atine et pre-workout en musculation pour l'\u00e9nergie & force","description":"Que sont les pr\u00e9workout et la cr\u00e9atine en musculation ? \u2605Utilit\u00e9 des pr\u00e9workouts et stimulants \u2605Associer cr\u00e9atine et pr\u00e9workouts","robots":{"index":"index","follow":"follow","max-snippet":"max-snippet:-1","max-image-preview":"max-image-preview:large","max-video-preview":"max-video-preview:-1"},"canonical":"https:\/\/www.fitadium.com\/conseils\/creatine\/preworkout\/","og_locale":"fr_FR","og_type":"article","og_title":"Associer cr\u00e9atine et pre-workout en musculation pour l'\u00e9nergie & force","og_description":"Que sont les pr\u00e9workout et la cr\u00e9atine en musculation ? \u2605Utilit\u00e9 des pr\u00e9workouts et stimulants \u2605Associer cr\u00e9atine et pr\u00e9workouts","og_url":"https:\/\/www.fitadium.com\/conseils\/creatine\/preworkout\/","og_site_name":"Fitadium","article_publisher":"https:\/\/www.facebook.com\/fitadium.musculation","article_modified_time":"2025-09-18T08:00:24+00:00","og_image":[{"width":560,"height":450,"url":"https:\/\/www.fitadium.com\/conseils\/wp-content\/uploads\/2022\/07\/preworkout-et-creatine.jpg","path":"\/home\/www\/fitadium\/www\/conseils\/wp-content\/uploads\/2022\/07\/preworkout-et-creatine.jpg","size":"full","id":56429,"alt":"cr\u00e9atine et pr\u00e9workout","pixels":252000,"type":"image\/jpeg"}],"schema":{"@context":"https:\/\/schema.org","@graph":[{"@type":"Organization","@id":"https:\/\/www.fitadium.com\/conseils\/#organization","name":"FITADIUM","url":"https:\/\/www.fitadium.com\/conseils\/","sameAs":["https:\/\/www.facebook.com\/fitadium.musculation"],"logo":{"@type":"ImageObject","@id":"https:\/\/www.fitadium.com\/conseils\/#logo","inLanguage":"fr-FR","url":"https:\/\/www.fitadium.com\/conseils\/wp-content\/uploads\/2013\/08\/mobypicture.jpg","contentUrl":"https:\/\/www.fitadium.com\/conseils\/wp-content\/uploads\/2013\/08\/mobypicture.jpg","width":510,"height":600,"caption":"FITADIUM"},"image":{"@id":"https:\/\/www.fitadium.com\/conseils\/#logo"}},{"@type":"WebSite","@id":"https:\/\/www.fitadium.com\/conseils\/#website","url":"https:\/\/www.fitadium.com\/conseils\/","name":"Fitadium","description":"Toute l&#039;actualit\u00e9 de la musculation et du fitness","publisher":{"@id":"https:\/\/www.fitadium.com\/conseils\/#organization"},"potentialAction":[{"@type":"SearchAction","target":{"@type":"EntryPoint","urlTemplate":"https:\/\/www.fitadium.com\/conseils\/?s={search_term_string}"},"query-input":"required name=search_term_string"}],"inLanguage":"fr-FR"},{"@type":"ImageObject","@id":"https:\/\/www.fitadium.com\/conseils\/creatine\/preworkout\/#primaryimage","inLanguage":"fr-FR","url":"https:\/\/www.fitadium.com\/conseils\/wp-content\/uploads\/2022\/07\/preworkout-et-creatine.jpg","contentUrl":"https:\/\/www.fitadium.com\/conseils\/wp-content\/uploads\/2022\/07\/preworkout-et-creatine.jpg","width":560,"height":450,"caption":"cr\u00e9atine et pr\u00e9workout"},{"@type":"WebPage","@id":"https:\/\/www.fitadium.com\/conseils\/creatine\/preworkout\/#webpage","url":"https:\/\/www.fitadium.com\/conseils\/creatine\/preworkout\/","name":"Associer cr\u00e9atine et pre-workout en musculation pour l'\u00e9nergie & force","isPartOf":{"@id":"https:\/\/www.fitadium.com\/conseils\/#website"},"primaryImageOfPage":{"@id":"https:\/\/www.fitadium.com\/conseils\/creatine\/preworkout\/#primaryimage"},"datePublished":"2022-08-25T08:34:10+00:00","dateModified":"2025-09-18T08:00:24+00:00","description":"Que sont les pr\u00e9workout et la cr\u00e9atine en musculation ? \u2605Utilit\u00e9 des pr\u00e9workouts et stimulants \u2605Associer cr\u00e9atine et pr\u00e9workouts","breadcrumb":{"@id":"https:\/\/www.fitadium.com\/conseils\/creatine\/preworkout\/#breadcrumb"},"inLanguage":"fr-FR","potentialAction":[{"@type":"ReadAction","target":["https:\/\/www.fitadium.com\/conseils\/creatine\/preworkout\/"]}]},{"@type":"BreadcrumbList","@id":"https:\/\/www.fitadium.com\/conseils\/creatine\/preworkout\/#breadcrumb","itemListElement":[{"@type":"ListItem","position":1,"name":"Home","item":"https:\/\/www.fitadium.com\/conseils\/"},{"@type":"ListItem","position":2,"name":"Le guide de la cr\u00e9atine","item":"https:\/\/www.fitadium.com\/conseils\/creatine\/"},{"@type":"ListItem","position":3,"name":"Cr\u00e9atine et pr\u00e9workout, pourquoi les associer?"}]}]}},"featured_image_src":"https:\/\/www.fitadium.com\/conseils\/wp-content\/uploads\/2022\/07\/preworkout-et-creatine-560x400.jpg","featured_image_src_square":"https:\/\/www.fitadium.com\/conseils\/wp-content\/uploads\/2022\/07\/preworkout-et-creatine.jpg","_links":{"self":[{"href":"https:\/\/www.fitadium.com\/conseils\/wp-json\/wp\/v2\/pages\/56428","targetHints":{"allow":["GET"]}}],"collection":[{"href":"https:\/\/www.fitadium.com\/conseils\/wp-json\/wp\/v2\/pages"}],"about":[{"href":"https:\/\/www.fitadium.com\/conseils\/wp-json\/wp\/v2\/types\/page"}],"author":[{"embeddable":true,"href":"https:\/\/www.fitadium.com\/conseils\/wp-json\/wp\/v2\/users\/4"}],"replies":[{"embeddable":true,"href":"https:\/\/www.fitadium.com\/conseils\/wp-json\/wp\/v2\/comments?post=56428"}],"version-history":[{"count":13,"href":"https:\/\/www.fitadium.com\/conseils\/wp-json\/wp\/v2\/pages\/56428\/revisions"}],"predecessor-version":[{"id":60820,"href":"https:\/\/www.fitadium.com\/conseils\/wp-json\/wp\/v2\/pages\/56428\/revisions\/60820"}],"up":[{"embeddable":true,"href":"https:\/\/www.fitadium.com\/conseils\/wp-json\/wp\/v2\/pages\/56095"}],"wp:featuredmedia":[{"embeddable":true,"href":"https:\/\/www.fitadium.com\/conseils\/wp-json\/wp\/v2\/media\/56429"}],"wp:attachment":[{"href":"https:\/\/www.fitadium.com\/conseils\/wp-json\/wp\/v2\/media?parent=56428"}],"curies":[{"name":"wp","href":"https:\/\/api.w.org\/{rel}","templated":true}]}}