{"id":56508,"date":"2022-08-25T10:43:45","date_gmt":"2022-08-25T08:43:45","guid":{"rendered":"https:\/\/www.fitadium.com\/conseils\/?page_id=56508"},"modified":"2025-09-18T09:50:36","modified_gmt":"2025-09-18T07:50:36","slug":"creatine-seche","status":"publish","type":"page","link":"https:\/\/www.fitadium.com\/conseils\/creatine\/creatine-seche\/","title":{"rendered":"La cr\u00e9atine est-elle utile en s\u00e8che musculaire ?"},"content":{"rendered":"\n<p>Le fait de savoir si la <a href=\"https:\/\/www.fitadium.com\/7-creatines\">cr\u00e9atine<\/a> peut \u00eatre utile pendant la s\u00e8che musculaire peut para\u00eetre un peu d\u00e9cal\u00e9 puisqu&rsquo;il s&rsquo;agit d&rsquo;un compl\u00e9ment alimentaire destin\u00e9 \u00e0 <strong>stimuler la force, la performance et la prise de masse<\/strong>, voire <strong>du muscle sec<\/strong>.<br><br>Cependant, <strong>cette question est loin d\u2019\u00eatre absurde<\/strong>, comme nous allons le d\u00e9velopper au cours de cet article.<\/p>\n\n\n\n<h2 class=\"wp-block-heading\" id=\"definition\">Qu&rsquo;est-ce qu&rsquo;une s\u00e8che en musculation ?<\/h2>\n\n\n\n<p>La \u00ab\u00a0s\u00e8che\u00a0\u00bb est un principe propre au bodybuilding qui consiste \u00e0<strong> perdre l&rsquo;exc\u00e9dent de graisse du corps qui aurait pu \u00eatre pris au cours de la \u00ab\u00a0prise de masse\u00a0\u00bb<\/strong>. Autrement dit, les exc\u00e9dents caloriques consomm\u00e9s dans le but de gagner du muscle et de la force ont pu aussi \u00eatre <strong>stock\u00e9s sous forme de graisse abdominale<\/strong>.<br><br>Cet exc\u00e9dent pond\u00e9ral particuli\u00e8rement inesth\u00e9tique et malsain devra donc \u00eatre <strong>\u00e9limin\u00e9 avec la \u00ab\u00a0s\u00e8che\u00a0\u00bb<\/strong>, soit pour pr\u00e9parer le corps \u00e0 une <strong>comp\u00e9tition de bodybuilding<\/strong>, soit pour obtenir une <strong>belle d\u00e9finition musculaire <\/strong>(ou les deux !). Ainsi, la s\u00e8che se pr\u00e9pare apr\u00e8s la prise de masse musculaire par des mesures de correction en termes de <strong>r\u00e9gime alimentaire et entra\u00eenement sportif<\/strong>.<br><br>De toute \u00e9vidence, cette p\u00e9riode de fonte des graisses fera baisser votre taux de masse grasse<strong> en dessous de 10%<\/strong>, parfois <strong>6% pour les culturistes<\/strong>.<br><\/p>\n\n\n\n<h3 class=\"wp-block-heading\" id=\"posologie\">Quand et comment faire une p\u00e9riode de s\u00e8che en musculation ?<\/h3>\n\n\n\n<p>La prise de masse musculaire permet une prise de poids et de muscle g\u00e9n\u00e9ralement plus rapide mais elle entra\u00eene aussi une <strong>prise de graisse ind\u00e9sirable<\/strong>, du moins dans la plupart des cas.<br><br>La p\u00e9riode de s\u00e8che permet d&rsquo;effacer cette prise de poids en masse grasse en observant un <strong>r\u00e9gime contr\u00f4l\u00e9 parfaitement calibr\u00e9<\/strong>. Naturellement, il s&rsquo;agira de <strong>r\u00e9duire les apports caloriques<\/strong> tout en <strong>modifiant l&rsquo;\u00e9quilibre des macronutriments, glucides, prot\u00e9ines et lipides<\/strong>. Cette m\u00e9thode de perte de poids sous forme de graisse avec une r\u00e9tention maximale de la masse s\u00e8che devra s&rsquo;\u00e9chelonner sur une<strong> p\u00e9riode de temps assez longue<\/strong>.<\/p>\n\n\n\n<p>\u00c9tant donn\u00e9 que la <strong>baisse des calories doit \u00eatre progressive<\/strong>, la s\u00e8che \u00e9chelonnera sur une dur\u00e9e g\u00e9n\u00e9ralement comprise entre <strong>6 \u00e0 12 voire 15 semaines<\/strong>, en fonction du m\u00e9tabolisme et de<strong> l&rsquo;objectif final du bodybuilder<\/strong> (taux de masse grasse minimal \u00e0 atteindre sans perte de muscle.).<\/p>\n\n\n\n<h3 class=\"wp-block-heading\" id=\"regime\">Quel r\u00e9gime et quel entra\u00eenement en s\u00e8che pour maigrir ?<\/h3>\n\n\n\n<blockquote class=\"wp-block-quote is-layout-flow wp-block-quote-is-layout-flow\"><p>La s\u00e8che consiste \u00e0 r\u00e9duire progressivement les glucides et les graisses tout en maintenant ou en augmentant la consommation des prot\u00e9ines.<\/p><\/blockquote>\n\n\n\n<p>Cette m\u00e9thode de perte de poids a non seulement pour objectif de <strong>faire descendre le taux de graisse de mani\u00e8re assez drastique<\/strong> tout en maintenant la masse musculaire gagn\u00e9e durant la prise de masse.<\/p>\n\n\n\n<p>Les <strong>glucides et les acides gras seront r\u00e9duits<\/strong> de mani\u00e8re progressive, en parall\u00e8le \u00e0 la baisse des calories, afin de<strong> r\u00e9duire la perte \u00e9ventuelle de muscle maigre<\/strong>. En effet, au plus les calories sont r\u00e9duites, au plus il existe un risque que votre corps aille puiser les calories qui lui manquent directement dans la <strong>masse musculaire<\/strong>.<\/p>\n\n\n\n<p>Pour r\u00e9duire l&rsquo;impact de ces r\u00e9gimes hypocaloriques, les athl\u00e8tes <strong>augmentent les prot\u00e9ines<\/strong> pour <strong>nourrir le muscle et le maintenir<\/strong>. L&rsquo;apport augment\u00e9 en prot\u00e9ines permettra de <strong>maintenir un quota de calories<\/strong> utiles lorsque les nutriments pro-\u00e9nerg\u00e9tiques comme les glucides et les graisses seront r\u00e9duits.<\/p>\n\n\n\n<p>En termes d&rsquo;entra\u00eenement, le <strong>cardiotraining<\/strong> prendra une place plus importante pendant la s\u00e8che par rapport \u00e0 une p\u00e9riode de prise de muscle. Cependant, les <strong>entra\u00eenements de musculation et les exercices de r\u00e9sistance<\/strong> devront rester au centre de votre activit\u00e9 physique.<\/p>\n\n\n\n<h2 class=\"wp-block-heading\" id=\"creatine\">Prendre de la cr\u00e9atine pour une s\u00e8che musculaire ?<\/h2>\n\n\n\n<h3 class=\"wp-block-heading\" id=\"mono\">Qu&rsquo;est-ce que la cr\u00e9atine (monohydrate) ?<\/h3>\n\n\n\n<p>La cr\u00e9atine est une mol\u00e9cule naturellement pr\u00e9sente dans l&rsquo;organisme et les muscles en particulier. Avec l&rsquo;ATP (Ad\u00e9nosine TriPhosphate), elle<strong> lib\u00e8re de l&rsquo;\u00e9nergie de mani\u00e8re instantan\u00e9e<\/strong> par le biais des phosphates. Nous parlons alors du syst\u00e8me phosphag\u00e8ne.<\/p>\n\n\n\n<p>La<strong> prise de <\/strong><a href=\"https:\/\/www.fitadium.com\/conseils\/creatine\/monohydrate\/\"><strong>cr\u00e9atine monohydrate<\/strong><\/a> (ou autres&#8230;) stimule le recyclage de l&rsquo;ATP et le stockage de la phosphocr\u00e9atine (<a href=\"https:\/\/www.fitadium.com\/conseils\/creatine\/creatine-phosphate\/\">cr\u00e9atine phosphate<\/a>). Cela entra\u00eene une <strong>augmentation du rendement \u00e9nerg\u00e9tique<\/strong>. <\/p>\n\n\n\n<p>Ainsi, l&rsquo;objectif de la suppl\u00e9mentation en cr\u00e9atine est de <strong>stimuler la force musculaire <\/strong>et <strong>la prise de masse<\/strong> \u00e0 long terme. Mais dans ce cas, la suppl\u00e9mentation en cr\u00e9atine sera-t-elle utile pendant la s\u00e8che et comment ?<\/p>\n\n\n\n<h3 class=\"wp-block-heading\" id=\"masse\">Utilit\u00e9 de la cr\u00e9atine en s\u00e8che pour prot\u00e9ger la masse musculaire<\/h3>\n\n\n\n<p>La cr\u00e9atine pourrait avoir <a href=\"https:\/\/www.fitadium.com\/conseils\/creatine\/a-quoi-sert-creatine\/\">plusieurs r\u00f4les en musculation<\/a> et pendant la s\u00e8che.<\/p>\n\n\n\n<p>Le premier d&rsquo;entre eux sera de participer au maintien de la force musculaire imm\u00e9diate. Mais pour \u00eatre efficace, <strong>la prise de cr\u00e9atine doit co\u00efncider avec le moment o\u00f9 vous prenez des glucides<\/strong>. Cela implique que vos apports glucidiques ne soient pas trop bas, ce qui est difficile \u00e0 maintenir en p\u00e9riode de s\u00e8che.<\/p>\n\n\n\n<p>Autrement dit, l&rsquo;essentiel des glucides de la journ\u00e9e doit \u00eatre <strong>pris autour de l&rsquo;entra\u00eenement <\/strong>pour que la s\u00e8che soit efficace. En effet, la lib\u00e9ration d&rsquo;\u00e9nergie par les phosphates (<em>phosphocr\u00e9atine + ATP<\/em>) intervient juste avant l&rsquo;oxydation du glucose en ATP mais si vous prenez de la cr\u00e9atine alors que les glucides sont trop bas, vous risquez surtout de ne pas profiter de la cr\u00e9atine. C&rsquo;est un probl\u00e8me dont il faut tenir compte, ce qui explique <strong>pourquoi <\/strong><a href=\"https:\/\/www.fitadium.com\/conseils\/creatine\/quand-prendre-creatine\/\"><strong>la cr\u00e9atine doit \u00eatre prise avec des glucides autour de l&rsquo;entrainement<\/strong><\/a> (avant, pendant et apr\u00e8s).<\/p>\n\n\n<div class=\"columns-push-product\">\n  <div class=\"columns-push-product__body\">\n    \n\n<p class=\"has-large-font-size\"><\/p>\n\n\n  <\/div>\n  <div class=\"columns-push-product__product\">\n    <div class=\"product\" GTM-data-id=\"1642\" GTM-data-nom=\"CREATINE HARDCORE (1,5Kg)\">\n  <div class=\"product__img\" style=\"width: -webkit-fill-available;\">\n    <a href=\"https:\/\/www.fitadium.com\/1642-creatine-hardcore-15kg.html#\/499-gout-orange\" class=\"product__image_lnk GTM_blog_product\" >\n      <img decoding=\"async\" src=\"https:\/\/www.fitadium.com\/31919-fit_540\/creatine-hardcore-15kg.jpg\" alt=\"\" class=\"product__image lazyload\">\n    <\/a>\n  <\/div>\n  <div class=\"product__body\">\n        <div class=\"product__brand\">Superset Nutrition<\/div>\n    <a class=\"product__name GTM_blog_product\" href=\"https:\/\/www.fitadium.com\/1642-creatine-hardcore-15kg.html#\/499-gout-orange\" title=\"CREATINE HARDCORE (1,5Kg)\">\n      CREATINE HARDCORE (1,5Kg)\n    <\/a>\n          <span class=\"product__price\">49.9 \u20ac<\/span>\n            <div class=\"product__excerpt\">Qu\u2019est-ce que la CREATINE HARDCORE (1,5KG) ? La cr\u00e9atine est\u2026<\/div>\n            <div><a class=\"product__cta GTM_blog_product\" href=\"https:\/\/www.fitadium.com\/1642-creatine-hardcore-15kg.html#\/499-gout-orange\" title=\"CREATINE HARDCORE (1,5Kg)\">Voir le produit<\/a><\/div>\n  <\/div>\n<\/div>\n  <\/div>\n<\/div>\n\n\n\n<p><\/p>\n\n\n\n<p>De plus, en <strong>maintenant la force musculaire<\/strong>, la cr\u00e9atine participera au <strong>maintien de la densit\u00e9 musculaire<\/strong> et de la performance lors d&rsquo;activit\u00e9s intenses en salle de sport, en r\u00e9duisant l&rsquo;effet catabolisant d&rsquo;une baisse calorique importante durant la s\u00e8che.<\/p>\n\n\n\n<p>\u27a1\ufe0f\u00a0Convaincu ? Tu peux retrouver <a href=\"https:\/\/www.fitadium.com\/conseils\/creatine\/meilleure-creatine\/\">notre s\u00e9lection des meilleures cr\u00e9atines<\/a>. <\/p>\n\n\n\n<h3 class=\"wp-block-heading\" id=\"retention\">La r\u00e9tention d&rsquo;eau pour favoriser la d\u00e9finition musculaire<\/h3>\n\n\n\n<p>La principale incompr\u00e9hension li\u00e9e \u00e0 la suppl\u00e9mentation en cr\u00e9atine concerne la r\u00e9tention d&rsquo;eau qu&rsquo;elle entra\u00eene dans les cellules musculaires. <strong>La cr\u00e9atine attire l&rsquo;eau \u00e0 l&rsquo;int\u00e9rieur des fibres musculaires<\/strong>, produisant <strong>une augmentation du volume des muscles<\/strong> avec une <strong>augmentation de la force<\/strong> et de la<strong> synth\u00e8se des prot\u00e9ines<\/strong>.<\/p>\n\n\n\n<p>Contrairement aux id\u00e9es re\u00e7ues, cette caract\u00e9ristique de r\u00e9tention d&rsquo;eau est un avantage pour les bodybuilders \u00e9tant donn\u00e9 qu&rsquo;une bonne hydratation musculaire favorise la <strong>densit\u00e9 et la d\u00e9finition musculaire<\/strong>.<\/p>\n\n\n\n<p>Cet effet est d&rsquo;autant plus important que la s\u00e8che va entrainer une <strong>perte de volume musculaire<\/strong>. En effet, le taux du glycog\u00e8ne est r\u00e9duit \u00e9tant donn\u00e9 que les apports en glucides le sont aussi. Moins de glycog\u00e8ne musculaire entraine une baisse du volume de vos muscles.<\/p>\n\n\n\n<p>A l&rsquo;oppos\u00e9, on constate tr\u00e8s souvent que de nombreux athl\u00e8tes pr\u00e9sentent un aspect musculaire flou, g\u00e9n\u00e9r\u00e9 par une r\u00e9tention d&rsquo;eau \u00e0 l&rsquo;ext\u00e9rieur du muscle. Cet effet est principalement cr\u00e9\u00e9 par un<strong> d\u00e9faut d&rsquo;hydratation et d&rsquo;\u00e9quilibre des \u00e9lectrolytes<\/strong> ou d&rsquo;une <strong>mauvaise gestion alimentaire<\/strong>.<\/p>\n\n\n\n<h3 class=\"wp-block-heading\" id=\"maigrir\">Est-ce que la cr\u00e9atine fait maigrir et aide la perte de poids?<\/h3>\n\n\n\n<blockquote class=\"wp-block-quote is-layout-flow wp-block-quote-is-layout-flow\"><p>Non, la cr\u00e9atine n&rsquo;a <strong>aucun effet direct ou indirect sur la perte de poids<\/strong>.<\/p><\/blockquote>\n\n\n\n<p>En revanche, elle a son utilit\u00e9 en p\u00e9riode de s\u00e8che, comme nous venons de l&rsquo;expliquer ci-dessus. Les \u00e9tudes scientifiques n&rsquo;ont jamais affirm\u00e9 que <a href=\"https:\/\/www.fitadium.com\/conseils\/creatine\/creatine-perte-de-poids\/\">la cr\u00e9atine faisait maigrir<\/a> ni qu&rsquo;elle avait une incidence sur la combustion des graisses.<\/p>\n\n\n\n<h3 class=\"wp-block-heading\" id=\"vs\">Comment utiliser la cr\u00e9atine en p\u00e9riode de s\u00e8che VS prise de masse ?<\/h3>\n\n\n\n<p>Si vous faites des<strong> \u00ab\u00a0cures\u00a0\u00bb de cr\u00e9atine<\/strong> &#8211;<em>m\u00eame si cela n&rsquo;a pas plus d\u2019int\u00e9r\u00eat que d&rsquo;en prendre en continu<\/em> &#8211; il sera toujours<strong> plus int\u00e9ressant de prendre une <\/strong><a href=\"https:\/\/www.fitadium.com\/conseils\/creatine\/creatine-prise-de-masse\/\"><strong>cr\u00e9atine monohydrate en prise de masse<\/strong><\/a><strong> qu&rsquo;en p\u00e9riode de s\u00e8che <\/strong>afin de favoriser la construction musculaire.<\/p>\n\n\n\n<p>Cela \u00e9tant, la prise de cr\u00e9atine pendant la s\u00e8che est tout \u00e0 fait justifi\u00e9e, comme nous venons d&rsquo;en faire la preuve. En effet, il s&rsquo;agit de <strong>pr\u00e9server votre capital musculaire<\/strong> pendant la s\u00e8che tout en favorisant vos performances \u00e0 la salle. Les <a href=\"https:\/\/www.fitadium.com\/conseils\/creatine\/dosage\/\"><strong>dosages \u00e0 prendre<\/strong><\/a><strong> sont les m\u00eames que pour la prise de masse (3 \u00e0 5g\/prise) e<\/strong>t seront pris avec des glucides.<\/p>\n\n\n\n<h3 class=\"wp-block-heading\" id=\"produits\">Quels produits (compl\u00e9ments alimentaires) en p\u00e9riode de s\u00e8che : bruleur de graisse, prot\u00e9ines&#8230; ?<\/h3>\n\n\n\n<p>Hormis la cr\u00e9atine, d&rsquo;autres compl\u00e9ments alimentaires vous seront utiles pendant la s\u00e8che.<\/p>\n\n\n\n<ul class=\"wp-block-list\"><li>Le premier d&rsquo;entre eux est le <strong>br\u00fbleur de graisse<\/strong> pour vous aider \u00e0 br\u00fbler plus de calories avec l&rsquo;exercice et un r\u00e9gime surveill\u00e9.<\/li><li>Naturellement, les <strong>prot\u00e9ines en poudre (whey, cas\u00e9ine, prot\u00e9ines v\u00e9g\u00e9tales&#8230;)<\/strong> vous permettront de pr\u00e9server votre masse musculaire maigre, surtout lorsque les calories sont \u00e0 la baisse.<\/li><li>Des BCAA ou des acides amin\u00e9s peuvent aussi \u00eatre pris avec les repas afin de stimuler l&rsquo;anabolisme musculaire.<\/li><\/ul>\n\n\n\n<p>Dans tous les cas, vous r\u00e9ussirez votre p\u00e9riode de s\u00e8che en obtenant une excellente d\u00e9finition musculaire si vous savez concilier <strong>votre alimentation et vos compl\u00e9ments alimentaires avec intelligence<\/strong>, que vous pr\u00e9pariez une comp\u00e9tition de bodybuilding ou que vous vouliez simplement perdre du poids.<\/p>\n\n\n\n<p><\/p>\n\n\n\n<p><\/p>\n","protected":false},"excerpt":{"rendered":"<p>Le fait de savoir si la cr\u00e9atine peut \u00eatre utile pendant la s\u00e8che musculaire peut para\u00eetre un peu d\u00e9cal\u00e9 puisqu&rsquo;il s&rsquo;agit d&rsquo;un compl\u00e9ment alimentaire destin\u00e9 \u00e0 stimuler la force, la performance et la prise de masse, voire du muscle sec. Cependant, cette question est loin d\u2019\u00eatre absurde, comme nous allons le d\u00e9velopper au cours de [&hellip;]<\/p>\n","protected":false},"author":23,"featured_media":56512,"parent":56095,"menu_order":0,"comment_status":"closed","ping_status":"closed","template":"template-cocon.php","meta":{"footnotes":""},"class_list":null,"yoast_head":"<!-- This site is optimized with the Yoast SEO plugin v17.1 - https:\/\/yoast.com\/wordpress\/plugins\/seo\/ -->\n<title>Cr\u00e9atine et s\u00e8che musculaire<\/title>\n<meta name=\"description\" content=\"Qu\u2019est-ce qu\u2019une s\u00e8che ? \u2605Prendre de la cr\u00e9atine pour une s\u00e8che musculaire ? \u2605Prot\u00e9ger la masse musculaire \u2605R\u00e9tention d\u2019eau &amp; d\u00e9finition musculaire\" \/>\n<meta name=\"robots\" content=\"index, follow, max-snippet:-1, max-image-preview:large, max-video-preview:-1\" \/>\n<link rel=\"canonical\" href=\"https:\/\/www.fitadium.com\/conseils\/creatine\/creatine-seche\/\" \/>\n<meta property=\"og:locale\" content=\"fr_FR\" \/>\n<meta property=\"og:type\" content=\"article\" \/>\n<meta property=\"og:title\" content=\"Cr\u00e9atine et s\u00e8che musculaire\" \/>\n<meta property=\"og:description\" content=\"Qu\u2019est-ce qu\u2019une s\u00e8che ? \u2605Prendre de la cr\u00e9atine pour une s\u00e8che musculaire ? \u2605Prot\u00e9ger la masse musculaire \u2605R\u00e9tention d\u2019eau &amp; d\u00e9finition musculaire\" \/>\n<meta property=\"og:url\" content=\"https:\/\/www.fitadium.com\/conseils\/creatine\/creatine-seche\/\" \/>\n<meta property=\"og:site_name\" content=\"Fitadium\" \/>\n<meta property=\"article:publisher\" content=\"https:\/\/www.facebook.com\/fitadium.musculation\" \/>\n<meta property=\"article:modified_time\" content=\"2025-09-18T07:50:36+00:00\" \/>\n<meta property=\"og:image\" content=\"https:\/\/www.fitadium.com\/conseils\/wp-content\/uploads\/2022\/08\/creatine-seche.jpg\" \/>\n\t<meta property=\"og:image:width\" content=\"995\" \/>\n\t<meta property=\"og:image:height\" content=\"500\" \/>\n<script type=\"application\/ld+json\" class=\"yoast-schema-graph\">{\"@context\":\"https:\/\/schema.org\",\"@graph\":[{\"@type\":\"Organization\",\"@id\":\"https:\/\/www.fitadium.com\/conseils\/#organization\",\"name\":\"FITADIUM\",\"url\":\"https:\/\/www.fitadium.com\/conseils\/\",\"sameAs\":[\"https:\/\/www.facebook.com\/fitadium.musculation\"],\"logo\":{\"@type\":\"ImageObject\",\"@id\":\"https:\/\/www.fitadium.com\/conseils\/#logo\",\"inLanguage\":\"fr-FR\",\"url\":\"https:\/\/www.fitadium.com\/conseils\/wp-content\/uploads\/2013\/08\/mobypicture.jpg\",\"contentUrl\":\"https:\/\/www.fitadium.com\/conseils\/wp-content\/uploads\/2013\/08\/mobypicture.jpg\",\"width\":510,\"height\":600,\"caption\":\"FITADIUM\"},\"image\":{\"@id\":\"https:\/\/www.fitadium.com\/conseils\/#logo\"}},{\"@type\":\"WebSite\",\"@id\":\"https:\/\/www.fitadium.com\/conseils\/#website\",\"url\":\"https:\/\/www.fitadium.com\/conseils\/\",\"name\":\"Fitadium\",\"description\":\"Toute l&#039;actualit\\u00e9 de la musculation et du fitness\",\"publisher\":{\"@id\":\"https:\/\/www.fitadium.com\/conseils\/#organization\"},\"potentialAction\":[{\"@type\":\"SearchAction\",\"target\":{\"@type\":\"EntryPoint\",\"urlTemplate\":\"https:\/\/www.fitadium.com\/conseils\/?s={search_term_string}\"},\"query-input\":\"required name=search_term_string\"}],\"inLanguage\":\"fr-FR\"},{\"@type\":\"ImageObject\",\"@id\":\"https:\/\/www.fitadium.com\/conseils\/creatine\/creatine-seche\/#primaryimage\",\"inLanguage\":\"fr-FR\",\"url\":\"https:\/\/www.fitadium.com\/conseils\/wp-content\/uploads\/2022\/08\/creatine-seche.jpg\",\"contentUrl\":\"https:\/\/www.fitadium.com\/conseils\/wp-content\/uploads\/2022\/08\/creatine-seche.jpg\",\"width\":995,\"height\":500,\"caption\":\"cr\\u00e9atine s\\u00e8che musculaire\"},{\"@type\":\"WebPage\",\"@id\":\"https:\/\/www.fitadium.com\/conseils\/creatine\/creatine-seche\/#webpage\",\"url\":\"https:\/\/www.fitadium.com\/conseils\/creatine\/creatine-seche\/\",\"name\":\"Cr\\u00e9atine et s\\u00e8che musculaire\",\"isPartOf\":{\"@id\":\"https:\/\/www.fitadium.com\/conseils\/#website\"},\"primaryImageOfPage\":{\"@id\":\"https:\/\/www.fitadium.com\/conseils\/creatine\/creatine-seche\/#primaryimage\"},\"datePublished\":\"2022-08-25T08:43:45+00:00\",\"dateModified\":\"2025-09-18T07:50:36+00:00\",\"description\":\"Qu\\u2019est-ce qu\\u2019une s\\u00e8che ? \\u2605Prendre de la cr\\u00e9atine pour une s\\u00e8che musculaire ? \\u2605Prot\\u00e9ger la masse musculaire \\u2605R\\u00e9tention d\\u2019eau & d\\u00e9finition musculaire\",\"breadcrumb\":{\"@id\":\"https:\/\/www.fitadium.com\/conseils\/creatine\/creatine-seche\/#breadcrumb\"},\"inLanguage\":\"fr-FR\",\"potentialAction\":[{\"@type\":\"ReadAction\",\"target\":[\"https:\/\/www.fitadium.com\/conseils\/creatine\/creatine-seche\/\"]}]},{\"@type\":\"BreadcrumbList\",\"@id\":\"https:\/\/www.fitadium.com\/conseils\/creatine\/creatine-seche\/#breadcrumb\",\"itemListElement\":[{\"@type\":\"ListItem\",\"position\":1,\"name\":\"Home\",\"item\":\"https:\/\/www.fitadium.com\/conseils\/\"},{\"@type\":\"ListItem\",\"position\":2,\"name\":\"Le guide de la cr\\u00e9atine\",\"item\":\"https:\/\/www.fitadium.com\/conseils\/creatine\/\"},{\"@type\":\"ListItem\",\"position\":3,\"name\":\"La cr\\u00e9atine est-elle utile en s\\u00e8che musculaire ?\"}]}]}<\/script>\n<!-- \/ Yoast SEO plugin. -->","yoast_head_json":{"title":"Cr\u00e9atine et s\u00e8che musculaire","description":"Qu\u2019est-ce qu\u2019une s\u00e8che ? \u2605Prendre de la cr\u00e9atine pour une s\u00e8che musculaire ? \u2605Prot\u00e9ger la masse musculaire \u2605R\u00e9tention d\u2019eau & d\u00e9finition musculaire","robots":{"index":"index","follow":"follow","max-snippet":"max-snippet:-1","max-image-preview":"max-image-preview:large","max-video-preview":"max-video-preview:-1"},"canonical":"https:\/\/www.fitadium.com\/conseils\/creatine\/creatine-seche\/","og_locale":"fr_FR","og_type":"article","og_title":"Cr\u00e9atine et s\u00e8che musculaire","og_description":"Qu\u2019est-ce qu\u2019une s\u00e8che ? \u2605Prendre de la cr\u00e9atine pour une s\u00e8che musculaire ? \u2605Prot\u00e9ger la masse musculaire \u2605R\u00e9tention d\u2019eau & d\u00e9finition musculaire","og_url":"https:\/\/www.fitadium.com\/conseils\/creatine\/creatine-seche\/","og_site_name":"Fitadium","article_publisher":"https:\/\/www.facebook.com\/fitadium.musculation","article_modified_time":"2025-09-18T07:50:36+00:00","og_image":[{"width":995,"height":500,"url":"https:\/\/www.fitadium.com\/conseils\/wp-content\/uploads\/2022\/08\/creatine-seche.jpg","path":"\/home\/www\/fitadium\/www\/conseils\/wp-content\/uploads\/2022\/08\/creatine-seche.jpg","size":"full","id":56512,"alt":"cr\u00e9atine s\u00e8che musculaire","pixels":497500,"type":"image\/jpeg"}],"schema":{"@context":"https:\/\/schema.org","@graph":[{"@type":"Organization","@id":"https:\/\/www.fitadium.com\/conseils\/#organization","name":"FITADIUM","url":"https:\/\/www.fitadium.com\/conseils\/","sameAs":["https:\/\/www.facebook.com\/fitadium.musculation"],"logo":{"@type":"ImageObject","@id":"https:\/\/www.fitadium.com\/conseils\/#logo","inLanguage":"fr-FR","url":"https:\/\/www.fitadium.com\/conseils\/wp-content\/uploads\/2013\/08\/mobypicture.jpg","contentUrl":"https:\/\/www.fitadium.com\/conseils\/wp-content\/uploads\/2013\/08\/mobypicture.jpg","width":510,"height":600,"caption":"FITADIUM"},"image":{"@id":"https:\/\/www.fitadium.com\/conseils\/#logo"}},{"@type":"WebSite","@id":"https:\/\/www.fitadium.com\/conseils\/#website","url":"https:\/\/www.fitadium.com\/conseils\/","name":"Fitadium","description":"Toute l&#039;actualit\u00e9 de la musculation et du fitness","publisher":{"@id":"https:\/\/www.fitadium.com\/conseils\/#organization"},"potentialAction":[{"@type":"SearchAction","target":{"@type":"EntryPoint","urlTemplate":"https:\/\/www.fitadium.com\/conseils\/?s={search_term_string}"},"query-input":"required name=search_term_string"}],"inLanguage":"fr-FR"},{"@type":"ImageObject","@id":"https:\/\/www.fitadium.com\/conseils\/creatine\/creatine-seche\/#primaryimage","inLanguage":"fr-FR","url":"https:\/\/www.fitadium.com\/conseils\/wp-content\/uploads\/2022\/08\/creatine-seche.jpg","contentUrl":"https:\/\/www.fitadium.com\/conseils\/wp-content\/uploads\/2022\/08\/creatine-seche.jpg","width":995,"height":500,"caption":"cr\u00e9atine s\u00e8che musculaire"},{"@type":"WebPage","@id":"https:\/\/www.fitadium.com\/conseils\/creatine\/creatine-seche\/#webpage","url":"https:\/\/www.fitadium.com\/conseils\/creatine\/creatine-seche\/","name":"Cr\u00e9atine et s\u00e8che musculaire","isPartOf":{"@id":"https:\/\/www.fitadium.com\/conseils\/#website"},"primaryImageOfPage":{"@id":"https:\/\/www.fitadium.com\/conseils\/creatine\/creatine-seche\/#primaryimage"},"datePublished":"2022-08-25T08:43:45+00:00","dateModified":"2025-09-18T07:50:36+00:00","description":"Qu\u2019est-ce qu\u2019une s\u00e8che ? \u2605Prendre de la cr\u00e9atine pour une s\u00e8che musculaire ? \u2605Prot\u00e9ger la masse musculaire \u2605R\u00e9tention d\u2019eau & d\u00e9finition musculaire","breadcrumb":{"@id":"https:\/\/www.fitadium.com\/conseils\/creatine\/creatine-seche\/#breadcrumb"},"inLanguage":"fr-FR","potentialAction":[{"@type":"ReadAction","target":["https:\/\/www.fitadium.com\/conseils\/creatine\/creatine-seche\/"]}]},{"@type":"BreadcrumbList","@id":"https:\/\/www.fitadium.com\/conseils\/creatine\/creatine-seche\/#breadcrumb","itemListElement":[{"@type":"ListItem","position":1,"name":"Home","item":"https:\/\/www.fitadium.com\/conseils\/"},{"@type":"ListItem","position":2,"name":"Le guide de la cr\u00e9atine","item":"https:\/\/www.fitadium.com\/conseils\/creatine\/"},{"@type":"ListItem","position":3,"name":"La cr\u00e9atine est-elle utile en s\u00e8che musculaire ?"}]}]}},"featured_image_src":"https:\/\/www.fitadium.com\/conseils\/wp-content\/uploads\/2022\/08\/creatine-seche-600x400.jpg","featured_image_src_square":"https:\/\/www.fitadium.com\/conseils\/wp-content\/uploads\/2022\/08\/creatine-seche-600x500.jpg","_links":{"self":[{"href":"https:\/\/www.fitadium.com\/conseils\/wp-json\/wp\/v2\/pages\/56508","targetHints":{"allow":["GET"]}}],"collection":[{"href":"https:\/\/www.fitadium.com\/conseils\/wp-json\/wp\/v2\/pages"}],"about":[{"href":"https:\/\/www.fitadium.com\/conseils\/wp-json\/wp\/v2\/types\/page"}],"author":[{"embeddable":true,"href":"https:\/\/www.fitadium.com\/conseils\/wp-json\/wp\/v2\/users\/23"}],"replies":[{"embeddable":true,"href":"https:\/\/www.fitadium.com\/conseils\/wp-json\/wp\/v2\/comments?post=56508"}],"version-history":[{"count":15,"href":"https:\/\/www.fitadium.com\/conseils\/wp-json\/wp\/v2\/pages\/56508\/revisions"}],"predecessor-version":[{"id":60814,"href":"https:\/\/www.fitadium.com\/conseils\/wp-json\/wp\/v2\/pages\/56508\/revisions\/60814"}],"up":[{"embeddable":true,"href":"https:\/\/www.fitadium.com\/conseils\/wp-json\/wp\/v2\/pages\/56095"}],"wp:featuredmedia":[{"embeddable":true,"href":"https:\/\/www.fitadium.com\/conseils\/wp-json\/wp\/v2\/media\/56512"}],"wp:attachment":[{"href":"https:\/\/www.fitadium.com\/conseils\/wp-json\/wp\/v2\/media?parent=56508"}],"curies":[{"name":"wp","href":"https:\/\/api.w.org\/{rel}","templated":true}]}}