{"id":56571,"date":"2022-08-25T10:29:56","date_gmt":"2022-08-25T08:29:56","guid":{"rendered":"https:\/\/www.fitadium.com\/conseils\/?page_id=56571"},"modified":"2025-09-18T09:58:57","modified_gmt":"2025-09-18T07:58:57","slug":"combien-temps-avant-entrainement","status":"publish","type":"page","link":"https:\/\/www.fitadium.com\/conseils\/creatine\/combien-temps-avant-entrainement\/","title":{"rendered":"Combien de temps prendre la cr\u00e9atine avant l&rsquo;entra\u00eenement ?"},"content":{"rendered":"\n<p><a href=\"https:\/\/www.fitadium.com\/7-creatines\">Prendre de la cr\u00e9atine<\/a> avant l&rsquo;entra\u00eenement de musculation ou de <strong>Crossfit constitue toujours un bon moyen pour gagner de la force, augmenter le nombre de r\u00e9p\u00e9titions de vos exercices<\/strong> tout en mettant<strong> des charges plus lourdes<\/strong>.<\/p>\n\n\n\n<p>\u00c0 cette fin, un <strong>pre-workout avec ou sans stimulants<\/strong> (ou de type NO avec de l&rsquo;arginine ou de la citrulline) et de la cr\u00e9atine associ\u00e9e fait partie des meilleures options. La prise de cr\u00e9atine avec des glucides est tout aussi valable si vous ne prenez pas de caf\u00e9ine. Mais qu&rsquo;en est-il du <strong>timing par rapport \u00e0 votre s\u00e9ance d&rsquo;entra\u00eenement<\/strong> ?<\/p>\n\n\n\n<h2 id=\"combien\">Combien de temps avant l&rsquo;entra\u00eenement pour b\u00e9n\u00e9ficier de l&rsquo;effet stimulant en musculation ?<\/h2>\n\n\n\n<p><strong>L&rsquo;heure pr\u00e9c\u00e9dant votre s\u00e9ance d&rsquo;entra\u00eenement repr\u00e9sente une fen\u00eatre d&rsquo;opportunit\u00e9<\/strong> particuli\u00e8rement int\u00e9ressante pour d\u00e9clencher <strong>plusieurs processus stimulants<\/strong> qui vous permettront de <strong>lib\u00e9rer plus d&rsquo;\u00e9nergie pendant l&rsquo;exercice<\/strong>.<\/p>\n\n\n\n<ul><li>Le premier d&rsquo;entre eux concerne les stimulants du syst\u00e8me nerveux, et la caf\u00e9ine en particulier.<\/li><li>Le second fait appel au syst\u00e8me phosphag\u00e8ne, autrement dit, le rapport <a href=\"https:\/\/www.fitadium.com\/conseils\/creatine\/creatine-phosphate\/\">phosphocr\u00e9atine<\/a>\/ATP (Ad\u00e9nosine TriPhosphate). M\u00eame si la cr\u00e9atine se recharge progressivement dans l&rsquo;organisme et vos fibres musculaires, les <strong>30 \u00e0 60 minutes pr\u00e9c\u00e9dant l&rsquo;entra\u00eenement <\/strong>seront tout aussi strat\u00e9giques pour stimuler la force et la performance sportive en stockant une r\u00e9serve de cr\u00e9atine disponible pour vos muscles.<\/li><\/ul>\n\n\n<div class=\"columns-push-product\">\n  <div class=\"columns-push-product__body\">\n    \n\n<p class=\"has-large-font-size\"><\/p>\n\n\n  <\/div>\n  <div class=\"columns-push-product__product\">\n    <div class=\"product\" GTM-data-id=\"2658\" GTM-data-nom=\"PROGRAMME VOLUME ET FORCE\">\n  <div class=\"product__img\" style=\"width: -webkit-fill-available;\">\n    <a href=\"https:\/\/www.fitadium.com\/2658-programme-volume-et-force.html#\/504607-gout_no_pump-mojito\/504613-gout_creatine_hardcore-orange\" class=\"product__image_lnk GTM_blog_product\" >\n      <img src=\"https:\/\/www.fitadium.com\/17621-fit_540\/programme-volume-et-force.jpg\" alt=\"\" class=\"product__image lazyload\">\n    <\/a>\n  <\/div>\n  <div class=\"product__body\">\n        <div class=\"product__brand\">Superset Nutrition<\/div>\n    <a class=\"product__name GTM_blog_product\" href=\"https:\/\/www.fitadium.com\/2658-programme-volume-et-force.html#\/504607-gout_no_pump-mojito\/504613-gout_creatine_hardcore-orange\" title=\"PROGRAMME VOLUME ET FORCE\">\n      PROGRAMME VOLUME ET FORCE\n    <\/a>\n          <span class=\"product__price\">69.9 \u20ac<\/span>\n      <span class=\"product__price_old\">105.7 \u20ac<\/span>\n            <div class=\"product__excerpt\">PLUS DE VOLUME, PLUS DE FORCE ! Les coachs sportifs\u2026<\/div>\n            <div><a class=\"product__cta GTM_blog_product\" href=\"https:\/\/www.fitadium.com\/2658-programme-volume-et-force.html#\/504607-gout_no_pump-mojito\/504613-gout_creatine_hardcore-orange\" title=\"PROGRAMME VOLUME ET FORCE\">Voir le produit<\/a><\/div>\n  <\/div>\n<\/div>\n  <\/div>\n<\/div>\n\n\n\n<p>En effet, les stimulants et la cr\u00e9atine travaillent sur deux processus pro-\u00e9nerg\u00e9tiques diff\u00e9rents :<\/p>\n\n\n\n<ul><li>Le premier d&rsquo;entre eux <strong>freine l&rsquo;oxydation du glucose <\/strong>tout en stimulant celle des graisses et des acides amin\u00e9s.<\/li><li>\u00c0 l&rsquo;oppos\u00e9, la cr\u00e9atine <strong>stimule la r\u00e9g\u00e9n\u00e9ration de l&rsquo;ATP<\/strong>, juste avant l&rsquo;oxydation du glucose.<\/li><\/ul>\n\n\n\n<p>Savoir profiter des deux fili\u00e8res pro-\u00e9nerg\u00e9tiques avant l&rsquo;entra\u00eenement donnera un <a href=\"https:\/\/www.fitadium.com\/conseils\/creatine\/creatine-musculation\/\">avantage crucial en termes de <strong>performances athl\u00e9tiques<\/strong><\/a>. Cependant, autant la caf\u00e9ine que la cr\u00e9atine n\u00e9cessitent du temps afin d\u2019\u00eatre assimil\u00e9s et de produire des r\u00e9sultats :<\/p>\n\n\n\n<ul><li>C&rsquo;est pour cette raison que vous prendrez <strong>votre pr\u00e9workout entre 15 \u00e0 20 minutes avant l&rsquo;exercice.<\/strong><\/li><li>Si vous prenez de la<strong> cr\u00e9atine seule ou avec des glucides, entre 30 et 45 minutes d&rsquo;assimilation<\/strong> seront n\u00e9cessaires en moyenne.<\/li><\/ul>\n\n\n\n<h2 id=\"meilleur\">Avant ou apr\u00e8s l&rsquo;entrainement : quel est le meilleur moment pour prendre de la cr\u00e9atine ?<\/h2>\n\n\n\n<p>\u00ab\u00a0<a href=\"https:\/\/www.fitadium.com\/conseils\/creatine\/avant-apres-entrainement\/\">Prendre de la cr\u00e9atine avant l&rsquo;entra\u00eenement ou apr\u00e8s<\/a> ?\u00a0\u00bb est une question tr\u00e8s fr\u00e9quente des athl\u00e8tes d\u00e9sirant savoir le meilleur moment. Ces deux fen\u00eatres sont pourtant compl\u00e9mentaires et offrent chacune leurs avantages pour le corps :<\/p>\n\n\n\n<ul><li>Avant l&rsquo;entra\u00eenement, la prise d&rsquo;un <strong>m\u00e9lange de cr\u00e9atine et preworkout aide pour stimuler le gain de force et la puissance<\/strong>.<\/li><li>Apr\u00e8s l&rsquo;entra\u00eenement, la prise de cr\u00e9atine avec <strong>un shake de Whey ou autre prot\u00e9ine pour accompagner la croissance musculaire<\/strong>.<\/li><\/ul>\n\n\n<div class=\"columns-push-product\">\n  <div class=\"columns-push-product__body\">\n    \n\n<p class=\"has-large-font-size\"><\/p>\n\n\n  <\/div>\n  <div class=\"columns-push-product__product\">\n    <div class=\"product\" GTM-data-id=\"2739\" GTM-data-nom=\"PROGRAMME PRISE DE MUSCLE SEC - AVANCE\">\n  <div class=\"product__img\" style=\"width: -webkit-fill-available;\">\n    <a href=\"https:\/\/www.fitadium.com\/2739-programme-prise-de-muscle-sec-avance.html#\/503068-gout_100_whey_proteine_advanced-banana_split\" class=\"product__image_lnk GTM_blog_product\" >\n      <img src=\"https:\/\/www.fitadium.com\/25274-fit_540\/programme-prise-de-muscle-sec-avance.jpg\" alt=\"\" class=\"product__image lazyload\">\n    <\/a>\n  <\/div>\n  <div class=\"product__body\">\n        <div class=\"product__brand\">Superset Nutrition<\/div>\n    <a class=\"product__name GTM_blog_product\" href=\"https:\/\/www.fitadium.com\/2739-programme-prise-de-muscle-sec-avance.html#\/503068-gout_100_whey_proteine_advanced-banana_split\" title=\"PROGRAMME PRISE DE MUSCLE SEC - AVANCE\">\n      PROGRAMME PRISE DE MUSCLE SEC &#8211; AVANCE\n    <\/a>\n          <span class=\"product__price\">69.9 \u20ac<\/span>\n      <span class=\"product__price_old\">93.7 \u20ac<\/span>\n            <div class=\"product__excerpt\">INTENSIFIE TA PRISE DE MUSCLE SEC ! Les coachs sportifs\u2026<\/div>\n            <div><a class=\"product__cta GTM_blog_product\" href=\"https:\/\/www.fitadium.com\/2739-programme-prise-de-muscle-sec-avance.html#\/503068-gout_100_whey_proteine_advanced-banana_split\" title=\"PROGRAMME PRISE DE MUSCLE SEC - AVANCE\">Voir le produit<\/a><\/div>\n  <\/div>\n<\/div>\n  <\/div>\n<\/div>\n\n\n\n<p>Si la recommandation d&rsquo;utilisation de la cr\u00e9atine est <a href=\"https:\/\/www.fitadium.com\/conseils\/creatine\/dosage\/\">un dosage quotidien de 3 \u00e0 5g\/jour, <\/a>vous pouvez diviser cette dose de cr\u00e9atine entre ces deux fen\u00eatres strat\u00e9giques.<\/p>\n\n\n\n<p>Pour les pratiquants de musculation, ce dosage quotidien suffit \u00e0 maintenir un niveau de r\u00e9serve de cr\u00e9atine utilisable par les muscles lors de la s\u00e9ance d&rsquo;entra\u00eenement.<\/p>\n\n\n\n<p>N&rsquo;h\u00e9sitez pas \u00e0 consulter nos conseils de posologie autour de la <a href=\"https:\/\/www.fitadium.com\/conseils\/creatine\/comment-prendre\/\">suppl\u00e9mentation en cr\u00e9atine en poudre ou g\u00e9lule<\/a>.<\/p>\n\n\n\n<h3 id=\"preworkout\">Associer cr\u00e9atine et preworkout pour profiter des bienfaits de l&rsquo;ensemble des nutriments<\/h3>\n\n\n\n<p>Les formules de pr\u00e9workout avec cr\u00e9atine tiennent leur efficacit\u00e9 de <strong>l&rsquo;ensemble des nutriments associ\u00e9s<\/strong> et non pas seulement de la cr\u00e9atine monohydrate ou d&rsquo;autres formes de cr\u00e9atine.<\/p>\n\n\n\n<p>En effet, la cr\u00e9atine n&rsquo;est pas le seul ergog\u00e8ne (<strong>processus qui am\u00e9liore les performances physiques et cognitives<\/strong>), la caf\u00e9ine, les vitamines du groupe B ou le beta-alanine le sont aussi. Les pr\u00e9workout travaillent donc sur<strong> la synergie des nutriments associ\u00e9s<\/strong>, la cr\u00e9atine participant aux effets positifs de ces <strong>stimulants sp\u00e9cifiques de la force<\/strong>.<\/p>\n\n\n\n<p>Une formule pr\u00e9workout qui vous convient devra donc <strong>stimuler autant la force que l&rsquo;endurance<\/strong> et la<strong> puissance musculaire instantan\u00e9e<\/strong>. Naturellement, il n&rsquo;existe pas de formules universelles. Il y aura toujours une formule qui vous conviendra mieux qu&rsquo;une autre.<\/p>\n\n\n\n<h3 id=\"glucides\">Cr\u00e9atine et glucides pour une meilleure assimilation<\/h3>\n\n\n\n<p>D&rsquo;autre part, il est toujours possible de prendre la <a href=\"https:\/\/www.fitadium.com\/conseils\/creatine\/monohydrate\/\">dose de <strong>cr\u00e9atine monohydrate<\/strong><\/a> pr\u00e9-entra\u00eenement en combinaison avec <strong>des glucides \u00e0 assimilation rapide<\/strong>, surtout si vous ne souhaitez pas prendre de stimulants comme la caf\u00e9ine.<\/p>\n\n\n\n<p>Dans ce cas, une formule de type CellTech par Muscletech et similaires est id\u00e9ale. Tu peux consulter notre <a href=\"https:\/\/www.fitadium.com\/conseils\/creatine\/meilleure-creatine\/\">comparatif des meilleures cr\u00e9atines<\/a> pour faire ton choix.<\/p>\n\n\n<div class=\"columns-push-product\">\n  <div class=\"columns-push-product__body\">\n    \n\n<p class=\"has-large-font-size\"><\/p>\n\n\n  <\/div>\n  <div class=\"columns-push-product__product\">\n      <\/div>\n<\/div>\n\n\n\n<h3 id=\"proteine\">Apr\u00e8s l&rsquo;entra\u00eenement avec un shaker de prot\u00e9ine, pour la croissance musculaire<\/h3>\n\n\n\n<p>Vous pourrez reprendre de la cr\u00e9atine dans la fen\u00eatre post-entra\u00eenement, avec un shake de prot\u00e9ine de lactos\u00e9rum (whey) ou v\u00e9g\u00e9tale, <strong>pour optimiser la croissance de la masse musculaire<\/strong>, ce qui constitue une bonne strat\u00e9gie de progression athl\u00e9tique apr\u00e8s l&rsquo;effort.<\/p>\n\n\n\n<p>En ajoutant une dose de<strong> cr\u00e9atine monohydrate \u00e0 votre prot\u00e9ine<\/strong>, vous optimiserez aussi le restockage des r\u00e9serves de cr\u00e9atine dans les muscles, ce qui vous sera utile autant pour la force que pour la croissance musculaire.<\/p>\n\n\n\n<p><\/p>\n\n\n\n<p><\/p>\n","protected":false},"excerpt":{"rendered":"<p>Prendre de la cr\u00e9atine avant l&rsquo;entra\u00eenement de musculation ou de Crossfit constitue toujours un bon moyen pour gagner de la force, augmenter le nombre de r\u00e9p\u00e9titions de vos exercices tout en mettant des charges plus lourdes. \u00c0 cette fin, un pre-workout avec ou sans stimulants (ou de type NO avec de l&rsquo;arginine ou de la [&hellip;]<\/p>\n","protected":false},"author":23,"featured_media":28261,"parent":56095,"menu_order":0,"comment_status":"closed","ping_status":"closed","template":"template-cocon.php","meta":[],"yoast_head":"<!-- This site is optimized with the Yoast SEO plugin v17.1 - https:\/\/yoast.com\/wordpress\/plugins\/seo\/ -->\n<title>Combien de temps doit-on prendre sa cr\u00e9atine avant l&#039;entra\u00eenement ?<\/title>\n<meta name=\"description\" content=\"Combien de temps avant pour b\u00e9n\u00e9ficier de l\u2019effet stimulant ? \u2605Avant ou apr\u00e8s l\u2019entrainement \u2605Cr\u00e9atine &amp; preworkout, glucides, prot\u00e9ines\" \/>\n<meta name=\"robots\" content=\"index, follow, max-snippet:-1, max-image-preview:large, max-video-preview:-1\" \/>\n<link rel=\"canonical\" href=\"https:\/\/www.fitadium.com\/conseils\/creatine\/combien-temps-avant-entrainement\/\" \/>\n<meta property=\"og:locale\" content=\"fr_FR\" \/>\n<meta property=\"og:type\" content=\"article\" \/>\n<meta property=\"og:title\" content=\"Combien de temps doit-on prendre sa cr\u00e9atine avant l&#039;entra\u00eenement ?\" \/>\n<meta property=\"og:description\" content=\"Combien de temps avant pour b\u00e9n\u00e9ficier de l\u2019effet stimulant ? \u2605Avant ou apr\u00e8s l\u2019entrainement \u2605Cr\u00e9atine &amp; preworkout, glucides, prot\u00e9ines\" \/>\n<meta property=\"og:url\" content=\"https:\/\/www.fitadium.com\/conseils\/creatine\/combien-temps-avant-entrainement\/\" \/>\n<meta property=\"og:site_name\" content=\"Fitadium\" \/>\n<meta property=\"article:publisher\" content=\"https:\/\/www.facebook.com\/fitadium.musculation\" \/>\n<meta property=\"article:modified_time\" content=\"2025-09-18T07:58:57+00:00\" \/>\n<meta property=\"og:image\" content=\"https:\/\/www.fitadium.com\/conseils\/wp-content\/uploads\/2015\/08\/creatine-avant-ou-apres-entrainement.jpg\" \/>\n\t<meta property=\"og:image:width\" content=\"995\" \/>\n\t<meta property=\"og:image:height\" content=\"500\" \/>\n<script type=\"application\/ld+json\" class=\"yoast-schema-graph\">{\"@context\":\"https:\/\/schema.org\",\"@graph\":[{\"@type\":\"Organization\",\"@id\":\"https:\/\/www.fitadium.com\/conseils\/#organization\",\"name\":\"FITADIUM\",\"url\":\"https:\/\/www.fitadium.com\/conseils\/\",\"sameAs\":[\"https:\/\/www.facebook.com\/fitadium.musculation\"],\"logo\":{\"@type\":\"ImageObject\",\"@id\":\"https:\/\/www.fitadium.com\/conseils\/#logo\",\"inLanguage\":\"fr-FR\",\"url\":\"https:\/\/www.fitadium.com\/conseils\/wp-content\/uploads\/2013\/08\/mobypicture.jpg\",\"contentUrl\":\"https:\/\/www.fitadium.com\/conseils\/wp-content\/uploads\/2013\/08\/mobypicture.jpg\",\"width\":510,\"height\":600,\"caption\":\"FITADIUM\"},\"image\":{\"@id\":\"https:\/\/www.fitadium.com\/conseils\/#logo\"}},{\"@type\":\"WebSite\",\"@id\":\"https:\/\/www.fitadium.com\/conseils\/#website\",\"url\":\"https:\/\/www.fitadium.com\/conseils\/\",\"name\":\"Fitadium\",\"description\":\"Toute l&#039;actualit\\u00e9 de la musculation et du fitness\",\"publisher\":{\"@id\":\"https:\/\/www.fitadium.com\/conseils\/#organization\"},\"potentialAction\":[{\"@type\":\"SearchAction\",\"target\":{\"@type\":\"EntryPoint\",\"urlTemplate\":\"https:\/\/www.fitadium.com\/conseils\/?s={search_term_string}\"},\"query-input\":\"required name=search_term_string\"}],\"inLanguage\":\"fr-FR\"},{\"@type\":\"ImageObject\",\"@id\":\"https:\/\/www.fitadium.com\/conseils\/creatine\/combien-temps-avant-entrainement\/#primaryimage\",\"inLanguage\":\"fr-FR\",\"url\":\"https:\/\/www.fitadium.com\/conseils\/wp-content\/uploads\/2015\/08\/creatine-avant-ou-apres-entrainement.jpg\",\"contentUrl\":\"https:\/\/www.fitadium.com\/conseils\/wp-content\/uploads\/2015\/08\/creatine-avant-ou-apres-entrainement.jpg\",\"width\":995,\"height\":500,\"caption\":\"Cr\\u00e9atine \\u00e0 quel moment?\"},{\"@type\":\"WebPage\",\"@id\":\"https:\/\/www.fitadium.com\/conseils\/creatine\/combien-temps-avant-entrainement\/#webpage\",\"url\":\"https:\/\/www.fitadium.com\/conseils\/creatine\/combien-temps-avant-entrainement\/\",\"name\":\"Combien de temps doit-on prendre sa cr\\u00e9atine avant l'entra\\u00eenement ?\",\"isPartOf\":{\"@id\":\"https:\/\/www.fitadium.com\/conseils\/#website\"},\"primaryImageOfPage\":{\"@id\":\"https:\/\/www.fitadium.com\/conseils\/creatine\/combien-temps-avant-entrainement\/#primaryimage\"},\"datePublished\":\"2022-08-25T08:29:56+00:00\",\"dateModified\":\"2025-09-18T07:58:57+00:00\",\"description\":\"Combien de temps avant pour b\\u00e9n\\u00e9ficier de l\\u2019effet stimulant ? \\u2605Avant ou apr\\u00e8s l\\u2019entrainement \\u2605Cr\\u00e9atine & preworkout, glucides, prot\\u00e9ines\",\"breadcrumb\":{\"@id\":\"https:\/\/www.fitadium.com\/conseils\/creatine\/combien-temps-avant-entrainement\/#breadcrumb\"},\"inLanguage\":\"fr-FR\",\"potentialAction\":[{\"@type\":\"ReadAction\",\"target\":[\"https:\/\/www.fitadium.com\/conseils\/creatine\/combien-temps-avant-entrainement\/\"]}]},{\"@type\":\"BreadcrumbList\",\"@id\":\"https:\/\/www.fitadium.com\/conseils\/creatine\/combien-temps-avant-entrainement\/#breadcrumb\",\"itemListElement\":[{\"@type\":\"ListItem\",\"position\":1,\"name\":\"Home\",\"item\":\"https:\/\/www.fitadium.com\/conseils\/\"},{\"@type\":\"ListItem\",\"position\":2,\"name\":\"Le guide de la cr\\u00e9atine\",\"item\":\"https:\/\/www.fitadium.com\/conseils\/creatine\/\"},{\"@type\":\"ListItem\",\"position\":3,\"name\":\"Combien de temps prendre la cr\\u00e9atine avant l&rsquo;entra\\u00eenement ?\"}]}]}<\/script>\n<!-- \/ Yoast SEO plugin. -->","yoast_head_json":{"title":"Combien de temps doit-on prendre sa cr\u00e9atine avant l'entra\u00eenement ?","description":"Combien de temps avant pour b\u00e9n\u00e9ficier de l\u2019effet stimulant ? \u2605Avant ou apr\u00e8s l\u2019entrainement \u2605Cr\u00e9atine & preworkout, glucides, prot\u00e9ines","robots":{"index":"index","follow":"follow","max-snippet":"max-snippet:-1","max-image-preview":"max-image-preview:large","max-video-preview":"max-video-preview:-1"},"canonical":"https:\/\/www.fitadium.com\/conseils\/creatine\/combien-temps-avant-entrainement\/","og_locale":"fr_FR","og_type":"article","og_title":"Combien de temps doit-on prendre sa cr\u00e9atine avant l'entra\u00eenement ?","og_description":"Combien de temps avant pour b\u00e9n\u00e9ficier de l\u2019effet stimulant ? \u2605Avant ou apr\u00e8s l\u2019entrainement \u2605Cr\u00e9atine & preworkout, glucides, prot\u00e9ines","og_url":"https:\/\/www.fitadium.com\/conseils\/creatine\/combien-temps-avant-entrainement\/","og_site_name":"Fitadium","article_publisher":"https:\/\/www.facebook.com\/fitadium.musculation","article_modified_time":"2025-09-18T07:58:57+00:00","og_image":[{"width":995,"height":500,"url":"https:\/\/www.fitadium.com\/conseils\/wp-content\/uploads\/2015\/08\/creatine-avant-ou-apres-entrainement.jpg","path":"\/home\/www\/fitadium\/www\/conseils\/wp-content\/uploads\/2015\/08\/creatine-avant-ou-apres-entrainement.jpg","size":"full","id":28261,"alt":"Cr\u00e9atine \u00e0 quel moment?","pixels":497500,"type":"image\/jpeg"}],"schema":{"@context":"https:\/\/schema.org","@graph":[{"@type":"Organization","@id":"https:\/\/www.fitadium.com\/conseils\/#organization","name":"FITADIUM","url":"https:\/\/www.fitadium.com\/conseils\/","sameAs":["https:\/\/www.facebook.com\/fitadium.musculation"],"logo":{"@type":"ImageObject","@id":"https:\/\/www.fitadium.com\/conseils\/#logo","inLanguage":"fr-FR","url":"https:\/\/www.fitadium.com\/conseils\/wp-content\/uploads\/2013\/08\/mobypicture.jpg","contentUrl":"https:\/\/www.fitadium.com\/conseils\/wp-content\/uploads\/2013\/08\/mobypicture.jpg","width":510,"height":600,"caption":"FITADIUM"},"image":{"@id":"https:\/\/www.fitadium.com\/conseils\/#logo"}},{"@type":"WebSite","@id":"https:\/\/www.fitadium.com\/conseils\/#website","url":"https:\/\/www.fitadium.com\/conseils\/","name":"Fitadium","description":"Toute l&#039;actualit\u00e9 de la musculation et du fitness","publisher":{"@id":"https:\/\/www.fitadium.com\/conseils\/#organization"},"potentialAction":[{"@type":"SearchAction","target":{"@type":"EntryPoint","urlTemplate":"https:\/\/www.fitadium.com\/conseils\/?s={search_term_string}"},"query-input":"required name=search_term_string"}],"inLanguage":"fr-FR"},{"@type":"ImageObject","@id":"https:\/\/www.fitadium.com\/conseils\/creatine\/combien-temps-avant-entrainement\/#primaryimage","inLanguage":"fr-FR","url":"https:\/\/www.fitadium.com\/conseils\/wp-content\/uploads\/2015\/08\/creatine-avant-ou-apres-entrainement.jpg","contentUrl":"https:\/\/www.fitadium.com\/conseils\/wp-content\/uploads\/2015\/08\/creatine-avant-ou-apres-entrainement.jpg","width":995,"height":500,"caption":"Cr\u00e9atine \u00e0 quel moment?"},{"@type":"WebPage","@id":"https:\/\/www.fitadium.com\/conseils\/creatine\/combien-temps-avant-entrainement\/#webpage","url":"https:\/\/www.fitadium.com\/conseils\/creatine\/combien-temps-avant-entrainement\/","name":"Combien de temps doit-on prendre sa cr\u00e9atine avant l'entra\u00eenement ?","isPartOf":{"@id":"https:\/\/www.fitadium.com\/conseils\/#website"},"primaryImageOfPage":{"@id":"https:\/\/www.fitadium.com\/conseils\/creatine\/combien-temps-avant-entrainement\/#primaryimage"},"datePublished":"2022-08-25T08:29:56+00:00","dateModified":"2025-09-18T07:58:57+00:00","description":"Combien de temps avant pour b\u00e9n\u00e9ficier de l\u2019effet stimulant ? \u2605Avant ou apr\u00e8s l\u2019entrainement \u2605Cr\u00e9atine & preworkout, glucides, prot\u00e9ines","breadcrumb":{"@id":"https:\/\/www.fitadium.com\/conseils\/creatine\/combien-temps-avant-entrainement\/#breadcrumb"},"inLanguage":"fr-FR","potentialAction":[{"@type":"ReadAction","target":["https:\/\/www.fitadium.com\/conseils\/creatine\/combien-temps-avant-entrainement\/"]}]},{"@type":"BreadcrumbList","@id":"https:\/\/www.fitadium.com\/conseils\/creatine\/combien-temps-avant-entrainement\/#breadcrumb","itemListElement":[{"@type":"ListItem","position":1,"name":"Home","item":"https:\/\/www.fitadium.com\/conseils\/"},{"@type":"ListItem","position":2,"name":"Le guide de la cr\u00e9atine","item":"https:\/\/www.fitadium.com\/conseils\/creatine\/"},{"@type":"ListItem","position":3,"name":"Combien de temps prendre la cr\u00e9atine avant l&rsquo;entra\u00eenement ?"}]}]}},"featured_image_src":"https:\/\/www.fitadium.com\/conseils\/wp-content\/uploads\/2015\/08\/creatine-avant-ou-apres-entrainement.jpg","featured_image_src_square":"https:\/\/www.fitadium.com\/conseils\/wp-content\/uploads\/2015\/08\/creatine-avant-ou-apres-entrainement.jpg","_links":{"self":[{"href":"https:\/\/www.fitadium.com\/conseils\/wp-json\/wp\/v2\/pages\/56571"}],"collection":[{"href":"https:\/\/www.fitadium.com\/conseils\/wp-json\/wp\/v2\/pages"}],"about":[{"href":"https:\/\/www.fitadium.com\/conseils\/wp-json\/wp\/v2\/types\/page"}],"author":[{"embeddable":true,"href":"https:\/\/www.fitadium.com\/conseils\/wp-json\/wp\/v2\/users\/23"}],"replies":[{"embeddable":true,"href":"https:\/\/www.fitadium.com\/conseils\/wp-json\/wp\/v2\/comments?post=56571"}],"version-history":[{"count":18,"href":"https:\/\/www.fitadium.com\/conseils\/wp-json\/wp\/v2\/pages\/56571\/revisions"}],"predecessor-version":[{"id":60818,"href":"https:\/\/www.fitadium.com\/conseils\/wp-json\/wp\/v2\/pages\/56571\/revisions\/60818"}],"up":[{"embeddable":true,"href":"https:\/\/www.fitadium.com\/conseils\/wp-json\/wp\/v2\/pages\/56095"}],"wp:featuredmedia":[{"embeddable":true,"href":"https:\/\/www.fitadium.com\/conseils\/wp-json\/wp\/v2\/media\/28261"}],"wp:attachment":[{"href":"https:\/\/www.fitadium.com\/conseils\/wp-json\/wp\/v2\/media?parent=56571"}],"curies":[{"name":"wp","href":"https:\/\/api.w.org\/{rel}","templated":true}]}}