{"id":56634,"date":"2022-08-25T10:26:59","date_gmt":"2022-08-25T08:26:59","guid":{"rendered":"https:\/\/www.fitadium.com\/conseils\/?page_id=56634"},"modified":"2024-06-06T14:47:24","modified_gmt":"2024-06-06T12:47:24","slug":"avant-dormir","status":"publish","type":"page","link":"https:\/\/www.fitadium.com\/conseils\/creatine\/avant-dormir\/","title":{"rendered":"Est-ce une bonne id\u00e9e de prendre de la cr\u00e9atine avant de dormir ?"},"content":{"rendered":"\n<p>Une des questions les plus fr\u00e9quentes sur <a href=\"https:\/\/www.fitadium.com\/7-creatines\">la cr\u00e9atine <\/a>concerne le <strong>moment de la prise<\/strong>. Faut-il en prendre avant ou apr\u00e8s votre s\u00e9ance d&rsquo;entra\u00eenement, ou plut\u00f4t \u00e0 un autre moment, et avec quoi ? <\/p>\n\n\n\n<p>Nous allons vous r\u00e9pondre \u00e0 cette question, en essayant de savoir aussi s&rsquo;il n&rsquo;y a pas d&rsquo;autres moments pour en prendre et b\u00e9n\u00e9ficier des avantages de la cr\u00e9atine.<\/p>\n\n\n\n<p>Par exemple, serait-il int\u00e9ressant d&rsquo;en<strong> prendre le soir au moment du coucher<\/strong> ? Est-ce le meilleur moment pour profiter des avantages de la cr\u00e9atine ?<\/p>\n\n\n\n<h2 class=\"wp-block-heading\" id=\"meilleur\">Quel est le meilleur moment pour prendre de la cr\u00e9atine monohydrate ?<\/h2>\n\n\n\n<blockquote class=\"wp-block-quote is-layout-flow wp-block-quote-is-layout-flow\"><p>La cr\u00e9atine est un donneur d&rsquo;ions phosphate agissant \u00e0 chaque instant, il n&rsquo;y a donc pas de meilleur ou de moins bon moment pour en prendre.<\/p><\/blockquote>\n\n\n\n<p>Pour b\u00e9n\u00e9ficier des avantages de la <a href=\"https:\/\/www.fitadium.com\/conseils\/creatine\/monohydrate\/\">cr\u00e9atine monohydrate <\/a>ou toute forme de cr\u00e9atine en suppl\u00e9ment, ce qui compte r\u00e9ellement concerne <strong>son assimilation<\/strong>, depuis le moment o\u00f9 vous l&rsquo;avalez jusqu&rsquo;au moment o\u00f9 vos cellules musculaires en profitent.<\/p>\n\n\n\n<p>Le premier facteur pouvant jouer sur l&rsquo;assimilation de la cr\u00e9atine concerne<strong> l&rsquo;horaire de votre s\u00e9ance d&rsquo;entra\u00eenement<\/strong>. De mani\u00e8re g\u00e9n\u00e9rale, la prise de cr\u00e9atine peut se faire avec une<strong> formule pr\u00e9workout<\/strong> et donc,<strong> l&rsquo;estomac vide<\/strong>. Cela signifie aussi que vous auriez d\u00e9j\u00e0 mang\u00e9 2 \u00e0 3 heures avant.<\/p>\n\n\n\n<p><strong>Si vous vous entra\u00eenez au matin,<\/strong> c&rsquo;est un \u00e9l\u00e9ment \u00e0 prendre en consid\u00e9ration. Si vous avez l&rsquo;estomac vide avant de vous entra\u00eener au petit matin et que vous prenez un pr\u00e9workout, prenez alors <strong>une boisson glucidique <\/strong>(maltodextrine&#8230;) ou<strong> isotonique <\/strong>pour profiter d&rsquo;un apport de calories rapidement assimilables pendant l&rsquo;exercice. Si vous prenez de la cr\u00e9atine monohydrate en poudre, prenez-la avec<strong> des glucides avant votre s\u00e9ance d&rsquo;entra\u00eenement <\/strong>afin de profiter du <strong>levier de l&rsquo;insuline pour bien assimiler la cr\u00e9atine<\/strong>.<\/p>\n\n\n\n<p><strong>Si vous vous entra\u00eenez en fin d&rsquo;apr\u00e8s-midi<\/strong>, le timing sera sans doute plus simple. Vous pouvez par exemple prendre un <a href=\"https:\/\/www.fitadium.com\/conseils\/creatine\/preworkout\/\"><strong>pr\u00e9workout avec cr\u00e9atine<\/strong><\/a><strong> avant le sport<\/strong> et d&rsquo;ajouter <strong>quelques grammes de cr\u00e9atine monohydrate \u00e0 votre shaker de prot\u00e9ine juste apr\u00e8s<\/strong>. Mais que vous preniez votre cr\u00e9atine l&rsquo;estomac vide ou avec quelques centaines de calories (glucides ou prot\u00e9ines), l&rsquo;impact sur l&rsquo;assimilation d&rsquo;un c\u00f4t\u00e9 ou d&rsquo;un autre restera assez marginal.<\/p>\n\n\n\n<p>Retenez surtout que la cr\u00e9atine est une mol\u00e9cule complexe comme les autres et que <strong>tout ne sera pas syst\u00e9matiquement assimil\u00e9,<\/strong> comme n&rsquo;importe quel autre nutriment. C&rsquo;est du moins ce que prouvent les \u00e9tudes cliniques sur la pharmacocin\u00e9tique de la cr\u00e9atine.<\/p>\n\n\n\n<h3 class=\"wp-block-heading\" id=\"repartition\">Utilit\u00e9 de r\u00e9partir la prise de cr\u00e9atine sur la journ\u00e9e<\/h3>\n\n\n\n<p>Certaines \u00e9tudes cliniques ont tendance \u00e0 prouver que la suppl\u00e9mentation en cr\u00e9atine serait <strong>mieux assimil\u00e9e si les <\/strong><a href=\"https:\/\/www.fitadium.com\/conseils\/creatine\/dosage\/\"><strong>prises de la dose quotidienne<\/strong><\/a><strong> sont fragment\u00e9es<\/strong>.<\/p>\n\n\n\n<p>Cependant, il s&rsquo;agit encore d&rsquo;une tendance qui demande \u00e0 \u00eatre confirm\u00e9e. La diff\u00e9rence mise en avant par les recherches scientifiques est significative mais ce qui est vrai pour la cr\u00e9atine l&rsquo;est aussi pour d&rsquo;autres nutriments, selon telle ou telle circonstances, la condition physique et l&rsquo;\u00e2ge des sujets.<\/p>\n\n\n\n<p>Si vous prenez <strong>votre pr\u00e9workout avec 3g de cr\u00e9atine<\/strong> et que vous reprenez<strong> 3 grammes apr\u00e8s l&rsquo;entra\u00eenement<\/strong>, celle-ci sera tout aussi bien assimil\u00e9e. Rappelez-vous que les \u00e9tudes cliniques r\u00e9pondent \u00e0 certaines conditions d&rsquo;exp\u00e9rience, lesquelles ne correspondent pas fr\u00e9quemment \u00e0 la r\u00e9alit\u00e9 v\u00e9cue au quotidien par les athl\u00e8tes de la force et de la musculation.<\/p>\n\n\n\n<h3 class=\"wp-block-heading\" id=\"avant\">La prise avant l&rsquo;entra\u00eenement de musculation<\/h3>\n\n\n\n<p>Les <strong>\u00ab\u00a0boosters\u00a0\u00bb <\/strong>de l&rsquo;oxyde nitrique (NO) <strong>et formules pr\u00e9workout qui apportent de la cr\u00e9atine<\/strong> seront pris \u00e0 un moment bien plus propice \u00e0 l&rsquo;assimilation de cet ergog\u00e8ne \u00e9tant donn\u00e9 que vous devez avoir l&rsquo;estomac vide \u00e0 ce moment. \u00c0 ce moment le pH de l&rsquo;estomac est inf\u00e9rieur \u00e0 2, une acidit\u00e9 propice \u00e0 son assimilation*.<\/p>\n\n\n\n<p>La<strong> perte en cr\u00e9atinine sera moindre<\/strong> \u00e0 ce moment, m\u00eame si la diff\u00e9rence est assez peu notable autrement. \u00c9tant donn\u00e9 que les pr\u00e9workout contiennent aussi des stimulants et d&rsquo;autres nutriments (arginine, beta-alanine, citrulline&#8230;), il s&rsquo;agit certainement du <a href=\"https:\/\/www.fitadium.com\/conseils\/creatine\/quand-prendre-creatine\/\"><strong>meilleur moment pour prendre de la cr\u00e9atine<\/strong><\/a>, notamment pour le gain de force musculaire.<\/p>\n\n\n<div class=\"columns-push-product\">\n  <div class=\"columns-push-product__body\">\n    \n\n<p class=\"has-large-font-size\"><\/p>\n\n\n  <\/div>\n  <div class=\"columns-push-product__product\">\n    <div class=\"product\" GTM-data-id=\"2658\" GTM-data-nom=\"PROGRAMME VOLUME ET FORCE\">\n  <div class=\"product__img\" style=\"width: -webkit-fill-available;\">\n    <a href=\"https:\/\/www.fitadium.com\/2658-programme-volume-et-force.html#\/504607-gout_no_pump-mojito\/504613-gout_creatine_hardcore-orange\" class=\"product__image_lnk GTM_blog_product\" >\n      <img decoding=\"async\" src=\"https:\/\/www.fitadium.com\/17621-fit_540\/programme-volume-et-force.jpg\" alt=\"\" class=\"product__image lazyload\">\n    <\/a>\n  <\/div>\n  <div class=\"product__body\">\n        <div class=\"product__brand\">Superset Nutrition<\/div>\n    <a class=\"product__name GTM_blog_product\" href=\"https:\/\/www.fitadium.com\/2658-programme-volume-et-force.html#\/504607-gout_no_pump-mojito\/504613-gout_creatine_hardcore-orange\" title=\"PROGRAMME VOLUME ET FORCE\">\n      PROGRAMME VOLUME ET FORCE\n    <\/a>\n          <span class=\"product__price\">69.9 \u20ac<\/span>\n      <span class=\"product__price_old\">105.7 \u20ac<\/span>\n            <div class=\"product__excerpt\">PLUS DE VOLUME, PLUS DE FORCE ! Les coachs sportifs\u2026<\/div>\n            <div><a class=\"product__cta GTM_blog_product\" href=\"https:\/\/www.fitadium.com\/2658-programme-volume-et-force.html#\/504607-gout_no_pump-mojito\/504613-gout_creatine_hardcore-orange\" title=\"PROGRAMME VOLUME ET FORCE\">Voir le produit<\/a><\/div>\n  <\/div>\n<\/div>\n  <\/div>\n<\/div>\n\n\n\n<p>La cr\u00e9atine va fournir l&rsquo;\u00e9nergie n\u00e9cessaire pour augmenter vos performances sur des exercices \u00e0 intensit\u00e9 \u00e9lev\u00e9e de courte dur\u00e9e,<\/p>\n\n\n\n<h3 class=\"wp-block-heading\" id=\"apres\">Prendre apr\u00e8s l&rsquo;entra\u00eenement avec un shaker de prot\u00e9ine<\/h3>\n\n\n\n<p>Prendre de la <strong>cr\u00e9atine lors de la fen\u00eatre post-entra\u00eenement,<\/strong> en combinaison avec un <strong>shaker de prot\u00e9ine ou des glucides<\/strong>, est une solution int\u00e9ressante \u00e9tant donn\u00e9 son influence positive sur la r\u00e9cup\u00e9ration post-exercices pour le corps.<\/p>\n\n\n<div class=\"columns-push-product\">\n  <div class=\"columns-push-product__body\">\n    \n\n<p class=\"has-large-font-size\"><\/p>\n\n\n  <\/div>\n  <div class=\"columns-push-product__product\">\n    <div class=\"product\" GTM-data-id=\"2739\" GTM-data-nom=\"PROGRAMME PRISE DE MUSCLE SEC - AVANCE\">\n  <div class=\"product__img\" style=\"width: -webkit-fill-available;\">\n    <a href=\"https:\/\/www.fitadium.com\/2739-programme-prise-de-muscle-sec-avance.html#\/503068-gout_100_whey_proteine_advanced-banana_split\" class=\"product__image_lnk GTM_blog_product\" >\n      <img decoding=\"async\" src=\"https:\/\/www.fitadium.com\/25274-fit_540\/programme-prise-de-muscle-sec-avance.jpg\" alt=\"\" class=\"product__image lazyload\">\n    <\/a>\n  <\/div>\n  <div class=\"product__body\">\n        <div class=\"product__brand\">Superset Nutrition<\/div>\n    <a class=\"product__name GTM_blog_product\" href=\"https:\/\/www.fitadium.com\/2739-programme-prise-de-muscle-sec-avance.html#\/503068-gout_100_whey_proteine_advanced-banana_split\" title=\"PROGRAMME PRISE DE MUSCLE SEC - AVANCE\">\n      PROGRAMME PRISE DE MUSCLE SEC &#8211; AVANCE\n    <\/a>\n          <span class=\"product__price\">69.9 \u20ac<\/span>\n      <span class=\"product__price_old\">93.7 \u20ac<\/span>\n            <div class=\"product__excerpt\">INTENSIFIE TA PRISE DE MUSCLE SEC ! Les coachs sportifs\u2026<\/div>\n            <div><a class=\"product__cta GTM_blog_product\" href=\"https:\/\/www.fitadium.com\/2739-programme-prise-de-muscle-sec-avance.html#\/503068-gout_100_whey_proteine_advanced-banana_split\" title=\"PROGRAMME PRISE DE MUSCLE SEC - AVANCE\">Voir le produit<\/a><\/div>\n  <\/div>\n<\/div>\n  <\/div>\n<\/div>\n\n\n\n<p>La cr\u00e9atine est n\u00e9cessairement impliqu\u00e9e dans<strong> la synth\u00e8se d&rsquo;\u00e9nergie<\/strong>, premier crit\u00e8re \u00e0 restaurer apr\u00e8s une s\u00e9ance d&rsquo;activit\u00e9s physiques qui aura \u00e9puis\u00e9 vos r\u00e9serves de glycog\u00e8ne. Elle joue un r\u00f4le cl\u00e9 dans sa lib\u00e9ration de l&rsquo;\u00e9nergie cellulaire et la reconstruction de la forme d&rsquo;\u00e9nergie cellulaire (ATP, ou Ad\u00e9nosine TriPhosphate).<\/p>\n\n\n\n<p>Nous savons aussi que la cr\u00e9atine stimule<strong> l&rsquo;hydratation intracellulaire de vos muscles<\/strong>, entra\u00eenant une augmentation des r\u00e9serves de glycog\u00e8ne. Dans ce cas, il vous suffit d&rsquo;ajouter 3 grammes de monohydrate de cr\u00e9atine dans votre shake de prot\u00e9ine ou de votre gainer. Indirectement, augmenter vos r\u00e9serves de cr\u00e9atine entra\u00eene <strong>une acc\u00e9l\u00e9ration de la r\u00e9cup\u00e9ration post-entra\u00eenement <\/strong>pour le corps.<\/p>\n\n\n\n<h2 class=\"wp-block-heading\" id=\"effets\">Quels sont les effets de la cr\u00e9atine avant de dormir ?<\/h2>\n\n\n\n<p>Prendre de la cr\u00e9atine avant de dormir peut \u00eatre int\u00e9ressant <strong>si vous avez un entra\u00eenement le matin<\/strong>. Dans ce cas, vous pourriez en ajouter <strong>3g \u00e0 votre cas\u00e9ine \u00e0 prendre avant le coucher.<\/strong> Il s&rsquo;agit dans ce cas, d&rsquo;une bonne solution pour<strong> stimuler la prise de masse et de force<\/strong> avant votre s\u00e9ance de musculation du matin.<\/p>\n\n\n\n<p>Par contre, si votre <strong>entra\u00eenement se d\u00e9roule dans l&rsquo;apr\u00e8s-midi ou au soir,<\/strong> il serait sans doute pr\u00e9f\u00e9rable de prendre des <strong>doses fractionn\u00e9es de cr\u00e9atine pendant la journ\u00e9e<\/strong>.<\/p>\n\n\n\n<h3 class=\"wp-block-heading\" id=\"dormir\">Est-ce que la cr\u00e9atine peut emp\u00eacher de dormir ?<\/h3>\n\n\n\n<p>Depuis plus de 30 ans, la m\u00e9thode qui consiste \u00e0 <strong>prendre une suppl\u00e9mentation en cr\u00e9atine avec des glucides<\/strong> est efficace car cela vous fait profiter du levier d&rsquo;un pic d&rsquo;insuline sur l&rsquo;assimilation de la cr\u00e9atine. C&rsquo;est une m\u00e9thode qui peut \u00eatre appliqu\u00e9e <a href=\"https:\/\/www.fitadium.com\/conseils\/creatine\/avant-apres-entrainement\/\"><strong>avant ou apr\u00e8s l&rsquo;entra\u00eenement<\/strong><\/a> et qui donne toujours de tr\u00e8s bons r\u00e9sultats.<\/p>\n\n\n\n<h3 class=\"wp-block-heading\" id=\"caseine\">Cas\u00e9ine + cr\u00e9atine le soir : id\u00e9al pour la prise de masse musculaire<\/h3>\n\n\n\n<p>Si vous pouvez en prendre avec votre <strong>cas\u00e9ine du soir<\/strong>, il s&rsquo;agira toujours d&rsquo;une option int\u00e9ressante pour la <a href=\"https:\/\/www.fitadium.com\/conseils\/creatine\/gainer-ou-creatine\/\"><strong>prise de masse musculaire<\/strong><\/a> avec une lib\u00e9ration progressive des acides amin\u00e9s pendant la nuit.<\/p>\n\n\n\n<p>En revanche, si vous ne prenez pas de cas\u00e9ine le soir, la <strong>suppl\u00e9mentation en cr\u00e9atine avec des glucides avant de dormir reste une possibilit\u00e9 int\u00e9ressante<\/strong>, toujours dans le cadre de la prise de masse.<\/p>\n\n\n\n<p>Certaines consid\u00e9rations absurdes \u00e9voquent le fait que la cr\u00e9atine pourrait vous emp\u00eacher de dormir, sans doute li\u00e9e au r\u00f4le de source d&rsquo;\u00e9nergie de la cr\u00e9atine. Hormis ce genre d&rsquo;all\u00e9gations hilarantes, <strong>aucun constat scientifiquement \u00e9tabli ne permet de donner le moindre cr\u00e9dit \u00e0 ce genre d&rsquo;id\u00e9es farfelues<\/strong>.<\/p>\n\n\n\n<p><\/p>\n\n\n\n<p>Sources :<\/p>\n\n\n\n<p>* Pharmacocin\u00e9tique de la cr\u00e9atine, Partie I: Comment la cr\u00e9atine est-elle absorb\u00e9e dans la circulation sanguine ? Blog Espace Corps Esprit Forme, 30\/09\/2020<\/p>\n","protected":false},"excerpt":{"rendered":"<p>Une des questions les plus fr\u00e9quentes sur la cr\u00e9atine concerne le moment de la prise. Faut-il en prendre avant ou apr\u00e8s votre s\u00e9ance d&rsquo;entra\u00eenement, ou plut\u00f4t \u00e0 un autre moment, et avec quoi ? Nous allons vous r\u00e9pondre \u00e0 cette question, en essayant de savoir aussi s&rsquo;il n&rsquo;y a pas d&rsquo;autres moments pour en prendre [&hellip;]<\/p>\n","protected":false},"author":23,"featured_media":56635,"parent":56095,"menu_order":0,"comment_status":"closed","ping_status":"closed","template":"template-cocon.php","meta":{"footnotes":""},"class_list":null,"yoast_head":"<!-- This site is optimized with the Yoast SEO plugin v17.1 - https:\/\/yoast.com\/wordpress\/plugins\/seo\/ -->\n<title>La cr\u00e9atine avant de dormir : bonne id\u00e9e ?<\/title>\n<meta name=\"description\" content=\"Quel est le meilleur moment pour prendre de la cr\u00e9atine ? \u2605Quels sont les effets de la cr\u00e9atine avant de dormir ?\" \/>\n<meta name=\"robots\" content=\"index, follow, max-snippet:-1, max-image-preview:large, max-video-preview:-1\" \/>\n<link rel=\"canonical\" href=\"https:\/\/www.fitadium.com\/conseils\/creatine\/avant-dormir\/\" \/>\n<meta property=\"og:locale\" content=\"fr_FR\" \/>\n<meta property=\"og:type\" content=\"article\" \/>\n<meta property=\"og:title\" content=\"La cr\u00e9atine avant de dormir : bonne id\u00e9e ?\" \/>\n<meta property=\"og:description\" content=\"Quel est le meilleur moment pour prendre de la cr\u00e9atine ? \u2605Quels sont les effets de la cr\u00e9atine avant de dormir ?\" \/>\n<meta property=\"og:url\" content=\"https:\/\/www.fitadium.com\/conseils\/creatine\/avant-dormir\/\" \/>\n<meta property=\"og:site_name\" content=\"Fitadium\" \/>\n<meta property=\"article:publisher\" content=\"https:\/\/www.facebook.com\/fitadium.musculation\" \/>\n<meta property=\"article:modified_time\" content=\"2024-06-06T12:47:24+00:00\" \/>\n<meta property=\"og:image\" content=\"https:\/\/www.fitadium.com\/conseils\/wp-content\/uploads\/2022\/08\/creatine-avant-de-dormir.jpg\" \/>\n\t<meta property=\"og:image:width\" content=\"995\" \/>\n\t<meta property=\"og:image:height\" content=\"500\" \/>\n<script type=\"application\/ld+json\" class=\"yoast-schema-graph\">{\"@context\":\"https:\/\/schema.org\",\"@graph\":[{\"@type\":\"Organization\",\"@id\":\"https:\/\/www.fitadium.com\/conseils\/#organization\",\"name\":\"FITADIUM\",\"url\":\"https:\/\/www.fitadium.com\/conseils\/\",\"sameAs\":[\"https:\/\/www.facebook.com\/fitadium.musculation\"],\"logo\":{\"@type\":\"ImageObject\",\"@id\":\"https:\/\/www.fitadium.com\/conseils\/#logo\",\"inLanguage\":\"fr-FR\",\"url\":\"https:\/\/www.fitadium.com\/conseils\/wp-content\/uploads\/2013\/08\/mobypicture.jpg\",\"contentUrl\":\"https:\/\/www.fitadium.com\/conseils\/wp-content\/uploads\/2013\/08\/mobypicture.jpg\",\"width\":510,\"height\":600,\"caption\":\"FITADIUM\"},\"image\":{\"@id\":\"https:\/\/www.fitadium.com\/conseils\/#logo\"}},{\"@type\":\"WebSite\",\"@id\":\"https:\/\/www.fitadium.com\/conseils\/#website\",\"url\":\"https:\/\/www.fitadium.com\/conseils\/\",\"name\":\"Fitadium\",\"description\":\"Toute l&#039;actualit\\u00e9 de la musculation et du fitness\",\"publisher\":{\"@id\":\"https:\/\/www.fitadium.com\/conseils\/#organization\"},\"potentialAction\":[{\"@type\":\"SearchAction\",\"target\":{\"@type\":\"EntryPoint\",\"urlTemplate\":\"https:\/\/www.fitadium.com\/conseils\/?s={search_term_string}\"},\"query-input\":\"required name=search_term_string\"}],\"inLanguage\":\"fr-FR\"},{\"@type\":\"ImageObject\",\"@id\":\"https:\/\/www.fitadium.com\/conseils\/creatine\/avant-dormir\/#primaryimage\",\"inLanguage\":\"fr-FR\",\"url\":\"https:\/\/www.fitadium.com\/conseils\/wp-content\/uploads\/2022\/08\/creatine-avant-de-dormir.jpg\",\"contentUrl\":\"https:\/\/www.fitadium.com\/conseils\/wp-content\/uploads\/2022\/08\/creatine-avant-de-dormir.jpg\",\"width\":995,\"height\":500,\"caption\":\"La cr\\u00e9atine avant de dormir\"},{\"@type\":\"WebPage\",\"@id\":\"https:\/\/www.fitadium.com\/conseils\/creatine\/avant-dormir\/#webpage\",\"url\":\"https:\/\/www.fitadium.com\/conseils\/creatine\/avant-dormir\/\",\"name\":\"La cr\\u00e9atine avant de dormir : bonne id\\u00e9e ?\",\"isPartOf\":{\"@id\":\"https:\/\/www.fitadium.com\/conseils\/#website\"},\"primaryImageOfPage\":{\"@id\":\"https:\/\/www.fitadium.com\/conseils\/creatine\/avant-dormir\/#primaryimage\"},\"datePublished\":\"2022-08-25T08:26:59+00:00\",\"dateModified\":\"2024-06-06T12:47:24+00:00\",\"description\":\"Quel est le meilleur moment pour prendre de la cr\\u00e9atine ? \\u2605Quels sont les effets de la cr\\u00e9atine avant de dormir ?\",\"breadcrumb\":{\"@id\":\"https:\/\/www.fitadium.com\/conseils\/creatine\/avant-dormir\/#breadcrumb\"},\"inLanguage\":\"fr-FR\",\"potentialAction\":[{\"@type\":\"ReadAction\",\"target\":[\"https:\/\/www.fitadium.com\/conseils\/creatine\/avant-dormir\/\"]}]},{\"@type\":\"BreadcrumbList\",\"@id\":\"https:\/\/www.fitadium.com\/conseils\/creatine\/avant-dormir\/#breadcrumb\",\"itemListElement\":[{\"@type\":\"ListItem\",\"position\":1,\"name\":\"Home\",\"item\":\"https:\/\/www.fitadium.com\/conseils\/\"},{\"@type\":\"ListItem\",\"position\":2,\"name\":\"Le guide de la cr\\u00e9atine\",\"item\":\"https:\/\/www.fitadium.com\/conseils\/creatine\/\"},{\"@type\":\"ListItem\",\"position\":3,\"name\":\"Est-ce une bonne id\\u00e9e de prendre de la cr\\u00e9atine avant de dormir ?\"}]}]}<\/script>\n<!-- \/ Yoast SEO plugin. -->","yoast_head_json":{"title":"La cr\u00e9atine avant de dormir : bonne id\u00e9e ?","description":"Quel est le meilleur moment pour prendre de la cr\u00e9atine ? \u2605Quels sont les effets de la cr\u00e9atine avant de dormir ?","robots":{"index":"index","follow":"follow","max-snippet":"max-snippet:-1","max-image-preview":"max-image-preview:large","max-video-preview":"max-video-preview:-1"},"canonical":"https:\/\/www.fitadium.com\/conseils\/creatine\/avant-dormir\/","og_locale":"fr_FR","og_type":"article","og_title":"La cr\u00e9atine avant de dormir : bonne id\u00e9e ?","og_description":"Quel est le meilleur moment pour prendre de la cr\u00e9atine ? \u2605Quels sont les effets de la cr\u00e9atine avant de dormir ?","og_url":"https:\/\/www.fitadium.com\/conseils\/creatine\/avant-dormir\/","og_site_name":"Fitadium","article_publisher":"https:\/\/www.facebook.com\/fitadium.musculation","article_modified_time":"2024-06-06T12:47:24+00:00","og_image":[{"width":995,"height":500,"url":"https:\/\/www.fitadium.com\/conseils\/wp-content\/uploads\/2022\/08\/creatine-avant-de-dormir.jpg","path":"\/home\/www\/fitadium\/www\/conseils\/wp-content\/uploads\/2022\/08\/creatine-avant-de-dormir.jpg","size":"full","id":56635,"alt":"La cr\u00e9atine avant de dormir","pixels":497500,"type":"image\/jpeg"}],"schema":{"@context":"https:\/\/schema.org","@graph":[{"@type":"Organization","@id":"https:\/\/www.fitadium.com\/conseils\/#organization","name":"FITADIUM","url":"https:\/\/www.fitadium.com\/conseils\/","sameAs":["https:\/\/www.facebook.com\/fitadium.musculation"],"logo":{"@type":"ImageObject","@id":"https:\/\/www.fitadium.com\/conseils\/#logo","inLanguage":"fr-FR","url":"https:\/\/www.fitadium.com\/conseils\/wp-content\/uploads\/2013\/08\/mobypicture.jpg","contentUrl":"https:\/\/www.fitadium.com\/conseils\/wp-content\/uploads\/2013\/08\/mobypicture.jpg","width":510,"height":600,"caption":"FITADIUM"},"image":{"@id":"https:\/\/www.fitadium.com\/conseils\/#logo"}},{"@type":"WebSite","@id":"https:\/\/www.fitadium.com\/conseils\/#website","url":"https:\/\/www.fitadium.com\/conseils\/","name":"Fitadium","description":"Toute l&#039;actualit\u00e9 de la musculation et du fitness","publisher":{"@id":"https:\/\/www.fitadium.com\/conseils\/#organization"},"potentialAction":[{"@type":"SearchAction","target":{"@type":"EntryPoint","urlTemplate":"https:\/\/www.fitadium.com\/conseils\/?s={search_term_string}"},"query-input":"required name=search_term_string"}],"inLanguage":"fr-FR"},{"@type":"ImageObject","@id":"https:\/\/www.fitadium.com\/conseils\/creatine\/avant-dormir\/#primaryimage","inLanguage":"fr-FR","url":"https:\/\/www.fitadium.com\/conseils\/wp-content\/uploads\/2022\/08\/creatine-avant-de-dormir.jpg","contentUrl":"https:\/\/www.fitadium.com\/conseils\/wp-content\/uploads\/2022\/08\/creatine-avant-de-dormir.jpg","width":995,"height":500,"caption":"La cr\u00e9atine avant de dormir"},{"@type":"WebPage","@id":"https:\/\/www.fitadium.com\/conseils\/creatine\/avant-dormir\/#webpage","url":"https:\/\/www.fitadium.com\/conseils\/creatine\/avant-dormir\/","name":"La cr\u00e9atine avant de dormir : bonne id\u00e9e ?","isPartOf":{"@id":"https:\/\/www.fitadium.com\/conseils\/#website"},"primaryImageOfPage":{"@id":"https:\/\/www.fitadium.com\/conseils\/creatine\/avant-dormir\/#primaryimage"},"datePublished":"2022-08-25T08:26:59+00:00","dateModified":"2024-06-06T12:47:24+00:00","description":"Quel est le meilleur moment pour prendre de la cr\u00e9atine ? \u2605Quels sont les effets de la cr\u00e9atine avant de dormir ?","breadcrumb":{"@id":"https:\/\/www.fitadium.com\/conseils\/creatine\/avant-dormir\/#breadcrumb"},"inLanguage":"fr-FR","potentialAction":[{"@type":"ReadAction","target":["https:\/\/www.fitadium.com\/conseils\/creatine\/avant-dormir\/"]}]},{"@type":"BreadcrumbList","@id":"https:\/\/www.fitadium.com\/conseils\/creatine\/avant-dormir\/#breadcrumb","itemListElement":[{"@type":"ListItem","position":1,"name":"Home","item":"https:\/\/www.fitadium.com\/conseils\/"},{"@type":"ListItem","position":2,"name":"Le guide de la cr\u00e9atine","item":"https:\/\/www.fitadium.com\/conseils\/creatine\/"},{"@type":"ListItem","position":3,"name":"Est-ce une bonne id\u00e9e de prendre de la cr\u00e9atine avant de dormir ?"}]}]}},"featured_image_src":"https:\/\/www.fitadium.com\/conseils\/wp-content\/uploads\/2022\/08\/creatine-avant-de-dormir-600x400.jpg","featured_image_src_square":"https:\/\/www.fitadium.com\/conseils\/wp-content\/uploads\/2022\/08\/creatine-avant-de-dormir-600x500.jpg","_links":{"self":[{"href":"https:\/\/www.fitadium.com\/conseils\/wp-json\/wp\/v2\/pages\/56634","targetHints":{"allow":["GET"]}}],"collection":[{"href":"https:\/\/www.fitadium.com\/conseils\/wp-json\/wp\/v2\/pages"}],"about":[{"href":"https:\/\/www.fitadium.com\/conseils\/wp-json\/wp\/v2\/types\/page"}],"author":[{"embeddable":true,"href":"https:\/\/www.fitadium.com\/conseils\/wp-json\/wp\/v2\/users\/23"}],"replies":[{"embeddable":true,"href":"https:\/\/www.fitadium.com\/conseils\/wp-json\/wp\/v2\/comments?post=56634"}],"version-history":[{"count":12,"href":"https:\/\/www.fitadium.com\/conseils\/wp-json\/wp\/v2\/pages\/56634\/revisions"}],"predecessor-version":[{"id":59318,"href":"https:\/\/www.fitadium.com\/conseils\/wp-json\/wp\/v2\/pages\/56634\/revisions\/59318"}],"up":[{"embeddable":true,"href":"https:\/\/www.fitadium.com\/conseils\/wp-json\/wp\/v2\/pages\/56095"}],"wp:featuredmedia":[{"embeddable":true,"href":"https:\/\/www.fitadium.com\/conseils\/wp-json\/wp\/v2\/media\/56635"}],"wp:attachment":[{"href":"https:\/\/www.fitadium.com\/conseils\/wp-json\/wp\/v2\/media?parent=56634"}],"curies":[{"name":"wp","href":"https:\/\/api.w.org\/{rel}","templated":true}]}}