{"id":57020,"date":"2023-01-10T18:45:30","date_gmt":"2023-01-10T17:45:30","guid":{"rendered":"https:\/\/www.fitadium.com\/conseils\/?page_id=57020"},"modified":"2024-05-30T11:32:15","modified_gmt":"2024-05-30T09:32:15","slug":"danger-caseine","status":"publish","type":"page","link":"https:\/\/www.fitadium.com\/conseils\/proteines\/caseine\/danger-caseine\/","title":{"rendered":"La cas\u00e9ine, un danger ?"},"content":{"rendered":"\n<p>Non. Pas vraiment. Enfin&#8230; \u00e7a d\u00e9pend. Gr\u00e2ce \u00e0 son int\u00e9r\u00eat connu pour la<strong> r\u00e9cup\u00e9ration et le d\u00e9veloppement musculaire<\/strong>, la <a href=\"https:\/\/www.fitadium.com\/426-caseines\">cas\u00e9ine en poudre<\/a> fait l&rsquo;objet d&rsquo;une utilisation courante aupr\u00e8s des pratiquants de musculation et sportifs en g\u00e9n\u00e9ral. Issue du lait, on retrouve naturellement la cas\u00e9ine dans les laits animaux et dans les produits laitiers comme le fromage blanc.<\/p>\n\n\n\n<p>Pourtant, \u00e0 cause de<strong> r\u00e9actions allergiques <\/strong>qu&rsquo;on pr\u00eate \u00e0 son utilisation courante, cette prot\u00e9ine ne fait pas tout \u00e0 fait l&rsquo;unanimit\u00e9.<\/p>\n\n\n\n<p>Vous \u00eates vous-m\u00eame incertain(e) ? Alors plus qu&rsquo;\u00e0 continuer la lecture !<\/p>\n\n\n\n<h2 id=\"def\">Qu&rsquo;est-ce que la cas\u00e9ine ?<\/h2>\n\n\n\n<p>En tant que telle, la cas\u00e9ine est une prot\u00e9ine qui constitue la<strong> majeure partie du lait<\/strong>, l&rsquo;autre partie \u00e9tant le lactos\u00e9rum (<a href=\"https:\/\/www.fitadium.com\/424-whey-proteine\">prot\u00e9ine whey<\/a>). Si elle compose diff\u00e9rents types de lait (humain et animal), c&rsquo;est le lait de vache qui en contient le plus, \u00e0 hauteur de <strong>80%<\/strong>. On en retrouve ainsi de la <a href=\"https:\/\/www.fitadium.com\/conseils\/proteines\/caseine\/aliments-riches-caseine\/\" target=\"_blank\" rel=\"noreferrer noopener\">cas\u00e9ine dans de nombreux produits laitiers<\/a>.<\/p>\n\n\n\n<p>S\u00e9par\u00e9e du lait par le biais de proc\u00e9d\u00e9s sp\u00e9cifiques (pr\u00e9cipitation acide et pr\u00e9cipitation par pr\u00e9sure notamment), la cas\u00e9ine devient plus qu&rsquo;un simple composant du lait : c&rsquo;est aussi et avant tout un compl\u00e9ment en poudre aux avantages issus de ses caract\u00e9ristiques nutritionnelles propres.<\/p>\n\n\n\n<p>Car oui, la cas\u00e9ine est une prot\u00e9ine constitu\u00e9e de cha\u00eenes de mol\u00e9cules se composant elles-m\u00eames <strong>d&rsquo;acides amin\u00e9s tels que la leucine, la glutamine, la proline ou la thr\u00e9onine<\/strong>. Et au vu de l&rsquo;implication des acides amin\u00e9s dans la <strong>r\u00e9cup\u00e9ration et le d\u00e9veloppement musculaire<\/strong>, pas \u00e9tonnant que la cas\u00e9ine soit devenue aussi populaire chez les sportifs.<\/p>\n\n\n\n<p>D&rsquo;ailleurs, quels sont exactement ses bienfaits ?<\/p>\n\n\n\n<h2 id=\"bienfaits\">Les bienfaits de la cas\u00e9ine<\/h2>\n\n\n\n<h3 id=\"assimilation\">La cas\u00e9ine : une prot\u00e9ine de lait \u00e0 assimilation lente<\/h3>\n\n\n\n<p>C&rsquo;est peut-\u00eatre en rapport \u00e0 ce premier bienfait de la cas\u00e9ine que son utilisation est devenue aussi courante.<\/p>\n\n\n\n<p>La cas\u00e9ine, en raison de sa structure mol\u00e9culaire, fait l&rsquo;objet d&rsquo;une <strong>d\u00e9gradation (ou digestion) plus lente une fois ing\u00e9r\u00e9e<\/strong> : les acides amin\u00e9s qui la composent sont plus lentement lib\u00e9r\u00e9s et absorb\u00e9s par l&rsquo;intestin gr\u00eale.<\/p>\n\n\n\n<p>En cons\u00e9quence, qui se transforme en avantage,<strong> les muscles sont plus longuement aliment\u00e9s en acides amin\u00e9s<\/strong>, \u00e9l\u00e9ments dont ils ont besoin pour assurer la r\u00e9paration des fibres musculaires endommag\u00e9es par l&rsquo;effort. C&rsquo;est durant cette phase de r\u00e9paration qu&rsquo;aura lieu une forme de compensation n\u00e9cessaire au d\u00e9veloppement musculaire : on parle d&rsquo;<strong>hypertrophie<\/strong>.<\/p>\n\n\n\n<p>La cas\u00e9ine fait donc souvent l&rsquo;objet d&rsquo;une utilisation <strong>avant le coucher<\/strong>, le sommeil \u00e9tant une phase durant laquelle les muscles ne sont aliment\u00e9s par aucune prise alimentaire (phase de je\u00fbne). Prendre de la cas\u00e9ine avant le coucher vous permet de <strong>soutenir vos muscles<\/strong>, tout en r\u00eavant de votre prochaine s\u00e9ance jambes. Consultez nos conseils sur le <a href=\"https:\/\/www.fitadium.com\/conseils\/proteines\/caseine\/quand-prendre-caseine\/\" target=\"_blank\" rel=\"noreferrer noopener\">meilleur moment pour prendre de la cas\u00e9ine<\/a>.&nbsp;<\/p>\n\n\n\n<h3 id=\"recup\">La cas\u00e9ine : l&rsquo;alli\u00e9e de la r\u00e9cup\u00e9ration musculaire<\/h3>\n\n\n\n<p>Les muscles ayant besoin d&rsquo;un apport appropri\u00e9 en acides amin\u00e9s pour assurer la <strong>r\u00e9paration des fibres musculaires<\/strong> (= r\u00e9cup\u00e9ration) sollicit\u00e9es lors d&rsquo;un effort, la cas\u00e9ine s&rsquo;est naturellement impos\u00e9e comme une alli\u00e9e de taille.<\/p>\n\n\n\n<p>En compl\u00e9ment d&rsquo;une alimentation qui inclut d\u00e9j\u00e0 des prot\u00e9ines, le bienfait de la cas\u00e9ine est d&rsquo;assurer et de conserver une <strong>balance prot\u00e9ique positive,<\/strong> et ce, sur la dur\u00e9e. La <strong>phase anabolique<\/strong> est maintenue plus longtemps, phase essentielle pour la r\u00e9cup\u00e9ration post-entra\u00eenement.<\/p>\n\n\n\n<p>La cas\u00e9ine a donc pour fonction de soutenir l&rsquo;alimentation courante dans son objectif principal : r\u00e9pondre aux besoins de l&rsquo;organisme qui, on le sait, sont plus importants chez les sportifs &#8211; <strong>notamment en prot\u00e9ines<\/strong>.<\/p>\n\n\n\n<h3 id=\"maigrir\">La cas\u00e9ine : utile pour maigrir ?<\/h3>\n\n\n\n<p>La cas\u00e9ine est <strong>une prot\u00e9ine \u00e0 digestion lente<\/strong>, qui permet d&rsquo;alimenter l&rsquo;organisme en acides amin\u00e9s de mani\u00e8re quasi continue, si associ\u00e9e \u00e0 une alimentation adapt\u00e9e.<\/p>\n\n\n\n<p>Or, autre bienfait de la cas\u00e9ine, une digestion plus lente contribue \u00e0 rendre plus longue la<strong> sensation de sati\u00e9t\u00e9 <\/strong>qui suit une prise alimentaire. Gr\u00e2ce \u00e0 ses caract\u00e9ristiques, la cas\u00e9ine procure un effet coupe-faim qui, disons-le, est un <strong>avantage consid\u00e9rable en p\u00e9riode de perte de poids<\/strong>.<\/p>\n\n\n\n<p>Si la cas\u00e9ine n&rsquo;a pas vocation \u00e0 remplacer un repas, elle peut faire<strong> office de collation<\/strong> qui, lors d&rsquo;une perte de poids, vous rendra plus patient en<strong> attendant le prochain repas<\/strong> (traduction : moins de grignotages).<\/p>\n\n\n\n<p>Aussi, prendre de la cas\u00e9ine <strong>1 \u00e0 2 heures avant un repas <\/strong>permettra de r\u00e9duire la prise alimentaire et, au final, le nombre de calories consomm\u00e9es.<\/p>\n\n\n\n<p>Pour finir, en assurant un apport continu en <strong>acides amin\u00e9s aux muscles <\/strong>(notamment durant la nuit), la cas\u00e9ine permet d&rsquo;augmenter<strong> la dur\u00e9e des phases anaboliques<\/strong>, limitant aussi l&rsquo;utilisation des acides amin\u00e9s comme source d&rsquo;\u00e9nergie. Elle contribue ainsi au <strong>maintien ou \u00e0 l&rsquo;augmentation de la masse musculaire<\/strong>, elle-m\u00eame \u00e9tant un facteur important de la d\u00e9pense \u00e9nerg\u00e9tique au repos.<\/p>\n\n\n\n<h3 id=\"masse\">A quoi sert la cas\u00e9ine pour une prise de masse s\u00e8che en musculation ?&nbsp;<\/h3>\n\n\n\n<p>En collaboration avec un r\u00e9gime hypocalorique qui ne fait pas l&rsquo;impasse sur les prot\u00e9ines, la cas\u00e9ine permet de <strong>maintenir l&rsquo;organisme en phase anabolique<\/strong>. Elle assure effectivement un <strong>apport appropri\u00e9 et continu en acides amin\u00e9s<\/strong> qui, apr\u00e8s une s\u00e9ance adapt\u00e9e, seront utilis\u00e9s par les muscles pour assurer leur <strong>r\u00e9cup\u00e9ration et adaptation<\/strong> (hypertrophie).<\/p>\n\n\n\n<p>Le fait que sa digestion se fasse de mani\u00e8re prolong\u00e9e assure une certaine <strong>disponibilit\u00e9 pour l&rsquo;organisme<\/strong>, qui n&rsquo;aura pas \u00e0 puiser dans sa principale source de prot\u00e9ines &#8211; les muscles- pour assurer ses fonctions.<\/p>\n\n\n\n<p>Pour r\u00e9sumer, l&rsquo;utilisation de la cas\u00e9ine permet aux muscles d&rsquo;\u00eatre suffisamment aliment\u00e9s en \u00e9l\u00e9ments n\u00e9cessaires \u00e0 leur <strong>r\u00e9cup\u00e9ration et construction<\/strong>, lors d&rsquo;une phase (perte de poids) qui pourrait favoriser leur d\u00e9gradation.<\/p>\n\n\n\n<p>Et n&rsquo;oublions pas qu&rsquo;elle permet de <strong>limiter la sensation de faim<\/strong> du fait qu&rsquo;elle s&rsquo;assimile plus lentement, permettant de limiter les prises alimentaires. Elle soutient donc le r\u00e9gime hypocalorique dans son r\u00f4le principal : <strong>r\u00e9duire la masse grasse<\/strong>.<\/p>\n\n\n\n<h2 id=\"danger\">La cas\u00e9ine en poudre : est-ce dangereux ?<\/h2>\n\n\n\n<h3 id=\"allergie\">La cas\u00e9ine : allergie et intol\u00e9rance au lactose<\/h3>\n\n\n\n<p>On l&rsquo;a vu, la cas\u00e9ine est l&rsquo;un des composants principaux du lait de vache, qui constitue \u00e0 son tour la mati\u00e8re premi\u00e8re de la cas\u00e9ine en poudre.<\/p>\n\n\n\n<p>La cas\u00e9ine est donc une <strong>source naturelle de lactose,<\/strong> un <strong>allerg\u00e8ne connu<\/strong>. En cas d&rsquo;intol\u00e9rance au lactose (qu&rsquo;un contr\u00f4le m\u00e9dical permettra de d\u00e9celer), la cas\u00e9ine pourrait donc provoquer :<\/p>\n\n\n\n<ul><li>gaz intestinaux et ballonnements<\/li><li>crampes et douleurs abdominales<\/li><li>diarrh\u00e9e<\/li><\/ul>\n\n\n\n<p>Si la cas\u00e9ine <strong>fait d\u00e9j\u00e0 partie de votre routine alimentaire<\/strong> via la consommation de laits et produits laitiers et qu&rsquo;aucun sympt\u00f4me particulier ne se manifeste : son utilisation n&rsquo;aura pas de cons\u00e9quence.<\/p>\n\n\n\n<p>En cas de doute, si vous \u00eates prudent sur votre consommation de produits laitiers, il est n\u00e9anmoins recommand\u00e9 de<strong> consulter votre m\u00e9decin traitant <\/strong>avant de continuer ou d\u00e9marrer l&rsquo;utilisation de la cas\u00e9ine.<\/p>\n\n\n\n<h3 id=\"laquelle\">Cas\u00e9ine micellaire et cas\u00e9inate de calcium : laquelle choisir ?<\/h3>\n\n\n\n<p>Vous souhaitez limiter votre consommation de lactose, sans avoir \u00e0 vous passer de cas\u00e9ine ? Dans ce cas, votre choix devrait s&rsquo;orienter vers la <strong>cas\u00e9ine micellaire <\/strong>parmi les types de cas\u00e9ine.<\/p>\n\n\n\n<p>Au contraire du cas\u00e9inate de calcium, la cas\u00e9ine micellaire est effectivement issue d&rsquo;un<strong> proc\u00e9d\u00e9 d&rsquo;extraction doux<\/strong>, qui lui permet de <strong>pr\u00e9server ses qualit\u00e9s nutritionnelles<\/strong> et de limiter sa teneur en lactose. Cette <a href=\"https:\/\/www.fitadium.com\/conseils\/proteines\/caseine\/meilleure-caseine\/\" target=\"_blank\" rel=\"noreferrer noopener\">forme de cas\u00e9ine meilleure<\/a> est donc mieux dig\u00e9r\u00e9e et assimil\u00e9e par l&rsquo;organisme.<\/p>\n\n\n\n<h2 id=\"avis\">Avis sur la cas\u00e9ine pour les intol\u00e9rants aux lactoses<\/h2>\n\n\n\n<p>Issue du lait de vache, dont elle est le composant principal (80%), la cas\u00e9ine est un compl\u00e9ment en poudre dont l&rsquo;utilisation est <strong>contre-indiqu\u00e9e chez les personnes intol\u00e9rantes au lactose<\/strong>. Sa teneur naturelle en lactose pourrait effectivement provoquer diarrh\u00e9e, gaz, ballonnements, crampes et douleurs abdominales.<\/p>\n\n\n\n<p>En raison de sa capacit\u00e9 \u00e0 fournir l&rsquo;organisme en acides amin\u00e9s de mani\u00e8re continue et son effet coupe-faim (digestion lente), la cas\u00e9ine reste n\u00e9anmoins un compl\u00e9ment d&rsquo;une aide pr\u00e9cieuse pour la r\u00e9cup\u00e9ration et le d\u00e9veloppement musculaire, la perte de poids et\/ou la prise de masse s\u00e8che.<\/p>\n\n\n\n<p>La cas\u00e9ine micellaire devient ainsi <strong>la forme de cas\u00e9ine \u00e0 pr\u00e9f\u00e9rer dans le cas o\u00f9 vous souhaiteriez limiter votre consommation de lactose<\/strong>, tout en profitant des avantages de ce compl\u00e9ment. La cas\u00e9ine micellaire, gr\u00e2ce \u00e0 son proc\u00e9d\u00e9 d&rsquo;extraction sp\u00e9cifique, reste la forme de cas\u00e9ine la plus facile \u00e0 dig\u00e9rer et assimiler.<br><br><\/p>\n\n\n\n<p><\/p>\n","protected":false},"excerpt":{"rendered":"<p>Non. Pas vraiment. Enfin&#8230; \u00e7a d\u00e9pend. Gr\u00e2ce \u00e0 son int\u00e9r\u00eat connu pour la r\u00e9cup\u00e9ration et le d\u00e9veloppement musculaire, la cas\u00e9ine en poudre fait l&rsquo;objet d&rsquo;une utilisation courante aupr\u00e8s des pratiquants de musculation et sportifs en g\u00e9n\u00e9ral. Issue du lait, on retrouve naturellement la cas\u00e9ine dans les laits animaux et dans les produits laitiers comme le [&hellip;]<\/p>\n","protected":false},"author":4,"featured_media":57021,"parent":53690,"menu_order":0,"comment_status":"closed","ping_status":"closed","template":"template-cocon.php","meta":[],"yoast_head":"<!-- This site is optimized with the Yoast SEO plugin v17.1 - https:\/\/yoast.com\/wordpress\/plugins\/seo\/ -->\n<title>La cas\u00e9ine pr\u00e9sente-t-elle un danger ?<\/title>\n<meta name=\"description\" content=\"Gr\u00e2ce \u00e0 son int\u00e9r\u00eat pour la r\u00e9cup\u00e9ration &amp; d\u00e9veloppement musculaire, la cas\u00e9ine fait l&#039;objet d&#039;une utilisation courante aupr\u00e8s des sportifs\" \/>\n<meta name=\"robots\" content=\"index, follow, max-snippet:-1, max-image-preview:large, max-video-preview:-1\" \/>\n<link rel=\"canonical\" href=\"https:\/\/www.fitadium.com\/conseils\/proteines\/caseine\/danger-caseine\/\" \/>\n<meta property=\"og:locale\" content=\"fr_FR\" \/>\n<meta property=\"og:type\" content=\"article\" \/>\n<meta property=\"og:title\" content=\"La cas\u00e9ine pr\u00e9sente-t-elle un danger ?\" \/>\n<meta property=\"og:description\" content=\"Gr\u00e2ce \u00e0 son int\u00e9r\u00eat pour la r\u00e9cup\u00e9ration &amp; d\u00e9veloppement musculaire, la cas\u00e9ine fait l&#039;objet d&#039;une utilisation courante aupr\u00e8s des sportifs\" \/>\n<meta property=\"og:url\" content=\"https:\/\/www.fitadium.com\/conseils\/proteines\/caseine\/danger-caseine\/\" \/>\n<meta property=\"og:site_name\" content=\"Fitadium\" \/>\n<meta property=\"article:publisher\" content=\"https:\/\/www.facebook.com\/fitadium.musculation\" \/>\n<meta property=\"article:modified_time\" content=\"2024-05-30T09:32:15+00:00\" \/>\n<meta property=\"og:image\" content=\"https:\/\/www.fitadium.com\/conseils\/wp-content\/uploads\/2023\/01\/dangers-caseine.jpg\" \/>\n\t<meta property=\"og:image:width\" content=\"600\" \/>\n\t<meta property=\"og:image:height\" content=\"399\" \/>\n<script type=\"application\/ld+json\" class=\"yoast-schema-graph\">{\"@context\":\"https:\/\/schema.org\",\"@graph\":[{\"@type\":\"Organization\",\"@id\":\"https:\/\/www.fitadium.com\/conseils\/#organization\",\"name\":\"FITADIUM\",\"url\":\"https:\/\/www.fitadium.com\/conseils\/\",\"sameAs\":[\"https:\/\/www.facebook.com\/fitadium.musculation\"],\"logo\":{\"@type\":\"ImageObject\",\"@id\":\"https:\/\/www.fitadium.com\/conseils\/#logo\",\"inLanguage\":\"fr-FR\",\"url\":\"https:\/\/www.fitadium.com\/conseils\/wp-content\/uploads\/2013\/08\/mobypicture.jpg\",\"contentUrl\":\"https:\/\/www.fitadium.com\/conseils\/wp-content\/uploads\/2013\/08\/mobypicture.jpg\",\"width\":510,\"height\":600,\"caption\":\"FITADIUM\"},\"image\":{\"@id\":\"https:\/\/www.fitadium.com\/conseils\/#logo\"}},{\"@type\":\"WebSite\",\"@id\":\"https:\/\/www.fitadium.com\/conseils\/#website\",\"url\":\"https:\/\/www.fitadium.com\/conseils\/\",\"name\":\"Fitadium\",\"description\":\"Toute l&#039;actualit\\u00e9 de la musculation et du fitness\",\"publisher\":{\"@id\":\"https:\/\/www.fitadium.com\/conseils\/#organization\"},\"potentialAction\":[{\"@type\":\"SearchAction\",\"target\":{\"@type\":\"EntryPoint\",\"urlTemplate\":\"https:\/\/www.fitadium.com\/conseils\/?s={search_term_string}\"},\"query-input\":\"required name=search_term_string\"}],\"inLanguage\":\"fr-FR\"},{\"@type\":\"ImageObject\",\"@id\":\"https:\/\/www.fitadium.com\/conseils\/proteines\/caseine\/danger-caseine\/#primaryimage\",\"inLanguage\":\"fr-FR\",\"url\":\"https:\/\/www.fitadium.com\/conseils\/wp-content\/uploads\/2023\/01\/dangers-caseine.jpg\",\"contentUrl\":\"https:\/\/www.fitadium.com\/conseils\/wp-content\/uploads\/2023\/01\/dangers-caseine.jpg\",\"width\":600,\"height\":399,\"caption\":\"dangers de la cas\\u00e9ine\"},{\"@type\":\"WebPage\",\"@id\":\"https:\/\/www.fitadium.com\/conseils\/proteines\/caseine\/danger-caseine\/#webpage\",\"url\":\"https:\/\/www.fitadium.com\/conseils\/proteines\/caseine\/danger-caseine\/\",\"name\":\"La cas\\u00e9ine pr\\u00e9sente-t-elle un danger ?\",\"isPartOf\":{\"@id\":\"https:\/\/www.fitadium.com\/conseils\/#website\"},\"primaryImageOfPage\":{\"@id\":\"https:\/\/www.fitadium.com\/conseils\/proteines\/caseine\/danger-caseine\/#primaryimage\"},\"datePublished\":\"2023-01-10T17:45:30+00:00\",\"dateModified\":\"2024-05-30T09:32:15+00:00\",\"description\":\"Gr\\u00e2ce \\u00e0 son int\\u00e9r\\u00eat pour la r\\u00e9cup\\u00e9ration & d\\u00e9veloppement musculaire, la cas\\u00e9ine fait l'objet d'une utilisation courante aupr\\u00e8s des sportifs\",\"breadcrumb\":{\"@id\":\"https:\/\/www.fitadium.com\/conseils\/proteines\/caseine\/danger-caseine\/#breadcrumb\"},\"inLanguage\":\"fr-FR\",\"potentialAction\":[{\"@type\":\"ReadAction\",\"target\":[\"https:\/\/www.fitadium.com\/conseils\/proteines\/caseine\/danger-caseine\/\"]}]},{\"@type\":\"BreadcrumbList\",\"@id\":\"https:\/\/www.fitadium.com\/conseils\/proteines\/caseine\/danger-caseine\/#breadcrumb\",\"itemListElement\":[{\"@type\":\"ListItem\",\"position\":1,\"name\":\"Home\",\"item\":\"https:\/\/www.fitadium.com\/conseils\/\"},{\"@type\":\"ListItem\",\"position\":2,\"name\":\"Pourquoi prendre des prot\\u00e9ines en musculation ?\",\"item\":\"https:\/\/www.fitadium.com\/conseils\/proteines\/\"},{\"@type\":\"ListItem\",\"position\":3,\"name\":\"La cas\\u00e9ine micellaire pour maigrir et en musculation\",\"item\":\"https:\/\/www.fitadium.com\/conseils\/proteines\/caseine\/\"},{\"@type\":\"ListItem\",\"position\":4,\"name\":\"La cas\\u00e9ine, un danger ?\"}]}]}<\/script>\n<!-- \/ Yoast SEO plugin. -->","yoast_head_json":{"title":"La cas\u00e9ine pr\u00e9sente-t-elle un danger ?","description":"Gr\u00e2ce \u00e0 son int\u00e9r\u00eat pour la r\u00e9cup\u00e9ration & d\u00e9veloppement musculaire, la cas\u00e9ine fait l'objet d'une utilisation courante aupr\u00e8s des sportifs","robots":{"index":"index","follow":"follow","max-snippet":"max-snippet:-1","max-image-preview":"max-image-preview:large","max-video-preview":"max-video-preview:-1"},"canonical":"https:\/\/www.fitadium.com\/conseils\/proteines\/caseine\/danger-caseine\/","og_locale":"fr_FR","og_type":"article","og_title":"La cas\u00e9ine pr\u00e9sente-t-elle un danger ?","og_description":"Gr\u00e2ce \u00e0 son int\u00e9r\u00eat pour la r\u00e9cup\u00e9ration & d\u00e9veloppement musculaire, la cas\u00e9ine fait l'objet d'une utilisation courante aupr\u00e8s des sportifs","og_url":"https:\/\/www.fitadium.com\/conseils\/proteines\/caseine\/danger-caseine\/","og_site_name":"Fitadium","article_publisher":"https:\/\/www.facebook.com\/fitadium.musculation","article_modified_time":"2024-05-30T09:32:15+00:00","og_image":[{"width":600,"height":399,"url":"https:\/\/www.fitadium.com\/conseils\/wp-content\/uploads\/2023\/01\/dangers-caseine.jpg","path":"\/home\/www\/fitadium\/www\/conseils\/wp-content\/uploads\/2023\/01\/dangers-caseine.jpg","size":"full","id":57021,"alt":"dangers de la cas\u00e9ine","pixels":239400,"type":"image\/jpeg"}],"schema":{"@context":"https:\/\/schema.org","@graph":[{"@type":"Organization","@id":"https:\/\/www.fitadium.com\/conseils\/#organization","name":"FITADIUM","url":"https:\/\/www.fitadium.com\/conseils\/","sameAs":["https:\/\/www.facebook.com\/fitadium.musculation"],"logo":{"@type":"ImageObject","@id":"https:\/\/www.fitadium.com\/conseils\/#logo","inLanguage":"fr-FR","url":"https:\/\/www.fitadium.com\/conseils\/wp-content\/uploads\/2013\/08\/mobypicture.jpg","contentUrl":"https:\/\/www.fitadium.com\/conseils\/wp-content\/uploads\/2013\/08\/mobypicture.jpg","width":510,"height":600,"caption":"FITADIUM"},"image":{"@id":"https:\/\/www.fitadium.com\/conseils\/#logo"}},{"@type":"WebSite","@id":"https:\/\/www.fitadium.com\/conseils\/#website","url":"https:\/\/www.fitadium.com\/conseils\/","name":"Fitadium","description":"Toute l&#039;actualit\u00e9 de la musculation et du fitness","publisher":{"@id":"https:\/\/www.fitadium.com\/conseils\/#organization"},"potentialAction":[{"@type":"SearchAction","target":{"@type":"EntryPoint","urlTemplate":"https:\/\/www.fitadium.com\/conseils\/?s={search_term_string}"},"query-input":"required name=search_term_string"}],"inLanguage":"fr-FR"},{"@type":"ImageObject","@id":"https:\/\/www.fitadium.com\/conseils\/proteines\/caseine\/danger-caseine\/#primaryimage","inLanguage":"fr-FR","url":"https:\/\/www.fitadium.com\/conseils\/wp-content\/uploads\/2023\/01\/dangers-caseine.jpg","contentUrl":"https:\/\/www.fitadium.com\/conseils\/wp-content\/uploads\/2023\/01\/dangers-caseine.jpg","width":600,"height":399,"caption":"dangers de la cas\u00e9ine"},{"@type":"WebPage","@id":"https:\/\/www.fitadium.com\/conseils\/proteines\/caseine\/danger-caseine\/#webpage","url":"https:\/\/www.fitadium.com\/conseils\/proteines\/caseine\/danger-caseine\/","name":"La cas\u00e9ine pr\u00e9sente-t-elle un danger ?","isPartOf":{"@id":"https:\/\/www.fitadium.com\/conseils\/#website"},"primaryImageOfPage":{"@id":"https:\/\/www.fitadium.com\/conseils\/proteines\/caseine\/danger-caseine\/#primaryimage"},"datePublished":"2023-01-10T17:45:30+00:00","dateModified":"2024-05-30T09:32:15+00:00","description":"Gr\u00e2ce \u00e0 son int\u00e9r\u00eat pour la r\u00e9cup\u00e9ration & d\u00e9veloppement musculaire, la cas\u00e9ine fait l'objet d'une utilisation courante aupr\u00e8s des sportifs","breadcrumb":{"@id":"https:\/\/www.fitadium.com\/conseils\/proteines\/caseine\/danger-caseine\/#breadcrumb"},"inLanguage":"fr-FR","potentialAction":[{"@type":"ReadAction","target":["https:\/\/www.fitadium.com\/conseils\/proteines\/caseine\/danger-caseine\/"]}]},{"@type":"BreadcrumbList","@id":"https:\/\/www.fitadium.com\/conseils\/proteines\/caseine\/danger-caseine\/#breadcrumb","itemListElement":[{"@type":"ListItem","position":1,"name":"Home","item":"https:\/\/www.fitadium.com\/conseils\/"},{"@type":"ListItem","position":2,"name":"Pourquoi prendre des prot\u00e9ines en musculation ?","item":"https:\/\/www.fitadium.com\/conseils\/proteines\/"},{"@type":"ListItem","position":3,"name":"La cas\u00e9ine micellaire pour maigrir et en musculation","item":"https:\/\/www.fitadium.com\/conseils\/proteines\/caseine\/"},{"@type":"ListItem","position":4,"name":"La cas\u00e9ine, un danger ?"}]}]}},"featured_image_src":"https:\/\/www.fitadium.com\/conseils\/wp-content\/uploads\/2023\/01\/dangers-caseine.jpg","featured_image_src_square":"https:\/\/www.fitadium.com\/conseils\/wp-content\/uploads\/2023\/01\/dangers-caseine.jpg","_links":{"self":[{"href":"https:\/\/www.fitadium.com\/conseils\/wp-json\/wp\/v2\/pages\/57020"}],"collection":[{"href":"https:\/\/www.fitadium.com\/conseils\/wp-json\/wp\/v2\/pages"}],"about":[{"href":"https:\/\/www.fitadium.com\/conseils\/wp-json\/wp\/v2\/types\/page"}],"author":[{"embeddable":true,"href":"https:\/\/www.fitadium.com\/conseils\/wp-json\/wp\/v2\/users\/4"}],"replies":[{"embeddable":true,"href":"https:\/\/www.fitadium.com\/conseils\/wp-json\/wp\/v2\/comments?post=57020"}],"version-history":[{"count":8,"href":"https:\/\/www.fitadium.com\/conseils\/wp-json\/wp\/v2\/pages\/57020\/revisions"}],"predecessor-version":[{"id":59170,"href":"https:\/\/www.fitadium.com\/conseils\/wp-json\/wp\/v2\/pages\/57020\/revisions\/59170"}],"up":[{"embeddable":true,"href":"https:\/\/www.fitadium.com\/conseils\/wp-json\/wp\/v2\/pages\/53690"}],"wp:featuredmedia":[{"embeddable":true,"href":"https:\/\/www.fitadium.com\/conseils\/wp-json\/wp\/v2\/media\/57021"}],"wp:attachment":[{"href":"https:\/\/www.fitadium.com\/conseils\/wp-json\/wp\/v2\/media?parent=57020"}],"curies":[{"name":"wp","href":"https:\/\/api.w.org\/{rel}","templated":true}]}}