{"id":57191,"date":"2023-01-19T18:05:10","date_gmt":"2023-01-19T17:05:10","guid":{"rendered":"https:\/\/www.fitadium.com\/conseils\/?page_id=57191"},"modified":"2024-05-30T14:54:16","modified_gmt":"2024-05-30T12:54:16","slug":"quand-prendre-caseine","status":"publish","type":"page","link":"https:\/\/www.fitadium.com\/conseils\/proteines\/caseine\/quand-prendre-caseine\/","title":{"rendered":"Quel est le meilleur moment pour prendre de la cas\u00e9ine ?"},"content":{"rendered":"\n<p>En raison de ses caract\u00e9ristiques nutritionnelles (<strong>assimilation lente<\/strong>), la <a href=\"https:\/\/www.fitadium.com\/426-caseines\">cas\u00e9ine<\/a> trouve g\u00e9n\u00e9ralement le plus d&rsquo;utilisateurs le soir\u00a0<strong>avant le coucher<\/strong>. Mais, pour la m\u00eame raison, l&rsquo;utilisation de la cas\u00e9ine s&rsquo;av\u00e8re aussi tr\u00e8s int\u00e9ressante au cours de la journ\u00e9e.<\/p>\n\n\n\n<p>Alors ? Comment profiter pleinement des avantages de la cas\u00e9ine ? R\u00e9ponse ici !<\/p>\n\n\n\n<h2 class=\"wp-block-heading\" id=\"def\">Qu&rsquo;est-ce que la prot\u00e9ine de cas\u00e9ine de lait (definition) ?<\/h2>\n\n\n\n<p>La cas\u00e9ine est une prot\u00e9ine qui constitue la <strong>majeure partie du lait<\/strong>, le lait de vache \u00e9tant celui qui en contient le plus (\u00e0 hauteur de 80%), le reste \u00e9tant du lactos\u00e9rum, <a href=\"https:\/\/www.fitadium.com\/424-whey-proteine\">la \u00ab\u00a0whey\u00a0\u00bb<\/a> repr\u00e9sentant la partie liquide. Composant naturel de nombreux produits laitiers, la cas\u00e9ine fait n\u00e9anmoins l&rsquo;objet d&rsquo;une utilisation courante sous forme de compl\u00e9ments alimentaires en poudre.\u00a0<\/p>\n\n\n\n<p>Et pour cause, du fait de sa structure mol\u00e9culaire complexe, la <strong>cas\u00e9ine est une prot\u00e9ine \u00e0 assimilation lente<\/strong>, qui pr\u00e9sente ainsi une pl\u00e9thore d&rsquo;avantages \u00e0 son utilisateur, g\u00e9n\u00e9ralement sportif.\u00a0<\/p>\n\n\n\n<h3 class=\"wp-block-heading\" id=\"vs\">Cas\u00e9inate de calcium VS Cas\u00e9ine micellaire<\/h3>\n\n\n\n<p>On distingue 2 types de cas\u00e9ines en raison de leurs proc\u00e9d\u00e9s de fabrication distincts.&nbsp;<\/p>\n\n\n\n<p>On parle de&nbsp;<strong>cas\u00e9inate de calcium<\/strong> lorsque la cas\u00e9ine en poudre est obtenu via un proc\u00e9d\u00e9 chimique qui la rend soluble dans l&rsquo;eau.&nbsp;<\/p>\n\n\n\n<p>La forme la plus commune est la&nbsp;<strong>cas\u00e9ine micellaire<\/strong>, obtenu avec un proc\u00e9d\u00e9 de fabrication sup\u00e9rieur d&rsquo;extraction \u00e0 froid, qui pr\u00e9serve mieux&nbsp; ses pr\u00e9cieux acides amin\u00e9s.&nbsp;<\/p>\n\n\n\n<h3 class=\"wp-block-heading\" id=\"aliments\">Quels aliments sont riches en cas\u00e9ine ?&nbsp;<\/h3>\n\n\n\n<p>Si la cas\u00e9ine micellaire en poudre est devenu un compl\u00e9ment incontournable pour les pratiquants de sports de force, il ne faut pas perdre de vue que la <a href=\"https:\/\/www.fitadium.com\/conseils\/proteines\/caseine\/aliments-riches-caseine\/\" target=\"_blank\" rel=\"noreferrer noopener\">cas\u00e9ine est naturellement pr\u00e9sente dans de nombreux aliments<\/a>.&nbsp;<\/p>\n\n\n\n<p>Il s&rsquo;agit exclusivement des produits laitiers car la cas\u00e9ine est pr\u00e9sente dans les laits des animaux, notamment celui de vache. On la retrouve donc dans le fromage blanc, k\u00e9fir, cottage, les yaouts, skyr ou fromages&#8230;<\/p>\n\n\n\n<h3 class=\"wp-block-heading\" id=\"utilite\">\u00c0 quoi sert la cas\u00e9ine (musculation, maigrir) ?<\/h3>\n\n\n\n<p>Avant tout, il faut savoir que la cas\u00e9ine est constitu\u00e9e de cha\u00eenes de mol\u00e9cules qui se composent elles-m\u00eames d&rsquo;<strong>acides amin\u00e9s essentiels (leucine, thr\u00e9onine) et non-essentiels (proline, glutamine)<\/strong>. Elle s&rsquo;est donc naturellement impos\u00e9e comme une alli\u00e9e de taille chez les sportifs &#8211; les amateurs de musculation surtout.<\/p>\n\n\n<div class=\"columns-push-product\">\n  <div class=\"columns-push-product__body\">\n    \n\n<p class=\"has-large-font-size\"><\/p>\n\n\n  <\/div>\n  <div class=\"columns-push-product__product\">\n    <div class=\"product\" GTM-data-id=\"2174\" GTM-data-nom=\"100% CASEIN ADVANCED (1,8kg)\">\n  <div class=\"product__img\" style=\"width: -webkit-fill-available;\">\n    <a href=\"https:\/\/www.fitadium.com\/2174-100-casein-advanced-18kg.html#\/16-gout-chocolat\" class=\"product__image_lnk GTM_blog_product\" >\n      <img decoding=\"async\" src=\"https:\/\/www.fitadium.com\/31409-fit_540\/100-casein-advanced-18kg.jpg\" alt=\"\" class=\"product__image lazyload\">\n    <\/a>\n  <\/div>\n  <div class=\"product__body\">\n        <div class=\"product__brand\">Superset Nutrition<\/div>\n    <a class=\"product__name GTM_blog_product\" href=\"https:\/\/www.fitadium.com\/2174-100-casein-advanced-18kg.html#\/16-gout-chocolat\" title=\"100% CASEIN ADVANCED (1,8kg)\">\n      100% CASEIN ADVANCED (1,8kg)\n    <\/a>\n          <span class=\"product__price\">69.9 \u20ac<\/span>\n            <div class=\"product__excerpt\">Pourquoi choisir la 100% CASEIN ADVANCED (1,8KG) ? Superset Nutrition\u2026<\/div>\n            <div><a class=\"product__cta GTM_blog_product\" href=\"https:\/\/www.fitadium.com\/2174-100-casein-advanced-18kg.html#\/16-gout-chocolat\" title=\"100% CASEIN ADVANCED (1,8kg)\">Voir le produit<\/a><\/div>\n  <\/div>\n<\/div>\n  <\/div>\n<\/div>\n\n\n\n<h3 class=\"wp-block-heading\" id=\"seche\">Une prot\u00e9ine utile en prise de masse s\u00e8che ou perte de poids<\/h3>\n\n\n\n<p>R\u00e9put\u00e9e pour sa <strong>digestibilit\u00e9 plus lente <\/strong>qu&rsquo;une prot\u00e9ine classique, elle assure ainsi un apport r\u00e9gulier en acides amin\u00e9s \u00e0 l&rsquo;organisme et aux muscles id\u00e9al pour les bodybuilders, d&rsquo;o\u00f9 son int\u00e9r\u00eat pour une meilleure r\u00e9cup\u00e9ration et le d\u00e9veloppement musculaire, notamment en phase de je\u00fbne (et donc, la nuit).&nbsp;<\/p>\n\n\n\n<p>Mais cette particularit\u00e9 en fait \u00e9galement un <strong>excellent compagnon minceur<\/strong>, une digestion plus lente contribuant \u00e0 rendre plus longue la sensation de sati\u00e9t\u00e9. Elle procure un <strong>effet coupe-faim<\/strong> non n\u00e9gligeable lors d&rsquo;une perte de poids.<\/p>\n\n\n\n<h2 class=\"wp-block-heading\" id=\"quand\">Quand prendre la cas\u00e9ine \u00e0 assimilation lente ?<\/h2>\n\n\n\n<p>Pour conna\u00eetre les moments id\u00e9aux de prise d&rsquo;un shaker de cas\u00e9ine, il faut consid\u00e9rer que son utilisation doit s&rsquo;inscrire dans une <strong>routine alimentaire d\u00e9j\u00e0 riche en prot\u00e9ines<\/strong>.<\/p>\n\n\n\n<p>Son int\u00e9r\u00eat r\u00e9side en effet dans sa capacit\u00e9 \u00e0 <strong>fournir l&rsquo;organisme (et les muscles) en acides amin\u00e9s de mani\u00e8re continue<\/strong>, \u00e9tant une prot\u00e9ine \u00e0 vitesse d&rsquo;assimilation lente.<\/p>\n\n\n\n<p>En <strong>combinaison avec d&rsquo;autres sources de prot\u00e9ines (comme la whey)<\/strong>, la cas\u00e9ine aura donc pour avantage de prolonger l&rsquo;effet de sati\u00e9t\u00e9 qui suit un repas, et de maintenir une balance prot\u00e9ique positive.<\/p>\n\n\n\n<p>C&rsquo;est donc votre routine alimentaire qui imposera les meilleurs moments de prise.<\/p>\n\n\n\n<h3 class=\"wp-block-heading\" id=\"collation\">La collation id\u00e9ale entre 2 repas&nbsp;<\/h3>\n\n\n\n<p>Matin ou apr\u00e8s-midi, la cas\u00e9ine constitue une <strong>collation \u00ab\u00a0pratique\u00a0\u00bb <\/strong>(voire gourmande, si incorpor\u00e9e dans un bon smoothie !) entre 2 repas espac\u00e9s :<\/p>\n\n\n\n<ul class=\"wp-block-list\"><li><strong>1 \u00e0 2 heures apr\u00e8s un repas <\/strong>(petit-d\u00e9jeuner ou d\u00e9jeuner), son utilisation permettra de prolonger l&rsquo;effet de sati\u00e9t\u00e9 qui suivra ce dernier repas, et donc de r\u00e9duire\/supprimer les grignotages avant le prochain repas. Une aubaine en p\u00e9riode de perte de poids.<\/li><li><strong>1 \u00e0 2 heures avant un repas<\/strong> (d\u00e9jeuner ou d\u00eener), la cas\u00e9ine aura \u00e9galement pour avantage de limiter la sensation de faim, r\u00e9duisant la prise alimentaire. Encore une bonne nouvelle pour ceux qui cherchent \u00e0 mincir !<\/li><\/ul>\n\n\n\n<p>Sur un plan purement sportif, la consommation de cas\u00e9ine entre les repas permettra de&nbsp;<strong>prolonger la diffusion d&rsquo;acides amin\u00e9s <\/strong>au sein de l&rsquo;organisme, assurant une balance prot\u00e9ique positive.<\/p>\n\n\n\n<p>Par d\u00e9finition,<strong> la synth\u00e8se des prot\u00e9ines (assur\u00e9e par un apport appropri\u00e9) sera ainsi sup\u00e9rieure \u00e0 la d\u00e9gradation des prot\u00e9ines<\/strong>, celles-ci \u00e9tant utilis\u00e9es pour de nombreux processus physiologiques (autres que la r\u00e9paration des fibres musculaires).<\/p>\n\n\n\n<p>Les acides amin\u00e9s seront donc moins utilis\u00e9s pour autre chose que <strong>la r\u00e9paration des fibres musculaires endommag\u00e9es<\/strong> par l&rsquo;effort, pour le plus grand plaisir (et le d\u00e9veloppement) des muscles !<\/p>\n\n\n\n<h3 class=\"wp-block-heading\" id=\"coucher\">La prise de cas\u00e9ine au coucher avant de dormir<\/h3>\n\n\n\n<p>Le sommeil \u00e9tant une <strong>phase de je\u00fbne <\/strong>(durant laquelle les muscles ne sont aliment\u00e9s par aucune prise alimentaire), prendre de la cas\u00e9ine le soir avant le&nbsp;coucher aura pour b\u00e9n\u00e9fice de continuer le travail r\u00e9alis\u00e9 par le dernier repas incluant des prot\u00e9ines : <strong>alimenter l&rsquo;organisme en acides amin\u00e9s et \u00e9viter le catabolisme nocturne en nourrissant la masse musculaire<\/strong>.&nbsp;<\/p>\n\n\n\n<p>La <strong>phase anabolique<\/strong> sera donc maintenue, et le sommeil pourra pleinement jouer son r\u00f4le en mati\u00e8re de r\u00e9cup\u00e9ration &#8211; indispensable pour le <strong>d\u00e9veloppement musculaire<\/strong>. Surtout si la journ\u00e9e a \u00e9t\u00e9 rythm\u00e9e par une activit\u00e9 physique intense, o\u00f9 les muscles ont \u00e9t\u00e9 sollicit\u00e9s.<\/p>\n\n\n\n<blockquote class=\"wp-block-quote is-layout-flow wp-block-quote-is-layout-flow\"><p>Il est donc recommand\u00e9 de prendre une dose de cas\u00e9ine le soir avant le coucher, avant le brossage de dents !<\/p><\/blockquote>\n\n\n\n<h2 class=\"wp-block-heading\" id=\"apres\">Apr\u00e8s l&rsquo;entrainement : whey ou cas\u00e9ine ?<\/h2>\n\n\n\n<p>Si la cas\u00e9ine aura bel et bien assur\u00e9 un apport continu en acides amin\u00e9s, une s\u00e9ance de musculation, quant \u00e0 elle, aura pour finalit\u00e9 d&rsquo;<strong>augmenter les besoins directs en acides amin\u00e9s<\/strong>, dans le but de r\u00e9parer les fibres musculaires endommag\u00e9es par l&rsquo;exercice.<\/p>\n\n\n<div class=\"columns-push-product\">\n  <div class=\"columns-push-product__body\">\n    \n\n<p class=\"has-large-font-size\"><\/p>\n\n\n  <\/div>\n  <div class=\"columns-push-product__product\">\n    <div class=\"product\" GTM-data-id=\"2669\" GTM-data-nom=\"PROGRAMME GAIN DE MUSCLE JOUR &amp; NUIT\">\n  <div class=\"product__img\" style=\"width: -webkit-fill-available;\">\n    <a href=\"https:\/\/www.fitadium.com\/2669-programme-gain-de-muscle-24h.html#\/503068-gout_100_whey_proteine_advanced-banana_split\/504628-gout_100_casein_advanced-chocolat\" class=\"product__image_lnk GTM_blog_product\" >\n      <img decoding=\"async\" src=\"https:\/\/www.fitadium.com\/29430-fit_540\/programme-gain-de-muscle-24h.jpg\" alt=\"\" class=\"product__image lazyload\">\n    <\/a>\n  <\/div>\n  <div class=\"product__body\">\n        <div class=\"product__brand\">Superset Nutrition<\/div>\n    <a class=\"product__name GTM_blog_product\" href=\"https:\/\/www.fitadium.com\/2669-programme-gain-de-muscle-24h.html#\/503068-gout_100_whey_proteine_advanced-banana_split\/504628-gout_100_casein_advanced-chocolat\" title=\"PROGRAMME GAIN DE MUSCLE JOUR &amp; NUIT\">\n      PROGRAMME GAIN DE MUSCLE JOUR &amp; NUIT\n    <\/a>\n          <span class=\"product__price\">139.9 \u20ac<\/span>\n      <span class=\"product__price_old\">160.7 \u20ac<\/span>\n            <div class=\"product__excerpt\">OPTE POUR UNE CROISSANCE MUSCULAIRE JOUR ET NUIT ! Les\u2026<\/div>\n            <div><a class=\"product__cta GTM_blog_product\" href=\"https:\/\/www.fitadium.com\/2669-programme-gain-de-muscle-24h.html#\/503068-gout_100_whey_proteine_advanced-banana_split\/504628-gout_100_casein_advanced-chocolat\" title=\"PROGRAMME GAIN DE MUSCLE JOUR &amp; NUIT\">Voir le produit<\/a><\/div>\n  <\/div>\n<\/div>\n  <\/div>\n<\/div>\n\n\n\n<p>Fournir l&rsquo;organisme en prot\u00e9ines rapidement disponibles s&rsquo;av\u00e8re ainsi plut\u00f4t logique, surtout si la derni\u00e8re prise de prot\u00e9ines remonte \u00e0 plusieurs heures; encore plus si aucune source de prot\u00e9ines n&rsquo;a encore int\u00e9gr\u00e9 votre routine alimentaire au moment de l&rsquo;entra\u00eenement.&nbsp;<\/p>\n\n\n\n<p>Ici, <strong>la whey ou les prot\u00e9ines v\u00e9g\u00e9tales <\/strong>constituent une meilleure solution que la cas\u00e9ine, \u00e9tant des prot\u00e9ines \u00e0 assimilation rapide.&nbsp;<\/p>\n\n\n\n<h2 class=\"wp-block-heading\" id=\"resume\">En r\u00e9sum\u00e9<\/h2>\n\n\n\n<p>La cas\u00e9ine \u00e9tant une prot\u00e9ine \u00e0 assimilation lente, ses avantages d\u00e9coulent de sa<strong> capacit\u00e9 \u00e0 alimenter l&rsquo;organisme en acides amin\u00e9s de mani\u00e8re continue<\/strong>, si son utilisation s&rsquo;inscrit dans une routine alimentaire d\u00e9j\u00e0 source de prot\u00e9ines.&nbsp;<\/p>\n\n\n\n<p>En guise de collation entre les repas (matin ou apr\u00e8s-midi), la cas\u00e9ine permet :&nbsp;<\/p>\n\n\n\n<ul class=\"wp-block-list\"><li>1 \u00e0 2 heures avant le dernier repas (petit-d\u00e9jeuner ou d\u00e9jeuner), de <strong>maintenir l&rsquo;effet de sati\u00e9t\u00e9<\/strong><\/li><li>1 \u00e0 2 heures avant le prochain repas (d\u00e9jeuner ou d\u00eener), de <strong>limiter la sensation de faim<\/strong><\/li><\/ul>\n\n\n\n<p>Juste avant le coucher, la cas\u00e9ine permet de <strong>maintenir l&rsquo;organisme en phase anabolique<\/strong>, optimisant la r\u00e9cup\u00e9ration et le d\u00e9veloppement musculaires.<\/p>\n\n\n\n<p>L&rsquo;exercice \u00e9tant initiateur d&rsquo;un besoin direct en prot\u00e9ines, <strong>la whey ou les <a href=\"https:\/\/www.fitadium.com\/427-proteines-vegetales\">prot\u00e9ines v\u00e9g\u00e9tales<\/a> <\/strong>s&rsquo;av\u00e8rent n\u00e9anmoins <strong>plus adapt\u00e9s apr\u00e8s l&rsquo;effort<\/strong>, \u00e9tant des prot\u00e9ines \u00e0 assimilation rapide.<\/p>\n\n\n\n<p>N&rsquo;h\u00e9sitez pas \u00e0 consulter notre <a href=\"https:\/\/www.fitadium.com\/conseils\/proteines\/caseine\/meilleure-caseine\/\" target=\"_blank\" rel=\"noreferrer noopener\">comparatif des meilleures cas\u00e9ines en poudre<\/a> pour vous aider \u00e0 faire votre choix.&nbsp;<\/p>\n","protected":false},"excerpt":{"rendered":"<p>En raison de ses caract\u00e9ristiques nutritionnelles (assimilation lente), la cas\u00e9ine trouve g\u00e9n\u00e9ralement le plus d&rsquo;utilisateurs le soir\u00a0avant le coucher. Mais, pour la m\u00eame raison, l&rsquo;utilisation de la cas\u00e9ine s&rsquo;av\u00e8re aussi tr\u00e8s int\u00e9ressante au cours de la journ\u00e9e. Alors ? Comment profiter pleinement des avantages de la cas\u00e9ine ? R\u00e9ponse ici ! Qu&rsquo;est-ce que la prot\u00e9ine [&hellip;]<\/p>\n","protected":false},"author":4,"featured_media":57192,"parent":53690,"menu_order":0,"comment_status":"closed","ping_status":"closed","template":"template-cocon.php","meta":{"footnotes":""},"class_list":null,"yoast_head":"<!-- This site is optimized with the Yoast SEO plugin v17.1 - https:\/\/yoast.com\/wordpress\/plugins\/seo\/ -->\n<title>Quand prendre de la cas\u00e9ine ?<\/title>\n<meta name=\"description\" content=\"Avec son assimilation lente, la cas\u00e9ine est g\u00e9n\u00e9ralement prise le soir\u00a0avant le coucher mais elle peut aussi \u00eatre tr\u00e8s int\u00e9ressante en journ\u00e9e\" \/>\n<meta name=\"robots\" content=\"index, follow, max-snippet:-1, max-image-preview:large, max-video-preview:-1\" \/>\n<link rel=\"canonical\" href=\"https:\/\/www.fitadium.com\/conseils\/proteines\/caseine\/quand-prendre-caseine\/\" \/>\n<meta property=\"og:locale\" content=\"fr_FR\" \/>\n<meta property=\"og:type\" content=\"article\" \/>\n<meta property=\"og:title\" content=\"Quand prendre de la cas\u00e9ine ?\" \/>\n<meta property=\"og:description\" content=\"Avec son assimilation lente, la cas\u00e9ine est g\u00e9n\u00e9ralement prise le soir\u00a0avant le coucher mais elle peut aussi \u00eatre tr\u00e8s int\u00e9ressante en journ\u00e9e\" \/>\n<meta property=\"og:url\" content=\"https:\/\/www.fitadium.com\/conseils\/proteines\/caseine\/quand-prendre-caseine\/\" \/>\n<meta property=\"og:site_name\" content=\"Fitadium\" \/>\n<meta property=\"article:publisher\" content=\"https:\/\/www.facebook.com\/fitadium.musculation\" \/>\n<meta property=\"article:modified_time\" content=\"2024-05-30T12:54:16+00:00\" \/>\n<meta property=\"og:image\" content=\"https:\/\/www.fitadium.com\/conseils\/wp-content\/uploads\/2023\/01\/quand-prendre-caseine.jpg\" \/>\n\t<meta property=\"og:image:width\" content=\"600\" \/>\n\t<meta property=\"og:image:height\" content=\"400\" \/>\n<script type=\"application\/ld+json\" class=\"yoast-schema-graph\">{\"@context\":\"https:\/\/schema.org\",\"@graph\":[{\"@type\":\"Organization\",\"@id\":\"https:\/\/www.fitadium.com\/conseils\/#organization\",\"name\":\"FITADIUM\",\"url\":\"https:\/\/www.fitadium.com\/conseils\/\",\"sameAs\":[\"https:\/\/www.facebook.com\/fitadium.musculation\"],\"logo\":{\"@type\":\"ImageObject\",\"@id\":\"https:\/\/www.fitadium.com\/conseils\/#logo\",\"inLanguage\":\"fr-FR\",\"url\":\"https:\/\/www.fitadium.com\/conseils\/wp-content\/uploads\/2013\/08\/mobypicture.jpg\",\"contentUrl\":\"https:\/\/www.fitadium.com\/conseils\/wp-content\/uploads\/2013\/08\/mobypicture.jpg\",\"width\":510,\"height\":600,\"caption\":\"FITADIUM\"},\"image\":{\"@id\":\"https:\/\/www.fitadium.com\/conseils\/#logo\"}},{\"@type\":\"WebSite\",\"@id\":\"https:\/\/www.fitadium.com\/conseils\/#website\",\"url\":\"https:\/\/www.fitadium.com\/conseils\/\",\"name\":\"Fitadium\",\"description\":\"Toute l&#039;actualit\\u00e9 de la musculation et du fitness\",\"publisher\":{\"@id\":\"https:\/\/www.fitadium.com\/conseils\/#organization\"},\"potentialAction\":[{\"@type\":\"SearchAction\",\"target\":{\"@type\":\"EntryPoint\",\"urlTemplate\":\"https:\/\/www.fitadium.com\/conseils\/?s={search_term_string}\"},\"query-input\":\"required name=search_term_string\"}],\"inLanguage\":\"fr-FR\"},{\"@type\":\"ImageObject\",\"@id\":\"https:\/\/www.fitadium.com\/conseils\/proteines\/caseine\/quand-prendre-caseine\/#primaryimage\",\"inLanguage\":\"fr-FR\",\"url\":\"https:\/\/www.fitadium.com\/conseils\/wp-content\/uploads\/2023\/01\/quand-prendre-caseine.jpg\",\"contentUrl\":\"https:\/\/www.fitadium.com\/conseils\/wp-content\/uploads\/2023\/01\/quand-prendre-caseine.jpg\",\"width\":600,\"height\":400,\"caption\":\"quand prendre la caseine\"},{\"@type\":\"WebPage\",\"@id\":\"https:\/\/www.fitadium.com\/conseils\/proteines\/caseine\/quand-prendre-caseine\/#webpage\",\"url\":\"https:\/\/www.fitadium.com\/conseils\/proteines\/caseine\/quand-prendre-caseine\/\",\"name\":\"Quand prendre de la cas\\u00e9ine ?\",\"isPartOf\":{\"@id\":\"https:\/\/www.fitadium.com\/conseils\/#website\"},\"primaryImageOfPage\":{\"@id\":\"https:\/\/www.fitadium.com\/conseils\/proteines\/caseine\/quand-prendre-caseine\/#primaryimage\"},\"datePublished\":\"2023-01-19T17:05:10+00:00\",\"dateModified\":\"2024-05-30T12:54:16+00:00\",\"description\":\"Avec son assimilation lente, la cas\\u00e9ine est g\\u00e9n\\u00e9ralement prise le soir\\u00a0avant le coucher mais elle peut aussi \\u00eatre tr\\u00e8s int\\u00e9ressante en journ\\u00e9e\",\"breadcrumb\":{\"@id\":\"https:\/\/www.fitadium.com\/conseils\/proteines\/caseine\/quand-prendre-caseine\/#breadcrumb\"},\"inLanguage\":\"fr-FR\",\"potentialAction\":[{\"@type\":\"ReadAction\",\"target\":[\"https:\/\/www.fitadium.com\/conseils\/proteines\/caseine\/quand-prendre-caseine\/\"]}]},{\"@type\":\"BreadcrumbList\",\"@id\":\"https:\/\/www.fitadium.com\/conseils\/proteines\/caseine\/quand-prendre-caseine\/#breadcrumb\",\"itemListElement\":[{\"@type\":\"ListItem\",\"position\":1,\"name\":\"Home\",\"item\":\"https:\/\/www.fitadium.com\/conseils\/\"},{\"@type\":\"ListItem\",\"position\":2,\"name\":\"Pourquoi prendre des prot\\u00e9ines en musculation ?\",\"item\":\"https:\/\/www.fitadium.com\/conseils\/proteines\/\"},{\"@type\":\"ListItem\",\"position\":3,\"name\":\"La cas\\u00e9ine micellaire pour maigrir et en musculation\",\"item\":\"https:\/\/www.fitadium.com\/conseils\/proteines\/caseine\/\"},{\"@type\":\"ListItem\",\"position\":4,\"name\":\"Quel est le meilleur moment pour prendre de la cas\\u00e9ine ?\"}]}]}<\/script>\n<!-- \/ Yoast SEO plugin. -->","yoast_head_json":{"title":"Quand prendre de la cas\u00e9ine ?","description":"Avec son assimilation lente, la cas\u00e9ine est g\u00e9n\u00e9ralement prise le soir\u00a0avant le coucher mais elle peut aussi \u00eatre tr\u00e8s int\u00e9ressante en journ\u00e9e","robots":{"index":"index","follow":"follow","max-snippet":"max-snippet:-1","max-image-preview":"max-image-preview:large","max-video-preview":"max-video-preview:-1"},"canonical":"https:\/\/www.fitadium.com\/conseils\/proteines\/caseine\/quand-prendre-caseine\/","og_locale":"fr_FR","og_type":"article","og_title":"Quand prendre de la cas\u00e9ine ?","og_description":"Avec son assimilation lente, la cas\u00e9ine est g\u00e9n\u00e9ralement prise le soir\u00a0avant le coucher mais elle peut aussi \u00eatre tr\u00e8s int\u00e9ressante en journ\u00e9e","og_url":"https:\/\/www.fitadium.com\/conseils\/proteines\/caseine\/quand-prendre-caseine\/","og_site_name":"Fitadium","article_publisher":"https:\/\/www.facebook.com\/fitadium.musculation","article_modified_time":"2024-05-30T12:54:16+00:00","og_image":[{"width":600,"height":400,"url":"https:\/\/www.fitadium.com\/conseils\/wp-content\/uploads\/2023\/01\/quand-prendre-caseine.jpg","path":"\/home\/www\/fitadium\/www\/conseils\/wp-content\/uploads\/2023\/01\/quand-prendre-caseine.jpg","size":"full","id":57192,"alt":"quand prendre la caseine","pixels":240000,"type":"image\/jpeg"}],"schema":{"@context":"https:\/\/schema.org","@graph":[{"@type":"Organization","@id":"https:\/\/www.fitadium.com\/conseils\/#organization","name":"FITADIUM","url":"https:\/\/www.fitadium.com\/conseils\/","sameAs":["https:\/\/www.facebook.com\/fitadium.musculation"],"logo":{"@type":"ImageObject","@id":"https:\/\/www.fitadium.com\/conseils\/#logo","inLanguage":"fr-FR","url":"https:\/\/www.fitadium.com\/conseils\/wp-content\/uploads\/2013\/08\/mobypicture.jpg","contentUrl":"https:\/\/www.fitadium.com\/conseils\/wp-content\/uploads\/2013\/08\/mobypicture.jpg","width":510,"height":600,"caption":"FITADIUM"},"image":{"@id":"https:\/\/www.fitadium.com\/conseils\/#logo"}},{"@type":"WebSite","@id":"https:\/\/www.fitadium.com\/conseils\/#website","url":"https:\/\/www.fitadium.com\/conseils\/","name":"Fitadium","description":"Toute l&#039;actualit\u00e9 de la musculation et du fitness","publisher":{"@id":"https:\/\/www.fitadium.com\/conseils\/#organization"},"potentialAction":[{"@type":"SearchAction","target":{"@type":"EntryPoint","urlTemplate":"https:\/\/www.fitadium.com\/conseils\/?s={search_term_string}"},"query-input":"required name=search_term_string"}],"inLanguage":"fr-FR"},{"@type":"ImageObject","@id":"https:\/\/www.fitadium.com\/conseils\/proteines\/caseine\/quand-prendre-caseine\/#primaryimage","inLanguage":"fr-FR","url":"https:\/\/www.fitadium.com\/conseils\/wp-content\/uploads\/2023\/01\/quand-prendre-caseine.jpg","contentUrl":"https:\/\/www.fitadium.com\/conseils\/wp-content\/uploads\/2023\/01\/quand-prendre-caseine.jpg","width":600,"height":400,"caption":"quand prendre la caseine"},{"@type":"WebPage","@id":"https:\/\/www.fitadium.com\/conseils\/proteines\/caseine\/quand-prendre-caseine\/#webpage","url":"https:\/\/www.fitadium.com\/conseils\/proteines\/caseine\/quand-prendre-caseine\/","name":"Quand prendre de la cas\u00e9ine ?","isPartOf":{"@id":"https:\/\/www.fitadium.com\/conseils\/#website"},"primaryImageOfPage":{"@id":"https:\/\/www.fitadium.com\/conseils\/proteines\/caseine\/quand-prendre-caseine\/#primaryimage"},"datePublished":"2023-01-19T17:05:10+00:00","dateModified":"2024-05-30T12:54:16+00:00","description":"Avec son assimilation lente, la cas\u00e9ine est g\u00e9n\u00e9ralement prise le soir\u00a0avant le coucher mais elle peut aussi \u00eatre tr\u00e8s int\u00e9ressante en journ\u00e9e","breadcrumb":{"@id":"https:\/\/www.fitadium.com\/conseils\/proteines\/caseine\/quand-prendre-caseine\/#breadcrumb"},"inLanguage":"fr-FR","potentialAction":[{"@type":"ReadAction","target":["https:\/\/www.fitadium.com\/conseils\/proteines\/caseine\/quand-prendre-caseine\/"]}]},{"@type":"BreadcrumbList","@id":"https:\/\/www.fitadium.com\/conseils\/proteines\/caseine\/quand-prendre-caseine\/#breadcrumb","itemListElement":[{"@type":"ListItem","position":1,"name":"Home","item":"https:\/\/www.fitadium.com\/conseils\/"},{"@type":"ListItem","position":2,"name":"Pourquoi prendre des prot\u00e9ines en musculation ?","item":"https:\/\/www.fitadium.com\/conseils\/proteines\/"},{"@type":"ListItem","position":3,"name":"La cas\u00e9ine micellaire pour maigrir et en musculation","item":"https:\/\/www.fitadium.com\/conseils\/proteines\/caseine\/"},{"@type":"ListItem","position":4,"name":"Quel est le meilleur moment pour prendre de la cas\u00e9ine ?"}]}]}},"featured_image_src":"https:\/\/www.fitadium.com\/conseils\/wp-content\/uploads\/2023\/01\/quand-prendre-caseine-600x400.jpg","featured_image_src_square":"https:\/\/www.fitadium.com\/conseils\/wp-content\/uploads\/2023\/01\/quand-prendre-caseine.jpg","_links":{"self":[{"href":"https:\/\/www.fitadium.com\/conseils\/wp-json\/wp\/v2\/pages\/57191","targetHints":{"allow":["GET"]}}],"collection":[{"href":"https:\/\/www.fitadium.com\/conseils\/wp-json\/wp\/v2\/pages"}],"about":[{"href":"https:\/\/www.fitadium.com\/conseils\/wp-json\/wp\/v2\/types\/page"}],"author":[{"embeddable":true,"href":"https:\/\/www.fitadium.com\/conseils\/wp-json\/wp\/v2\/users\/4"}],"replies":[{"embeddable":true,"href":"https:\/\/www.fitadium.com\/conseils\/wp-json\/wp\/v2\/comments?post=57191"}],"version-history":[{"count":6,"href":"https:\/\/www.fitadium.com\/conseils\/wp-json\/wp\/v2\/pages\/57191\/revisions"}],"predecessor-version":[{"id":59199,"href":"https:\/\/www.fitadium.com\/conseils\/wp-json\/wp\/v2\/pages\/57191\/revisions\/59199"}],"up":[{"embeddable":true,"href":"https:\/\/www.fitadium.com\/conseils\/wp-json\/wp\/v2\/pages\/53690"}],"wp:featuredmedia":[{"embeddable":true,"href":"https:\/\/www.fitadium.com\/conseils\/wp-json\/wp\/v2\/media\/57192"}],"wp:attachment":[{"href":"https:\/\/www.fitadium.com\/conseils\/wp-json\/wp\/v2\/media?parent=57191"}],"curies":[{"name":"wp","href":"https:\/\/api.w.org\/{rel}","templated":true}]}}