{"id":57501,"date":"2023-05-17T16:45:20","date_gmt":"2023-05-17T14:45:20","guid":{"rendered":"https:\/\/www.fitadium.com\/conseils\/?page_id=57501"},"modified":"2025-09-04T11:37:05","modified_gmt":"2025-09-04T09:37:05","slug":"coupe-faim-bruleur-graisse","status":"publish","type":"page","link":"https:\/\/www.fitadium.com\/conseils\/bruleur-graisse\/coupe-faim-bruleur-graisse\/","title":{"rendered":"Coupe-faim et bruleur de graisse : l&rsquo;association id\u00e9ale pour la perte de poids\u00a0"},"content":{"rendered":"\n<p>Comme vous le savez, il existe plusieurs outils naturels ou compl\u00e9ments alimentaires qui peuvent vous aider \u00e0 perdre du poids. Les <strong><a href=\"https:\/\/www.fitadium.com\/56-bruleurs-de-graisse\">br\u00fbleurs de graisse<\/a> et les coupe-faim<\/strong> font partie des produits les plus utilis\u00e9s dans le cadre de la perte de poids.<\/p>\n\n\n\n<p>Si vous cherchez \u00e0 perdre quelques kilos, autant un <a href=\"https:\/\/www.fitadium.com\/conseils\/bruleur-graisse\/bruleurs-graisses-efficaces\/\">br\u00fbleur de graisse efficace<\/a> qu&rsquo;un coupe-faim naturel vous aideront \u00e0 br\u00fbler plus de graisses (acides gras) et \u00e0 perdre du poids.<\/p>\n\n\n\n<h2 class=\"wp-block-heading\" id=\"combo\">Compl\u00e9ments, r\u00e9gime \u00e9quilibr\u00e9 et activit\u00e9 sportive pour maigrir&nbsp;<\/h2>\n\n\n\n<p>Associ\u00e9 \u00e0 un&nbsp;<strong>r\u00e9gime alimentaire hypocalorique<\/strong> et \u00e0<strong> une activit\u00e9 sportive r\u00e9guli\u00e8re<\/strong>, ces compl\u00e9ments alimentaires sont des aides nutritionnelles qui ont prouv\u00e9 leur utilit\u00e9 dans le cadre d&rsquo;un programme de perte de poids bien encadr\u00e9. Ils s&rsquo;agit d&rsquo;<strong>aides naturelles \u00e0 la r\u00e9ussite de vos objectifs minceur<\/strong>.&nbsp;<\/p>\n\n\n\n<p>Dans l&rsquo;optique d&rsquo;optimiser la perte de poids, autant sur la r\u00e9duction de l&rsquo;app\u00e9tit que sur la combustion des graisses, associer un <a href=\"https:\/\/www.fitadium.com\/conseils\/bruleur-graisse\/thermogeniques\/\">br\u00fbleur de graisse thermog\u00e9nique<\/a> ou lipotrope \u00e0 un coupe-faim pourrait donner&nbsp;<strong>plus de r\u00e9sultats sur la perte de poids<\/strong>.<\/p>\n\n\n\n<p>Thermog\u00e8nes ou lipotropes, les <a href=\"https:\/\/www.fitadium.com\/56-bruleurs-de-graisse\">br\u00fbleu<\/a>r<a href=\"https:\/\/www.fitadium.com\/56-bruleurs-de-graisse\">s de graisse<\/a> favorisent&nbsp;<strong>le d\u00e9stockage des graisses corporelles<\/strong> sans agir n\u00e9gativement sur la masse musculaire. En revanche, les coupe-faim vous aideront \u00e0 r\u00e9duire vos apports en calories<strong> en r\u00e9duisant votre app\u00e9tit<\/strong> tout en favorisant <strong>une sati\u00e9t\u00e9 plus rapide<\/strong>.<\/p>\n\n\n\n<p>Ces deux produits, coupe-faim et&nbsp;<em>Fat burner<\/em>, <strong>sont compl\u00e9mentaires dans le cadre de la perte de poids<\/strong>&#8230; Tous deux vous aideront \u00e0 perdre vos kilos superflus mais comment les diff\u00e9rencier dans leur action ?<\/p>\n\n\n\n<h2 class=\"wp-block-heading\" id=\"def\">Qu&rsquo;est-ce qu&rsquo;un bruleur de graisse ?&nbsp;<\/h2>\n\n\n\n<p>Les br\u00fbleurs de graisse sont des compl\u00e9ments alimentaires qui contiennent des stimulants (caf\u00e9ine, th\u00e9obromine, th\u00e9 vert&#8230;) connus pour leur <strong>effet thermog\u00e8ne<\/strong> ou des <strong>ingr\u00e9dients naturels lipotropes<\/strong> (L-Carnitine, CLA, picolinate de chrome&#8230;) qui participent \u00e0 l&rsquo;oxydation des acides gras. C&rsquo;est par exemple le cas de la L-Carnitine ou du CLA (acide linol\u00e9ique conjugu\u00e9).<\/p>\n\n\n<div class=\"columns-push-product\">\n  <div class=\"columns-push-product__body\">\n    \n\n<p class=\"has-large-font-size\"><\/p>\n\n\n  <\/div>\n  <div class=\"columns-push-product__product\">\n    <div class=\"product\" GTM-data-id=\"1631\" GTM-data-nom=\"REDBURN HARDCORE (100 Caps)\">\n  <div class=\"product__img\" style=\"width: -webkit-fill-available;\">\n    <a href=\"https:\/\/www.fitadium.com\/1631-redburn-hardcore-100-caps.html\" class=\"product__image_lnk GTM_blog_product\" >\n      <img decoding=\"async\" src=\"https:\/\/www.fitadium.com\/32453-fit_540\/redburn-hardcore-100-caps.jpg\" alt=\"\" class=\"product__image lazyload\">\n    <\/a>\n  <\/div>\n  <div class=\"product__body\">\n        <div class=\"product__brand\">Superset Nutrition<\/div>\n    <a class=\"product__name GTM_blog_product\" href=\"https:\/\/www.fitadium.com\/1631-redburn-hardcore-100-caps.html\" title=\"REDBURN HARDCORE (100 Caps)\">\n      REDBURN HARDCORE (100 Caps)\n    <\/a>\n          <span class=\"product__price\">45.9 \u20ac<\/span>\n            <div class=\"product__excerpt\">Pourquoi choisir le br\u00fbleur Redburn Hardcore ? Le REDBURN HARDCORE\u2026<\/div>\n            <div><a class=\"product__cta GTM_blog_product\" href=\"https:\/\/www.fitadium.com\/1631-redburn-hardcore-100-caps.html\" title=\"REDBURN HARDCORE (100 Caps)\">Voir le produit<\/a><\/div>\n  <\/div>\n<\/div>\n  <\/div>\n<\/div>\n\n\n\n<p>Les br\u00fbleurs de graisse thermog\u00e8nes entra\u00eenent une&nbsp;<strong>utilisation augment\u00e9e des graisses de r\u00e9serve<\/strong> en activant les cat\u00e9cholamines comme l&rsquo;adr\u00e9naline et l&rsquo;\u00e9pin\u00e9phrine. Les glucides et les acides amin\u00e9s sont alors \u00e9pargn\u00e9s du fait de l&rsquo;action des stimulants sur le syst\u00e8me nerveux.<\/p>\n\n\n\n<p>Thermog\u00e8nes ou lipotropes, quel que soit le type de br\u00fbleurs de graisse, ces compl\u00e9ments alimentaires <strong>r\u00e9duisent le stockage des graisses <\/strong>avec des actifs naturels.<\/p>\n\n\n\n<h3 class=\"wp-block-heading\" id=\"thermo\">Les bruleurs de graisse thermog\u00e9niques puissants<\/h3>\n\n\n\n<blockquote class=\"wp-block-quote is-layout-flow wp-block-quote-is-layout-flow\"><p>Les formules thermog\u00e8nes \u00e9l\u00e8vent le m\u00e9tabolisme de base.<\/p><\/blockquote>\n\n\n\n<p>Cela veut dire qu&rsquo;ils <strong>augmentent la d\u00e9pense \u00e9nerg\u00e9tique<\/strong> gr\u00e2ce \u00e0 la thermogen\u00e8se; une \u00e9l\u00e9vation l\u00e9g\u00e8re mais significative de la temp\u00e9rature corporelle sur plusieurs heures.&nbsp; &nbsp; &nbsp; &nbsp; &nbsp; &nbsp; &nbsp; &nbsp; &nbsp; &nbsp; &nbsp; &nbsp; &nbsp; &nbsp; &nbsp; &nbsp; &nbsp; &nbsp; &nbsp; &nbsp; &nbsp; &nbsp; &nbsp; &nbsp;&nbsp;<\/p>\n\n\n\n<p>Les br\u00fbleurs de graisse efficaces contiennent <strong>des stimulants comme la caf\u00e9ine<\/strong> et d&rsquo;autres ingr\u00e9dients (th\u00e9 vert, extrait de piment de Cayenne, vitamines&#8230;). L&rsquo;int\u00e9r\u00eat de ces br\u00fbleurs de graisses est double car ils <strong>augmentent la lib\u00e9ration d&rsquo;\u00e9nergie musculaire et nerveuse<\/strong> tout en favorisant <strong>l&rsquo;utilisation des graisses \u00e0 des fins \u00e9nerg\u00e9tiques<\/strong>.<\/p>\n\n\n\n<p>Les fat burners thermog\u00e9niques sont d&rsquo;ailleurs souvent pris par les bodybuilders qui cherchent \u00e0 obtenir <strong>une meilleure d\u00e9finition<\/strong> tout en pr\u00e9servant leur masse musculaire. Ils peuvent tout autant \u00eatre pris avant une s\u00e9ance d&rsquo;entra\u00eenement de cardiotraining ou de fitness.<\/p>\n\n\n\n<h3 class=\"wp-block-heading\" id=\"lipo\">Les bruleurs de graisse lipotropes<\/h3>\n\n\n\n<p>Par contre, les formules lipotropes agissent en amont de l&rsquo;oxydation des calories en favorisant un <strong>travail optimal du m\u00e9tabolisme.<\/strong><\/p>\n\n\n\n<p>Les produits lipotropes fournissent des <strong>nutriments efficaces<\/strong> (picolinate de chrome, CLA, L-Carnitine&#8230;) qui agiront sur la <strong>sensibilit\u00e9 \u00e0 l&rsquo;insuline<\/strong> ou le <strong>transport des acides gras <\/strong>vers les mitochondries.&nbsp;<\/p>\n\n\n<div class=\"columns-push-product\">\n  <div class=\"columns-push-product__body\">\n    \n\n<p class=\"has-large-font-size\"><\/p>\n\n\n  <\/div>\n  <div class=\"columns-push-product__product\">\n    <div class=\"product\" GTM-data-id=\"3956\" GTM-data-nom=\"Super lipo (120 tabs)\">\n  <div class=\"product__img\" style=\"width: -webkit-fill-available;\">\n    <a href=\"https:\/\/www.fitadium.com\/3956-super-lipo-120-tabs.html\" class=\"product__image_lnk GTM_blog_product\" >\n      <img decoding=\"async\" src=\"https:\/\/www.fitadium.com\/15574-fit_540\/super-lipo-120-tabs.jpg\" alt=\"\" class=\"product__image lazyload\">\n    <\/a>\n  <\/div>\n  <div class=\"product__body\">\n        <div class=\"product__brand\">Biotech USA<\/div>\n    <a class=\"product__name GTM_blog_product\" href=\"https:\/\/www.fitadium.com\/3956-super-lipo-120-tabs.html\" title=\"Super lipo (120 tabs)\">\n      Super lipo (120 tabs)\n    <\/a>\n          <span class=\"product__price\">24.9 \u20ac<\/span>\n            <div class=\"product__excerpt\">Super Lipo (120 tabs) est un br\u00fbleur de graisse con\u00e7u\u2026<\/div>\n            <div><a class=\"product__cta GTM_blog_product\" href=\"https:\/\/www.fitadium.com\/3956-super-lipo-120-tabs.html\" title=\"Super lipo (120 tabs)\">Voir le produit<\/a><\/div>\n  <\/div>\n<\/div>\n  <\/div>\n<\/div>\n\n\n\n<p>\u27a1\ufe0f Vous pouvez consulter <a href=\"https:\/\/www.fitadium.com\/conseils\/bruleur-graisse\/meilleur-bruleur-graisse\/\">notre comparatif des meilleurs bruleurs de graisse<\/a> pour vous aider \u00e0 faire votre choix. <\/p>\n\n\n\n<h2 class=\"wp-block-heading\" id=\"coupe\">Qu&rsquo;est-ce qu&rsquo;un compl\u00e9ment alimentaire coupe-faim ?<\/h2>\n\n\n\n<p>Les <a href=\"https:\/\/www.fitadium.com\/476-coupe-faim\">coupe-faim<\/a> font partie des compl\u00e9ments alimentaires<strong> les plus efficaces pour r\u00e9duire la prise alimentaire des repas<\/strong>.<\/p>\n\n\n\n<p>Leur action sur<strong> la faim et l&rsquo;app\u00e9tit<\/strong> est d\u00e9montr\u00e9e autant que bien connue par les utilisateurs qui observent un r\u00e9gime alimentaire contr\u00f4l\u00e9. Ils r\u00e9duisent naturellement la sensation de faim chez les adeptes du grignotage sans pour autant constituer une solution miracle.<\/p>\n\n\n\n<blockquote class=\"wp-block-quote is-layout-flow wp-block-quote-is-layout-flow\"><p>Ils agissent sur la sati\u00e9t\u00e9 afin de r\u00e9duire l&rsquo;app\u00e9tit.<\/p><\/blockquote>\n\n\n\n<p>Les coupe-faim sont g\u00e9n\u00e9ralement compos\u00e9s de <strong>v\u00e9g\u00e9taux<\/strong>, de<strong> fibres<\/strong> ou de <strong>gommes <\/strong>qui travaillent en prenant de la place dans l&rsquo;estomac ou en agissant tels des fibres sur le transit intestinal. Indirectement, les coupe-faim sont rang\u00e9s dans la cat\u00e9gorie des <a href=\"https:\/\/www.fitadium.com\/conseils\/bruleur-graisse\/bruleur-sans-cafeine\/\">br\u00fbleurs de graisse sans stimulants<\/a>.&nbsp;<\/p>\n\n\n<div class=\"columns-push-product\">\n  <div class=\"columns-push-product__body\">\n    \n\n<p class=\"has-large-font-size\"><\/p>\n\n\n  <\/div>\n  <div class=\"columns-push-product__product\">\n    <div class=\"product\" GTM-data-id=\"3642\" GTM-data-nom=\"Glucomannan + chromium (225g)\">\n  <div class=\"product__img\" style=\"width: -webkit-fill-available;\">\n    <a href=\"https:\/\/www.fitadium.com\/3642-glucomannan-chromium-225g.html\" class=\"product__image_lnk GTM_blog_product\" >\n      <img decoding=\"async\" src=\"https:\/\/www.fitadium.com\/12349-fit_540\/glucomannan-chromium-225g.jpg\" alt=\"\" class=\"product__image lazyload\">\n    <\/a>\n  <\/div>\n  <div class=\"product__body\">\n        <div class=\"product__brand\">Biotech USA<\/div>\n    <a class=\"product__name GTM_blog_product\" href=\"https:\/\/www.fitadium.com\/3642-glucomannan-chromium-225g.html\" title=\"Glucomannan + chromium (225g)\">\n      Glucomannan + chromium (225g)\n    <\/a>\n          <span class=\"product__price\">28.9 \u20ac<\/span>\n            <div class=\"product__excerpt\">Glucomannan + chromium (225g) est un compl\u00e9ment alimentaire en poudre\u2026<\/div>\n            <div><a class=\"product__cta GTM_blog_product\" href=\"https:\/\/www.fitadium.com\/3642-glucomannan-chromium-225g.html\" title=\"Glucomannan + chromium (225g)\">Voir le produit<\/a><\/div>\n  <\/div>\n<\/div>\n  <\/div>\n<\/div>\n\n\n\n<h3 class=\"wp-block-heading\" id=\"faim\">Comment couper la faim pour maigrir ?<\/h3>\n\n\n\n<p>Un grand nombre de personnes voulant perdre du poids sans y arriver se plaignent souvent <strong>de la faim car ils n&rsquo;arrivent pas \u00e0 la maitriser<\/strong>. Fringale ou boulimie, la faim repr\u00e9sente souvent une des principales raisons \u00e0 la prise de poids.<\/p>\n\n\n\n<p>Dans ce cas de figure, les <a href=\"https:\/\/www.fitadium.com\/conseils\/bruleur-graisse\/coupe-faim\/\">coupe-faim font partie des<strong> meilleures solutions<\/strong><\/a><strong> pour stimuler la perte de poids<\/strong>.<\/p>\n\n\n\n<p>Naturellement, cela suppose aussi que vous suiviez un <strong>mode de vie sain<\/strong>, une <strong>alimentation \u00e9quilibr\u00e9e<\/strong> et que vous ayez une <strong>activit\u00e9 physique journali\u00e8re <\/strong>suffisante.<\/p>\n\n\n\n<h3 class=\"wp-block-heading\" id=\"meilleurs\">Quels sont les meilleurs coupe-faim naturels ?<\/h3>\n\n\n\n<p>Les meilleurs coupe-faim sont des produits naturels, compos\u00e9s d&rsquo;extraits v\u00e9g\u00e9taux comme le <a href=\"https:\/\/www.fitadium.com\/conseils\/bruleur-graisse\/garcinia-cambogia-hca\/\"><strong>Garcinia cambogia<\/strong>,<\/a> source d&rsquo;acide hydroxycitrique.<\/p>\n\n\n\n<p>\u00c0 base de <strong>fibres<\/strong> (inuline, brom\u00e9la\u00efne&#8230;), ces coupe-faim naturels apportent \u00e9galement de tr\u00e8s bons r\u00e9sultats sur les envies de grignotage. Est-il alors possible de les associer afin d&rsquo;obtenir de meilleurs r\u00e9sultats ?&nbsp;<\/p>\n\n\n\n<h2 class=\"wp-block-heading\" id=\"complementarite\">La compl\u00e9mentarit\u00e9 du bruleur de graisse et du coupe-faim efficace pour maigrir<\/h2>\n\n\n\n<p>Si vous \u00e9prouvez de la difficult\u00e9 \u00e0 perdre du poids, du fait de votre app\u00e9tit ou d&rsquo;une faim excessive (envies de sucres, d&rsquo;aliments gras&#8230;), et que vous ayez beaucoup de poids \u00e0 perdre, <strong>associer un br\u00fbleur de graisse efficace \u00e0 un coupe-faim<\/strong> est une solution envisageable.<\/p>\n\n\n\n<h3 class=\"wp-block-heading\" id=\"difference\">Quelle diff\u00e9rence d&rsquo;action entre produit brule graisse et coupe faim ?<\/h3>\n\n\n\n<p>Les formules thermog\u00e8nes \u00e9l\u00e8vent l\u00e9g\u00e8rement la temp\u00e9rature du corps en agissant sur<strong> le m\u00e9tabolisme de base pendant plusieurs heures<\/strong>. Ce processus naturel vous aide \u00e0 br\u00fbler plus de graisses et de calories stock\u00e9es dans le corps entier.<\/p>\n\n\n\n<p>A l&rsquo;oppos\u00e9, les coupe-faim vous permettent de <strong>r\u00e9duire les apports alimentaires et caloriques<\/strong> durant les repas.<\/p>\n\n\n\n<p>Si vous avez quelques kilos \u00e0 perdre et que vous ne faites que les perdre pour le reprendre ensuite, prendre un br\u00fbleur de graisse thermog\u00e9nique <strong>pendant la journ\u00e9e ou avant l&rsquo;exercice<\/strong> vous aidera d\u00e9j\u00e0 \u00e0 oxyder plus de graisses, du fait de leur action sur le syst\u00e8me nerveux. Avec un coupe-faim en plus, vous agissez&nbsp;<strong>en amont afin de r\u00e9duire les apports en calories<\/strong>.<\/p>\n\n\n\n<p>D&rsquo;un c\u00f4t\u00e9, vous <strong>br\u00fblez plus de graisses stock\u00e9es dans l&rsquo;organisme<\/strong> (cuisses, sangle abdominale&#8230;) et d&rsquo;un autre, vous <strong>r\u00e9duisez les apports caloriques<\/strong>, agissant en parall\u00e8le sur deux leviers qui vous aideront \u00e0 perdre du poids ou \u00e0 obtenir une meilleure d\u00e9finition musculaire.&nbsp;<br><br><\/p>\n","protected":false},"excerpt":{"rendered":"<p>Comme vous le savez, il existe plusieurs outils naturels ou compl\u00e9ments alimentaires qui peuvent vous aider \u00e0 perdre du poids. Les br\u00fbleurs de graisse et les coupe-faim font partie des produits les plus utilis\u00e9s dans le cadre de la perte de poids. Si vous cherchez \u00e0 perdre quelques kilos, autant un br\u00fbleur de graisse efficace [&hellip;]<\/p>\n","protected":false},"author":23,"featured_media":57502,"parent":54163,"menu_order":0,"comment_status":"closed","ping_status":"closed","template":"template-cocon.php","meta":{"footnotes":""},"class_list":null,"yoast_head":"<!-- This site is optimized with the Yoast SEO plugin v17.1 - https:\/\/yoast.com\/wordpress\/plugins\/seo\/ -->\n<title>L&#039;association coupe faim et bruleur de graisse<\/title>\n<meta name=\"description\" content=\"Pour perdre quelques kilos, autant un br\u00fbleur de graisse efficace qu&#039;un coupe-faim naturel vous aideront \u00e0 br\u00fbler plus de graisses\" \/>\n<meta name=\"robots\" content=\"index, follow, max-snippet:-1, max-image-preview:large, max-video-preview:-1\" \/>\n<link rel=\"canonical\" href=\"https:\/\/www.fitadium.com\/conseils\/bruleur-graisse\/coupe-faim-bruleur-graisse\/\" \/>\n<meta property=\"og:locale\" content=\"fr_FR\" \/>\n<meta property=\"og:type\" content=\"article\" \/>\n<meta property=\"og:title\" content=\"L&#039;association coupe faim et bruleur de graisse\" \/>\n<meta property=\"og:description\" content=\"Pour perdre quelques kilos, autant un br\u00fbleur de graisse efficace qu&#039;un coupe-faim naturel vous aideront \u00e0 br\u00fbler plus de graisses\" \/>\n<meta property=\"og:url\" content=\"https:\/\/www.fitadium.com\/conseils\/bruleur-graisse\/coupe-faim-bruleur-graisse\/\" \/>\n<meta property=\"og:site_name\" content=\"Fitadium\" \/>\n<meta property=\"article:publisher\" content=\"https:\/\/www.facebook.com\/fitadium.musculation\" \/>\n<meta property=\"article:modified_time\" content=\"2025-09-04T09:37:05+00:00\" \/>\n<meta property=\"og:image\" content=\"https:\/\/www.fitadium.com\/conseils\/wp-content\/uploads\/2023\/05\/association-bruleur-de-graisse-et-coupe-faim.jpg\" \/>\n\t<meta property=\"og:image:width\" content=\"995\" \/>\n\t<meta property=\"og:image:height\" content=\"500\" \/>\n<script type=\"application\/ld+json\" class=\"yoast-schema-graph\">{\"@context\":\"https:\/\/schema.org\",\"@graph\":[{\"@type\":\"Organization\",\"@id\":\"https:\/\/www.fitadium.com\/conseils\/#organization\",\"name\":\"FITADIUM\",\"url\":\"https:\/\/www.fitadium.com\/conseils\/\",\"sameAs\":[\"https:\/\/www.facebook.com\/fitadium.musculation\"],\"logo\":{\"@type\":\"ImageObject\",\"@id\":\"https:\/\/www.fitadium.com\/conseils\/#logo\",\"inLanguage\":\"fr-FR\",\"url\":\"https:\/\/www.fitadium.com\/conseils\/wp-content\/uploads\/2013\/08\/mobypicture.jpg\",\"contentUrl\":\"https:\/\/www.fitadium.com\/conseils\/wp-content\/uploads\/2013\/08\/mobypicture.jpg\",\"width\":510,\"height\":600,\"caption\":\"FITADIUM\"},\"image\":{\"@id\":\"https:\/\/www.fitadium.com\/conseils\/#logo\"}},{\"@type\":\"WebSite\",\"@id\":\"https:\/\/www.fitadium.com\/conseils\/#website\",\"url\":\"https:\/\/www.fitadium.com\/conseils\/\",\"name\":\"Fitadium\",\"description\":\"Toute l&#039;actualit\\u00e9 de la musculation et du fitness\",\"publisher\":{\"@id\":\"https:\/\/www.fitadium.com\/conseils\/#organization\"},\"potentialAction\":[{\"@type\":\"SearchAction\",\"target\":{\"@type\":\"EntryPoint\",\"urlTemplate\":\"https:\/\/www.fitadium.com\/conseils\/?s={search_term_string}\"},\"query-input\":\"required name=search_term_string\"}],\"inLanguage\":\"fr-FR\"},{\"@type\":\"ImageObject\",\"@id\":\"https:\/\/www.fitadium.com\/conseils\/bruleur-graisse\/coupe-faim-bruleur-graisse\/#primaryimage\",\"inLanguage\":\"fr-FR\",\"url\":\"https:\/\/www.fitadium.com\/conseils\/wp-content\/uploads\/2023\/05\/association-bruleur-de-graisse-et-coupe-faim.jpg\",\"contentUrl\":\"https:\/\/www.fitadium.com\/conseils\/wp-content\/uploads\/2023\/05\/association-bruleur-de-graisse-et-coupe-faim.jpg\",\"width\":995,\"height\":500,\"caption\":\"associer coupe faim et bruleur de graisse\"},{\"@type\":\"WebPage\",\"@id\":\"https:\/\/www.fitadium.com\/conseils\/bruleur-graisse\/coupe-faim-bruleur-graisse\/#webpage\",\"url\":\"https:\/\/www.fitadium.com\/conseils\/bruleur-graisse\/coupe-faim-bruleur-graisse\/\",\"name\":\"L'association coupe faim et bruleur de graisse\",\"isPartOf\":{\"@id\":\"https:\/\/www.fitadium.com\/conseils\/#website\"},\"primaryImageOfPage\":{\"@id\":\"https:\/\/www.fitadium.com\/conseils\/bruleur-graisse\/coupe-faim-bruleur-graisse\/#primaryimage\"},\"datePublished\":\"2023-05-17T14:45:20+00:00\",\"dateModified\":\"2025-09-04T09:37:05+00:00\",\"description\":\"Pour perdre quelques kilos, autant un br\\u00fbleur de graisse efficace qu'un coupe-faim naturel vous aideront \\u00e0 br\\u00fbler plus de graisses\",\"breadcrumb\":{\"@id\":\"https:\/\/www.fitadium.com\/conseils\/bruleur-graisse\/coupe-faim-bruleur-graisse\/#breadcrumb\"},\"inLanguage\":\"fr-FR\",\"potentialAction\":[{\"@type\":\"ReadAction\",\"target\":[\"https:\/\/www.fitadium.com\/conseils\/bruleur-graisse\/coupe-faim-bruleur-graisse\/\"]}]},{\"@type\":\"BreadcrumbList\",\"@id\":\"https:\/\/www.fitadium.com\/conseils\/bruleur-graisse\/coupe-faim-bruleur-graisse\/#breadcrumb\",\"itemListElement\":[{\"@type\":\"ListItem\",\"position\":1,\"name\":\"Home\",\"item\":\"https:\/\/www.fitadium.com\/conseils\/\"},{\"@type\":\"ListItem\",\"position\":2,\"name\":\"Comment bien choisir un br\\u00fbleur de graisse ?\",\"item\":\"https:\/\/www.fitadium.com\/conseils\/bruleur-graisse\/\"},{\"@type\":\"ListItem\",\"position\":3,\"name\":\"Coupe-faim et bruleur de graisse : l&rsquo;association id\\u00e9ale pour la perte de poids\\u00a0\"}]}]}<\/script>\n<!-- \/ Yoast SEO plugin. -->","yoast_head_json":{"title":"L'association coupe faim et bruleur de graisse","description":"Pour perdre quelques kilos, autant un br\u00fbleur de graisse efficace qu'un coupe-faim naturel vous aideront \u00e0 br\u00fbler plus de graisses","robots":{"index":"index","follow":"follow","max-snippet":"max-snippet:-1","max-image-preview":"max-image-preview:large","max-video-preview":"max-video-preview:-1"},"canonical":"https:\/\/www.fitadium.com\/conseils\/bruleur-graisse\/coupe-faim-bruleur-graisse\/","og_locale":"fr_FR","og_type":"article","og_title":"L'association coupe faim et bruleur de graisse","og_description":"Pour perdre quelques kilos, autant un br\u00fbleur de graisse efficace qu'un coupe-faim naturel vous aideront \u00e0 br\u00fbler plus de graisses","og_url":"https:\/\/www.fitadium.com\/conseils\/bruleur-graisse\/coupe-faim-bruleur-graisse\/","og_site_name":"Fitadium","article_publisher":"https:\/\/www.facebook.com\/fitadium.musculation","article_modified_time":"2025-09-04T09:37:05+00:00","og_image":[{"width":995,"height":500,"url":"https:\/\/www.fitadium.com\/conseils\/wp-content\/uploads\/2023\/05\/association-bruleur-de-graisse-et-coupe-faim.jpg","path":"\/home\/www\/fitadium\/www\/conseils\/wp-content\/uploads\/2023\/05\/association-bruleur-de-graisse-et-coupe-faim.jpg","size":"full","id":57502,"alt":"associer coupe faim et bruleur de graisse","pixels":497500,"type":"image\/jpeg"}],"schema":{"@context":"https:\/\/schema.org","@graph":[{"@type":"Organization","@id":"https:\/\/www.fitadium.com\/conseils\/#organization","name":"FITADIUM","url":"https:\/\/www.fitadium.com\/conseils\/","sameAs":["https:\/\/www.facebook.com\/fitadium.musculation"],"logo":{"@type":"ImageObject","@id":"https:\/\/www.fitadium.com\/conseils\/#logo","inLanguage":"fr-FR","url":"https:\/\/www.fitadium.com\/conseils\/wp-content\/uploads\/2013\/08\/mobypicture.jpg","contentUrl":"https:\/\/www.fitadium.com\/conseils\/wp-content\/uploads\/2013\/08\/mobypicture.jpg","width":510,"height":600,"caption":"FITADIUM"},"image":{"@id":"https:\/\/www.fitadium.com\/conseils\/#logo"}},{"@type":"WebSite","@id":"https:\/\/www.fitadium.com\/conseils\/#website","url":"https:\/\/www.fitadium.com\/conseils\/","name":"Fitadium","description":"Toute l&#039;actualit\u00e9 de la musculation et du fitness","publisher":{"@id":"https:\/\/www.fitadium.com\/conseils\/#organization"},"potentialAction":[{"@type":"SearchAction","target":{"@type":"EntryPoint","urlTemplate":"https:\/\/www.fitadium.com\/conseils\/?s={search_term_string}"},"query-input":"required name=search_term_string"}],"inLanguage":"fr-FR"},{"@type":"ImageObject","@id":"https:\/\/www.fitadium.com\/conseils\/bruleur-graisse\/coupe-faim-bruleur-graisse\/#primaryimage","inLanguage":"fr-FR","url":"https:\/\/www.fitadium.com\/conseils\/wp-content\/uploads\/2023\/05\/association-bruleur-de-graisse-et-coupe-faim.jpg","contentUrl":"https:\/\/www.fitadium.com\/conseils\/wp-content\/uploads\/2023\/05\/association-bruleur-de-graisse-et-coupe-faim.jpg","width":995,"height":500,"caption":"associer coupe faim et bruleur de graisse"},{"@type":"WebPage","@id":"https:\/\/www.fitadium.com\/conseils\/bruleur-graisse\/coupe-faim-bruleur-graisse\/#webpage","url":"https:\/\/www.fitadium.com\/conseils\/bruleur-graisse\/coupe-faim-bruleur-graisse\/","name":"L'association coupe faim et bruleur de graisse","isPartOf":{"@id":"https:\/\/www.fitadium.com\/conseils\/#website"},"primaryImageOfPage":{"@id":"https:\/\/www.fitadium.com\/conseils\/bruleur-graisse\/coupe-faim-bruleur-graisse\/#primaryimage"},"datePublished":"2023-05-17T14:45:20+00:00","dateModified":"2025-09-04T09:37:05+00:00","description":"Pour perdre quelques kilos, autant un br\u00fbleur de graisse efficace qu'un coupe-faim naturel vous aideront \u00e0 br\u00fbler plus de graisses","breadcrumb":{"@id":"https:\/\/www.fitadium.com\/conseils\/bruleur-graisse\/coupe-faim-bruleur-graisse\/#breadcrumb"},"inLanguage":"fr-FR","potentialAction":[{"@type":"ReadAction","target":["https:\/\/www.fitadium.com\/conseils\/bruleur-graisse\/coupe-faim-bruleur-graisse\/"]}]},{"@type":"BreadcrumbList","@id":"https:\/\/www.fitadium.com\/conseils\/bruleur-graisse\/coupe-faim-bruleur-graisse\/#breadcrumb","itemListElement":[{"@type":"ListItem","position":1,"name":"Home","item":"https:\/\/www.fitadium.com\/conseils\/"},{"@type":"ListItem","position":2,"name":"Comment bien choisir un br\u00fbleur de graisse ?","item":"https:\/\/www.fitadium.com\/conseils\/bruleur-graisse\/"},{"@type":"ListItem","position":3,"name":"Coupe-faim et bruleur de graisse : l&rsquo;association id\u00e9ale pour la perte de poids\u00a0"}]}]}},"featured_image_src":"https:\/\/www.fitadium.com\/conseils\/wp-content\/uploads\/2023\/05\/association-bruleur-de-graisse-et-coupe-faim-600x400.jpg","featured_image_src_square":"https:\/\/www.fitadium.com\/conseils\/wp-content\/uploads\/2023\/05\/association-bruleur-de-graisse-et-coupe-faim-600x500.jpg","_links":{"self":[{"href":"https:\/\/www.fitadium.com\/conseils\/wp-json\/wp\/v2\/pages\/57501","targetHints":{"allow":["GET"]}}],"collection":[{"href":"https:\/\/www.fitadium.com\/conseils\/wp-json\/wp\/v2\/pages"}],"about":[{"href":"https:\/\/www.fitadium.com\/conseils\/wp-json\/wp\/v2\/types\/page"}],"author":[{"embeddable":true,"href":"https:\/\/www.fitadium.com\/conseils\/wp-json\/wp\/v2\/users\/23"}],"replies":[{"embeddable":true,"href":"https:\/\/www.fitadium.com\/conseils\/wp-json\/wp\/v2\/comments?post=57501"}],"version-history":[{"count":13,"href":"https:\/\/www.fitadium.com\/conseils\/wp-json\/wp\/v2\/pages\/57501\/revisions"}],"predecessor-version":[{"id":60728,"href":"https:\/\/www.fitadium.com\/conseils\/wp-json\/wp\/v2\/pages\/57501\/revisions\/60728"}],"up":[{"embeddable":true,"href":"https:\/\/www.fitadium.com\/conseils\/wp-json\/wp\/v2\/pages\/54163"}],"wp:featuredmedia":[{"embeddable":true,"href":"https:\/\/www.fitadium.com\/conseils\/wp-json\/wp\/v2\/media\/57502"}],"wp:attachment":[{"href":"https:\/\/www.fitadium.com\/conseils\/wp-json\/wp\/v2\/media?parent=57501"}],"curies":[{"name":"wp","href":"https:\/\/api.w.org\/{rel}","templated":true}]}}