{"id":58463,"date":"2024-01-30T18:23:40","date_gmt":"2024-01-30T17:23:40","guid":{"rendered":"https:\/\/www.fitadium.com\/conseils\/?page_id=58463"},"modified":"2024-06-11T11:32:35","modified_gmt":"2024-06-11T09:32:35","slug":"beta-alanine","status":"publish","type":"page","link":"https:\/\/www.fitadium.com\/conseils\/acides-amines\/beta-alanine\/","title":{"rendered":"L&rsquo;acide amin\u00e9 b\u00eata alanine"},"content":{"rendered":"\n<p>La <a href=\"https:\/\/www.fitadium.com\/614-beta-alanine\">b\u00eata-alanine<\/a> est un ingr\u00e9dient phare des pre-workouts. Et pour cause, la b\u00eata-alanine a su d\u00e9montrer un <strong>r\u00e9el int\u00e9r\u00eat dans l&rsquo;augmentation\/le maintien des performances sportives<\/strong>, gr\u00e2ce \u00e0 son r\u00f4le indirect dans <strong>l&rsquo;endiguement de l&rsquo;acidit\u00e9 musculaire<\/strong>.<\/p>\n\n\n\n<p>On vous propose d&rsquo;en savoir plus autour de cet <a href=\"https:\/\/www.fitadium.com\/3-bcaa-acides-amines-essentiels\">acide amin\u00e9<\/a>, ses bienfaits en musculation et nos conseils de posologie pour bien en tirer parti pour l&rsquo;am\u00e9lioration des performances.<br><\/p>\n\n\n\n<h2 id=\"def\">Qu&rsquo;est-ce que l&rsquo;acide amin\u00e9 b\u00eata-alanine ?&nbsp;<\/h2>\n\n\n\n<p>Synth\u00e9tis\u00e9e par l&rsquo;organisme humain, notamment dans le foie, la b\u00eata-alanine est\u00a0<strong>un acide amin\u00e9 non essentiel et non prot\u00e9inog\u00e8ne<\/strong>, ne jouant aucun r\u00f4le dans la synth\u00e8se des prot\u00e9ines. Elle est naturellement pr\u00e9sente dans l&rsquo;alimentation, surtout animale : la viande, le poisson, les \u0153ufs et les produits laitiers en sont les sources principales.<\/p>\n\n\n\n<blockquote class=\"wp-block-quote\"><p>Mais s&rsquo;il existe effectivement plusieurs sources de b\u00eata-alanine, leur consommation doit \u00eatre \u00e9lev\u00e9e afin d&rsquo;esp\u00e9rer atteindre les recommandations qui m\u00e8nent \u00e0 ses b\u00e9n\u00e9fices.&nbsp;<\/p><\/blockquote>\n\n\n\n<p>Ces derniers sont directement li\u00e9s \u00e0&nbsp;<strong>son r\u00f4le dans la synth\u00e8se de la carnosine<\/strong>, qui joue elle-m\u00eame<strong> un r\u00f4le cl\u00e9 en mati\u00e8re de r\u00e9gulation de l\u2019acidit\u00e9 musculaire<\/strong>.<\/p>\n\n\n\n<p>D&rsquo;o\u00f9 le fait que son utilisation sous forme de compl\u00e9ments alimentaires, notamment de <strong><a href=\"https:\/\/www.fitadium.com\/8-preworkout\">pre-workouts<\/a><\/strong>, se soit largement d\u00e9mocratis\u00e9e aupr\u00e8s des amateurs de fitness, musculation et sports de force.\u00a0<br><\/p>\n\n\n\n<h2 id=\"roles\">B\u00eata-alanine, L-histidine et carnosine : quels r\u00f4les dans le corps ?<\/h2>\n\n\n\n<p>En collaboration avec la <a href=\"https:\/\/www.fitadium.com\/conseils\/acides-amines\/histidine\/\">L-histidine<\/a> (un autre acide amin\u00e9), la b\u00eata-alanine joue un r\u00f4le dans&nbsp;<strong>la production de la carnosine<\/strong>, un dipeptide au r\u00f4le de tampon intracellulaire aupr\u00e8s des ions responsables de l&rsquo;augmentation de l&rsquo;acidit\u00e9 musculaire : les ions H+.&nbsp;<\/p>\n\n\n\n<p>Ces ions H+ sont produits par le lactate, lui-m\u00eame issu de l&rsquo;acide lactique g\u00e9n\u00e9r\u00e9 par la d\u00e9gradation du glucose (utilis\u00e9 comme source d&rsquo;\u00e9nergie pendant l&rsquo;effort). Une fois dans les muscles, ces ions H+ ont la capacit\u00e9 de r\u00e9duire le pH, les rendant plus \u00ab\u00a0acides\u00a0\u00bb.<br><\/p>\n\n\n\n<h3>R\u00e9duire la l&rsquo;acidit\u00e9 musculaire pour plus de performance&nbsp;<\/h3>\n\n\n\n<p>Augmenter la pr\u00e9sence de b\u00eata-alanine dans l&rsquo;organisme \u00e9l\u00e8ve les niveaux intracellulaires de carnosine qui, en limitant la pr\u00e9sence des ions H+ au sein des cellulaires musculaires (qui, par ailleurs, en contiennent naturellement), <strong>r\u00e9duira l&rsquo;augmentation de l&rsquo;acidit\u00e9 musculaire<\/strong>.&nbsp;<\/p>\n\n\n\n<p>Et quand on sait que l&rsquo;augmentation de l&rsquo;acidit\u00e9 musculaire se manifeste par une <strong>sensation de br\u00fblure musculaire <\/strong>lors d&rsquo;efforts courts et intenses, elle-m\u00eame responsable d&rsquo;une diminution de la performance physique : pas \u00e9tonnant que la b\u00eata-alanine soit tr\u00e8s populaire en musculation.<br><\/p>\n\n\n\n<h2 id=\"muscu\">Quels sont les bienfaits de la b\u00eata-alanine en musculation ?<\/h2>\n\n\n\n<p>\u00c9lever les <strong>niveaux intracellulaires de carnosine <\/strong>via la consommation de la b\u00eata-alanine am\u00e9liore les performances en limitant justement leur diminution, g\u00e9n\u00e9ralement li\u00e9e \u00e0 l&rsquo;augmentation de l&rsquo;acidit\u00e9 musculaire.&nbsp;<\/p>\n\n\n\n<p>C&rsquo;est donc via son r\u00f4le dans la production de la carnosine que la b\u00eata-alanine (en collaboration avec la L-histidine) s&rsquo;av\u00e8re b\u00e9n\u00e9fique en musculation. Par ce bais, la b\u00eata-alanine :&nbsp;<\/p>\n\n\n\n<ul><li><strong>am\u00e9liore les performances<\/strong> lors d&rsquo;efforts courts et intenses<\/li><li>am\u00e9liore l<strong>a r\u00e9cup\u00e9ration entre les exercices<\/strong>, en r\u00e9duisant la fatigue musculaire<\/li><li>am\u00e9liore <strong>la r\u00e9cup\u00e9ration post-exercice<\/strong>, en r\u00e9duisant l&rsquo;accumulation d&rsquo;acide lactique g\u00e9n\u00e9r\u00e9 par une s\u00e9ance<\/li><li>\u00e0<strong> une action antioxydante<\/strong>, en neutralisant les radicaux libres (permettant \u00e9galement une meilleure r\u00e9cup\u00e9ration)<\/li><\/ul>\n\n\n\n<p>De mani\u00e8re g\u00e9n\u00e9rale, la b\u00eata-alanine aide \u00e0 aller un peu plus loin dans l&rsquo;effort en limitant l&rsquo;effet de l&rsquo;acidit\u00e9 musculaire. Et qui dit plus d&rsquo;intensit\u00e9, dit aussi plus de r\u00e9sultats en mati\u00e8re de <strong>prise de masse musculaire<\/strong>.<br><\/p>\n\n\n\n<h2 id=\"comment\">Comment prendre de la b\u00eata-alanine en compl\u00e9ment alimentaire ?<\/h2>\n\n\n\n<p>La b\u00eata-alanine existe sous forme isol\u00e9e (g\u00e9lules et poudre), ou s&rsquo;immisce dans la formule de compl\u00e9ments alimentaires comme <strong>les pre-workouts<\/strong>.&nbsp;<\/p>\n\n\n<div class=\"columns-push-product\">\n  <div class=\"columns-push-product__body\">\n    \n\n<p class=\"has-large-font-size\"><\/p>\n\n\n  <\/div>\n  <div class=\"columns-push-product__product\">\n    <div class=\"product\" GTM-data-id=\"3587\" GTM-data-nom=\"B\u00eata-alanine (300g)\">\n  <div class=\"product__img\" style=\"width: -webkit-fill-available;\">\n    <a href=\"https:\/\/www.fitadium.com\/3587-beta-alanine-300g.html\" class=\"product__image_lnk GTM_blog_product\" >\n      <img src=\"https:\/\/www.fitadium.com\/11427-fit_540\/beta-alanine-300g.jpg\" alt=\"\" class=\"product__image lazyload\">\n    <\/a>\n  <\/div>\n  <div class=\"product__body\">\n        <div class=\"product__brand\">Biotech USA<\/div>\n    <a class=\"product__name GTM_blog_product\" href=\"https:\/\/www.fitadium.com\/3587-beta-alanine-300g.html\" title=\"B\u00eata-alanine (300g)\">\n      B\u00eata-alanine (300g)\n    <\/a>\n          <span class=\"product__price\">25.9 \u20ac<\/span>\n            <div class=\"product__excerpt\">B\u00eata-alanine (300g)\u00a0de Biotech USA est une formule en poudre \u00e0\u2026<\/div>\n            <div><a class=\"product__cta GTM_blog_product\" href=\"https:\/\/www.fitadium.com\/3587-beta-alanine-300g.html\" title=\"B\u00eata-alanine (300g)\">Voir le produit<\/a><\/div>\n  <\/div>\n<\/div>\n  <\/div>\n<\/div>\n\n\n\n<p>En combinaison avec des ingr\u00e9dients impactant les niveaux d&rsquo;\u00e9nergie (caf\u00e9ine, cr\u00e9atine, etc.), la b\u00eata-alanine est un ingr\u00e9dient souvent pr\u00e9sent dans <strong>les formules des pre-workouts<\/strong>, qui permettent d&rsquo;atteindre une <strong>nouvelle intensit\u00e9 lors de l&rsquo;effort<\/strong>, mais aussi de la conserver plus longtemps.&nbsp;<\/p>\n\n\n<div class=\"columns-push-product\">\n  <div class=\"columns-push-product__body\">\n    \n\n<p class=\"has-large-font-size\"><\/p>\n\n\n  <\/div>\n  <div class=\"columns-push-product__product\">\n    <div class=\"product\" GTM-data-id=\"1646\" GTM-data-nom=\"NO PUMP XTREME (420g)\">\n  <div class=\"product__img\" style=\"width: -webkit-fill-available;\">\n    <a href=\"https:\/\/www.fitadium.com\/1646-no-pump-xtreme-420g.html#\/925-gout-mojito\" class=\"product__image_lnk GTM_blog_product\" >\n      <img src=\"https:\/\/www.fitadium.com\/32288-fit_540\/no-pump-xtreme-420g.jpg\" alt=\"\" class=\"product__image lazyload\">\n    <\/a>\n  <\/div>\n  <div class=\"product__body\">\n        <div class=\"product__brand\">Superset Nutrition<\/div>\n    <a class=\"product__name GTM_blog_product\" href=\"https:\/\/www.fitadium.com\/1646-no-pump-xtreme-420g.html#\/925-gout-mojito\" title=\"NO PUMP XTREME (420g)\">\n      NO PUMP XTREME (420g)\n    <\/a>\n          <span class=\"product__price\">39.9 \u20ac<\/span>\n            <div class=\"product__excerpt\">Propulse tes performances avec le NO PUMP XTREME (420GR) Ressens\u2026<\/div>\n            <div><a class=\"product__cta GTM_blog_product\" href=\"https:\/\/www.fitadium.com\/1646-no-pump-xtreme-420g.html#\/925-gout-mojito\" title=\"NO PUMP XTREME (420g)\">Voir le produit<\/a><\/div>\n  <\/div>\n<\/div>\n  <\/div>\n<\/div>\n\n\n\n<p>N\u00e9anmoins, si l&rsquo;acidit\u00e9 musculaire constitue la cause principale de performances plus faibles, prendre de la b\u00eata-alanine de mani\u00e8re isol\u00e9e aide \u00e0 focaliser la compl\u00e9mentation sur un \u00e9l\u00e9ment qui <strong>r\u00e9duit les effets de l&rsquo;acidit\u00e9<\/strong>.&nbsp;<br><\/p>\n\n\n\n<h3>Quand prendre de la b\u00eata-alanine et sur quelle dur\u00e9e ?&nbsp;<\/h3>\n\n\n\n<p>Afin de profiter pleinement de ses b\u00e9n\u00e9fices, c&rsquo;est avec <strong>une dose un peu avant (30 minutes) <\/strong>voire pendant l&rsquo;effort que la b\u00eata-alanine doit \u00eatre utilis\u00e9e.&nbsp;<\/p>\n\n\n\n<p>Mais il est important de rappeler que les b\u00e9n\u00e9fices de la b\u00eata-alanine sont principalement li\u00e9s \u00e0 son r\u00f4le dans<strong> l&rsquo;\u00e9l\u00e9vation des niveaux intracellulaires de carnosine<\/strong>, et on estime qu\u2019une p\u00e9riode de <strong>14 jours minimum<\/strong> est requise avant que la suppl\u00e9mentation en b\u00eata-alanine ne commence \u00e0 avoir un effet notoire sur <strong>l\u2019augmentation des taux de carnosine<\/strong>.<\/p>\n\n\n\n<p>Autrement dit, la r\u00e9gularit\u00e9 sera \u00e9galement essentielle \u00e0 l\u2019obtention de b\u00e9n\u00e9fices r\u00e9els.<br><\/p>\n\n\n\n<h3>Quelle quantit\u00e9 de de b\u00eata-alanine prendre par jour ?<\/h3>\n\n\n\n<p>En r\u00e8gle g\u00e9n\u00e9rale, la b\u00eata-alanine doit faire l\u2019objet d\u2019une consommation de l\u2019ordre de <strong>3 \u00e0 5 g par jour<\/strong>, afin d\u2019optimiser les r\u00e9sultats.<\/p>\n\n\n\n<p>L\u2019impl\u00e9mentation d\u2019une <strong>phase de charge<\/strong> peut n\u00e9anmoins s\u2019av\u00e9rer utile dans le cas o\u00f9 la b\u00eata-alanine int\u00e9grerait votre plan nutritionnel pour la premi\u00e8re fois, en vous aidant \u00e0 vous rapprocher plus rapidement du moment o\u00f9 les premiers effets seront per\u00e7us.<\/p>\n\n\n\n<p>Dans ce cas, la m\u00e9thode id\u00e9ale consiste \u00e0 <strong>consommer 6 \u00e0 10 g de b\u00eata-alanine par jour<\/strong>, sur une p\u00e9riode de <strong>2 semaines maximum<\/strong>, pour ensuite stabiliser la suppl\u00e9mentation avec une prise autour de&nbsp;<strong>3 \u00e0 5 g par jour<\/strong>.&nbsp;<br><\/p>\n\n\n\n<h3>La suppl\u00e9mentation en b\u00eata-alanine pr\u00e9sente-t-elle un danger ou des effets secondaires ?&nbsp;<\/h3>\n\n\n\n<h4>Un acide amin\u00e9 sans danger<\/h4>\n\n\n\n<p>Avant tout, rappelons que la b\u00eata-alanine est <strong>naturellement synth\u00e9tis\u00e9e par l&rsquo;organisme<\/strong>, signifiant que son existence m\u00eame ne comporte aucun danger.&nbsp;<br><\/p>\n\n\n\n<h4>Sensation de picotement : r\u00e9duire la dose<\/h4>\n\n\n\n<p>La suppl\u00e9mentation en b\u00eata-alanine, en augmentant consid\u00e9rablement sa pr\u00e9sence au sein de l&rsquo;organisme, peut n\u00e9anmoins provoquer <strong>des effets secondaires mineurs<\/strong>, dont une <strong>sensation de picotement <\/strong>(on parle de \u00ab\u00a0paresth\u00e9sie\u00a0\u00bb) au niveau du visage, des mains et des pieds.<\/p>\n\n\n\n<p>Cet effet s&rsquo;estompe de lui-m\u00eame apr\u00e8s quelques minutes, et c&rsquo;est aussi un gage de l&rsquo;action de la b\u00eata-alanine.<\/p>\n\n\n\n<p>Dans le cas o\u00f9 vous souhaiteriez r\u00e9duire\/\u00e9viter l&rsquo;apparition de cet effet, il est recommand\u00e9 de <strong>prendre de petites doses et de mani\u00e8re r\u00e9guli\u00e8re<\/strong>.<br><\/p>\n\n\n\n<h2 id=\"recap\">\u00c0 retenir :<\/h2>\n\n\n\n<ul><li>La b\u00eata-alanine est un <strong>pr\u00e9curseur de la carnosine<\/strong>, un acide amin\u00e9 qui, par son r\u00f4le de tampon, limite la pr\u00e9sence des ions H+ au sein des cellulaires musculaires, ions g\u00e9n\u00e9r\u00e9s en quantit\u00e9 lors d&rsquo;un effort intense.<\/li><li>En limitant cette pr\u00e9sence, la b\u00eata-alanine (via la carnosine donc) <strong>r\u00e9duit l&rsquo;acidit\u00e9 musculaire<\/strong> et, in fine, am\u00e9liore les performances lors d&rsquo;exercices courts et de haute intensit\u00e9, am\u00e9liore la r\u00e9cup\u00e9ration entre les exercices ainsi qu&rsquo;apr\u00e8s une s\u00e9ance, et poss\u00e8de un effet antioxydant.<\/li><li>Afin de profiter des b\u00e9n\u00e9fices de la b\u00eata-alanine, <strong>une prise de 3 \u00e0 5 g par jour<\/strong> est conseill\u00e9e. Une <strong>p\u00e9riode de charge<\/strong> pourrait cependant h\u00e2ter l&rsquo;apparition de ces b\u00e9n\u00e9fices : dans ce cas il est recommand\u00e9 de consommer 6 \u00e0 10 g de b\u00eata-alanine par jour, sur une p\u00e9riode de 2 semaines maximum.<\/li><li>Si des sensations de <strong>picotements<\/strong> se font sentir : il est recommand\u00e9 de <strong>r\u00e9duire les doses<\/strong>, tout en conservant une certaine r\u00e9gularit\u00e9.&nbsp;<\/li><\/ul>\n","protected":false},"excerpt":{"rendered":"<p>La b\u00eata-alanine est un ingr\u00e9dient phare des pre-workouts. Et pour cause, la b\u00eata-alanine a su d\u00e9montrer un r\u00e9el int\u00e9r\u00eat dans l&rsquo;augmentation\/le maintien des performances sportives, gr\u00e2ce \u00e0 son r\u00f4le indirect dans l&rsquo;endiguement de l&rsquo;acidit\u00e9 musculaire. On vous propose d&rsquo;en savoir plus autour de cet acide amin\u00e9, ses bienfaits en musculation et nos conseils de posologie [&hellip;]<\/p>\n","protected":false},"author":30,"featured_media":0,"parent":58455,"menu_order":0,"comment_status":"closed","ping_status":"closed","template":"template-cocon.php","meta":[],"yoast_head":"<!-- This site is optimized with the Yoast SEO plugin v17.1 - https:\/\/yoast.com\/wordpress\/plugins\/seo\/ -->\n<title>La b\u00eata-alanine : tampon \u00e0 l&#039;acidit\u00e9 musculaire<\/title>\n<meta name=\"description\" content=\"La b\u00eata-alanine est un ingr\u00e9dient phare des pre-workouts. Et pour cause, la b\u00eata-alanine a su d\u00e9montrer un r\u00e9el int\u00e9r\u00eat dans l&#039;augmentation\/le maintien\" \/>\n<meta name=\"robots\" content=\"index, follow, max-snippet:-1, max-image-preview:large, max-video-preview:-1\" \/>\n<link rel=\"canonical\" href=\"https:\/\/www.fitadium.com\/conseils\/acides-amines\/beta-alanine\/\" \/>\n<meta property=\"og:locale\" content=\"fr_FR\" \/>\n<meta property=\"og:type\" content=\"article\" \/>\n<meta property=\"og:title\" content=\"La b\u00eata-alanine : tampon \u00e0 l&#039;acidit\u00e9 musculaire\" \/>\n<meta property=\"og:description\" content=\"La b\u00eata-alanine est un ingr\u00e9dient phare des pre-workouts. Et pour cause, la b\u00eata-alanine a su d\u00e9montrer un r\u00e9el int\u00e9r\u00eat dans l&#039;augmentation\/le maintien\" \/>\n<meta property=\"og:url\" content=\"https:\/\/www.fitadium.com\/conseils\/acides-amines\/beta-alanine\/\" \/>\n<meta property=\"og:site_name\" content=\"Fitadium\" \/>\n<meta property=\"article:publisher\" content=\"https:\/\/www.facebook.com\/fitadium.musculation\" \/>\n<meta property=\"article:modified_time\" content=\"2024-06-11T09:32:35+00:00\" \/>\n<meta property=\"og:image\" content=\"https:\/\/www.fitadium.com\/conseils\/wp-content\/uploads\/2020\/05\/100949611_249536676267297_6848748714129861639_n.jpg\" \/>\n\t<meta property=\"og:image:width\" content=\"1080\" \/>\n\t<meta property=\"og:image:height\" content=\"1080\" \/>\n<script type=\"application\/ld+json\" class=\"yoast-schema-graph\">{\"@context\":\"https:\/\/schema.org\",\"@graph\":[{\"@type\":\"Organization\",\"@id\":\"https:\/\/www.fitadium.com\/conseils\/#organization\",\"name\":\"FITADIUM\",\"url\":\"https:\/\/www.fitadium.com\/conseils\/\",\"sameAs\":[\"https:\/\/www.facebook.com\/fitadium.musculation\"],\"logo\":{\"@type\":\"ImageObject\",\"@id\":\"https:\/\/www.fitadium.com\/conseils\/#logo\",\"inLanguage\":\"fr-FR\",\"url\":\"https:\/\/www.fitadium.com\/conseils\/wp-content\/uploads\/2013\/08\/mobypicture.jpg\",\"contentUrl\":\"https:\/\/www.fitadium.com\/conseils\/wp-content\/uploads\/2013\/08\/mobypicture.jpg\",\"width\":510,\"height\":600,\"caption\":\"FITADIUM\"},\"image\":{\"@id\":\"https:\/\/www.fitadium.com\/conseils\/#logo\"}},{\"@type\":\"WebSite\",\"@id\":\"https:\/\/www.fitadium.com\/conseils\/#website\",\"url\":\"https:\/\/www.fitadium.com\/conseils\/\",\"name\":\"Fitadium\",\"description\":\"Toute l&#039;actualit\\u00e9 de la musculation et du fitness\",\"publisher\":{\"@id\":\"https:\/\/www.fitadium.com\/conseils\/#organization\"},\"potentialAction\":[{\"@type\":\"SearchAction\",\"target\":{\"@type\":\"EntryPoint\",\"urlTemplate\":\"https:\/\/www.fitadium.com\/conseils\/?s={search_term_string}\"},\"query-input\":\"required name=search_term_string\"}],\"inLanguage\":\"fr-FR\"},{\"@type\":\"WebPage\",\"@id\":\"https:\/\/www.fitadium.com\/conseils\/acides-amines\/beta-alanine\/#webpage\",\"url\":\"https:\/\/www.fitadium.com\/conseils\/acides-amines\/beta-alanine\/\",\"name\":\"La b\\u00eata-alanine : tampon \\u00e0 l'acidit\\u00e9 musculaire\",\"isPartOf\":{\"@id\":\"https:\/\/www.fitadium.com\/conseils\/#website\"},\"datePublished\":\"2024-01-30T17:23:40+00:00\",\"dateModified\":\"2024-06-11T09:32:35+00:00\",\"description\":\"La b\\u00eata-alanine est un ingr\\u00e9dient phare des pre-workouts. Et pour cause, la b\\u00eata-alanine a su d\\u00e9montrer un r\\u00e9el int\\u00e9r\\u00eat dans l'augmentation\/le maintien\",\"breadcrumb\":{\"@id\":\"https:\/\/www.fitadium.com\/conseils\/acides-amines\/beta-alanine\/#breadcrumb\"},\"inLanguage\":\"fr-FR\",\"potentialAction\":[{\"@type\":\"ReadAction\",\"target\":[\"https:\/\/www.fitadium.com\/conseils\/acides-amines\/beta-alanine\/\"]}]},{\"@type\":\"BreadcrumbList\",\"@id\":\"https:\/\/www.fitadium.com\/conseils\/acides-amines\/beta-alanine\/#breadcrumb\",\"itemListElement\":[{\"@type\":\"ListItem\",\"position\":1,\"name\":\"Home\",\"item\":\"https:\/\/www.fitadium.com\/conseils\/\"},{\"@type\":\"ListItem\",\"position\":2,\"name\":\"Les acides amin\\u00e9s en musculation\",\"item\":\"https:\/\/www.fitadium.com\/conseils\/acides-amines\/\"},{\"@type\":\"ListItem\",\"position\":3,\"name\":\"L&rsquo;acide amin\\u00e9 b\\u00eata alanine\"}]}]}<\/script>\n<!-- \/ Yoast SEO plugin. -->","yoast_head_json":{"title":"La b\u00eata-alanine : tampon \u00e0 l'acidit\u00e9 musculaire","description":"La b\u00eata-alanine est un ingr\u00e9dient phare des pre-workouts. Et pour cause, la b\u00eata-alanine a su d\u00e9montrer un r\u00e9el int\u00e9r\u00eat dans l'augmentation\/le maintien","robots":{"index":"index","follow":"follow","max-snippet":"max-snippet:-1","max-image-preview":"max-image-preview:large","max-video-preview":"max-video-preview:-1"},"canonical":"https:\/\/www.fitadium.com\/conseils\/acides-amines\/beta-alanine\/","og_locale":"fr_FR","og_type":"article","og_title":"La b\u00eata-alanine : tampon \u00e0 l'acidit\u00e9 musculaire","og_description":"La b\u00eata-alanine est un ingr\u00e9dient phare des pre-workouts. Et pour cause, la b\u00eata-alanine a su d\u00e9montrer un r\u00e9el int\u00e9r\u00eat dans l'augmentation\/le maintien","og_url":"https:\/\/www.fitadium.com\/conseils\/acides-amines\/beta-alanine\/","og_site_name":"Fitadium","article_publisher":"https:\/\/www.facebook.com\/fitadium.musculation","article_modified_time":"2024-06-11T09:32:35+00:00","og_image":[{"width":1080,"height":1080,"url":"https:\/\/www.fitadium.com\/conseils\/wp-content\/uploads\/2020\/05\/100949611_249536676267297_6848748714129861639_n.jpg","path":"\/home\/www\/fitadium\/www\/conseils\/wp-content\/uploads\/2020\/05\/100949611_249536676267297_6848748714129861639_n.jpg","size":"full","id":47394,"alt":"","pixels":1166400,"type":"image\/jpeg"}],"schema":{"@context":"https:\/\/schema.org","@graph":[{"@type":"Organization","@id":"https:\/\/www.fitadium.com\/conseils\/#organization","name":"FITADIUM","url":"https:\/\/www.fitadium.com\/conseils\/","sameAs":["https:\/\/www.facebook.com\/fitadium.musculation"],"logo":{"@type":"ImageObject","@id":"https:\/\/www.fitadium.com\/conseils\/#logo","inLanguage":"fr-FR","url":"https:\/\/www.fitadium.com\/conseils\/wp-content\/uploads\/2013\/08\/mobypicture.jpg","contentUrl":"https:\/\/www.fitadium.com\/conseils\/wp-content\/uploads\/2013\/08\/mobypicture.jpg","width":510,"height":600,"caption":"FITADIUM"},"image":{"@id":"https:\/\/www.fitadium.com\/conseils\/#logo"}},{"@type":"WebSite","@id":"https:\/\/www.fitadium.com\/conseils\/#website","url":"https:\/\/www.fitadium.com\/conseils\/","name":"Fitadium","description":"Toute l&#039;actualit\u00e9 de la musculation et du fitness","publisher":{"@id":"https:\/\/www.fitadium.com\/conseils\/#organization"},"potentialAction":[{"@type":"SearchAction","target":{"@type":"EntryPoint","urlTemplate":"https:\/\/www.fitadium.com\/conseils\/?s={search_term_string}"},"query-input":"required name=search_term_string"}],"inLanguage":"fr-FR"},{"@type":"WebPage","@id":"https:\/\/www.fitadium.com\/conseils\/acides-amines\/beta-alanine\/#webpage","url":"https:\/\/www.fitadium.com\/conseils\/acides-amines\/beta-alanine\/","name":"La b\u00eata-alanine : tampon \u00e0 l'acidit\u00e9 musculaire","isPartOf":{"@id":"https:\/\/www.fitadium.com\/conseils\/#website"},"datePublished":"2024-01-30T17:23:40+00:00","dateModified":"2024-06-11T09:32:35+00:00","description":"La b\u00eata-alanine est un ingr\u00e9dient phare des pre-workouts. Et pour cause, la b\u00eata-alanine a su d\u00e9montrer un r\u00e9el int\u00e9r\u00eat dans l'augmentation\/le maintien","breadcrumb":{"@id":"https:\/\/www.fitadium.com\/conseils\/acides-amines\/beta-alanine\/#breadcrumb"},"inLanguage":"fr-FR","potentialAction":[{"@type":"ReadAction","target":["https:\/\/www.fitadium.com\/conseils\/acides-amines\/beta-alanine\/"]}]},{"@type":"BreadcrumbList","@id":"https:\/\/www.fitadium.com\/conseils\/acides-amines\/beta-alanine\/#breadcrumb","itemListElement":[{"@type":"ListItem","position":1,"name":"Home","item":"https:\/\/www.fitadium.com\/conseils\/"},{"@type":"ListItem","position":2,"name":"Les acides amin\u00e9s en musculation","item":"https:\/\/www.fitadium.com\/conseils\/acides-amines\/"},{"@type":"ListItem","position":3,"name":"L&rsquo;acide amin\u00e9 b\u00eata alanine"}]}]}},"featured_image_src":null,"featured_image_src_square":null,"_links":{"self":[{"href":"https:\/\/www.fitadium.com\/conseils\/wp-json\/wp\/v2\/pages\/58463"}],"collection":[{"href":"https:\/\/www.fitadium.com\/conseils\/wp-json\/wp\/v2\/pages"}],"about":[{"href":"https:\/\/www.fitadium.com\/conseils\/wp-json\/wp\/v2\/types\/page"}],"author":[{"embeddable":true,"href":"https:\/\/www.fitadium.com\/conseils\/wp-json\/wp\/v2\/users\/30"}],"replies":[{"embeddable":true,"href":"https:\/\/www.fitadium.com\/conseils\/wp-json\/wp\/v2\/comments?post=58463"}],"version-history":[{"count":5,"href":"https:\/\/www.fitadium.com\/conseils\/wp-json\/wp\/v2\/pages\/58463\/revisions"}],"predecessor-version":[{"id":59396,"href":"https:\/\/www.fitadium.com\/conseils\/wp-json\/wp\/v2\/pages\/58463\/revisions\/59396"}],"up":[{"embeddable":true,"href":"https:\/\/www.fitadium.com\/conseils\/wp-json\/wp\/v2\/pages\/58455"}],"wp:attachment":[{"href":"https:\/\/www.fitadium.com\/conseils\/wp-json\/wp\/v2\/media?parent=58463"}],"curies":[{"name":"wp","href":"https:\/\/api.w.org\/{rel}","templated":true}]}}