{"id":58545,"date":"2024-02-01T12:58:20","date_gmt":"2024-02-01T11:58:20","guid":{"rendered":"https:\/\/www.fitadium.com\/conseils\/?page_id=58545"},"modified":"2025-09-30T11:51:48","modified_gmt":"2025-09-30T09:51:48","slug":"avant-dormir","status":"publish","type":"page","link":"https:\/\/www.fitadium.com\/conseils\/acides-amines\/bcaa\/avant-dormir\/","title":{"rendered":"Faut-il prendre des BCAA le soir avant de dormir ?\u00a0"},"content":{"rendered":"\n<p>C&rsquo;est parce qu&rsquo;ils assureraient <strong>une continuit\u00e9 dans les apports en acides amin\u00e9s essentiels<\/strong>, notamment ceux impliqu\u00e9s dans la r\u00e9paration des tissus musculaires, que <a href=\"https:\/\/www.fitadium.com\/430-bcaa\">les BCAA<\/a> pourraient avoir <strong>un int\u00e9r\u00eat avant de dormir<\/strong>.<\/p>\n\n\n\n<p>Le sommeil \u00e9tant une<strong> phase cruciale de la r\u00e9cup\u00e9ration<\/strong>, munir l&rsquo;organisme en \u00e9l\u00e9ments dont il aura besoin, en quantit\u00e9s suffisantes, pourrait vous permettre d&rsquo;atteindre plus facilement vos objectifs. Mais encore faut-il que cet apport s&rsquo;inscrive dans une<strong> routine alimentaire bien \u00e9tablie<\/strong>.&nbsp;<br><\/p>\n\n\n\n<h2 class=\"wp-block-heading\" id=\"def\">Les BCAA, qu&rsquo;est-ce que c&rsquo;est ? D\u00e9finition<\/h2>\n\n\n\n<p>Compos\u00e9s de leucine, d\u2019isoleucine et de valine, les BCAA sont des <a href=\"https:\/\/www.fitadium.com\/conseils\/acides-amines\/essentiels\/\"><strong>acides amin\u00e9s qualifi\u00e9s d\u2019essentiels<\/strong><\/a>, l\u2019organisme n\u2019\u00e9tant pas capable de les produire.<\/p>\n\n\n\n<p>Leur succ\u00e8s chez les pratiquants de musculation provient essentiellement de leur implication dans la synth\u00e8se des prot\u00e9ines, alors utilis\u00e9e pour <a href=\"https:\/\/www.fitadium.com\/conseils\/acides-amines\/bcaa\/utilite-musculation\/\">la <strong>r\u00e9paration et le d\u00e9veloppement des fibres musculaires<\/strong><\/a>.<\/p>\n\n\n\n<p>Une utilisation adapt\u00e9e des BCAA permettrait \u00e9galement des effets de <strong>r\u00e9duction de la fatigue pendant l\u2019effort<\/strong>, et d\u2019am\u00e9liorer les performances.<br><\/p>\n\n\n\n<h2 class=\"wp-block-heading\" id=\"dormir\">Est-il pertinent de prendre des BCAA avant de dormir ?<\/h2>\n\n\n\n<blockquote class=\"wp-block-quote is-layout-flow wp-block-quote-is-layout-flow\"><p>Le sommeil, notamment profond, est une phase importante, sinon essentielle, de la r\u00e9cup\u00e9ration.<\/p><\/blockquote>\n\n\n\n<p>Durant cette phase, l&rsquo;organisme profite du manque de sollicitations ext\u00e9rieures pour <strong>activer des processus biologiques<\/strong> au c\u0153ur, par exemple, de la r\u00e9paration des tissus musculaires et, par extension, leur d\u00e9veloppement.&nbsp;<\/p>\n\n\n\n<p>Mais c&rsquo;est aussi une phase o\u00f9 il n&rsquo;est pas aliment\u00e9, o\u00f9 je\u00fbner devient in\u00e9vitable, tout comme l&rsquo;\u00e9tat catabolique. Si cet \u00e9tat est naturel voire associ\u00e9 \u00e0 la r\u00e9cup\u00e9ration (car synonyme de repos pour le syst\u00e8me digestif), il pourrait <strong>ralentir le d\u00e9veloppement musculaire<\/strong> dans le cadre d&rsquo;une mauvaise gestion alimentaire.&nbsp;<\/p>\n\n\n\n<p>C&rsquo;est l\u00e0 que les BCAA entrent en jeu.&nbsp;<br><\/p>\n\n\n\n<h3 class=\"wp-block-heading\">Int\u00e9r\u00eat des BCAA pour la r\u00e9cup\u00e9ration nocturne<\/h3>\n\n\n\n<p>Avant de dormir, la prise de BCAA permettrait d&rsquo;assurer <strong>un apport \u00e9lev\u00e9 en acides amin\u00e9s essentiels<\/strong>, apport qui servira \u00e0 r\u00e9duire l&rsquo;utilisation des stocks endog\u00e8nes, et donc faire en sorte que l&rsquo;organisme soit correctement muni pour assurer ses fonctions, sans puiser dans les muscles.&nbsp;<\/p>\n\n\n\n<blockquote class=\"wp-block-quote is-layout-flow wp-block-quote-is-layout-flow\"><p>La r\u00e9cup\u00e9ration ainsi que le d\u00e9veloppement de la masse musculaire s&rsquo;en trouveront am\u00e9lior\u00e9s.&nbsp;<\/p><\/blockquote>\n\n\n\n<p>\u27a1\ufe0f Retrouve notre <a href=\"https:\/\/www.fitadium.com\/conseils\/acides-amines\/bcaa\/meilleur-bcaa\/\">comparatif des meilleures r\u00e9f\u00e9rences de BCAA du march\u00e9<\/a> pour t&rsquo;aider \u00e0 faire ton choix. <\/p>\n\n\n\n<h3 class=\"wp-block-heading\">Quand prendre les BCAA avant de dormir ?<\/h3>\n\n\n\n<p>L&rsquo;id\u00e9e restant d&rsquo;assurer une continuit\u00e9 dans les apports en acides amin\u00e9s essentiels, cette prise devrait \u00eatre r\u00e9alis\u00e9e&nbsp;<strong>2 \u00e0 3 heures apr\u00e8s un repas riche en acides amin\u00e9s essentiels<\/strong> ou <strong>accompagner un shaker de whey<\/strong>.<\/p>\n\n\n<div class=\"columns-push-product\">\n  <div class=\"columns-push-product__body\">\n    \n\n<p class=\"has-large-font-size\"><\/p>\n\n\n  <\/div>\n  <div class=\"columns-push-product__product\">\n    <div class=\"product\" GTM-data-id=\"2747\" GTM-data-nom=\"PROGRAMME GALBE MUSCULAIRE\">\n  <div class=\"product__img\" style=\"width: -webkit-fill-available;\">\n    <a href=\"https:\/\/www.fitadium.com\/2747-programme-galbe-tonicite-musculaire.html#\/503068-gout_100_whey_proteine_advanced-banana_split\/504631-gout_bcaa_hardcore-tutti_frutti\" class=\"product__image_lnk GTM_blog_product\" >\n      <img decoding=\"async\" src=\"https:\/\/www.fitadium.com\/29427-fit_540\/programme-galbe-tonicite-musculaire.jpg\" alt=\"\" class=\"product__image lazyload\">\n    <\/a>\n  <\/div>\n  <div class=\"product__body\">\n        <div class=\"product__brand\">Superset Nutrition<\/div>\n    <a class=\"product__name GTM_blog_product\" href=\"https:\/\/www.fitadium.com\/2747-programme-galbe-tonicite-musculaire.html#\/503068-gout_100_whey_proteine_advanced-banana_split\/504631-gout_bcaa_hardcore-tutti_frutti\" title=\"PROGRAMME GALBE MUSCULAIRE\">\n      PROGRAMME GALBE MUSCULAIRE\n    <\/a>\n          <span class=\"product__price\">64.9 \u20ac<\/span>\n      <span class=\"product__price_old\">98.7 \u20ac<\/span>\n            <div class=\"product__excerpt\">\u00c0 TOI LES MUSCLES GALB\u00c9S ! Les coachs sportifs et\u2026<\/div>\n            <div><a class=\"product__cta GTM_blog_product\" href=\"https:\/\/www.fitadium.com\/2747-programme-galbe-tonicite-musculaire.html#\/503068-gout_100_whey_proteine_advanced-banana_split\/504631-gout_bcaa_hardcore-tutti_frutti\" title=\"PROGRAMME GALBE MUSCULAIRE\">Voir le produit<\/a><\/div>\n  <\/div>\n<\/div>\n  <\/div>\n<\/div>\n\n\n\n<h3 class=\"wp-block-heading\">BCAA et cas\u00e9ine<\/h3>\n\n\n\n<p>Afin d&rsquo;optimiser l&rsquo;apport en acides amin\u00e9s essentiels, et ce, de fa\u00e7on progressive, les BCAA pourraient aussi \u00eatre<strong> accompagn\u00e9s de <a href=\"https:\/\/www.fitadium.com\/426-caseines\">cas\u00e9ine<\/a><\/strong> juste avant le sommeil, cette prot\u00e9ine ayant une assimilation lente particuli\u00e8rement int\u00e9ressante pour la nuit.<\/p>\n\n\n\n<p>Mais cette association devrait \u00eatre r\u00e9serv\u00e9e aux&nbsp;<strong>jours d&rsquo;entra\u00eenement intenses<\/strong>.&nbsp;<\/p>\n\n\n<div class=\"columns-push-product\">\n  <div class=\"columns-push-product__body\">\n    \n\n<p class=\"has-large-font-size\"><\/p>\n\n\n  <\/div>\n  <div class=\"columns-push-product__product\">\n    <div class=\"product\" GTM-data-id=\"2174\" GTM-data-nom=\"100% CASEIN ADVANCED (1,8kg)\">\n  <div class=\"product__img\" style=\"width: -webkit-fill-available;\">\n    <a href=\"https:\/\/www.fitadium.com\/2174-100-casein-advanced-18kg.html#\/16-gout-chocolat\" class=\"product__image_lnk GTM_blog_product\" >\n      <img decoding=\"async\" src=\"https:\/\/www.fitadium.com\/31409-fit_540\/100-casein-advanced-18kg.jpg\" alt=\"\" class=\"product__image lazyload\">\n    <\/a>\n  <\/div>\n  <div class=\"product__body\">\n        <div class=\"product__brand\">Superset Nutrition<\/div>\n    <a class=\"product__name GTM_blog_product\" href=\"https:\/\/www.fitadium.com\/2174-100-casein-advanced-18kg.html#\/16-gout-chocolat\" title=\"100% CASEIN ADVANCED (1,8kg)\">\n      100% CASEIN ADVANCED (1,8kg)\n    <\/a>\n          <span class=\"product__price\">69.9 \u20ac<\/span>\n            <div class=\"product__excerpt\">Pourquoi choisir la 100% CASEIN ADVANCED (1,8KG) ? Superset Nutrition\u2026<\/div>\n            <div><a class=\"product__cta GTM_blog_product\" href=\"https:\/\/www.fitadium.com\/2174-100-casein-advanced-18kg.html#\/16-gout-chocolat\" title=\"100% CASEIN ADVANCED (1,8kg)\">Voir le produit<\/a><\/div>\n  <\/div>\n<\/div>\n  <\/div>\n<\/div>\n\n\n\n<h3 class=\"wp-block-heading\">BCAA et risque d&rsquo;insomnie&nbsp;<\/h3>\n\n\n\n<p>\u00c0 noter que les BCAA sont <strong>pr\u00e9curseur de dopamine<\/strong>, ayant un effet stimulant. Une prise de BCAA avant de dormir pourrait donc causer des troubles du sommeil, n\u00e9fastes pour la r\u00e9cup\u00e9ration.<\/p>\n\n\n\n<p>Nous vous recommandons donc, en cas de prise, de&nbsp;<strong>garder un \u0153il sur la qualit\u00e9 du sommeil<\/strong>, celle-ci \u00e9tant primordiale.&nbsp;<br><\/p>\n\n\n\n<h2 class=\"wp-block-heading\" id=\"moments\">Quels sont les autres meilleurs moments pour prendre des BCAA ?<\/h2>\n\n\n\n<p>Le <a href=\"https:\/\/www.fitadium.com\/conseils\/acides-amines\/bcaa\/quand-prendre\/\">meilleur moment de prise des BCAA<\/a> d\u00e9pend de l&rsquo;effet recherch\u00e9 et de la&nbsp;<strong>r\u00e9partition des repas riches en prot\u00e9ines de qualit\u00e9<\/strong>, le but \u00e9tant d&rsquo;assurer une continuit\u00e9 dans l&rsquo;apport en acides amin\u00e9s essentiels.&nbsp;&nbsp;<br><\/p>\n\n\n\n<h3 class=\"wp-block-heading\">Avant, pendant ou apr\u00e8s l&rsquo;entra\u00eenement ?<\/h3>\n\n\n\n<p>Avant l&rsquo;entra\u00eenement, la prise de suppl\u00e9ments de BCAA aura pour b\u00e9n\u00e9fice de<strong> r\u00e9duire la part du catabolisme pendant l&rsquo;effort<\/strong>, am\u00e9liorant la r\u00e9cup\u00e9ration entre les s\u00e9ries. Ce moment de prise est \u00e0 privil\u00e9gier par ceux qui s&rsquo;entra\u00eenent \u00e0 jeun, ou dans le cas o\u00f9 le dernier apport en prot\u00e9ines de qualit\u00e9 remonte \u00e0 plus de 5-6 heures.&nbsp;<\/p>\n\n\n\n<p>Pendant l&rsquo;entra\u00eenement, les BCAA seront \u00e0 la fois utilis\u00e9s pour<strong> fournir de l&rsquo;\u00e9nergie aux cellules musculaires<\/strong>, \u00e9tant rapidement disponibles apr\u00e8s ingestion. Aussi, cet apport<strong> r\u00e9duira le catabolisme<\/strong> pour une meilleure r\u00e9cup\u00e9ration intra- et post-entra\u00eenement.<\/p>\n\n\n\n<p>Apr\u00e8s l&rsquo;entra\u00eenement, la prise de BCAA permettra <strong>une meilleure r\u00e9cup\u00e9ration<\/strong>, au profit du <strong>d\u00e9veloppement musculaire<\/strong>. Cet apport devrait \u00eatre d\u00e9cal\u00e9 de 2 \u00e0 3 heures apr\u00e8s la s\u00e9ance d&rsquo;entra\u00eenement dans le cas o\u00f9 un shaker de prot\u00e9ines est d\u00e9j\u00e0 pr\u00e9vu.&nbsp;<br><br><br><br><br><\/p>\n","protected":false},"excerpt":{"rendered":"<p>C&rsquo;est parce qu&rsquo;ils assureraient une continuit\u00e9 dans les apports en acides amin\u00e9s essentiels, notamment ceux impliqu\u00e9s dans la r\u00e9paration des tissus musculaires, que les BCAA pourraient avoir un int\u00e9r\u00eat avant de dormir. Le sommeil \u00e9tant une phase cruciale de la r\u00e9cup\u00e9ration, munir l&rsquo;organisme en \u00e9l\u00e9ments dont il aura besoin, en quantit\u00e9s suffisantes, pourrait vous permettre [&hellip;]<\/p>\n","protected":false},"author":30,"featured_media":58546,"parent":58498,"menu_order":0,"comment_status":"closed","ping_status":"closed","template":"template-cocon.php","meta":{"footnotes":""},"class_list":null,"yoast_head":"<!-- This site is optimized with the Yoast SEO plugin v17.1 - https:\/\/yoast.com\/wordpress\/plugins\/seo\/ -->\n<title>Faut-il prendre des BCAA avant de dormir ?<\/title>\n<meta name=\"description\" content=\"Les BCAA, qu&#039;est-ce que c&#039;est ? \u2605Est-il pertinent de prendre des BCAA avant de dormir ?\u2605Quels sont les autres meilleurs moments ?\" \/>\n<meta name=\"robots\" content=\"index, follow, max-snippet:-1, max-image-preview:large, max-video-preview:-1\" \/>\n<link rel=\"canonical\" href=\"https:\/\/www.fitadium.com\/conseils\/acides-amines\/bcaa\/avant-dormir\/\" \/>\n<meta property=\"og:locale\" content=\"fr_FR\" \/>\n<meta property=\"og:type\" content=\"article\" \/>\n<meta property=\"og:title\" content=\"Faut-il prendre des BCAA avant de dormir ?\" \/>\n<meta property=\"og:description\" content=\"Les BCAA, qu&#039;est-ce que c&#039;est ? \u2605Est-il pertinent de prendre des BCAA avant de dormir ?\u2605Quels sont les autres meilleurs moments ?\" \/>\n<meta property=\"og:url\" content=\"https:\/\/www.fitadium.com\/conseils\/acides-amines\/bcaa\/avant-dormir\/\" \/>\n<meta property=\"og:site_name\" content=\"Fitadium\" \/>\n<meta property=\"article:publisher\" content=\"https:\/\/www.facebook.com\/fitadium.musculation\" \/>\n<meta property=\"article:modified_time\" content=\"2025-09-30T09:51:48+00:00\" \/>\n<meta property=\"og:image\" content=\"https:\/\/www.fitadium.com\/conseils\/wp-content\/uploads\/2024\/02\/BCAA-avant-de-dormir.jpg\" \/>\n\t<meta property=\"og:image:width\" content=\"995\" \/>\n\t<meta property=\"og:image:height\" content=\"500\" \/>\n<script type=\"application\/ld+json\" class=\"yoast-schema-graph\">{\"@context\":\"https:\/\/schema.org\",\"@graph\":[{\"@type\":\"Organization\",\"@id\":\"https:\/\/www.fitadium.com\/conseils\/#organization\",\"name\":\"FITADIUM\",\"url\":\"https:\/\/www.fitadium.com\/conseils\/\",\"sameAs\":[\"https:\/\/www.facebook.com\/fitadium.musculation\"],\"logo\":{\"@type\":\"ImageObject\",\"@id\":\"https:\/\/www.fitadium.com\/conseils\/#logo\",\"inLanguage\":\"fr-FR\",\"url\":\"https:\/\/www.fitadium.com\/conseils\/wp-content\/uploads\/2013\/08\/mobypicture.jpg\",\"contentUrl\":\"https:\/\/www.fitadium.com\/conseils\/wp-content\/uploads\/2013\/08\/mobypicture.jpg\",\"width\":510,\"height\":600,\"caption\":\"FITADIUM\"},\"image\":{\"@id\":\"https:\/\/www.fitadium.com\/conseils\/#logo\"}},{\"@type\":\"WebSite\",\"@id\":\"https:\/\/www.fitadium.com\/conseils\/#website\",\"url\":\"https:\/\/www.fitadium.com\/conseils\/\",\"name\":\"Fitadium\",\"description\":\"Toute l&#039;actualit\\u00e9 de la musculation et du fitness\",\"publisher\":{\"@id\":\"https:\/\/www.fitadium.com\/conseils\/#organization\"},\"potentialAction\":[{\"@type\":\"SearchAction\",\"target\":{\"@type\":\"EntryPoint\",\"urlTemplate\":\"https:\/\/www.fitadium.com\/conseils\/?s={search_term_string}\"},\"query-input\":\"required name=search_term_string\"}],\"inLanguage\":\"fr-FR\"},{\"@type\":\"ImageObject\",\"@id\":\"https:\/\/www.fitadium.com\/conseils\/acides-amines\/bcaa\/avant-dormir\/#primaryimage\",\"inLanguage\":\"fr-FR\",\"url\":\"https:\/\/www.fitadium.com\/conseils\/wp-content\/uploads\/2024\/02\/BCAA-avant-de-dormir.jpg\",\"contentUrl\":\"https:\/\/www.fitadium.com\/conseils\/wp-content\/uploads\/2024\/02\/BCAA-avant-de-dormir.jpg\",\"width\":995,\"height\":500,\"caption\":\"BCAA avant de dormir\"},{\"@type\":\"WebPage\",\"@id\":\"https:\/\/www.fitadium.com\/conseils\/acides-amines\/bcaa\/avant-dormir\/#webpage\",\"url\":\"https:\/\/www.fitadium.com\/conseils\/acides-amines\/bcaa\/avant-dormir\/\",\"name\":\"Faut-il prendre des BCAA avant de dormir ?\",\"isPartOf\":{\"@id\":\"https:\/\/www.fitadium.com\/conseils\/#website\"},\"primaryImageOfPage\":{\"@id\":\"https:\/\/www.fitadium.com\/conseils\/acides-amines\/bcaa\/avant-dormir\/#primaryimage\"},\"datePublished\":\"2024-02-01T11:58:20+00:00\",\"dateModified\":\"2025-09-30T09:51:48+00:00\",\"description\":\"Les BCAA, qu'est-ce que c'est ? \\u2605Est-il pertinent de prendre des BCAA avant de dormir ?\\u2605Quels sont les autres meilleurs moments ?\",\"breadcrumb\":{\"@id\":\"https:\/\/www.fitadium.com\/conseils\/acides-amines\/bcaa\/avant-dormir\/#breadcrumb\"},\"inLanguage\":\"fr-FR\",\"potentialAction\":[{\"@type\":\"ReadAction\",\"target\":[\"https:\/\/www.fitadium.com\/conseils\/acides-amines\/bcaa\/avant-dormir\/\"]}]},{\"@type\":\"BreadcrumbList\",\"@id\":\"https:\/\/www.fitadium.com\/conseils\/acides-amines\/bcaa\/avant-dormir\/#breadcrumb\",\"itemListElement\":[{\"@type\":\"ListItem\",\"position\":1,\"name\":\"Home\",\"item\":\"https:\/\/www.fitadium.com\/conseils\/\"},{\"@type\":\"ListItem\",\"position\":2,\"name\":\"Les acides amin\\u00e9s en musculation\",\"item\":\"https:\/\/www.fitadium.com\/conseils\/acides-amines\/\"},{\"@type\":\"ListItem\",\"position\":3,\"name\":\"Les BCAA en musculation\",\"item\":\"https:\/\/www.fitadium.com\/conseils\/acides-amines\/bcaa\/\"},{\"@type\":\"ListItem\",\"position\":4,\"name\":\"Faut-il prendre des BCAA le soir avant de dormir ?\\u00a0\"}]}]}<\/script>\n<!-- \/ Yoast SEO plugin. -->","yoast_head_json":{"title":"Faut-il prendre des BCAA avant de dormir ?","description":"Les BCAA, qu'est-ce que c'est ? \u2605Est-il pertinent de prendre des BCAA avant de dormir ?\u2605Quels sont les autres meilleurs moments ?","robots":{"index":"index","follow":"follow","max-snippet":"max-snippet:-1","max-image-preview":"max-image-preview:large","max-video-preview":"max-video-preview:-1"},"canonical":"https:\/\/www.fitadium.com\/conseils\/acides-amines\/bcaa\/avant-dormir\/","og_locale":"fr_FR","og_type":"article","og_title":"Faut-il prendre des BCAA avant de dormir ?","og_description":"Les BCAA, qu'est-ce que c'est ? \u2605Est-il pertinent de prendre des BCAA avant de dormir ?\u2605Quels sont les autres meilleurs moments ?","og_url":"https:\/\/www.fitadium.com\/conseils\/acides-amines\/bcaa\/avant-dormir\/","og_site_name":"Fitadium","article_publisher":"https:\/\/www.facebook.com\/fitadium.musculation","article_modified_time":"2025-09-30T09:51:48+00:00","og_image":[{"width":995,"height":500,"url":"https:\/\/www.fitadium.com\/conseils\/wp-content\/uploads\/2024\/02\/BCAA-avant-de-dormir.jpg","path":"\/home\/www\/fitadium\/www\/conseils\/wp-content\/uploads\/2024\/02\/BCAA-avant-de-dormir.jpg","size":"full","id":58546,"alt":"BCAA avant de dormir","pixels":497500,"type":"image\/jpeg"}],"schema":{"@context":"https:\/\/schema.org","@graph":[{"@type":"Organization","@id":"https:\/\/www.fitadium.com\/conseils\/#organization","name":"FITADIUM","url":"https:\/\/www.fitadium.com\/conseils\/","sameAs":["https:\/\/www.facebook.com\/fitadium.musculation"],"logo":{"@type":"ImageObject","@id":"https:\/\/www.fitadium.com\/conseils\/#logo","inLanguage":"fr-FR","url":"https:\/\/www.fitadium.com\/conseils\/wp-content\/uploads\/2013\/08\/mobypicture.jpg","contentUrl":"https:\/\/www.fitadium.com\/conseils\/wp-content\/uploads\/2013\/08\/mobypicture.jpg","width":510,"height":600,"caption":"FITADIUM"},"image":{"@id":"https:\/\/www.fitadium.com\/conseils\/#logo"}},{"@type":"WebSite","@id":"https:\/\/www.fitadium.com\/conseils\/#website","url":"https:\/\/www.fitadium.com\/conseils\/","name":"Fitadium","description":"Toute l&#039;actualit\u00e9 de la musculation et du fitness","publisher":{"@id":"https:\/\/www.fitadium.com\/conseils\/#organization"},"potentialAction":[{"@type":"SearchAction","target":{"@type":"EntryPoint","urlTemplate":"https:\/\/www.fitadium.com\/conseils\/?s={search_term_string}"},"query-input":"required name=search_term_string"}],"inLanguage":"fr-FR"},{"@type":"ImageObject","@id":"https:\/\/www.fitadium.com\/conseils\/acides-amines\/bcaa\/avant-dormir\/#primaryimage","inLanguage":"fr-FR","url":"https:\/\/www.fitadium.com\/conseils\/wp-content\/uploads\/2024\/02\/BCAA-avant-de-dormir.jpg","contentUrl":"https:\/\/www.fitadium.com\/conseils\/wp-content\/uploads\/2024\/02\/BCAA-avant-de-dormir.jpg","width":995,"height":500,"caption":"BCAA avant de dormir"},{"@type":"WebPage","@id":"https:\/\/www.fitadium.com\/conseils\/acides-amines\/bcaa\/avant-dormir\/#webpage","url":"https:\/\/www.fitadium.com\/conseils\/acides-amines\/bcaa\/avant-dormir\/","name":"Faut-il prendre des BCAA avant de dormir ?","isPartOf":{"@id":"https:\/\/www.fitadium.com\/conseils\/#website"},"primaryImageOfPage":{"@id":"https:\/\/www.fitadium.com\/conseils\/acides-amines\/bcaa\/avant-dormir\/#primaryimage"},"datePublished":"2024-02-01T11:58:20+00:00","dateModified":"2025-09-30T09:51:48+00:00","description":"Les BCAA, qu'est-ce que c'est ? \u2605Est-il pertinent de prendre des BCAA avant de dormir ?\u2605Quels sont les autres meilleurs moments ?","breadcrumb":{"@id":"https:\/\/www.fitadium.com\/conseils\/acides-amines\/bcaa\/avant-dormir\/#breadcrumb"},"inLanguage":"fr-FR","potentialAction":[{"@type":"ReadAction","target":["https:\/\/www.fitadium.com\/conseils\/acides-amines\/bcaa\/avant-dormir\/"]}]},{"@type":"BreadcrumbList","@id":"https:\/\/www.fitadium.com\/conseils\/acides-amines\/bcaa\/avant-dormir\/#breadcrumb","itemListElement":[{"@type":"ListItem","position":1,"name":"Home","item":"https:\/\/www.fitadium.com\/conseils\/"},{"@type":"ListItem","position":2,"name":"Les acides amin\u00e9s en musculation","item":"https:\/\/www.fitadium.com\/conseils\/acides-amines\/"},{"@type":"ListItem","position":3,"name":"Les BCAA en musculation","item":"https:\/\/www.fitadium.com\/conseils\/acides-amines\/bcaa\/"},{"@type":"ListItem","position":4,"name":"Faut-il prendre des BCAA le soir avant de dormir ?\u00a0"}]}]}},"featured_image_src":"https:\/\/www.fitadium.com\/conseils\/wp-content\/uploads\/2024\/02\/BCAA-avant-de-dormir-600x400.jpg","featured_image_src_square":"https:\/\/www.fitadium.com\/conseils\/wp-content\/uploads\/2024\/02\/BCAA-avant-de-dormir-600x500.jpg","_links":{"self":[{"href":"https:\/\/www.fitadium.com\/conseils\/wp-json\/wp\/v2\/pages\/58545","targetHints":{"allow":["GET"]}}],"collection":[{"href":"https:\/\/www.fitadium.com\/conseils\/wp-json\/wp\/v2\/pages"}],"about":[{"href":"https:\/\/www.fitadium.com\/conseils\/wp-json\/wp\/v2\/types\/page"}],"author":[{"embeddable":true,"href":"https:\/\/www.fitadium.com\/conseils\/wp-json\/wp\/v2\/users\/30"}],"replies":[{"embeddable":true,"href":"https:\/\/www.fitadium.com\/conseils\/wp-json\/wp\/v2\/comments?post=58545"}],"version-history":[{"count":12,"href":"https:\/\/www.fitadium.com\/conseils\/wp-json\/wp\/v2\/pages\/58545\/revisions"}],"predecessor-version":[{"id":60910,"href":"https:\/\/www.fitadium.com\/conseils\/wp-json\/wp\/v2\/pages\/58545\/revisions\/60910"}],"up":[{"embeddable":true,"href":"https:\/\/www.fitadium.com\/conseils\/wp-json\/wp\/v2\/pages\/58498"}],"wp:featuredmedia":[{"embeddable":true,"href":"https:\/\/www.fitadium.com\/conseils\/wp-json\/wp\/v2\/media\/58546"}],"wp:attachment":[{"href":"https:\/\/www.fitadium.com\/conseils\/wp-json\/wp\/v2\/media?parent=58545"}],"curies":[{"name":"wp","href":"https:\/\/api.w.org\/{rel}","templated":true}]}}