{"id":58556,"date":"2024-02-01T14:33:32","date_gmt":"2024-02-01T13:33:32","guid":{"rendered":"https:\/\/www.fitadium.com\/conseils\/?page_id=58556"},"modified":"2024-06-11T14:41:02","modified_gmt":"2024-06-11T12:41:02","slug":"ornithine","status":"publish","type":"page","link":"https:\/\/www.fitadium.com\/conseils\/acides-amines\/ornithine\/","title":{"rendered":"L&rsquo;acide amin\u00e9 ornithine"},"content":{"rendered":"\n<p>La L-ornithine est un <a href=\"https:\/\/www.fitadium.com\/3-bcaa-acides-amines-essentiels\">acide amin\u00e9<\/a> non essentiel qui ne participe pas \u00e0 la synth\u00e8se de nos prot\u00e9ines. Cependant, elle intervient sur l<strong>e cycle de l&rsquo;ur\u00e9e<\/strong> en tant qu&rsquo;<strong>interm\u00e9diaire avec l&rsquo;arginine et la citrulline<\/strong>.<\/p>\n\n\n\n<p>Elle est essentielle \u00e0 la formation de l&rsquo;ur\u00e9e, une substance qu<strong>i d\u00e9toxifie l&rsquo;organisme de ses d\u00e9chets m\u00e9taboliques azot\u00e9s<\/strong>. Si l&rsquo;arginine et la citrulline sont plus connues pour leur r\u00f4le sur la <strong>congestion musculaire<\/strong>, l&rsquo;ornithine pr\u00e9sente des effets similaires \u00e0 ces deux autres acides amin\u00e9s non essentiels.<\/p>\n\n\n\n<p>Elle est parfois retrouv\u00e9e dans les preworkouts pour stimuler l&rsquo;effet de <strong>volumisation musculaire<\/strong> et d&rsquo;<strong>hypertrophie post-exercices<\/strong>.&nbsp;<br><\/p>\n\n\n\n<h2 class=\"wp-block-heading\" id=\"def\">Qu&rsquo;est-ce que l&rsquo;ornithine HCL ou OKG ? D\u00e9finition<\/h2>\n\n\n\n<p>L&rsquo;ornithine est un<strong> <a href=\"https:\/\/www.fitadium.com\/conseils\/acides-amines\/semi-non-essentiels\/\">acide amin\u00e9 non prot\u00e9inog\u00e8ne<\/a><\/strong>. Elle n&rsquo;entre donc pas directement dans la composition des prot\u00e9ines ordonn\u00e9e par notre code g\u00e9n\u00e9tique et qui sont n\u00e9cessaires \u00e0 la prise de masse musculaire. Les effets de l&rsquo;ornithine sont indirects sur l&rsquo;organisme, tout comme ceux de la&nbsp;<a href=\"https:\/\/www.fitadium.com\/conseils\/acides-amines\/citrulline\/\"><strong>L-citrulline<\/strong><\/a>.<\/p>\n\n\n\n<p>En revanche, elle joue un r\u00f4le important sur&nbsp;<strong>l&rsquo;\u00e9vacuation de l&rsquo;ammoniac <\/strong>(NH3), un d\u00e9chet toxique li\u00e9 \u00e0 la d\u00e9gradation des prot\u00e9ines (excr\u00e9tion de l&rsquo;azote) et des substrats \u00e9nerg\u00e9tiques comme l&rsquo;ATP et d&rsquo;autres mol\u00e9cules impliqu\u00e9es dans la g\u00e9n\u00e9ration de l&rsquo;\u00e9nergie cellulaire.<\/p>\n\n\n\n<p>Autant l&rsquo;arginine que la citrulline et l&rsquo;ornithine Hcl ou OKG (ornithine alpha-c\u00e9toglutarate) peuvent \u00eatre consomm\u00e9s en tant que <strong>compl\u00e9ment alimentaire, isol\u00e9s ou associ\u00e9s<\/strong>.&nbsp;<br><\/p>\n\n\n\n<h3 class=\"wp-block-heading\">Lien entre le cycle de l&rsquo;ornithine, de l&rsquo;arginine et de la citrulline<\/h3>\n\n\n\n<blockquote class=\"wp-block-quote is-layout-flow wp-block-quote-is-layout-flow\"><p>L&rsquo;ornithine est un pr\u00e9curseur de la citrulline, elle-m\u00eame pr\u00e9curseur de <a href=\"https:\/\/www.fitadium.com\/conseils\/acides-amines\/arginine\/\">l&rsquo;arginine<\/a>.<\/p><\/blockquote>\n\n\n\n<p>Les <strong>processus du cycle de l&rsquo;ur\u00e9e<\/strong> sont complexes et li\u00e9s \u00e0 diverses fonctions enzymatiques. Ils permettent d&rsquo;\u00e9vacuer l&rsquo;ammoniac toxique hors de l&rsquo;organisme :&nbsp;<\/p>\n\n\n\n<ol class=\"wp-block-list\"><li>L&rsquo;ornithine va se lier \u00e0 un carbamoyle phosphate, mol\u00e9cule g\u00e9n\u00e9r\u00e9e \u00e0 partir de l&rsquo;ammoniac pour \u00eatre convertie ensuite en citrulline qui produira de l&rsquo;ur\u00e9e puis de l&rsquo;arginine.<\/li><li>Ur\u00e9e et acide urique seront alors expuls\u00e9s du corps par lib\u00e9ration de l&rsquo;urine.<\/li><li>Ces conversions induisent une baisse de la concentration d&rsquo;ammoniac sanguin avec une \u00e9l\u00e9vation de l&rsquo;ur\u00e9e qui sera ensuite \u00e9vacu\u00e9e.<\/li><li>Finalement, la citrulline sera convertie en arginine puis en ornithine et le cycle pourra reprendre.&nbsp;<br><\/li><\/ol>\n\n\n\n<h2 class=\"wp-block-heading\" id=\"utilite\">Quelle est l&rsquo;utilit\u00e9 de l&rsquo;ornithine en musculation ?<\/h2>\n\n\n\n<h3 class=\"wp-block-heading\">Evacuation de l&rsquo;ammoniac &amp; congestion musculaire<\/h3>\n\n\n\n<p>L&rsquo;arginine et la citrulline sont plus fr\u00e9quemment <strong>pr\u00e9sents dans les <a href=\"https:\/\/www.fitadium.com\/8-preworkout\">pr\u00e9-workouts<\/a> <\/strong>que l&rsquo;ornithine.<\/p>\n\n\n\n<p>Pourtant, il est possible de la retrouver dans ces formules \u00e9nerg\u00e9tiques du bodybuilding car elle agit de mani\u00e8re similaire \u00e0 ces deux derniers, notamment sur <strong>la congestion musculaire<\/strong>. Tout comme sa cousine la citrulline, l&rsquo;ornithine repousse<strong> la fatigue pendant l&rsquo;exercice<\/strong>, du fait de sa capacit\u00e9 \u00e0 potentialiser l&rsquo;\u00e9vacuation de l&rsquo;ammoniac.<\/p>\n\n\n\n<p>Cela \u00e9tant, l&rsquo;ornithine est un acide amin\u00e9 dont la science suppose un effet de secr\u00e9tagogue, c&rsquo;est \u00e0 dire qu&rsquo;elle serait un <strong>pr\u00e9curseur de l&rsquo;hormone de croissance<\/strong>, tout comme l&rsquo;arginine ou <a href=\"https:\/\/www.fitadium.com\/conseils\/acides-amines\/glycine\/\">la glycine<\/a> (1).<\/p>\n\n\n\n<p>Des recherches cliniques tendent \u00e0 prouver qu&rsquo;un suppl\u00e9ment d&rsquo;ornithine li\u00e9e \u00e0 un alpha-c\u00e9toglutarate (ou OKG) aurait \u00e9galement d\u00e9montr\u00e9 que sous cette forme, l&rsquo;acide amin\u00e9 pr\u00e9senterait&nbsp;<strong>un effet anti-catabolisant<\/strong> significatif li\u00e9 \u00e0 la lib\u00e9ration de l&rsquo;hormone de croissance et la gestion de l&rsquo;azote organique (2, 3).<br><\/p>\n\n\n\n<h2 class=\"wp-block-heading\" id=\"effets\">Quels sont les bienfaits et effets de l&rsquo;ornithine ?<\/h2>\n\n\n\n<h3 class=\"wp-block-heading\">Ornithine, sommeil et hormone de croissance&#8230;<\/h3>\n\n\n\n<p>Les propri\u00e9t\u00e9s de l&rsquo;ornithine sont nombreuses et concernent plusieurs aspects du m\u00e9tabolisme chez l&rsquo;\u00eatre humain. Elle pr\u00e9sente plusieurs effets positifs sur l&rsquo;organisme, notamment <strong>contre le stress<\/strong>,<strong> la performance physique<\/strong> et l<strong>a r\u00e9duction de la fatigue<\/strong>.<\/p>\n\n\n\n<p>Ainsi, une \u00e9tude clinique a mis en lumi\u00e8re le fait que de prendre un suppl\u00e9ment d&rsquo;ornithine pr\u00e9sentait un l\u00e9ger effet relaxant sur le syst\u00e8me nerveux et l&rsquo;anxi\u00e9t\u00e9 alors qu&rsquo;elle pouvait <strong>am\u00e9liorer la qualit\u00e9 du sommeil<\/strong> (4).<\/p>\n\n\n\n<p>Associ\u00e9e \u00e0 de la caf\u00e9ine, elle en potentialiserait <strong>les effets stimulants<\/strong> (5). Cela n&rsquo;a rien de vraiment \u00e9tonnant, \u00e9tant donn\u00e9 que l&rsquo;ornithine <strong>r\u00e9duit la pr\u00e9sence d&rsquo;ammoniac<\/strong> dans l&rsquo;organisme alors que <strong>la caf\u00e9ine acc\u00e9l\u00e8re l&rsquo;utilisation des graisses en \u00e9nergie<\/strong>, les deux m\u00e9tabolismes \u00e9tant compl\u00e9mentaires.<\/p>\n\n\n\n<p>L&rsquo;ammoniac \u00e9tant particuli\u00e8rement toxique pour le syst\u00e8me nerveux, <strong>le cycle de l&rsquo;ur\u00e9e<\/strong> faisant intervenir l&rsquo;arginine vers l&rsquo;ornithine en produisant de l&rsquo;ur\u00e9e puis vers la citrulline en revenant ensuite sur l&rsquo;arginine est d&rsquo;une importance critique pour le corps humain. En r\u00e9duisant la pr\u00e9sence de l&rsquo;ammoniac, <strong>l&rsquo;ornithine r\u00e9duirait la sensation de fatigue durant l&rsquo;exercice<\/strong> (6).&nbsp;<br><\/p>\n\n\n\n<h3 class=\"wp-block-heading\">L&rsquo;ornithine pourrait pr\u00e9senter un int\u00e9r\u00eat th\u00e9rapeutique pour la sant\u00e9 du foie&nbsp;<\/h3>\n\n\n\n<p>Un suppl\u00e9ment d&rsquo;ornithine pourrait \u00e9galement favoriser <strong>une bonne sant\u00e9 du foie<\/strong>. En effet, un exc\u00e8s chronique d&rsquo;ammoniac dans le sang et le cerveau entra\u00eene l&rsquo;apparition d&rsquo;une pathologie nomm\u00e9e enc\u00e9phalopathie h\u00e9patique.<\/p>\n\n\n\n<p>Cette condition, selon certaines \u00e9tudes, pourrait \u00eatre am\u00e9lior\u00e9e par une suppl\u00e9mentation orale d&rsquo;ornithine. Selon un processus similaire de <strong>r\u00e9duction du taux sanguin d&rsquo;ammoniac<\/strong>, l&rsquo;alpha-c\u00e9toglurate li\u00e9 \u00e0 l&rsquo;ornithine (OKG) se combine \u00e0 l&rsquo;ammoniac pour former de la glutamine, un effet tampon contre cette mol\u00e9cule toxique qui intervient aussi durant le cycle de l&rsquo;ur\u00e9e.<br><\/p>\n\n\n\n<h2 class=\"wp-block-heading\" id=\"posologie\">Posologie : Comment utiliser de l&rsquo;ornithine en compl\u00e9ment alimentaire ?<\/h2>\n\n\n\n<h3 class=\"wp-block-heading\">L&rsquo;ornithine, combien de grammes par jour ?<\/h3>\n\n\n\n<p>Le dosage tol\u00e9rable d&rsquo;ornithine par voie orale serait plus limit\u00e9 que pour la citrulline. Ornithine et arginine sont d&rsquo;ailleurs souvent associ\u00e9es au cours d&rsquo;\u00e9tudes cliniques \u00e0 partir de dosages similaires. L&rsquo;ornithine seule peut \u00eatre suppl\u00e9ment\u00e9e avec <strong>une dose de s\u00e9curit\u00e9 de 4 \u00e0 6 grammes par jour (7)<\/strong>.<\/p>\n\n\n\n<p>Un exc\u00e8s d&rsquo;ornithine (ou d&rsquo;arginine) pourrait causer <strong>une diarrh\u00e9e<\/strong> caus\u00e9e par une saturation intestinale. Il semblerait toutefois, que l&rsquo;ornithine soit un peu mieux tol\u00e9r\u00e9e qu&rsquo;un exc\u00e8s d&rsquo;arginine alors que la citrulline peut \u00eatre suppl\u00e9ment\u00e9e avec un grammage plus \u00e9lev\u00e9.&nbsp;<br><\/p>\n\n\n\n<p><strong>R\u00e9f\u00e9rences bibliographiques<\/strong> :<\/p>\n\n\n\n<p>1 &#8211; Eric Mallet, <em>Petite histoire des secr\u00e9tagogues de l&rsquo;hormone de croissance<\/em>, Espace Corps Eprit Form, 29 jan. 2017<\/p>\n\n\n\n<p>2 &#8211; Bucci L, Hickson JF, Pivarnik JM, Wolinsky I, McMahon JC. <em>Ornithine ingestion and growth hormone release in bodybuilders.<\/em> Nutr Res. 1990;10:2<\/p>\n\n\n\n<p>3 &#8211; Cynober L, Saizy R, Nguyen Dinh F, Lioret N, Giboudeau J. <em>Effect of enterally administered ornithine alpha-ketoglutarate on plasma and urinary amino acid levels after burn injury<\/em>. J Trauma. 1984;24(7):590-6.<\/p>\n\n\n\n<p>4 -M. Miyake et al., <em>Randomised controlled trial of the effects of L-ornithine on stress markers and sleep quality in healthy workers<\/em>, Nutr. J. 2014 Jun 3:13:53.<\/p>\n\n\n\n<p>5 &#8211; Colombatto S, Fasulo L, Mondardini A, Malabaila A, Grillo MA, <em>Effect of caffeine on ornithine metabolism in rat brain, liver and kidney<\/em>, Ital J Biochem. 1989 Mar-Apr;38(2):75-82.<\/p>\n\n\n\n<p>6 &#8211; Sugino T, et al. <em>L-ornithine supplementation attenuates physical fatigue in healthy volunteers by modulating lipid and amino acid metabolism<\/em>, Nutr Res (2008 Nov)<\/p>\n\n\n\n<p>7 &#8211; Grimble GK. <em>Adverse gastrointestinal effects of arginine and related amino acids<\/em>,&nbsp;J Nutr (2007 Jun)<\/p>\n","protected":false},"excerpt":{"rendered":"<p>La L-ornithine est un acide amin\u00e9 non essentiel qui ne participe pas \u00e0 la synth\u00e8se de nos prot\u00e9ines. Cependant, elle intervient sur le cycle de l&rsquo;ur\u00e9e en tant qu&rsquo;interm\u00e9diaire avec l&rsquo;arginine et la citrulline. Elle est essentielle \u00e0 la formation de l&rsquo;ur\u00e9e, une substance qui d\u00e9toxifie l&rsquo;organisme de ses d\u00e9chets m\u00e9taboliques azot\u00e9s. Si l&rsquo;arginine et [&hellip;]<\/p>\n","protected":false},"author":23,"featured_media":58557,"parent":58455,"menu_order":0,"comment_status":"closed","ping_status":"closed","template":"template-cocon.php","meta":{"footnotes":""},"class_list":null,"yoast_head":"<!-- This site is optimized with the Yoast SEO plugin v17.1 - https:\/\/yoast.com\/wordpress\/plugins\/seo\/ -->\n<title>L&#039;acide amin\u00e9 l-ornithine : bienfaits, utilit\u00e9, danger<\/title>\n<meta name=\"description\" content=\"Qu&#039;est-ce que l&#039;ornithine HCL ou OKG ? \u2605Utilit\u00e9 en musculation ? \u2605Quels sont les bienfaits et effets ? \u2605Posologie en compl\u00e9ment alimentaire\" \/>\n<meta name=\"robots\" content=\"index, follow, max-snippet:-1, max-image-preview:large, max-video-preview:-1\" \/>\n<link rel=\"canonical\" href=\"https:\/\/www.fitadium.com\/conseils\/acides-amines\/ornithine\/\" \/>\n<meta property=\"og:locale\" content=\"fr_FR\" \/>\n<meta property=\"og:type\" content=\"article\" \/>\n<meta property=\"og:title\" content=\"L&#039;acide amin\u00e9 l-ornithine : bienfaits, utilit\u00e9, danger\" \/>\n<meta property=\"og:description\" content=\"Qu&#039;est-ce que l&#039;ornithine HCL ou OKG ? \u2605Utilit\u00e9 en musculation ? \u2605Quels sont les bienfaits et effets ? \u2605Posologie en compl\u00e9ment alimentaire\" \/>\n<meta property=\"og:url\" content=\"https:\/\/www.fitadium.com\/conseils\/acides-amines\/ornithine\/\" \/>\n<meta property=\"og:site_name\" content=\"Fitadium\" \/>\n<meta property=\"article:publisher\" content=\"https:\/\/www.facebook.com\/fitadium.musculation\" \/>\n<meta property=\"article:modified_time\" content=\"2024-06-11T12:41:02+00:00\" \/>\n<meta property=\"og:image\" content=\"https:\/\/www.fitadium.com\/conseils\/wp-content\/uploads\/2024\/02\/acide-amine.jpg\" \/>\n\t<meta property=\"og:image:width\" content=\"1600\" \/>\n\t<meta property=\"og:image:height\" content=\"900\" \/>\n<script type=\"application\/ld+json\" class=\"yoast-schema-graph\">{\"@context\":\"https:\/\/schema.org\",\"@graph\":[{\"@type\":\"Organization\",\"@id\":\"https:\/\/www.fitadium.com\/conseils\/#organization\",\"name\":\"FITADIUM\",\"url\":\"https:\/\/www.fitadium.com\/conseils\/\",\"sameAs\":[\"https:\/\/www.facebook.com\/fitadium.musculation\"],\"logo\":{\"@type\":\"ImageObject\",\"@id\":\"https:\/\/www.fitadium.com\/conseils\/#logo\",\"inLanguage\":\"fr-FR\",\"url\":\"https:\/\/www.fitadium.com\/conseils\/wp-content\/uploads\/2013\/08\/mobypicture.jpg\",\"contentUrl\":\"https:\/\/www.fitadium.com\/conseils\/wp-content\/uploads\/2013\/08\/mobypicture.jpg\",\"width\":510,\"height\":600,\"caption\":\"FITADIUM\"},\"image\":{\"@id\":\"https:\/\/www.fitadium.com\/conseils\/#logo\"}},{\"@type\":\"WebSite\",\"@id\":\"https:\/\/www.fitadium.com\/conseils\/#website\",\"url\":\"https:\/\/www.fitadium.com\/conseils\/\",\"name\":\"Fitadium\",\"description\":\"Toute l&#039;actualit\\u00e9 de la musculation et du fitness\",\"publisher\":{\"@id\":\"https:\/\/www.fitadium.com\/conseils\/#organization\"},\"potentialAction\":[{\"@type\":\"SearchAction\",\"target\":{\"@type\":\"EntryPoint\",\"urlTemplate\":\"https:\/\/www.fitadium.com\/conseils\/?s={search_term_string}\"},\"query-input\":\"required name=search_term_string\"}],\"inLanguage\":\"fr-FR\"},{\"@type\":\"ImageObject\",\"@id\":\"https:\/\/www.fitadium.com\/conseils\/acides-amines\/ornithine\/#primaryimage\",\"inLanguage\":\"fr-FR\",\"url\":\"https:\/\/www.fitadium.com\/conseils\/wp-content\/uploads\/2024\/02\/acide-amine.jpg\",\"contentUrl\":\"https:\/\/www.fitadium.com\/conseils\/wp-content\/uploads\/2024\/02\/acide-amine.jpg\",\"width\":1600,\"height\":900,\"caption\":\"acide amin\\u00e9 ornithine\"},{\"@type\":\"WebPage\",\"@id\":\"https:\/\/www.fitadium.com\/conseils\/acides-amines\/ornithine\/#webpage\",\"url\":\"https:\/\/www.fitadium.com\/conseils\/acides-amines\/ornithine\/\",\"name\":\"L'acide amin\\u00e9 l-ornithine : bienfaits, utilit\\u00e9, danger\",\"isPartOf\":{\"@id\":\"https:\/\/www.fitadium.com\/conseils\/#website\"},\"primaryImageOfPage\":{\"@id\":\"https:\/\/www.fitadium.com\/conseils\/acides-amines\/ornithine\/#primaryimage\"},\"datePublished\":\"2024-02-01T13:33:32+00:00\",\"dateModified\":\"2024-06-11T12:41:02+00:00\",\"description\":\"Qu'est-ce que l'ornithine HCL ou OKG ? \\u2605Utilit\\u00e9 en musculation ? \\u2605Quels sont les bienfaits et effets ? \\u2605Posologie en compl\\u00e9ment alimentaire\",\"breadcrumb\":{\"@id\":\"https:\/\/www.fitadium.com\/conseils\/acides-amines\/ornithine\/#breadcrumb\"},\"inLanguage\":\"fr-FR\",\"potentialAction\":[{\"@type\":\"ReadAction\",\"target\":[\"https:\/\/www.fitadium.com\/conseils\/acides-amines\/ornithine\/\"]}]},{\"@type\":\"BreadcrumbList\",\"@id\":\"https:\/\/www.fitadium.com\/conseils\/acides-amines\/ornithine\/#breadcrumb\",\"itemListElement\":[{\"@type\":\"ListItem\",\"position\":1,\"name\":\"Home\",\"item\":\"https:\/\/www.fitadium.com\/conseils\/\"},{\"@type\":\"ListItem\",\"position\":2,\"name\":\"Les acides amin\\u00e9s en musculation\",\"item\":\"https:\/\/www.fitadium.com\/conseils\/acides-amines\/\"},{\"@type\":\"ListItem\",\"position\":3,\"name\":\"L&rsquo;acide amin\\u00e9 ornithine\"}]}]}<\/script>\n<!-- \/ Yoast SEO plugin. -->","yoast_head_json":{"title":"L'acide amin\u00e9 l-ornithine : bienfaits, utilit\u00e9, danger","description":"Qu'est-ce que l'ornithine HCL ou OKG ? \u2605Utilit\u00e9 en musculation ? \u2605Quels sont les bienfaits et effets ? \u2605Posologie en compl\u00e9ment alimentaire","robots":{"index":"index","follow":"follow","max-snippet":"max-snippet:-1","max-image-preview":"max-image-preview:large","max-video-preview":"max-video-preview:-1"},"canonical":"https:\/\/www.fitadium.com\/conseils\/acides-amines\/ornithine\/","og_locale":"fr_FR","og_type":"article","og_title":"L'acide amin\u00e9 l-ornithine : bienfaits, utilit\u00e9, danger","og_description":"Qu'est-ce que l'ornithine HCL ou OKG ? \u2605Utilit\u00e9 en musculation ? \u2605Quels sont les bienfaits et effets ? \u2605Posologie en compl\u00e9ment alimentaire","og_url":"https:\/\/www.fitadium.com\/conseils\/acides-amines\/ornithine\/","og_site_name":"Fitadium","article_publisher":"https:\/\/www.facebook.com\/fitadium.musculation","article_modified_time":"2024-06-11T12:41:02+00:00","og_image":[{"width":1600,"height":900,"url":"https:\/\/www.fitadium.com\/conseils\/wp-content\/uploads\/2024\/02\/acide-amine.jpg","path":"\/home\/www\/fitadium\/www\/conseils\/wp-content\/uploads\/2024\/02\/acide-amine.jpg","size":"full","id":58557,"alt":"acide amin\u00e9 ornithine","pixels":1440000,"type":"image\/jpeg"}],"schema":{"@context":"https:\/\/schema.org","@graph":[{"@type":"Organization","@id":"https:\/\/www.fitadium.com\/conseils\/#organization","name":"FITADIUM","url":"https:\/\/www.fitadium.com\/conseils\/","sameAs":["https:\/\/www.facebook.com\/fitadium.musculation"],"logo":{"@type":"ImageObject","@id":"https:\/\/www.fitadium.com\/conseils\/#logo","inLanguage":"fr-FR","url":"https:\/\/www.fitadium.com\/conseils\/wp-content\/uploads\/2013\/08\/mobypicture.jpg","contentUrl":"https:\/\/www.fitadium.com\/conseils\/wp-content\/uploads\/2013\/08\/mobypicture.jpg","width":510,"height":600,"caption":"FITADIUM"},"image":{"@id":"https:\/\/www.fitadium.com\/conseils\/#logo"}},{"@type":"WebSite","@id":"https:\/\/www.fitadium.com\/conseils\/#website","url":"https:\/\/www.fitadium.com\/conseils\/","name":"Fitadium","description":"Toute l&#039;actualit\u00e9 de la musculation et du fitness","publisher":{"@id":"https:\/\/www.fitadium.com\/conseils\/#organization"},"potentialAction":[{"@type":"SearchAction","target":{"@type":"EntryPoint","urlTemplate":"https:\/\/www.fitadium.com\/conseils\/?s={search_term_string}"},"query-input":"required name=search_term_string"}],"inLanguage":"fr-FR"},{"@type":"ImageObject","@id":"https:\/\/www.fitadium.com\/conseils\/acides-amines\/ornithine\/#primaryimage","inLanguage":"fr-FR","url":"https:\/\/www.fitadium.com\/conseils\/wp-content\/uploads\/2024\/02\/acide-amine.jpg","contentUrl":"https:\/\/www.fitadium.com\/conseils\/wp-content\/uploads\/2024\/02\/acide-amine.jpg","width":1600,"height":900,"caption":"acide amin\u00e9 ornithine"},{"@type":"WebPage","@id":"https:\/\/www.fitadium.com\/conseils\/acides-amines\/ornithine\/#webpage","url":"https:\/\/www.fitadium.com\/conseils\/acides-amines\/ornithine\/","name":"L'acide amin\u00e9 l-ornithine : bienfaits, utilit\u00e9, danger","isPartOf":{"@id":"https:\/\/www.fitadium.com\/conseils\/#website"},"primaryImageOfPage":{"@id":"https:\/\/www.fitadium.com\/conseils\/acides-amines\/ornithine\/#primaryimage"},"datePublished":"2024-02-01T13:33:32+00:00","dateModified":"2024-06-11T12:41:02+00:00","description":"Qu'est-ce que l'ornithine HCL ou OKG ? \u2605Utilit\u00e9 en musculation ? \u2605Quels sont les bienfaits et effets ? \u2605Posologie en compl\u00e9ment alimentaire","breadcrumb":{"@id":"https:\/\/www.fitadium.com\/conseils\/acides-amines\/ornithine\/#breadcrumb"},"inLanguage":"fr-FR","potentialAction":[{"@type":"ReadAction","target":["https:\/\/www.fitadium.com\/conseils\/acides-amines\/ornithine\/"]}]},{"@type":"BreadcrumbList","@id":"https:\/\/www.fitadium.com\/conseils\/acides-amines\/ornithine\/#breadcrumb","itemListElement":[{"@type":"ListItem","position":1,"name":"Home","item":"https:\/\/www.fitadium.com\/conseils\/"},{"@type":"ListItem","position":2,"name":"Les acides amin\u00e9s en musculation","item":"https:\/\/www.fitadium.com\/conseils\/acides-amines\/"},{"@type":"ListItem","position":3,"name":"L&rsquo;acide amin\u00e9 ornithine"}]}]}},"featured_image_src":"https:\/\/www.fitadium.com\/conseils\/wp-content\/uploads\/2024\/02\/acide-amine-600x400.jpg","featured_image_src_square":"https:\/\/www.fitadium.com\/conseils\/wp-content\/uploads\/2024\/02\/acide-amine-600x600.jpg","_links":{"self":[{"href":"https:\/\/www.fitadium.com\/conseils\/wp-json\/wp\/v2\/pages\/58556","targetHints":{"allow":["GET"]}}],"collection":[{"href":"https:\/\/www.fitadium.com\/conseils\/wp-json\/wp\/v2\/pages"}],"about":[{"href":"https:\/\/www.fitadium.com\/conseils\/wp-json\/wp\/v2\/types\/page"}],"author":[{"embeddable":true,"href":"https:\/\/www.fitadium.com\/conseils\/wp-json\/wp\/v2\/users\/23"}],"replies":[{"embeddable":true,"href":"https:\/\/www.fitadium.com\/conseils\/wp-json\/wp\/v2\/comments?post=58556"}],"version-history":[{"count":8,"href":"https:\/\/www.fitadium.com\/conseils\/wp-json\/wp\/v2\/pages\/58556\/revisions"}],"predecessor-version":[{"id":59421,"href":"https:\/\/www.fitadium.com\/conseils\/wp-json\/wp\/v2\/pages\/58556\/revisions\/59421"}],"up":[{"embeddable":true,"href":"https:\/\/www.fitadium.com\/conseils\/wp-json\/wp\/v2\/pages\/58455"}],"wp:featuredmedia":[{"embeddable":true,"href":"https:\/\/www.fitadium.com\/conseils\/wp-json\/wp\/v2\/media\/58557"}],"wp:attachment":[{"href":"https:\/\/www.fitadium.com\/conseils\/wp-json\/wp\/v2\/media?parent=58556"}],"curies":[{"name":"wp","href":"https:\/\/api.w.org\/{rel}","templated":true}]}}