{"id":58586,"date":"2024-02-01T15:26:41","date_gmt":"2024-02-01T14:26:41","guid":{"rendered":"https:\/\/www.fitadium.com\/conseils\/?page_id=58586"},"modified":"2024-06-11T15:13:17","modified_gmt":"2024-06-11T13:13:17","slug":"methionine","status":"publish","type":"page","link":"https:\/\/www.fitadium.com\/conseils\/acides-amines\/methionine\/","title":{"rendered":"La m\u00e9thionine, un acide amin\u00e9 essentiel"},"content":{"rendered":"\n<p><a href=\"https:\/\/www.fitadium.com\/613-eaa\"><strong>Acide amin\u00e9 essentiel<\/strong><\/a> parmi les 8 autres, la m\u00e9thionine fait partie des <strong><a href=\"https:\/\/www.fitadium.com\/3-bcaa-acides-amines-essentiels\">acides amin\u00e9s <\/a>soufr\u00e9s<\/strong> comme la cyst\u00e9ine ou la taurine.<\/p>\n\n\n\n<p>Elle contribue au <strong>bon fonctionnement du foie<\/strong> et pr\u00e9sente des <strong>propri\u00e9t\u00e9s d&rsquo;antioxydant<\/strong>. Le groupe m\u00e9thyle qu&rsquo;elle apporte (CH3) contribue aux processus de m\u00e9thylation, un m\u00e9canisme essentiel \u00e0 <strong>la sant\u00e9 du corps humain<\/strong>.&nbsp;<br><\/p>\n\n\n\n<h2 class=\"wp-block-heading\" id=\"def\">Qu&rsquo;est-ce que la m\u00e9thionine ?<\/h2>\n\n\n\n<p>Acide amin\u00e9 soufr\u00e9, elle contient un atome de soufre li\u00e9 \u00e0 son groupe m\u00e9thyl (CH3). En cela, la m\u00e9thionine est un donneur de soufre organique. La m\u00e9thionine est <strong>n\u00e9cessaire \u00e0 la synth\u00e8se des prot\u00e9ines<\/strong>, de<strong> la m\u00e9latonine<\/strong> et de la <strong>L-carnitine<\/strong>.<\/p>\n\n\n\n<p>Elle est d&rsquo;autant plus indispensable \u00e0 la synth\u00e8se des peptides et cha\u00eenes prot\u00e9iques que la plupart d&rsquo;entre-elles commencent par l&rsquo;insertion d&rsquo;une m\u00e9thionine.<br><\/p>\n\n\n\n<h3 class=\"wp-block-heading\">Le pr\u00e9curseur de la cysteine&nbsp;<\/h3>\n\n\n\n<p>Elle est aussi <strong>le pr\u00e9curseur de <a href=\"https:\/\/www.fitadium.com\/conseils\/acides-amines\/cysteine\/\">la cyst\u00e9ine<\/a><\/strong> et participe \u00e0 la <strong>g\u00e9n\u00e9ration de <a href=\"https:\/\/www.fitadium.com\/conseils\/acides-amines\/taurine\/\">la taurine<\/a><\/strong>. Pour engager le processus de la m\u00e9thylation, la m\u00e9thionine est modifi\u00e9e en S-ad\u00e9nosylm\u00e9thionine (abr\u00e9g\u00e9 en SAM ou SAMe) par voie enzymatique. Le SAM est une mol\u00e9cule active et n\u00e9cessaire \u00e0 <strong>la m\u00e9thylation de l&rsquo;ADN et de l&rsquo;ARN<\/strong>, un m\u00e9canisme de base du code g\u00e9n\u00e9tique et de l&rsquo;\u00e9pig\u00e9n\u00e9tique.<\/p>\n\n\n\n<p>Processus essentiel \u00e0 de multiples r\u00e9actions biochimiques, la m\u00e9thylation intervient sur le m\u00e9tabolisme de nombreuses prot\u00e9ines.&nbsp;<br><\/p>\n\n\n\n<h3 class=\"wp-block-heading\">M\u00e9thionine et alimentation: quels sont les aliments les plus riches ?<\/h3>\n\n\n\n<p>Naturellement, la m\u00e9thionine est pr\u00e9sente dans<strong> les sources de prot\u00e9ines compl\u00e8tes<\/strong> comme la viande, le poisson, le lait, les produits laitiers, les fromages (parmesan, gruy\u00e8re&#8230;) ou les \u0153ufs par exemple.<\/p>\n\n\n\n<p>Certaines <strong>sources v\u00e9g\u00e9tales <\/strong>apportent aussi une quantit\u00e9 significative de cet acide amin\u00e9 comme les noix, le quinoa, le riz complet, le riz brun, les graines de s\u00e9same, les noix de cajou, noix du Br\u00e9sil (plus de 1000 mg\/100g) ou le haricot noir.<\/p>\n\n\n\n<p>Une <strong>alimentation \u00e9quilibr\u00e9e et naturellement riche en prot\u00e9ine<\/strong> est n\u00e9cessaire aux apports nutritionnels normaux en L-m\u00e9thionine.<br><\/p>\n\n\n\n<h3 class=\"wp-block-heading\">M\u00e9thionine et vitamine B12 : les ins\u00e9parables<\/h3>\n\n\n\n<p>M\u00e9thionine et vitamine B12 sont indissociablement li\u00e9es \u00e9tant donn\u00e9 que <strong>cette vitamine est un cofacteur essentiel (coenzyme) \u00e0 la synth\u00e8se de la m\u00e9thionine<\/strong> dans l&rsquo;organisme \u00e0 partir de l&rsquo;homocyst\u00e9ine.<\/p>\n\n\n\n<p>D&rsquo;autre part, la recherche scientifique suppose qu&rsquo;un exc\u00e8s d&rsquo;homocyst\u00e9ine serait probl\u00e9matique pour la sant\u00e9, une raison suffisante pour assurer vos besoins en vitamine B12 (cobalamine) et en acides amin\u00e9s soufr\u00e9s.&nbsp;<br><\/p>\n\n\n\n<h3 class=\"wp-block-heading\">Les sympt\u00f4mes d&rsquo;une carence en m\u00e9thionine : fatigue, cheveux&#8230;<\/h3>\n\n\n\n<p>Si les apports alimentaires en prot\u00e9ines ou acides amin\u00e9s soufr\u00e9s sont insuffisants, une carence en m\u00e9thionine pourrait entra\u00eener des <strong>troubles h\u00e9patiques<\/strong>, un <strong>ralentissement de la croissance<\/strong> (synth\u00e8se ralentie des prot\u00e9ines cellulaires et organiques ou musculaires), une <strong>fatigue g\u00e9n\u00e9rale<\/strong>, une<strong> baisse de la force physique<\/strong>, une <strong>perte de cheveux<\/strong> ou <strong>un \u00e9tat d\u00e9pressif<\/strong> li\u00e9 \u00e0 une chute de la synth\u00e8se des neurotransmetteurs.<\/p>\n\n\n\n<p>Le foie pourrait \u00e9galement se retrouver satur\u00e9 en graisses et intoxiqu\u00e9.<br><\/p>\n\n\n\n<h2 class=\"wp-block-heading\" id=\"bienfaits\">Quels sont les bienfaits et effets de la m\u00e9thionine ?<\/h2>\n\n\n\n<h3 class=\"wp-block-heading\">Quelle est l&rsquo;utilit\u00e9 de la m\u00e9thionine en musculation ?<\/h3>\n\n\n\n<p>Naturellement,<strong> la m\u00e9thionine est n\u00e9cessaire \u00e0 de nombreux peptides<\/strong> et a fortiori, de nombreuses prot\u00e9ines.<\/p>\n\n\n\n<p>Fabriquer une prot\u00e9ine sans m\u00e9thionine revient plus ou moins \u00e0 faire du b\u00e9ton sans sable ou sans eau. Individuellement, les effets de la m\u00e9thionine en tant qu&rsquo;<strong>anti-oxydant <\/strong>s&rsquo;av\u00e8rent non n\u00e9gligeable, tout comme peut l&rsquo;\u00eatre la taurine par exemple.<\/p>\n\n\n\n<blockquote class=\"wp-block-quote is-layout-flow wp-block-quote-is-layout-flow\"><p>Ainsi, elle att\u00e9nue le stress oxydatif et participe \u00e0 la r\u00e9cup\u00e9ration apr\u00e8s l&rsquo;exercice.<\/p><\/blockquote>\n\n\n\n<h3 class=\"wp-block-heading\">De nombreux avantages pour la sant\u00e9<\/h3>\n\n\n\n<p>La m\u00e9thionine est un acide amin\u00e9 particuli\u00e8rement<strong> utile \u00e0 la sant\u00e9 du foie<\/strong> (r\u00e9g\u00e9n\u00e9ration des cellules h\u00e9patiques).<\/p>\n\n\n\n<p>En effet, elle intervient sur la d\u00e9gradation des graisses tout en <strong>bloquant les d\u00e9p\u00f4ts de lipides<\/strong> dans le foie et la v\u00e9sicule biliaire. En tant que donneur de soufre, elle pr\u00e9sente un effet protecteur naturel du foie et des reins.<\/p>\n\n\n\n<p>Elle pr\u00e9sente elle-m\u00eame un <strong>potentiel d&rsquo;antioxydant<\/strong> mesurable mais elle est surtout impliqu\u00e9e dans l<strong>a synth\u00e8se du glutathion<\/strong>, l&rsquo;un des antioxydants peptidiques majeurs de la cellule (avec le SOD) afin de neutraliser les radicaux libres.<\/p>\n\n\n\n<p>Elle est donc particuli\u00e8rement b\u00e9n\u00e9fique <strong>au maintien de la sant\u00e9 et au bien-\u00eatre<\/strong> ainsi que pour <strong>lutter contre le vieillissement cellulair<\/strong>e de part ses propri\u00e9t\u00e9s antioxydantes. Elle pr\u00e9sente aussi l&rsquo;avantage d&rsquo;\u00eatre un ch\u00e9lateur de certains m\u00e9taux lourds.&nbsp;<br><\/p>\n\n\n\n<h2 class=\"wp-block-heading\" id=\"complement\">Utilisation de la m\u00e9thionine en compl\u00e9ment alimentaire<\/h2>\n\n\n\n<h3 class=\"wp-block-heading\">Comment\u00a0prendre des suppl\u00e9ments alimentaires sources de m\u00e9thionine ?<\/h3>\n\n\n\n<p>Naturellement, la L-m\u00e9thionine peut \u00eatre prise en tant que compl\u00e9ment alimentaire.<\/p>\n\n\n<div class=\"columns-push-product\">\n  <div class=\"columns-push-product__body\">\n    \n\n<p class=\"has-large-font-size\"><\/p>\n\n\n  <\/div>\n  <div class=\"columns-push-product__product\">\n      <\/div>\n<\/div>\n\n\n\n<p>Un suppl\u00e9ment en m\u00e9thionine pourrait s&rsquo;av\u00e9rer utile \u00e0<strong> la sant\u00e9 du corps<\/strong> dans certains cas (sant\u00e9 du foie, des phan\u00e8res (synth\u00e8se de la k\u00e9ratine) et comme antioxydant ainsi que pour la m\u00e9thylation normale des composants organiques.<\/p>\n\n\n\n<p>Souvent associ\u00e9e \u00e0 la vitamine B6 (cofacteur enzymatique du m\u00e9tabolisme des acides amin\u00e9s) et B12, la m\u00e9thionine est fr\u00e9quemment prise avec du zinc (antioxydant), du magn\u00e9sium ou d&rsquo;autres acides amin\u00e9s soufr\u00e9s.<br><\/p>\n\n\n\n<h3 class=\"wp-block-heading\">Quel dosage quotidien en m\u00e9thionine ?<\/h3>\n\n\n\n<p>Retenez qu&rsquo;un apport quotidien compris <strong>entre 500 \u00e0 3000 mg de L-m\u00e9thionine<\/strong> est n\u00e9cessaire chez l&rsquo;adulte.&nbsp;<br><\/p>\n\n\n\n<h3 class=\"wp-block-heading\">La SAMe ou S-ad\u00e9nosyl m\u00e9thionine, qu&rsquo;est-ce que c&rsquo;est ?<\/h3>\n\n\n\n<p>La SAMe est l&rsquo;abr\u00e9viation courante du <strong>S-ad\u00e9nosylm\u00e9thionine<\/strong>, un m\u00e9tabolite actif de la m\u00e9thionine form\u00e9 \u00e0 partir de l&rsquo;acide amin\u00e9 et de l&rsquo;ATP avec une enzyme.<\/p>\n\n\n\n<p>Le SAMe se charge du transfert des groupes m\u00e9thyle (CH3), une mol\u00e9cule indispensable au fonctionnement normal du corps humain. La SAMe permet <strong>le transport des groupes m\u00e9thyle pour la m\u00e9thylation<\/strong>, un processus m\u00e9tabolique essentiel \u00e0 la quasi-totalit\u00e9 des aspects de la vie cellulaire.<\/p>\n\n\n\n<p>Ainsi, la SAM permet<strong> les r\u00e9actions de transfert de m\u00e9thyles<\/strong> dans l&rsquo;ADN, l&rsquo;ARN, les prot\u00e9ines, les lipides, les phospholipides, hormones et neurotransmetteurs. Ainsi, une m\u00e9thylation correcte de l&rsquo;ADN est essentielle au<strong> d\u00e9veloppement normal de l&#8217;embryon puis de l&rsquo;adulte <\/strong>suivant l&rsquo;\u00e9volution de son ADN au cours de l&rsquo;existence (\u00e9pig\u00e9n\u00e9tique). Par des m\u00e9canismes g\u00e9n\u00e9tiques trop complexes \u00e0 expliquer ici, retenez que le SAM permet l&rsquo;expression ad\u00e9quate et non corrompue des g\u00e8nes qui vont coder pour la synth\u00e8se de l&rsquo;ac\u00e9tyl-l-carnitine, de l&rsquo;\u00e9pin\u00e9phrine, de l&rsquo;adr\u00e9naline, de la phosphatidylcholine (membranes cellulaires), de la phosphocr\u00e9atine, de la m\u00e9latonine et de la L-carnitine.&nbsp;<br><\/p>\n\n\n\n<h3 class=\"wp-block-heading\">Quels sont les dangers li\u00e9s \u00e0 une surconsommation ?<\/h3>\n\n\n\n<p>Une suppl\u00e9mentation en m\u00e9thionine excessive sur le long terme pourrait s&rsquo;av\u00e9rer probl\u00e9matique pour l&rsquo;organisme humain.<\/p>\n\n\n\n<p>Des <strong>troubles du syst\u00e8me nerveux central<\/strong> (maux de t\u00eate, risque accru de d\u00e9mence) ou de <strong>troubles cardiaques<\/strong> (maladies cardiovasculaires) pourraient apparaitre et compromettre la sant\u00e9.<\/p>\n\n\n\n<p>Respectez les <strong>conseils d&rsquo;utilisation et contre-indications<\/strong> donn\u00e9s par les professionnels de sant\u00e9. Les femmes enceintes devraient se baser sur un avis m\u00e9dical avant de prendre de la m\u00e9thionine, comme pour n&rsquo;importe quel autre substance ou compl\u00e9ment alimentaire.<\/p>\n","protected":false},"excerpt":{"rendered":"<p>Acide amin\u00e9 essentiel parmi les 8 autres, la m\u00e9thionine fait partie des acides amin\u00e9s soufr\u00e9s comme la cyst\u00e9ine ou la taurine. Elle contribue au bon fonctionnement du foie et pr\u00e9sente des propri\u00e9t\u00e9s d&rsquo;antioxydant. Le groupe m\u00e9thyle qu&rsquo;elle apporte (CH3) contribue aux processus de m\u00e9thylation, un m\u00e9canisme essentiel \u00e0 la sant\u00e9 du corps humain.&nbsp; Qu&rsquo;est-ce que [&hellip;]<\/p>\n","protected":false},"author":23,"featured_media":58591,"parent":58455,"menu_order":0,"comment_status":"closed","ping_status":"closed","template":"template-cocon.php","meta":{"footnotes":""},"class_list":null,"yoast_head":"<!-- This site is optimized with the Yoast SEO plugin v17.1 - https:\/\/yoast.com\/wordpress\/plugins\/seo\/ -->\n<title>L&#039;acide amin\u00e9 m\u00e9thionine : bienfaits, danger, utilit\u00e9<\/title>\n<meta name=\"description\" content=\"Qu&#039;est-ce que la m\u00e9thionine ? \u2605Quels sont les bienfaits et effets de la m\u00e9thionine ?\u2605Utilisation de la m\u00e9thionine en compl\u00e9ment alimentaire\" \/>\n<meta name=\"robots\" content=\"index, follow, max-snippet:-1, max-image-preview:large, max-video-preview:-1\" \/>\n<link rel=\"canonical\" href=\"https:\/\/www.fitadium.com\/conseils\/acides-amines\/methionine\/\" \/>\n<meta property=\"og:locale\" content=\"fr_FR\" \/>\n<meta property=\"og:type\" content=\"article\" \/>\n<meta property=\"og:title\" content=\"L&#039;acide amin\u00e9 m\u00e9thionine : bienfaits, danger, utilit\u00e9\" \/>\n<meta property=\"og:description\" content=\"Qu&#039;est-ce que la m\u00e9thionine ? \u2605Quels sont les bienfaits et effets de la m\u00e9thionine ?\u2605Utilisation de la m\u00e9thionine en compl\u00e9ment alimentaire\" \/>\n<meta property=\"og:url\" content=\"https:\/\/www.fitadium.com\/conseils\/acides-amines\/methionine\/\" \/>\n<meta property=\"og:site_name\" content=\"Fitadium\" \/>\n<meta property=\"article:publisher\" content=\"https:\/\/www.facebook.com\/fitadium.musculation\" \/>\n<meta property=\"article:modified_time\" content=\"2024-06-11T13:13:17+00:00\" \/>\n<meta property=\"og:image\" content=\"https:\/\/www.fitadium.com\/conseils\/wp-content\/uploads\/2024\/02\/acide-amine-2.jpg\" \/>\n\t<meta property=\"og:image:width\" content=\"1600\" \/>\n\t<meta property=\"og:image:height\" content=\"900\" \/>\n<script type=\"application\/ld+json\" class=\"yoast-schema-graph\">{\"@context\":\"https:\/\/schema.org\",\"@graph\":[{\"@type\":\"Organization\",\"@id\":\"https:\/\/www.fitadium.com\/conseils\/#organization\",\"name\":\"FITADIUM\",\"url\":\"https:\/\/www.fitadium.com\/conseils\/\",\"sameAs\":[\"https:\/\/www.facebook.com\/fitadium.musculation\"],\"logo\":{\"@type\":\"ImageObject\",\"@id\":\"https:\/\/www.fitadium.com\/conseils\/#logo\",\"inLanguage\":\"fr-FR\",\"url\":\"https:\/\/www.fitadium.com\/conseils\/wp-content\/uploads\/2013\/08\/mobypicture.jpg\",\"contentUrl\":\"https:\/\/www.fitadium.com\/conseils\/wp-content\/uploads\/2013\/08\/mobypicture.jpg\",\"width\":510,\"height\":600,\"caption\":\"FITADIUM\"},\"image\":{\"@id\":\"https:\/\/www.fitadium.com\/conseils\/#logo\"}},{\"@type\":\"WebSite\",\"@id\":\"https:\/\/www.fitadium.com\/conseils\/#website\",\"url\":\"https:\/\/www.fitadium.com\/conseils\/\",\"name\":\"Fitadium\",\"description\":\"Toute l&#039;actualit\\u00e9 de la musculation et du fitness\",\"publisher\":{\"@id\":\"https:\/\/www.fitadium.com\/conseils\/#organization\"},\"potentialAction\":[{\"@type\":\"SearchAction\",\"target\":{\"@type\":\"EntryPoint\",\"urlTemplate\":\"https:\/\/www.fitadium.com\/conseils\/?s={search_term_string}\"},\"query-input\":\"required name=search_term_string\"}],\"inLanguage\":\"fr-FR\"},{\"@type\":\"ImageObject\",\"@id\":\"https:\/\/www.fitadium.com\/conseils\/acides-amines\/methionine\/#primaryimage\",\"inLanguage\":\"fr-FR\",\"url\":\"https:\/\/www.fitadium.com\/conseils\/wp-content\/uploads\/2024\/02\/acide-amine-2.jpg\",\"contentUrl\":\"https:\/\/www.fitadium.com\/conseils\/wp-content\/uploads\/2024\/02\/acide-amine-2.jpg\",\"width\":1600,\"height\":900,\"caption\":\"acide amine m\\u00e9thionine\"},{\"@type\":\"WebPage\",\"@id\":\"https:\/\/www.fitadium.com\/conseils\/acides-amines\/methionine\/#webpage\",\"url\":\"https:\/\/www.fitadium.com\/conseils\/acides-amines\/methionine\/\",\"name\":\"L'acide amin\\u00e9 m\\u00e9thionine : bienfaits, danger, utilit\\u00e9\",\"isPartOf\":{\"@id\":\"https:\/\/www.fitadium.com\/conseils\/#website\"},\"primaryImageOfPage\":{\"@id\":\"https:\/\/www.fitadium.com\/conseils\/acides-amines\/methionine\/#primaryimage\"},\"datePublished\":\"2024-02-01T14:26:41+00:00\",\"dateModified\":\"2024-06-11T13:13:17+00:00\",\"description\":\"Qu'est-ce que la m\\u00e9thionine ? \\u2605Quels sont les bienfaits et effets de la m\\u00e9thionine ?\\u2605Utilisation de la m\\u00e9thionine en compl\\u00e9ment alimentaire\",\"breadcrumb\":{\"@id\":\"https:\/\/www.fitadium.com\/conseils\/acides-amines\/methionine\/#breadcrumb\"},\"inLanguage\":\"fr-FR\",\"potentialAction\":[{\"@type\":\"ReadAction\",\"target\":[\"https:\/\/www.fitadium.com\/conseils\/acides-amines\/methionine\/\"]}]},{\"@type\":\"BreadcrumbList\",\"@id\":\"https:\/\/www.fitadium.com\/conseils\/acides-amines\/methionine\/#breadcrumb\",\"itemListElement\":[{\"@type\":\"ListItem\",\"position\":1,\"name\":\"Home\",\"item\":\"https:\/\/www.fitadium.com\/conseils\/\"},{\"@type\":\"ListItem\",\"position\":2,\"name\":\"Les acides amin\\u00e9s en musculation\",\"item\":\"https:\/\/www.fitadium.com\/conseils\/acides-amines\/\"},{\"@type\":\"ListItem\",\"position\":3,\"name\":\"La m\\u00e9thionine, un acide amin\\u00e9 essentiel\"}]}]}<\/script>\n<!-- \/ Yoast SEO plugin. -->","yoast_head_json":{"title":"L'acide amin\u00e9 m\u00e9thionine : bienfaits, danger, utilit\u00e9","description":"Qu'est-ce que la m\u00e9thionine ? \u2605Quels sont les bienfaits et effets de la m\u00e9thionine ?\u2605Utilisation de la m\u00e9thionine en compl\u00e9ment alimentaire","robots":{"index":"index","follow":"follow","max-snippet":"max-snippet:-1","max-image-preview":"max-image-preview:large","max-video-preview":"max-video-preview:-1"},"canonical":"https:\/\/www.fitadium.com\/conseils\/acides-amines\/methionine\/","og_locale":"fr_FR","og_type":"article","og_title":"L'acide amin\u00e9 m\u00e9thionine : bienfaits, danger, utilit\u00e9","og_description":"Qu'est-ce que la m\u00e9thionine ? \u2605Quels sont les bienfaits et effets de la m\u00e9thionine ?\u2605Utilisation de la m\u00e9thionine en compl\u00e9ment alimentaire","og_url":"https:\/\/www.fitadium.com\/conseils\/acides-amines\/methionine\/","og_site_name":"Fitadium","article_publisher":"https:\/\/www.facebook.com\/fitadium.musculation","article_modified_time":"2024-06-11T13:13:17+00:00","og_image":[{"width":1600,"height":900,"url":"https:\/\/www.fitadium.com\/conseils\/wp-content\/uploads\/2024\/02\/acide-amine-2.jpg","path":"\/home\/www\/fitadium\/www\/conseils\/wp-content\/uploads\/2024\/02\/acide-amine-2.jpg","size":"full","id":58591,"alt":"acide amine m\u00e9thionine","pixels":1440000,"type":"image\/jpeg"}],"schema":{"@context":"https:\/\/schema.org","@graph":[{"@type":"Organization","@id":"https:\/\/www.fitadium.com\/conseils\/#organization","name":"FITADIUM","url":"https:\/\/www.fitadium.com\/conseils\/","sameAs":["https:\/\/www.facebook.com\/fitadium.musculation"],"logo":{"@type":"ImageObject","@id":"https:\/\/www.fitadium.com\/conseils\/#logo","inLanguage":"fr-FR","url":"https:\/\/www.fitadium.com\/conseils\/wp-content\/uploads\/2013\/08\/mobypicture.jpg","contentUrl":"https:\/\/www.fitadium.com\/conseils\/wp-content\/uploads\/2013\/08\/mobypicture.jpg","width":510,"height":600,"caption":"FITADIUM"},"image":{"@id":"https:\/\/www.fitadium.com\/conseils\/#logo"}},{"@type":"WebSite","@id":"https:\/\/www.fitadium.com\/conseils\/#website","url":"https:\/\/www.fitadium.com\/conseils\/","name":"Fitadium","description":"Toute l&#039;actualit\u00e9 de la musculation et du fitness","publisher":{"@id":"https:\/\/www.fitadium.com\/conseils\/#organization"},"potentialAction":[{"@type":"SearchAction","target":{"@type":"EntryPoint","urlTemplate":"https:\/\/www.fitadium.com\/conseils\/?s={search_term_string}"},"query-input":"required name=search_term_string"}],"inLanguage":"fr-FR"},{"@type":"ImageObject","@id":"https:\/\/www.fitadium.com\/conseils\/acides-amines\/methionine\/#primaryimage","inLanguage":"fr-FR","url":"https:\/\/www.fitadium.com\/conseils\/wp-content\/uploads\/2024\/02\/acide-amine-2.jpg","contentUrl":"https:\/\/www.fitadium.com\/conseils\/wp-content\/uploads\/2024\/02\/acide-amine-2.jpg","width":1600,"height":900,"caption":"acide amine m\u00e9thionine"},{"@type":"WebPage","@id":"https:\/\/www.fitadium.com\/conseils\/acides-amines\/methionine\/#webpage","url":"https:\/\/www.fitadium.com\/conseils\/acides-amines\/methionine\/","name":"L'acide amin\u00e9 m\u00e9thionine : bienfaits, danger, utilit\u00e9","isPartOf":{"@id":"https:\/\/www.fitadium.com\/conseils\/#website"},"primaryImageOfPage":{"@id":"https:\/\/www.fitadium.com\/conseils\/acides-amines\/methionine\/#primaryimage"},"datePublished":"2024-02-01T14:26:41+00:00","dateModified":"2024-06-11T13:13:17+00:00","description":"Qu'est-ce que la m\u00e9thionine ? \u2605Quels sont les bienfaits et effets de la m\u00e9thionine ?\u2605Utilisation de la m\u00e9thionine en compl\u00e9ment alimentaire","breadcrumb":{"@id":"https:\/\/www.fitadium.com\/conseils\/acides-amines\/methionine\/#breadcrumb"},"inLanguage":"fr-FR","potentialAction":[{"@type":"ReadAction","target":["https:\/\/www.fitadium.com\/conseils\/acides-amines\/methionine\/"]}]},{"@type":"BreadcrumbList","@id":"https:\/\/www.fitadium.com\/conseils\/acides-amines\/methionine\/#breadcrumb","itemListElement":[{"@type":"ListItem","position":1,"name":"Home","item":"https:\/\/www.fitadium.com\/conseils\/"},{"@type":"ListItem","position":2,"name":"Les acides amin\u00e9s en musculation","item":"https:\/\/www.fitadium.com\/conseils\/acides-amines\/"},{"@type":"ListItem","position":3,"name":"La m\u00e9thionine, un acide amin\u00e9 essentiel"}]}]}},"featured_image_src":"https:\/\/www.fitadium.com\/conseils\/wp-content\/uploads\/2024\/02\/acide-amine-2-600x400.jpg","featured_image_src_square":"https:\/\/www.fitadium.com\/conseils\/wp-content\/uploads\/2024\/02\/acide-amine-2-600x600.jpg","_links":{"self":[{"href":"https:\/\/www.fitadium.com\/conseils\/wp-json\/wp\/v2\/pages\/58586","targetHints":{"allow":["GET"]}}],"collection":[{"href":"https:\/\/www.fitadium.com\/conseils\/wp-json\/wp\/v2\/pages"}],"about":[{"href":"https:\/\/www.fitadium.com\/conseils\/wp-json\/wp\/v2\/types\/page"}],"author":[{"embeddable":true,"href":"https:\/\/www.fitadium.com\/conseils\/wp-json\/wp\/v2\/users\/23"}],"replies":[{"embeddable":true,"href":"https:\/\/www.fitadium.com\/conseils\/wp-json\/wp\/v2\/comments?post=58586"}],"version-history":[{"count":6,"href":"https:\/\/www.fitadium.com\/conseils\/wp-json\/wp\/v2\/pages\/58586\/revisions"}],"predecessor-version":[{"id":59429,"href":"https:\/\/www.fitadium.com\/conseils\/wp-json\/wp\/v2\/pages\/58586\/revisions\/59429"}],"up":[{"embeddable":true,"href":"https:\/\/www.fitadium.com\/conseils\/wp-json\/wp\/v2\/pages\/58455"}],"wp:featuredmedia":[{"embeddable":true,"href":"https:\/\/www.fitadium.com\/conseils\/wp-json\/wp\/v2\/media\/58591"}],"wp:attachment":[{"href":"https:\/\/www.fitadium.com\/conseils\/wp-json\/wp\/v2\/media?parent=58586"}],"curies":[{"name":"wp","href":"https:\/\/api.w.org\/{rel}","templated":true}]}}