{"id":58607,"date":"2024-02-01T15:44:30","date_gmt":"2024-02-01T14:44:30","guid":{"rendered":"https:\/\/www.fitadium.com\/conseils\/?page_id=58607"},"modified":"2024-06-11T15:23:13","modified_gmt":"2024-06-11T13:23:13","slug":"glutamate","status":"publish","type":"page","link":"https:\/\/www.fitadium.com\/conseils\/acides-amines\/glutamate\/","title":{"rendered":"Tout savoir sur le glutamate (acide glutamique)"},"content":{"rendered":"\n<p>Le glutamate est la <strong>forme anionique de l&rsquo;acide glutamique<\/strong>. Rappelez-vous de vos cours de chimie, un anion est un atome qui aura gagn\u00e9 un ou plusieurs \u00e9lectron (e-), lui conf\u00e9rant une charge n\u00e9gative.<\/p>\n\n\n\n<blockquote class=\"wp-block-quote is-layout-flow wp-block-quote-is-layout-flow\"><p>Glutamate ou acide glutamique sont donc synonyme.<\/p><\/blockquote>\n\n\n\n<p>Sur le plan mol\u00e9culaire, il poss\u00e8de un seul groupe amine (NH2) associ\u00e9 \u00e0 deux groupes acides (COOH). Il agit sur le<strong> syst\u00e8me nerveux<\/strong>, sur la <strong>sant\u00e9 intestinale<\/strong>, la <strong>synth\u00e8se des prot\u00e9ines <\/strong>et la <strong>lib\u00e9ration d&rsquo;\u00e9nergie.<\/strong><\/p>\n\n\n\n<p>Sous forme de glutamate monosodique (E621), sa mauvaise r\u00e9putation pour la sant\u00e9 n&rsquo;est plus \u00e0 faire&#8230;<br><\/p>\n\n\n\n<h2 class=\"wp-block-heading\" id=\"def\">Qu&rsquo;est-ce que l&rsquo;acide amin\u00e9 glutamate ou acide glutamique ?<\/h2>\n\n\n\n<p><a href=\"https:\/\/www.fitadium.com\/conseils\/acides-amines\/semi-non-essentiels\/\"><strong>Acide amin\u00e9 non essentiel<\/strong><\/a>, l&rsquo;acide glutamique est apport\u00e9 par l&rsquo;alimentation m\u00eame s&rsquo;il peut \u00eatre synth\u00e9tis\u00e9 par conversion enzymatique. Naturellement, le glutamate est un <a href=\"https:\/\/www.fitadium.com\/3-bcaa-acides-amines-essentiels\">acide amin\u00e9<\/a> qui participe \u00e0 <strong>la synth\u00e8se des prot\u00e9ines<\/strong> de notre organisme.<\/p>\n\n\n\n<p>Le glutamate joue un r\u00f4le important dans<strong> la transmission de l&rsquo;influx nerveux<\/strong> dans le cerveau.\u00a0Dans cet organe, il peut \u00eatre synth\u00e9tis\u00e9 \u00e0 partir de la glutamine. Neurotransmetteur excitateur, le glutamate active le syst\u00e8me nerveux.<\/p>\n\n\n\n<p>Plus des deux tiers des transmissions synaptiques du syst\u00e8me nerveux sont d&rsquo;ailleurs repr\u00e9sent\u00e9s par le glutamate. Il est donc tr\u00e8s important pour le <strong>fonctionnement normal du syst\u00e8me nerveux<\/strong>.<br>&nbsp;<\/p>\n\n\n\n<h3 class=\"wp-block-heading\">La relation entre glutamate et GABA<\/h3>\n\n\n\n<p>La relation entre le <strong>glutamate et le GABA<\/strong> fait partie des m\u00e9canismes les plus fondamentaux du syst\u00e8me nerveux quant \u00e0 son fonctionnement quotidien par les neurotransmetteurs.<\/p>\n\n\n\n<blockquote class=\"wp-block-quote is-layout-flow wp-block-quote-is-layout-flow\"><p>Si le glutamate active le syst\u00e8me nerveux, le GABA au contraire l&rsquo;apaise et s&rsquo;y oppose.<\/p><\/blockquote>\n\n\n\n<p>Les effets du glutamate sont contrebalanc\u00e9s par le GABA, acide amin\u00e9 qui joue le r\u00f4le de neurotransmetteur inhibiteur principal.&nbsp;<\/p>\n\n\n\n<p>Ce denier est synth\u00e9tis\u00e9 par l&rsquo;acide glutamique lui-m\u00eame avec le support d&rsquo;une enzyme, (Glutamine &gt; Glutamate &gt; GABA), du magn\u00e9sium et de la vitamine B6.<\/p>\n\n\n\n<p>Le GABA est tout aussi important que l&rsquo;acide glutamique puisque <strong>le GABA favorise la synth\u00e8se des neurones <\/strong>et qu&rsquo;il<strong> r\u00e9gule l&rsquo;action du glutamate dans le cerveau<\/strong>.<\/p>\n\n\n\n<p>Quant au glutamate lui-m\u00eame, il entretient une relation avec <strong>les neurones \u00e0 dopamine<\/strong>. Une fois activ\u00e9, il permet la lib\u00e9ration de dopamine, un neurotransmetteur li\u00e9 \u00e0 la notion de plaisir et de \u00ab\u00a0r\u00e9compense\u00a0\u00bb.<\/p>\n\n\n\n<p>A l&rsquo;oppos\u00e9, si un neurone \u00e0 GABA est interconnect\u00e9 entre deux neurones, le glutamate activera ce neurone interm\u00e9diaire pour lib\u00e9rer du GABA. Dans ce cas, le glutamate pr\u00e9sentera<strong> une fonction inhibitrice sur le syst\u00e8me nerveux<\/strong>.&nbsp;<br><\/p>\n\n\n\n<h3 class=\"wp-block-heading\">Quels sont les signes d&rsquo;une carence en glutamate ?<\/h3>\n\n\n\n<p>En tant que r\u00e9gulateur du syst\u00e8me nerveux, le glutamate r\u00e9duit fortement<strong> les risques d&rsquo;insomnie ou de troubles du sommeil <\/strong>(pr\u00e9curseur du GABA).<\/p>\n\n\n\n<p>Une carence en glutamate pourrait vous rendre facilement<strong> irritable, agit\u00e9, anxieux ou stress\u00e9<\/strong> sans raison valable. L&rsquo;<strong>hyperactivit\u00e9<\/strong> est \u00e9galement li\u00e9e \u00e0 une carence en glutamate, le corps ne pouvant synth\u00e9tiser suffisamment de GABA.<\/p>\n\n\n\n<p>Ces sympt\u00f4mes pourraient \u00eatre li\u00e9s \u00e0 une pr\u00e9sence trop faible d&rsquo;acide glutamique dans votre r\u00e9gime alimentaire quotidien.<\/p>\n\n\n\n<p>Augmenter <strong>la part des prot\u00e9ines dans votre assiette<\/strong> pourrait d\u00e8s lors vous \u00e9viter de subir ces troubles nerveux. Evitez cependant de confondre l&rsquo;acide amin\u00e9 glutamate avec le glutamate monosodique (E621 ou GMS), ce qui ne ferait qu&rsquo;aggraver les troubles.&nbsp;<br><\/p>\n\n\n\n<h3 class=\"wp-block-heading\">Quels sont les aliments qui contiennent le plus de glutamate ?<\/h3>\n\n\n\n<p>De nombreux <strong>aliments d&rsquo;origine animale ou v\u00e9g\u00e9tale <\/strong>contiennent du glutamate.<\/p>\n\n\n\n<p>L\u00a0\u00bbacide glutamique est retrouv\u00e9 en abondance dans de nombreux <strong>aliments riches en prot\u00e9ines de source animale<\/strong> (viande de boeuf, lait, produits laitiers, fromages et parmesan en particulier&#8230;) ou v\u00e9g\u00e9tale (tomate, sauce soja&#8230;).<\/p>\n\n\n\n<p>Certains <strong>fruits ou l\u00e9gumes<\/strong> pourtant pauvres en acides amin\u00e9s, pr\u00e9sentent un taux \u00e9lev\u00e9 de glutamate. Par exemple, la tomate, le chou, le raisin ou les champignons contiennent une quantit\u00e9 significative d&rsquo;acide glutamique.<\/p>\n\n\n\n<p>Les <strong>sources v\u00e9g\u00e9tales de glutamate <\/strong>peuvent contenir jusqu&rsquo;\u00e0 40% du total en acides amin\u00e9s, contrairement aux sources animales de glutamate, expliquant leur pr\u00e9sence \u00e9lev\u00e9e dans certains v\u00e9g\u00e9taux.<br><\/p>\n\n\n\n<h3 class=\"wp-block-heading\">Glutamate ou aspartate ?<\/h3>\n\n\n\n<p>Le glutamate et <a href=\"https:\/\/www.fitadium.com\/conseils\/acides-amines\/acide-aspartique\/\">l&rsquo;aspartate<\/a> sont deux acides amin\u00e9s pr\u00e9sentant un r\u00f4le de neurotransmetteur. La glutamine est le pr\u00e9curseur du glutamate mais il peut \u00e9galement \u00eatre form\u00e9 \u00e0 partir de l&rsquo;aspartate. Tous deux jouent <strong>un r\u00f4le d&rsquo;excitant sur le plan neuronal<\/strong>.<br><\/p>\n\n\n\n<h2 class=\"wp-block-heading\" id=\"utilite\">Quel est l&rsquo;utilit\u00e9 du glutamate pour l&rsquo;organisme ?<\/h2>\n\n\n\n<h3 class=\"wp-block-heading\">Un r\u00f4le de neurotransmetteur essentiel pour le cerveau<\/h3>\n\n\n\n<p>En tant que neurotransmetteur, le glutamate joue un r\u00f4le actif sur <strong>les facult\u00e9s d&rsquo;apprentissage et de m\u00e9morisation<\/strong> ou<strong> la coordination des mouvements<\/strong>. Il intervient sur la r\u00e9gulation de la dopamine.<\/p>\n\n\n\n<p>Le glutamate est \u00e9galement responsable du<strong> d\u00e9veloppement c\u00e9r\u00e9bral chez l&rsquo;enfant<\/strong>, depuis le foetus, tout autant qu&rsquo;\u00e0 l&rsquo;\u00e2ge adulte.<br><\/p>\n\n\n\n<h3 class=\"wp-block-heading\">Glutamine et musculation<\/h3>\n\n\n\n<p>D\u00e9riv\u00e9 direct de l&rsquo;acide glutamique, la <strong><a href=\"https:\/\/www.fitadium.com\/431-glutamine\">glutamine en poudre<\/a> <\/strong>est un compl\u00e9ment alimentaire couramment suppl\u00e9ment\u00e9 par les bodybuilders.<\/p>\n\n\n<div class=\"columns-push-product\">\n  <div class=\"columns-push-product__body\">\n    \n\n<p class=\"has-large-font-size\"><\/p>\n\n\n  <\/div>\n  <div class=\"columns-push-product__product\">\n      <\/div>\n<\/div>\n\n\n\n<p>La glutamine est <strong>glucoformatrice<\/strong>, elle est donc ais\u00e9ment convertie en glucose puis en ATP ou en glycog\u00e8ne \u00e0 stocker. Ainsi, elle participe au <strong>maintien de l&rsquo;\u00e9nergie pendant l&rsquo;exercice<\/strong>.<\/p>\n\n\n\n<p>Notons surtout que la glutamine est largement utilis\u00e9e par les intestins pour son propre m\u00e9tabolisme. Ainsi, elle participe \u00e0 <strong>la sant\u00e9 intestinale,<\/strong> un organe n\u00e9cessaire \u00e0 la digestion optimale des nutriments, tout autant qu&rsquo;au maintien d&rsquo;un syst\u00e8me immunitaire sain.&nbsp;<br><\/p>\n\n\n\n<h2 class=\"wp-block-heading\" id=\"danger\">Danger du glutamate : diff\u00e9rence entre glutamate et glutamate monosodique (MSG)<\/h2>\n\n\n\n<h3 class=\"wp-block-heading\">Est-ce que le glutamate est bon pour la sant\u00e9 ?<\/h3>\n\n\n\n<p>Disons que la question est assez mal pos\u00e9e \u00e9tant donn\u00e9e que le glutamate est un acide amin\u00e9 qui participe \u00e0 la synth\u00e8se de nos propres prot\u00e9ines et donc, du maintien de la sant\u00e9.<\/p>\n\n\n\n<p>Cependant, une confusion g\u00e9n\u00e9rale existe entre le glutamate lui-m\u00eame et <strong>le glutamate monosodique (ou E621)<\/strong>.<br><\/p>\n\n\n\n<h3 class=\"wp-block-heading\">Le Glutamate monosodique (E621), c&rsquo;est quoi ?<\/h3>\n\n\n\n<p>Il s&rsquo;agit d&rsquo;un <strong>additif alimentaire<\/strong> dispensable, g\u00e9n\u00e9ralement utilis\u00e9 comme <strong>exhausteur de go\u00fbt<\/strong>.<\/p>\n\n\n\n<p>La cuisine asiatique a souvent recours \u00e0 cet additif. Ne confondez pas l&rsquo;acide amin\u00e9 lui-m\u00eame et le <strong>glutamate de sodium<\/strong> qui sont deux mol\u00e9cules totalement diff\u00e9rentes.<\/p>\n\n\n\n<p>L&rsquo;acide glutamique (ou glutamate) est meilleur pour la sant\u00e9 que vous pourriez le penser. En effet, il participe au <strong>cycle de l&rsquo;ur\u00e9e<\/strong> en se servant de l&rsquo;ammoniaque pour former de la L-Glutamine. Il participe donc indirectement \u00e0 <strong>la d\u00e9toxification de l&rsquo;organisme dans le foie<\/strong>. Actif dans le syst\u00e8me nerveux central, le glutamate neutralise aussi l&rsquo;ammoniac dans le cerveau, favorisant un fonctionnement sain sur le plan de<strong> la m\u00e9morisation<\/strong> et de<strong> l&rsquo;apprentissage sur le court et le long terme<\/strong>.&nbsp;<br><\/p>\n\n\n\n<h3 class=\"wp-block-heading\">L&rsquo;additif des aliments industriels<\/h3>\n\n\n\n<p>Le <strong>glutamate monosodique (E621)<\/strong>, souvent abr\u00e9g\u00e9 en <strong>GMS<\/strong>, est un additif alimentaire ajout\u00e9 \u00e0 certains <strong>aliments industriels<\/strong> pour leur donner du go\u00fbt, en particulier le go\u00fbt <em>amumi,<\/em> une saveur particuli\u00e8re qui vient s&rsquo;ajouter aux go\u00fbts classique du sal\u00e9, du sucr\u00e9 et de l&rsquo;amer ressentis chez l&rsquo;\u00eatre humain.<\/p>\n\n\n\n<p><strong>Substance non naturelle et addictive<\/strong>, l&rsquo;E621 ne doit pas \u00eatre confondu avec l&rsquo;acide amin\u00e9 glutamate qui, bien que non essentiel, doit \u00eatre apport\u00e9 par l&rsquo;alimentation quotidienne. Le glutamate de sodium fait partie des exhausteurs de go\u00fbt comme le glutamate (E620) qui peut aussi \u00eatre associ\u00e9 aux <strong>aliments ultra-transform\u00e9s<\/strong> en tant qu&rsquo;additif : plats asiatiques, sauces sojas, chips, m\u00e9langes d&rsquo;\u00e9pice, conserves de l\u00e9gumes&#8230;<\/p>\n\n\n\n<p>Le sel de sodium portera donc la d\u00e9signation E621 mais il existe des variantes avec le potassium (E622), le calcium (E623), l&rsquo;ammonium (E624) et le magn\u00e9sium (E625).&nbsp;<\/p>\n\n\n\n<p>Le GMS est un additif sujet \u00e0 controverse, notamment pour son influence pr\u00e9sum\u00e9e sur les <strong>maladies du syndrome m\u00e9tabolique<\/strong>. De fortes doses de glutamate monosodique entra\u00eeneraient<strong> une d\u00e9pendance \u00e0 la nourriture<\/strong> en vous faisant manger plus que n\u00e9cessaire tout en provoquant une disparition de la sati\u00e9t\u00e9 (3).<\/p>\n\n\n\n<p>Le <strong>risque de maladies cardiovasculaires, de diab\u00e8te et d&rsquo;ob\u00e9sit\u00e9<\/strong> pourrait donc \u00eatre aggrav\u00e9 par une alimentation industrielle trop fr\u00e9quente (fast food, p\u00e2tisseries industrielles, conserves de l\u00e9gumes&#8230;).&nbsp;<br><\/p>\n\n\n\n<h3 class=\"wp-block-heading\">Existe t-il une allergie au glutamate alimentaire? Le syndrome du restaurant chinois<\/h3>\n\n\n\n<p>Il existe une&nbsp;<strong>allergie au glutamate monosodique<\/strong>. Dans ce cas, nous parlons de&nbsp;<strong><em>syndrome du restaurant chinois<\/em><\/strong>.<\/p>\n\n\n\n<p>En effet, l&rsquo;ingestion en grande quantit\u00e9 de glutamate de sodium pourrait entra\u00eener l&rsquo;apparition de <strong>bouff\u00e9es de chaleur <\/strong>ou de<strong> plaques rouges<\/strong> sur le visage et sur le torse, voire <strong>des naus\u00e9es<\/strong>, un <strong>mal de t\u00eate<\/strong> ou des <strong>palpitations cardiaques<\/strong>.<br><\/p>\n\n\n\n<h3 class=\"wp-block-heading\">Pourquoi le glutamate de sodium est-il consid\u00e9r\u00e9 comme dangereux ?<\/h3>\n\n\n\n<p>Sans rapport direct avec l&rsquo;acide amin\u00e9 glutamate, l&rsquo;exhausteur de go\u00fbt glutamate monosodique (E621) pourrait cr\u00e9er <strong>une d\u00e9pendance en agissant directement sur le syst\u00e8me nerveux central<\/strong>.<\/p>\n\n\n\n<p>En quelque sorte, le cerveau devient <strong>d\u00e9pendant de l&rsquo;umami <\/strong>qu&rsquo;il consid\u00e8re comme un nouveau go\u00fbt particuli\u00e8rement agr\u00e9able, un peu comme les personnes qui pr\u00e9sentent une forte addiction pour les aliments sucr\u00e9s.<\/p>\n\n\n\n<p>Le glutamate de sodium, en plus de son c\u00f4t\u00e9 addictif, pourrait engendrer diff\u00e9rents t<strong>roubles de sant\u00e9<\/strong>. S&rsquo;il peut causer des <strong>troubles du sommeil<\/strong>, des <strong>maux de t\u00eate ou de l&rsquo;agressivit\u00e9<\/strong>, il pourrait causer des <strong>effets neurotoxiques<\/strong> en perturbant le fonctionnement normal du syst\u00e8me nerveux.<\/p>\n\n\n\n<p>Les \u00e9tudes scientifiques soup\u00e7onnent un risque augment\u00e9 sur le d\u00e9veloppement de la maladie de Parkinson, maladie d&rsquo;Alzheimer, crises d&rsquo;\u00e9pilepsie ou encore de la scl\u00e9rose en plaque (1). Cependant, aucune de ces \u00e9tudes n&rsquo;a pu \u00e9tablir de lien entre les <strong>maladies neurod\u00e9g\u00e9n\u00e9ratives<\/strong> et le glutamate de sodium sur le long terme mais dans le doute&#8230;<\/p>\n\n\n\n<p>Autres dangers&nbsp;probables pour la sant\u00e9, les chercheurs pensent que le glutamate monosodique a tendance \u00e0 augmenter <strong>la s\u00e9cr\u00e9tion d&rsquo;insuline<\/strong>, favorisant les risques de diab\u00e8te de type 2 avec le temps (2). Il pr\u00e9senterait aussi un effet n\u00e9gatif sur la ghr\u00e9line, l&rsquo;hormone de la faim, de l&rsquo;app\u00e9tit et de la sati\u00e9t\u00e9 (3). Test\u00e9 sur des rats, les \u00e9tudes montrent que le E621 r\u00e9duirait aussi la sensibilit\u00e9 \u00e0 la leptine, une hormone r\u00e9gulatrice du stockage des graisses dans le corps.&nbsp;<br><\/p>\n\n\n\n<p><strong>R\u00e9f\u00e9rences bibliographiques<\/strong><\/p>\n\n\n\n<p>1 &#8211; Chakraborty SP.&nbsp;<em>Patho-physiological and toxicological aspects of monosodium glutamate,&nbsp;<\/em>Toxicol Mech Methods. 2019 Jul;29(6):389-396.<\/p>\n\n\n\n<p>2 &#8211; El Tabbal J. <em>Monosodium glutamate in a type 2 diabetes context: A large scoping review<\/em>,&nbsp;Regul Toxicol Pharmacol. 2022 Aug;133:105223.<\/p>\n\n\n\n<p>3 &#8211; Rogers PJ, Blundell JE.&nbsp;<em>Umami and appetite: effects of monosodium glutamate on hunger and food intake in human subjects,&nbsp;<\/em>Physiol Behav. 1990 Dec;48(6):801-4.<\/p>\n","protected":false},"excerpt":{"rendered":"<p>Le glutamate est la forme anionique de l&rsquo;acide glutamique. Rappelez-vous de vos cours de chimie, un anion est un atome qui aura gagn\u00e9 un ou plusieurs \u00e9lectron (e-), lui conf\u00e9rant une charge n\u00e9gative. Glutamate ou acide glutamique sont donc synonyme. Sur le plan mol\u00e9culaire, il poss\u00e8de un seul groupe amine (NH2) associ\u00e9 \u00e0 deux groupes [&hellip;]<\/p>\n","protected":false},"author":32,"featured_media":58608,"parent":58455,"menu_order":0,"comment_status":"closed","ping_status":"closed","template":"template-cocon.php","meta":{"footnotes":""},"class_list":null,"yoast_head":"<!-- This site is optimized with the Yoast SEO plugin v17.1 - https:\/\/yoast.com\/wordpress\/plugins\/seo\/ -->\n<title>L&#039;acide glutamique (glutamate) : bienfaits, danger, aliments, utilit\u00e9<\/title>\n<meta name=\"description\" content=\"Qu&#039;est-ce que l&#039;acide amin\u00e9 glutamate ou acide glutamique ? \u2605Quel est l&#039;utilit\u00e9 pour l&#039;organisme ? \u2605Danger du glutamate monosodique (MSG)\" \/>\n<meta name=\"robots\" content=\"index, follow, max-snippet:-1, max-image-preview:large, max-video-preview:-1\" \/>\n<link rel=\"canonical\" href=\"https:\/\/www.fitadium.com\/conseils\/acides-amines\/glutamate\/\" \/>\n<meta property=\"og:locale\" content=\"fr_FR\" \/>\n<meta property=\"og:type\" content=\"article\" \/>\n<meta property=\"og:title\" content=\"L&#039;acide glutamique (glutamate) : bienfaits, danger, aliments, utilit\u00e9\" \/>\n<meta property=\"og:description\" content=\"Qu&#039;est-ce que l&#039;acide amin\u00e9 glutamate ou acide glutamique ? \u2605Quel est l&#039;utilit\u00e9 pour l&#039;organisme ? \u2605Danger du glutamate monosodique (MSG)\" \/>\n<meta property=\"og:url\" content=\"https:\/\/www.fitadium.com\/conseils\/acides-amines\/glutamate\/\" \/>\n<meta property=\"og:site_name\" content=\"Fitadium\" \/>\n<meta property=\"article:publisher\" content=\"https:\/\/www.facebook.com\/fitadium.musculation\" \/>\n<meta property=\"article:modified_time\" content=\"2024-06-11T13:23:13+00:00\" \/>\n<meta property=\"og:image\" content=\"https:\/\/www.fitadium.com\/conseils\/wp-content\/uploads\/2024\/02\/acide-amine-4.jpg\" \/>\n\t<meta property=\"og:image:width\" content=\"1600\" \/>\n\t<meta property=\"og:image:height\" content=\"900\" \/>\n<script type=\"application\/ld+json\" class=\"yoast-schema-graph\">{\"@context\":\"https:\/\/schema.org\",\"@graph\":[{\"@type\":\"Organization\",\"@id\":\"https:\/\/www.fitadium.com\/conseils\/#organization\",\"name\":\"FITADIUM\",\"url\":\"https:\/\/www.fitadium.com\/conseils\/\",\"sameAs\":[\"https:\/\/www.facebook.com\/fitadium.musculation\"],\"logo\":{\"@type\":\"ImageObject\",\"@id\":\"https:\/\/www.fitadium.com\/conseils\/#logo\",\"inLanguage\":\"fr-FR\",\"url\":\"https:\/\/www.fitadium.com\/conseils\/wp-content\/uploads\/2013\/08\/mobypicture.jpg\",\"contentUrl\":\"https:\/\/www.fitadium.com\/conseils\/wp-content\/uploads\/2013\/08\/mobypicture.jpg\",\"width\":510,\"height\":600,\"caption\":\"FITADIUM\"},\"image\":{\"@id\":\"https:\/\/www.fitadium.com\/conseils\/#logo\"}},{\"@type\":\"WebSite\",\"@id\":\"https:\/\/www.fitadium.com\/conseils\/#website\",\"url\":\"https:\/\/www.fitadium.com\/conseils\/\",\"name\":\"Fitadium\",\"description\":\"Toute l&#039;actualit\\u00e9 de la musculation et du fitness\",\"publisher\":{\"@id\":\"https:\/\/www.fitadium.com\/conseils\/#organization\"},\"potentialAction\":[{\"@type\":\"SearchAction\",\"target\":{\"@type\":\"EntryPoint\",\"urlTemplate\":\"https:\/\/www.fitadium.com\/conseils\/?s={search_term_string}\"},\"query-input\":\"required name=search_term_string\"}],\"inLanguage\":\"fr-FR\"},{\"@type\":\"ImageObject\",\"@id\":\"https:\/\/www.fitadium.com\/conseils\/acides-amines\/glutamate\/#primaryimage\",\"inLanguage\":\"fr-FR\",\"url\":\"https:\/\/www.fitadium.com\/conseils\/wp-content\/uploads\/2024\/02\/acide-amine-4.jpg\",\"contentUrl\":\"https:\/\/www.fitadium.com\/conseils\/wp-content\/uploads\/2024\/02\/acide-amine-4.jpg\",\"width\":1600,\"height\":900,\"caption\":\"glutamate et acide glutamique\"},{\"@type\":\"WebPage\",\"@id\":\"https:\/\/www.fitadium.com\/conseils\/acides-amines\/glutamate\/#webpage\",\"url\":\"https:\/\/www.fitadium.com\/conseils\/acides-amines\/glutamate\/\",\"name\":\"L'acide glutamique (glutamate) : bienfaits, danger, aliments, utilit\\u00e9\",\"isPartOf\":{\"@id\":\"https:\/\/www.fitadium.com\/conseils\/#website\"},\"primaryImageOfPage\":{\"@id\":\"https:\/\/www.fitadium.com\/conseils\/acides-amines\/glutamate\/#primaryimage\"},\"datePublished\":\"2024-02-01T14:44:30+00:00\",\"dateModified\":\"2024-06-11T13:23:13+00:00\",\"description\":\"Qu'est-ce que l'acide amin\\u00e9 glutamate ou acide glutamique ? \\u2605Quel est l'utilit\\u00e9 pour l'organisme ? \\u2605Danger du glutamate monosodique (MSG)\",\"breadcrumb\":{\"@id\":\"https:\/\/www.fitadium.com\/conseils\/acides-amines\/glutamate\/#breadcrumb\"},\"inLanguage\":\"fr-FR\",\"potentialAction\":[{\"@type\":\"ReadAction\",\"target\":[\"https:\/\/www.fitadium.com\/conseils\/acides-amines\/glutamate\/\"]}]},{\"@type\":\"BreadcrumbList\",\"@id\":\"https:\/\/www.fitadium.com\/conseils\/acides-amines\/glutamate\/#breadcrumb\",\"itemListElement\":[{\"@type\":\"ListItem\",\"position\":1,\"name\":\"Home\",\"item\":\"https:\/\/www.fitadium.com\/conseils\/\"},{\"@type\":\"ListItem\",\"position\":2,\"name\":\"Les acides amin\\u00e9s en musculation\",\"item\":\"https:\/\/www.fitadium.com\/conseils\/acides-amines\/\"},{\"@type\":\"ListItem\",\"position\":3,\"name\":\"Tout savoir sur le glutamate (acide glutamique)\"}]}]}<\/script>\n<!-- \/ Yoast SEO plugin. -->","yoast_head_json":{"title":"L'acide glutamique (glutamate) : bienfaits, danger, aliments, utilit\u00e9","description":"Qu'est-ce que l'acide amin\u00e9 glutamate ou acide glutamique ? \u2605Quel est l'utilit\u00e9 pour l'organisme ? \u2605Danger du glutamate monosodique (MSG)","robots":{"index":"index","follow":"follow","max-snippet":"max-snippet:-1","max-image-preview":"max-image-preview:large","max-video-preview":"max-video-preview:-1"},"canonical":"https:\/\/www.fitadium.com\/conseils\/acides-amines\/glutamate\/","og_locale":"fr_FR","og_type":"article","og_title":"L'acide glutamique (glutamate) : bienfaits, danger, aliments, utilit\u00e9","og_description":"Qu'est-ce que l'acide amin\u00e9 glutamate ou acide glutamique ? \u2605Quel est l'utilit\u00e9 pour l'organisme ? \u2605Danger du glutamate monosodique (MSG)","og_url":"https:\/\/www.fitadium.com\/conseils\/acides-amines\/glutamate\/","og_site_name":"Fitadium","article_publisher":"https:\/\/www.facebook.com\/fitadium.musculation","article_modified_time":"2024-06-11T13:23:13+00:00","og_image":[{"width":1600,"height":900,"url":"https:\/\/www.fitadium.com\/conseils\/wp-content\/uploads\/2024\/02\/acide-amine-4.jpg","path":"\/home\/www\/fitadium\/www\/conseils\/wp-content\/uploads\/2024\/02\/acide-amine-4.jpg","size":"full","id":58608,"alt":"glutamate et acide glutamique","pixels":1440000,"type":"image\/jpeg"}],"schema":{"@context":"https:\/\/schema.org","@graph":[{"@type":"Organization","@id":"https:\/\/www.fitadium.com\/conseils\/#organization","name":"FITADIUM","url":"https:\/\/www.fitadium.com\/conseils\/","sameAs":["https:\/\/www.facebook.com\/fitadium.musculation"],"logo":{"@type":"ImageObject","@id":"https:\/\/www.fitadium.com\/conseils\/#logo","inLanguage":"fr-FR","url":"https:\/\/www.fitadium.com\/conseils\/wp-content\/uploads\/2013\/08\/mobypicture.jpg","contentUrl":"https:\/\/www.fitadium.com\/conseils\/wp-content\/uploads\/2013\/08\/mobypicture.jpg","width":510,"height":600,"caption":"FITADIUM"},"image":{"@id":"https:\/\/www.fitadium.com\/conseils\/#logo"}},{"@type":"WebSite","@id":"https:\/\/www.fitadium.com\/conseils\/#website","url":"https:\/\/www.fitadium.com\/conseils\/","name":"Fitadium","description":"Toute l&#039;actualit\u00e9 de la musculation et du fitness","publisher":{"@id":"https:\/\/www.fitadium.com\/conseils\/#organization"},"potentialAction":[{"@type":"SearchAction","target":{"@type":"EntryPoint","urlTemplate":"https:\/\/www.fitadium.com\/conseils\/?s={search_term_string}"},"query-input":"required name=search_term_string"}],"inLanguage":"fr-FR"},{"@type":"ImageObject","@id":"https:\/\/www.fitadium.com\/conseils\/acides-amines\/glutamate\/#primaryimage","inLanguage":"fr-FR","url":"https:\/\/www.fitadium.com\/conseils\/wp-content\/uploads\/2024\/02\/acide-amine-4.jpg","contentUrl":"https:\/\/www.fitadium.com\/conseils\/wp-content\/uploads\/2024\/02\/acide-amine-4.jpg","width":1600,"height":900,"caption":"glutamate et acide glutamique"},{"@type":"WebPage","@id":"https:\/\/www.fitadium.com\/conseils\/acides-amines\/glutamate\/#webpage","url":"https:\/\/www.fitadium.com\/conseils\/acides-amines\/glutamate\/","name":"L'acide glutamique (glutamate) : bienfaits, danger, aliments, utilit\u00e9","isPartOf":{"@id":"https:\/\/www.fitadium.com\/conseils\/#website"},"primaryImageOfPage":{"@id":"https:\/\/www.fitadium.com\/conseils\/acides-amines\/glutamate\/#primaryimage"},"datePublished":"2024-02-01T14:44:30+00:00","dateModified":"2024-06-11T13:23:13+00:00","description":"Qu'est-ce que l'acide amin\u00e9 glutamate ou acide glutamique ? \u2605Quel est l'utilit\u00e9 pour l'organisme ? \u2605Danger du glutamate monosodique (MSG)","breadcrumb":{"@id":"https:\/\/www.fitadium.com\/conseils\/acides-amines\/glutamate\/#breadcrumb"},"inLanguage":"fr-FR","potentialAction":[{"@type":"ReadAction","target":["https:\/\/www.fitadium.com\/conseils\/acides-amines\/glutamate\/"]}]},{"@type":"BreadcrumbList","@id":"https:\/\/www.fitadium.com\/conseils\/acides-amines\/glutamate\/#breadcrumb","itemListElement":[{"@type":"ListItem","position":1,"name":"Home","item":"https:\/\/www.fitadium.com\/conseils\/"},{"@type":"ListItem","position":2,"name":"Les acides amin\u00e9s en musculation","item":"https:\/\/www.fitadium.com\/conseils\/acides-amines\/"},{"@type":"ListItem","position":3,"name":"Tout savoir sur le glutamate (acide glutamique)"}]}]}},"featured_image_src":"https:\/\/www.fitadium.com\/conseils\/wp-content\/uploads\/2024\/02\/acide-amine-4-600x400.jpg","featured_image_src_square":"https:\/\/www.fitadium.com\/conseils\/wp-content\/uploads\/2024\/02\/acide-amine-4-600x600.jpg","_links":{"self":[{"href":"https:\/\/www.fitadium.com\/conseils\/wp-json\/wp\/v2\/pages\/58607","targetHints":{"allow":["GET"]}}],"collection":[{"href":"https:\/\/www.fitadium.com\/conseils\/wp-json\/wp\/v2\/pages"}],"about":[{"href":"https:\/\/www.fitadium.com\/conseils\/wp-json\/wp\/v2\/types\/page"}],"author":[{"embeddable":true,"href":"https:\/\/www.fitadium.com\/conseils\/wp-json\/wp\/v2\/users\/32"}],"replies":[{"embeddable":true,"href":"https:\/\/www.fitadium.com\/conseils\/wp-json\/wp\/v2\/comments?post=58607"}],"version-history":[{"count":6,"href":"https:\/\/www.fitadium.com\/conseils\/wp-json\/wp\/v2\/pages\/58607\/revisions"}],"predecessor-version":[{"id":59433,"href":"https:\/\/www.fitadium.com\/conseils\/wp-json\/wp\/v2\/pages\/58607\/revisions\/59433"}],"up":[{"embeddable":true,"href":"https:\/\/www.fitadium.com\/conseils\/wp-json\/wp\/v2\/pages\/58455"}],"wp:featuredmedia":[{"embeddable":true,"href":"https:\/\/www.fitadium.com\/conseils\/wp-json\/wp\/v2\/media\/58608"}],"wp:attachment":[{"href":"https:\/\/www.fitadium.com\/conseils\/wp-json\/wp\/v2\/media?parent=58607"}],"curies":[{"name":"wp","href":"https:\/\/api.w.org\/{rel}","templated":true}]}}