{"id":58614,"date":"2024-02-01T16:01:49","date_gmt":"2024-02-01T15:01:49","guid":{"rendered":"https:\/\/www.fitadium.com\/conseils\/?page_id=58614"},"modified":"2025-09-30T12:18:02","modified_gmt":"2025-09-30T10:18:02","slug":"jour-repos-sans-sport","status":"publish","type":"page","link":"https:\/\/www.fitadium.com\/conseils\/acides-amines\/bcaa\/jour-repos-sans-sport\/","title":{"rendered":"Est-il utile de prendre des BCAA les jours de repos sans sport ?"},"content":{"rendered":"\n<p>C\u2019est g\u00e9n\u00e9ralement <strong>autour d\u2019une bonne s\u00e9ance de musculation <\/strong>que <a href=\"https:\/\/www.fitadium.com\/430-bcaa\">les BCAA<\/a> trouvent le plus d&rsquo;utilisateurs, ayant d\u00e9montr\u00e9 leur int\u00e9r\u00eat pour la performance, la r\u00e9cup\u00e9ration et le d\u00e9veloppement musculaire.<\/p>\n\n\n\n<p>Mais on oublie souvent que la r\u00e9cup\u00e9ration est une phase essentielle \u00e0 la conversion des efforts r\u00e9alis\u00e9s en r\u00e9sultats visibles, d\u2019o\u00f9 le fait qu\u2019int\u00e9grer des BCAA les jours de repos pourrait aussi donner <strong>un coup de boost \u00e0 l\u2019atteinte de vos objectifs<\/strong>. C\u2019est ce qu\u2019on vous propose d\u2019\u00e9tudier dans cet article ! &nbsp;&nbsp;<br><\/p>\n\n\n\n<h2 id=\"def\">Qu&rsquo;est-ce que les BCAA ?<\/h2>\n\n\n\n<p>BCAA (Branched &nbsp;Chain Amino Acids, acides amin\u00e9s \u00e0 cha\u00eene ramifi\u00e9e) C&rsquo;est le nom donn\u00e9 \u00e0 la <strong>combinaison de trois <a href=\"https:\/\/www.fitadium.com\/613-eaa\">acides amin\u00e9s essentiels<\/a><\/strong> &#8211; la leucine, l&rsquo;isoleucine et la valine &#8211; ayant pour point commun d&rsquo;\u00eatre essentiels et \u00ab\u00a0ramifi\u00e9s\u00a0\u00bb.&nbsp;<\/p>\n\n\n\n<p>Sous forme de compl\u00e9ment alimentaire, les BCAA connaissent de nombreux utilisateurs chez les <strong>sportifs et pratiquants de musculation<\/strong> en particulier, puisqu&rsquo;une suppl\u00e9mentation adapt\u00e9e a d\u00e9j\u00e0 montr\u00e9 des <strong>b\u00e9n\u00e9fices pour la r\u00e9cup\u00e9ration<\/strong>, <strong>la croissance musculaire<\/strong> et<strong> l&rsquo;am\u00e9lioration des performances pendant l&rsquo;effort<\/strong>.<\/p>\n\n\n\n<p>Ces trois acides amin\u00e9s essentiels constituent, \u00e0 eux seuls, <strong>35% des acides amin\u00e9s qui composent les prot\u00e9ines des muscles<\/strong>.&nbsp;<br><\/p>\n\n\n\n<h2 id=\"muscu\">Pourquoi prendre des BCAA en musculation ?<\/h2>\n\n\n\n<p>Si les <a href=\"https:\/\/www.fitadium.com\/conseils\/acides-amines\/bcaa\/utilite-musculation\/\">BCAA trouvent autant d&rsquo;utilisateurs chez les pratiquants de musculation<\/a>, c&rsquo;est qu&rsquo;une suppl\u00e9mentation adapt\u00e9e contribue premi\u00e8rement \u00e0 une <strong>meilleure r\u00e9cup\u00e9ration musculaire<\/strong>.&nbsp;<br><\/p>\n\n\n\n<h3>R\u00e9cup\u00e9ration apr\u00e8s l&rsquo;entrainement et anabolisme<\/h3>\n\n\n\n<p>Leur \u00e9l\u00e9ment cl\u00e9, la leucine, est en effet initiatrice de la synth\u00e8se prot\u00e9ique qui, elle-m\u00eame, permet la <strong>r\u00e9paration des tissus musculaires endommag\u00e9s par l&rsquo;effort<\/strong> par la production de nouvelles prot\u00e9ines (dont sont compos\u00e9s les tissus).&nbsp;<\/p>\n\n\n\n<p>En favorisant ainsi <strong>l&rsquo;anabolisme<\/strong>, les BCAA auront aussi un int\u00e9r\u00eat majeur pour <strong>le d\u00e9veloppement de la masse musculaire<\/strong>, qui n&rsquo;est possible que dans le cas o\u00f9 la production de prot\u00e9ines est sup\u00e9rieure \u00e0 leur d\u00e9gradation (catabolisme).&nbsp;<br><\/p>\n\n\n\n<h3>Une source d&rsquo;\u00e9nergie pendant l&rsquo;entra\u00eenement<\/h3>\n\n\n\n<p>Enfin, pendant l\u2019effort, les BCAA constituent <strong>une source d\u2019\u00e9nergie rapidement disponible<\/strong> du fait de leur haute digestibilit\u00e9, tout en contribuant \u00e0 <strong>am\u00e9liorer l\u2019absorption du glucose<\/strong> par les cellules musculaires et en r\u00e9duisant la fatigue per\u00e7ue (en inhibant les neurotransmetteurs \u00e0 l&rsquo;origine de la sensation de fatigue).<br><br>\u27a1\ufe0f Int\u00e9ress\u00e9 pour tester les BCAA ? tu peux trouver <a href=\"https:\/\/www.fitadium.com\/conseils\/acides-amines\/bcaa\/meilleur-bcaa\/\">les meilleures r\u00e9f\u00e9rences de BCAA dans notre comparatif<\/a>.<\/p>\n\n\n\n<h2 id=\"repos\">Faut-il prendre les BCAA les jours de repos sans sport ?<\/h2>\n\n\n\n<h3>L&rsquo;importance du jour de repos en musculation : le \u00ab\u00a0Rest day\u00a0\u00bb<\/h3>\n\n\n\n<p>C&rsquo;est lors de la <strong>phase de r\u00e9cup\u00e9ration<\/strong> que l&rsquo;organisme proc\u00e8de \u00e0 la r\u00e9paration des tissus endommag\u00e9s par un effort musculaire, r\u00e9paration dont la finalit\u00e9 est de rendre le tissu plus fort et r\u00e9sistant, afin de faire face \u00e0 un m\u00eame stress plus efficacement.<\/p>\n\n\n\n<p>Cette compensation porte un nom : c&rsquo;est <strong>l&rsquo;hypertrophie<\/strong>, soit le d\u00e9veloppement musculaire. Or, une mauvaise r\u00e9cup\u00e9ration, en plus d&rsquo;augmenter le risque de blessure, ralentira notoirement le processus de d\u00e9veloppement musculaire.&nbsp;<br><\/p>\n\n\n\n<h4>Mais qu&rsquo;est-ce qu&rsquo;une bonne r\u00e9cup\u00e9ration ?&nbsp;<\/h4>\n\n\n\n<p>Une bonne r\u00e9cup\u00e9ration correspond \u00e0 <strong>une absence d&rsquo;exercice physique intense<\/strong>, sur une <strong>p\u00e9riode de plusieurs jours<\/strong> (selon le niveau de pratique), un sommeil suffisant et de qualit\u00e9, ainsi qu&rsquo;une alimentation vari\u00e9e, \u00e9quilibr\u00e9e et suffisante, qui fait la part belle aux prot\u00e9ines de qualit\u00e9.&nbsp;<\/p>\n\n\n\n<p>Leur composantes &#8211; les acides amin\u00e9s essentiels &#8211; seront en premi\u00e8re ligne pour la r\u00e9paration des tissus, eux-m\u00eames compos\u00e9s de prot\u00e9ines.&nbsp;<br><br><\/p>\n\n\n\n<h3>Les besoins caloriques les jours de repos<\/h3>\n\n\n\n<p>Les jours de repos, les besoins caloriques ne devront pas n\u00e9cessairement \u00eatre revus \u00e0 la hausse.<\/p>\n\n\n\n<p>Le tout consiste \u00e0 respecter vos apports en nutriments via l&rsquo;alimentation solide :<\/p>\n\n\n\n<ol><li>Apporter suffisamment de <strong>prot\u00e9ines<\/strong>, soit<strong> 1,6 \u00e0 2,2 g par kg de poids de corps <\/strong>et par jour pour une prise de muscles, et ce, de mani\u00e8re constante (r\u00e9partir les apports)<\/li><li>Apporter suffisamment de <strong>glucides et de calories<\/strong> par rapport \u00e0 un m\u00e9tabolisme de base peut-\u00eatre en l\u00e9g\u00e8re hausse en comparaison \u00e0 un jour de repos sans r\u00e9cup\u00e9ration, mais moins important que les jours d&rsquo;entra\u00eenement<\/li><li>Assurer un bon apport en <strong>micronutriments<\/strong> : vitamines, min\u00e9raux, oligo\u00e9l\u00e9ments et antioxydants. Les fruits et l\u00e9gumes frais seront votre meilleur alli\u00e9 dans ce cadre !<\/li><\/ol>\n\n\n\n<p>Dernier point, qui n&rsquo;est pas des moindres : <strong>hydratez-vous suffisamment<\/strong>.<br><br><\/p>\n\n\n\n<h3>Les bienfaits des BCAA pour aider la r\u00e9cup\u00e9ration musculaire<\/h3>\n\n\n\n<p>Les BCAA, en plus de constituer une source int\u00e9ressante d&rsquo;acides amin\u00e9s essentiels et notamment de <a href=\"https:\/\/www.fitadium.com\/conseils\/acides-amines\/leucine\/\">leucine<\/a> (essentielle \u00e0 la r\u00e9cup\u00e9ration et l&rsquo;anabolisme), ont pour avantage d&rsquo;assurer une certaine continuit\u00e9 dans les apports journaliers.<\/p>\n\n\n\n<p>G\u00e9n\u00e9ralement pr\u00e9sent\u00e9s sous forme de <strong>poudre \u00e0 diluer<\/strong>, ils peuvent \u00eatre d\u00e9gust\u00e9s sous forme de boisson d\u00e9salt\u00e9rante et fruit\u00e9e au cours d&rsquo;une journ\u00e9e, entre les repas et avant le coucher par exemple.<\/p>\n\n\n<div class=\"columns-push-product\">\n  <div class=\"columns-push-product__body\">\n    \n\n<p class=\"has-large-font-size\"><\/p>\n\n\n  <\/div>\n  <div class=\"columns-push-product__product\">\n    <div class=\"product\" GTM-data-id=\"2127\" GTM-data-nom=\"BCAA HARDCORE (360g)\">\n  <div class=\"product__img\" style=\"width: -webkit-fill-available;\">\n    <a href=\"https:\/\/www.fitadium.com\/2127-bcaa-hardcore-360g.html#\/779-gout-tutti_frutti\" class=\"product__image_lnk GTM_blog_product\" >\n      <img src=\"https:\/\/www.fitadium.com\/31817-fit_540\/bcaa-hardcore-360g.jpg\" alt=\"\" class=\"product__image lazyload\">\n    <\/a>\n  <\/div>\n  <div class=\"product__body\">\n        <div class=\"product__brand\">Superset Nutrition<\/div>\n    <a class=\"product__name GTM_blog_product\" href=\"https:\/\/www.fitadium.com\/2127-bcaa-hardcore-360g.html#\/779-gout-tutti_frutti\" title=\"BCAA HARDCORE (360g)\">\n      BCAA HARDCORE (360g)\n    <\/a>\n          <span class=\"product__price\">39.9 \u20ac<\/span>\n            <div class=\"product__excerpt\">Pourquoi choisir le BCAA HARDCORE (360g) ? Le BCAA Hardcore\u2026<\/div>\n            <div><a class=\"product__cta GTM_blog_product\" href=\"https:\/\/www.fitadium.com\/2127-bcaa-hardcore-360g.html#\/779-gout-tutti_frutti\" title=\"BCAA HARDCORE (360g)\">Voir le produit<\/a><\/div>\n  <\/div>\n<\/div>\n  <\/div>\n<\/div>\n\n\n\n<p>Les formats <strong>g\u00e9lules et comprim\u00e9s<\/strong> se pr\u00eatent aussi \u00e0 une utilisation fractionn\u00e9e, notamment lors de d\u00e9placements.&nbsp;&nbsp;<\/p>\n\n\n<div class=\"columns-push-product\">\n  <div class=\"columns-push-product__body\">\n    \n\n<p class=\"has-large-font-size\"><\/p>\n\n\n  <\/div>\n  <div class=\"columns-push-product__product\">\n    <div class=\"product\" GTM-data-id=\"1975\" GTM-data-nom=\"BCAA XTREME (252 caps)\">\n  <div class=\"product__img\" style=\"width: -webkit-fill-available;\">\n    <a href=\"https:\/\/www.fitadium.com\/1975-bcaa-xtreme-252-caps.html\" class=\"product__image_lnk GTM_blog_product\" >\n      <img src=\"https:\/\/www.fitadium.com\/26365-fit_540\/bcaa-xtreme-252-caps.jpg\" alt=\"\" class=\"product__image lazyload\">\n    <\/a>\n  <\/div>\n  <div class=\"product__body\">\n        <div class=\"product__brand\">Superset Nutrition<\/div>\n    <a class=\"product__name GTM_blog_product\" href=\"https:\/\/www.fitadium.com\/1975-bcaa-xtreme-252-caps.html\" title=\"BCAA XTREME (252 caps)\">\n      BCAA XTREME (252 caps)\n    <\/a>\n          <span class=\"product__price\">26.9 \u20ac<\/span>\n      <span class=\"product__price_old\">29.9 \u20ac<\/span>\n            <div class=\"product__excerpt\">Qu\u2019est-ce que le BCAA XTREME (252 CAPS) ? Les BCAA\u2026<\/div>\n            <div><a class=\"product__cta GTM_blog_product\" href=\"https:\/\/www.fitadium.com\/1975-bcaa-xtreme-252-caps.html\" title=\"BCAA XTREME (252 caps)\">Voir le produit<\/a><\/div>\n  <\/div>\n<\/div>\n  <\/div>\n<\/div>\n\n\n\n<h2 id=\"posologie\">Comment prendre des BCAA les jours de repos ?<\/h2>\n\n\n\n<p>Avant tout, il faut savoir qu\u2019un <strong>apport \u00e9lev\u00e9 en prot\u00e9ines de qualit\u00e9 <\/strong>(riches en acides amin\u00e9s essentiels) aura de quoi fournir l\u2019organisme en acides amin\u00e9s essentiels sur une p\u00e9riode de <strong>5 \u00e0 6 heures<\/strong>. Au-del\u00e0 de ce d\u00e9lai, les stocks risquent d\u2019\u00eatre maigres.<\/p>\n\n\n\n<p>En partant du principe qu\u2019un apport de prot\u00e9ines de qualit\u00e9 est assur\u00e9 \u00e0 chaque repas de la journ\u00e9e (petit-d\u00e9jeuner, d\u00e9jeuner et d\u00eener), les BCAA pourraient \u00eatre incorpor\u00e9s <strong>entre ces repas<\/strong>, ou simplement entre le d\u00e9jeuner et le d\u00eener, la fen\u00eatre de temps \u00e9tant plus importante.<\/p>\n\n\n\n<p>Ici, l\u2019id\u00e9e est d\u2019optimiser les stocks d\u2019acides amin\u00e9s pour maintenir l\u2019organisme en anabolisme et, au final, assurer<strong> une bonne r\u00e9cup\u00e9ration<\/strong>.<\/p>\n\n\n\n<p>Faites simplement en sorte d\u2019assurer une continuit\u00e9 dans vos apports en acides amin\u00e9s essentiels.<strong> 2 \u00e0 3 heures entre chaque prise<\/strong> semble \u00eatre le plus adapt\u00e9, surtout les jours qui suivent une s\u00e9ance d\u2019entra\u00eenement intense (pour laquelle la r\u00e9cup\u00e9ration demande plus d\u2019efforts).<br><\/p>\n\n\n\n<h3>Combien de gramme de BCAA les jours de repos ? (dosage)<\/h3>\n\n\n\n<p>Un<strong> <a href=\"https:\/\/www.fitadium.com\/conseils\/acides-amines\/bcaa\/dosage\/\">apport de 10 g de BCAA<\/a><\/strong> durant les jours de r\u00e9cup\u00e9ration semble \u00eatre suffisant.<\/p>\n\n\n\n<p>Cette quantit\u00e9 peut varier, \u00e0 la hausse comme \u00e0 la baisse, selon le reste de l\u2019alimentation et vos besoins ressentis.<\/p>\n\n\n\n<p>Un jour de r\u00e9cup\u00e9ration qui suit un <strong>encha\u00eenement de s\u00e9ances intenses<\/strong>, qui pr\u00e9c\u00e8de une autre s\u00e9ance intense et qui inclut peu de prot\u00e9ines de qualit\u00e9 au cours des repas, demandera un <strong>apport en BCAA l\u00e9g\u00e8rement sup\u00e9rieur<\/strong> (<strong>jusqu\u2019\u00e0 15 g<\/strong>).<\/p>\n\n\n\n<p>Au contraire, si plusieurs jours de r\u00e9cup\u00e9ration s\u2019encha\u00eenent et que vos repas sont fournis en bonnes prot\u00e9ines, <strong>un apport de 10 g<\/strong>, <strong>voire moins<\/strong>, suffira.<br><\/p>\n\n\n\n<h3>Quand prendre les BCAA les jours de repos ?<\/h3>\n\n\n\n<p>En mati\u00e8re de r\u00e9cup\u00e9ration, il n\u2019y a pas vraiment de <a href=\"https:\/\/www.fitadium.com\/conseils\/acides-amines\/bcaa\/quand-prendre\/\">meilleur moment pour la prise de BCAA<\/a>. Le tout reste d\u2019utiliser les BCAA pour assurer<strong> une continuit\u00e9 dans les apports en acides amin\u00e9s essentiels<\/strong> tout au long de la journ\u00e9e.<br><\/p>\n\n\n\n<h4>Alors quel est le meilleur moment pour prendre des BCAA ?<\/h4>\n\n\n\n<ul><li>Vous ne prenez pas de petit-d\u00e9jeuner ? Dans ce cas, il vaut mieux prendre des BCAA d\u00e8s le matin.<\/li><li>Vous d\u00eenez t\u00f4t ? Optez pour une autre <a href=\"https:\/\/www.fitadium.com\/conseils\/acides-amines\/bcaa\/avant-dormir\/\">prise de BCAA avant le coucher<\/a>, afin de restocker avant la nuit.<\/li><li>Si un repas n\u2019inclut pas ou inclut peu de prot\u00e9ines de qualit\u00e9, nous vous recommandons d\u2019ajouter des BCAA \u00e0 ce repas (avant ou apr\u00e8s).<\/li><li>Si vous n\u2019avez pas pour habitude prendre un snack dans l\u2019apr\u00e8s-midi, r\u00e9servez \u00e9galement une place aux BCAA au cours de la journ\u00e9e.<\/li><\/ul>\n\n\n\n<p>Et si vous \u00eates dans plusieurs de ces situations, il s\u2019agit simplement de <strong>fractionner les prises<\/strong>.<br><\/p>\n\n\n\n<h2 id=\"recap\">Ce qu&rsquo;il faut retenir<\/h2>\n\n\n\n<p>Parce qu\u2019ils sont compos\u00e9s d\u2019\u00e9l\u00e9ments directement impliqu\u00e9s dans <strong>la production de nouvelles prot\u00e9ines<\/strong>, alors utilis\u00e9es pour la r\u00e9paration des tissus musculaires, les BCAA trouvent largement leur place les jours de repos.<\/p>\n\n\n\n<p>Nous recommandons une <strong>prise journali\u00e8re de 10 g de BCAA<\/strong>, \u00e0 r\u00e9partir sur la journ\u00e9e afin d\u2019assurer une continuit\u00e9 dans les apports en acides amin\u00e9s essentiels.<\/p>\n\n\n\n<p>Un d\u00e9lai de <strong>2 \u00e0 3 heures entre chaque apport en prot\u00e9ines de qualit\u00e9<\/strong>, aussi assur\u00e9 par l\u2019alimentation, devrait permettre d\u2019optimiser les stocks d\u2019acides amin\u00e9s essentiels et maintenir l\u2019organisme en phase anabolique.<br><br><br><br><br><\/p>\n","protected":false},"excerpt":{"rendered":"<p>C\u2019est g\u00e9n\u00e9ralement autour d\u2019une bonne s\u00e9ance de musculation que les BCAA trouvent le plus d&rsquo;utilisateurs, ayant d\u00e9montr\u00e9 leur int\u00e9r\u00eat pour la performance, la r\u00e9cup\u00e9ration et le d\u00e9veloppement musculaire. Mais on oublie souvent que la r\u00e9cup\u00e9ration est une phase essentielle \u00e0 la conversion des efforts r\u00e9alis\u00e9s en r\u00e9sultats visibles, d\u2019o\u00f9 le fait qu\u2019int\u00e9grer des BCAA les [&hellip;]<\/p>\n","protected":false},"author":30,"featured_media":58615,"parent":58498,"menu_order":0,"comment_status":"closed","ping_status":"closed","template":"template-cocon.php","meta":[],"yoast_head":"<!-- This site is optimized with the Yoast SEO plugin v17.1 - https:\/\/yoast.com\/wordpress\/plugins\/seo\/ -->\n<title>Faut-il prendre des BCAA les jours de repos sans sport ?<\/title>\n<meta name=\"description\" content=\"C\u2019est g\u00e9n\u00e9ralement autour d\u2019une bonne s\u00e9ance de musculation que les BCAA trouvent le plus d&#039;utilisateurs, ayant d\u00e9montr\u00e9 leur int\u00e9r\u00eat pour la performance,\" \/>\n<meta name=\"robots\" content=\"index, follow, max-snippet:-1, max-image-preview:large, max-video-preview:-1\" \/>\n<link rel=\"canonical\" href=\"https:\/\/www.fitadium.com\/conseils\/acides-amines\/bcaa\/jour-repos-sans-sport\/\" \/>\n<meta property=\"og:locale\" content=\"fr_FR\" \/>\n<meta property=\"og:type\" content=\"article\" \/>\n<meta property=\"og:title\" content=\"Faut-il prendre des BCAA les jours de repos sans sport ?\" \/>\n<meta property=\"og:description\" content=\"C\u2019est g\u00e9n\u00e9ralement autour d\u2019une bonne s\u00e9ance de musculation que les BCAA trouvent le plus d&#039;utilisateurs, ayant d\u00e9montr\u00e9 leur int\u00e9r\u00eat pour la performance,\" \/>\n<meta property=\"og:url\" content=\"https:\/\/www.fitadium.com\/conseils\/acides-amines\/bcaa\/jour-repos-sans-sport\/\" \/>\n<meta property=\"og:site_name\" content=\"Fitadium\" \/>\n<meta property=\"article:publisher\" content=\"https:\/\/www.facebook.com\/fitadium.musculation\" \/>\n<meta property=\"article:modified_time\" content=\"2025-09-30T10:18:02+00:00\" \/>\n<meta property=\"og:image\" content=\"https:\/\/www.fitadium.com\/conseils\/wp-content\/uploads\/2024\/02\/bcaa-jours-de-repos.jpg\" \/>\n\t<meta property=\"og:image:width\" content=\"560\" \/>\n\t<meta property=\"og:image:height\" content=\"450\" \/>\n<script type=\"application\/ld+json\" class=\"yoast-schema-graph\">{\"@context\":\"https:\/\/schema.org\",\"@graph\":[{\"@type\":\"Organization\",\"@id\":\"https:\/\/www.fitadium.com\/conseils\/#organization\",\"name\":\"FITADIUM\",\"url\":\"https:\/\/www.fitadium.com\/conseils\/\",\"sameAs\":[\"https:\/\/www.facebook.com\/fitadium.musculation\"],\"logo\":{\"@type\":\"ImageObject\",\"@id\":\"https:\/\/www.fitadium.com\/conseils\/#logo\",\"inLanguage\":\"fr-FR\",\"url\":\"https:\/\/www.fitadium.com\/conseils\/wp-content\/uploads\/2013\/08\/mobypicture.jpg\",\"contentUrl\":\"https:\/\/www.fitadium.com\/conseils\/wp-content\/uploads\/2013\/08\/mobypicture.jpg\",\"width\":510,\"height\":600,\"caption\":\"FITADIUM\"},\"image\":{\"@id\":\"https:\/\/www.fitadium.com\/conseils\/#logo\"}},{\"@type\":\"WebSite\",\"@id\":\"https:\/\/www.fitadium.com\/conseils\/#website\",\"url\":\"https:\/\/www.fitadium.com\/conseils\/\",\"name\":\"Fitadium\",\"description\":\"Toute l&#039;actualit\\u00e9 de la musculation et du fitness\",\"publisher\":{\"@id\":\"https:\/\/www.fitadium.com\/conseils\/#organization\"},\"potentialAction\":[{\"@type\":\"SearchAction\",\"target\":{\"@type\":\"EntryPoint\",\"urlTemplate\":\"https:\/\/www.fitadium.com\/conseils\/?s={search_term_string}\"},\"query-input\":\"required name=search_term_string\"}],\"inLanguage\":\"fr-FR\"},{\"@type\":\"ImageObject\",\"@id\":\"https:\/\/www.fitadium.com\/conseils\/acides-amines\/bcaa\/jour-repos-sans-sport\/#primaryimage\",\"inLanguage\":\"fr-FR\",\"url\":\"https:\/\/www.fitadium.com\/conseils\/wp-content\/uploads\/2024\/02\/bcaa-jours-de-repos.jpg\",\"contentUrl\":\"https:\/\/www.fitadium.com\/conseils\/wp-content\/uploads\/2024\/02\/bcaa-jours-de-repos.jpg\",\"width\":560,\"height\":450,\"caption\":\"BCAA les jours de repos sans sport\"},{\"@type\":\"WebPage\",\"@id\":\"https:\/\/www.fitadium.com\/conseils\/acides-amines\/bcaa\/jour-repos-sans-sport\/#webpage\",\"url\":\"https:\/\/www.fitadium.com\/conseils\/acides-amines\/bcaa\/jour-repos-sans-sport\/\",\"name\":\"Faut-il prendre des BCAA les jours de repos sans sport ?\",\"isPartOf\":{\"@id\":\"https:\/\/www.fitadium.com\/conseils\/#website\"},\"primaryImageOfPage\":{\"@id\":\"https:\/\/www.fitadium.com\/conseils\/acides-amines\/bcaa\/jour-repos-sans-sport\/#primaryimage\"},\"datePublished\":\"2024-02-01T15:01:49+00:00\",\"dateModified\":\"2025-09-30T10:18:02+00:00\",\"description\":\"C\\u2019est g\\u00e9n\\u00e9ralement autour d\\u2019une bonne s\\u00e9ance de musculation que les BCAA trouvent le plus d'utilisateurs, ayant d\\u00e9montr\\u00e9 leur int\\u00e9r\\u00eat pour la performance,\",\"breadcrumb\":{\"@id\":\"https:\/\/www.fitadium.com\/conseils\/acides-amines\/bcaa\/jour-repos-sans-sport\/#breadcrumb\"},\"inLanguage\":\"fr-FR\",\"potentialAction\":[{\"@type\":\"ReadAction\",\"target\":[\"https:\/\/www.fitadium.com\/conseils\/acides-amines\/bcaa\/jour-repos-sans-sport\/\"]}]},{\"@type\":\"BreadcrumbList\",\"@id\":\"https:\/\/www.fitadium.com\/conseils\/acides-amines\/bcaa\/jour-repos-sans-sport\/#breadcrumb\",\"itemListElement\":[{\"@type\":\"ListItem\",\"position\":1,\"name\":\"Home\",\"item\":\"https:\/\/www.fitadium.com\/conseils\/\"},{\"@type\":\"ListItem\",\"position\":2,\"name\":\"Les acides amin\\u00e9s en musculation\",\"item\":\"https:\/\/www.fitadium.com\/conseils\/acides-amines\/\"},{\"@type\":\"ListItem\",\"position\":3,\"name\":\"Les BCAA en musculation\",\"item\":\"https:\/\/www.fitadium.com\/conseils\/acides-amines\/bcaa\/\"},{\"@type\":\"ListItem\",\"position\":4,\"name\":\"Est-il utile de prendre des BCAA les jours de repos sans sport ?\"}]}]}<\/script>\n<!-- \/ Yoast SEO plugin. -->","yoast_head_json":{"title":"Faut-il prendre des BCAA les jours de repos sans sport ?","description":"C\u2019est g\u00e9n\u00e9ralement autour d\u2019une bonne s\u00e9ance de musculation que les BCAA trouvent le plus d'utilisateurs, ayant d\u00e9montr\u00e9 leur int\u00e9r\u00eat pour la performance,","robots":{"index":"index","follow":"follow","max-snippet":"max-snippet:-1","max-image-preview":"max-image-preview:large","max-video-preview":"max-video-preview:-1"},"canonical":"https:\/\/www.fitadium.com\/conseils\/acides-amines\/bcaa\/jour-repos-sans-sport\/","og_locale":"fr_FR","og_type":"article","og_title":"Faut-il prendre des BCAA les jours de repos sans sport ?","og_description":"C\u2019est g\u00e9n\u00e9ralement autour d\u2019une bonne s\u00e9ance de musculation que les BCAA trouvent le plus d'utilisateurs, ayant d\u00e9montr\u00e9 leur int\u00e9r\u00eat pour la performance,","og_url":"https:\/\/www.fitadium.com\/conseils\/acides-amines\/bcaa\/jour-repos-sans-sport\/","og_site_name":"Fitadium","article_publisher":"https:\/\/www.facebook.com\/fitadium.musculation","article_modified_time":"2025-09-30T10:18:02+00:00","og_image":[{"width":560,"height":450,"url":"https:\/\/www.fitadium.com\/conseils\/wp-content\/uploads\/2024\/02\/bcaa-jours-de-repos.jpg","path":"\/home\/www\/fitadium\/www\/conseils\/wp-content\/uploads\/2024\/02\/bcaa-jours-de-repos.jpg","size":"full","id":58615,"alt":"BCAA les jours de repos sans sport","pixels":252000,"type":"image\/jpeg"}],"schema":{"@context":"https:\/\/schema.org","@graph":[{"@type":"Organization","@id":"https:\/\/www.fitadium.com\/conseils\/#organization","name":"FITADIUM","url":"https:\/\/www.fitadium.com\/conseils\/","sameAs":["https:\/\/www.facebook.com\/fitadium.musculation"],"logo":{"@type":"ImageObject","@id":"https:\/\/www.fitadium.com\/conseils\/#logo","inLanguage":"fr-FR","url":"https:\/\/www.fitadium.com\/conseils\/wp-content\/uploads\/2013\/08\/mobypicture.jpg","contentUrl":"https:\/\/www.fitadium.com\/conseils\/wp-content\/uploads\/2013\/08\/mobypicture.jpg","width":510,"height":600,"caption":"FITADIUM"},"image":{"@id":"https:\/\/www.fitadium.com\/conseils\/#logo"}},{"@type":"WebSite","@id":"https:\/\/www.fitadium.com\/conseils\/#website","url":"https:\/\/www.fitadium.com\/conseils\/","name":"Fitadium","description":"Toute l&#039;actualit\u00e9 de la musculation et du fitness","publisher":{"@id":"https:\/\/www.fitadium.com\/conseils\/#organization"},"potentialAction":[{"@type":"SearchAction","target":{"@type":"EntryPoint","urlTemplate":"https:\/\/www.fitadium.com\/conseils\/?s={search_term_string}"},"query-input":"required name=search_term_string"}],"inLanguage":"fr-FR"},{"@type":"ImageObject","@id":"https:\/\/www.fitadium.com\/conseils\/acides-amines\/bcaa\/jour-repos-sans-sport\/#primaryimage","inLanguage":"fr-FR","url":"https:\/\/www.fitadium.com\/conseils\/wp-content\/uploads\/2024\/02\/bcaa-jours-de-repos.jpg","contentUrl":"https:\/\/www.fitadium.com\/conseils\/wp-content\/uploads\/2024\/02\/bcaa-jours-de-repos.jpg","width":560,"height":450,"caption":"BCAA les jours de repos sans sport"},{"@type":"WebPage","@id":"https:\/\/www.fitadium.com\/conseils\/acides-amines\/bcaa\/jour-repos-sans-sport\/#webpage","url":"https:\/\/www.fitadium.com\/conseils\/acides-amines\/bcaa\/jour-repos-sans-sport\/","name":"Faut-il prendre des BCAA les jours de repos sans sport ?","isPartOf":{"@id":"https:\/\/www.fitadium.com\/conseils\/#website"},"primaryImageOfPage":{"@id":"https:\/\/www.fitadium.com\/conseils\/acides-amines\/bcaa\/jour-repos-sans-sport\/#primaryimage"},"datePublished":"2024-02-01T15:01:49+00:00","dateModified":"2025-09-30T10:18:02+00:00","description":"C\u2019est g\u00e9n\u00e9ralement autour d\u2019une bonne s\u00e9ance de musculation que les BCAA trouvent le plus d'utilisateurs, ayant d\u00e9montr\u00e9 leur int\u00e9r\u00eat pour la performance,","breadcrumb":{"@id":"https:\/\/www.fitadium.com\/conseils\/acides-amines\/bcaa\/jour-repos-sans-sport\/#breadcrumb"},"inLanguage":"fr-FR","potentialAction":[{"@type":"ReadAction","target":["https:\/\/www.fitadium.com\/conseils\/acides-amines\/bcaa\/jour-repos-sans-sport\/"]}]},{"@type":"BreadcrumbList","@id":"https:\/\/www.fitadium.com\/conseils\/acides-amines\/bcaa\/jour-repos-sans-sport\/#breadcrumb","itemListElement":[{"@type":"ListItem","position":1,"name":"Home","item":"https:\/\/www.fitadium.com\/conseils\/"},{"@type":"ListItem","position":2,"name":"Les acides amin\u00e9s en musculation","item":"https:\/\/www.fitadium.com\/conseils\/acides-amines\/"},{"@type":"ListItem","position":3,"name":"Les BCAA en musculation","item":"https:\/\/www.fitadium.com\/conseils\/acides-amines\/bcaa\/"},{"@type":"ListItem","position":4,"name":"Est-il utile de prendre des BCAA les jours de repos sans sport ?"}]}]}},"featured_image_src":"https:\/\/www.fitadium.com\/conseils\/wp-content\/uploads\/2024\/02\/bcaa-jours-de-repos-560x400.jpg","featured_image_src_square":"https:\/\/www.fitadium.com\/conseils\/wp-content\/uploads\/2024\/02\/bcaa-jours-de-repos.jpg","_links":{"self":[{"href":"https:\/\/www.fitadium.com\/conseils\/wp-json\/wp\/v2\/pages\/58614"}],"collection":[{"href":"https:\/\/www.fitadium.com\/conseils\/wp-json\/wp\/v2\/pages"}],"about":[{"href":"https:\/\/www.fitadium.com\/conseils\/wp-json\/wp\/v2\/types\/page"}],"author":[{"embeddable":true,"href":"https:\/\/www.fitadium.com\/conseils\/wp-json\/wp\/v2\/users\/30"}],"replies":[{"embeddable":true,"href":"https:\/\/www.fitadium.com\/conseils\/wp-json\/wp\/v2\/comments?post=58614"}],"version-history":[{"count":7,"href":"https:\/\/www.fitadium.com\/conseils\/wp-json\/wp\/v2\/pages\/58614\/revisions"}],"predecessor-version":[{"id":60919,"href":"https:\/\/www.fitadium.com\/conseils\/wp-json\/wp\/v2\/pages\/58614\/revisions\/60919"}],"up":[{"embeddable":true,"href":"https:\/\/www.fitadium.com\/conseils\/wp-json\/wp\/v2\/pages\/58498"}],"wp:featuredmedia":[{"embeddable":true,"href":"https:\/\/www.fitadium.com\/conseils\/wp-json\/wp\/v2\/media\/58615"}],"wp:attachment":[{"href":"https:\/\/www.fitadium.com\/conseils\/wp-json\/wp\/v2\/media?parent=58614"}],"curies":[{"name":"wp","href":"https:\/\/api.w.org\/{rel}","templated":true}]}}