{"id":58712,"date":"2024-02-02T09:37:48","date_gmt":"2024-02-02T08:37:48","guid":{"rendered":"https:\/\/www.fitadium.com\/conseils\/?page_id=58712"},"modified":"2024-06-11T16:07:21","modified_gmt":"2024-06-11T14:07:21","slug":"serine","status":"publish","type":"page","link":"https:\/\/www.fitadium.com\/conseils\/acides-amines\/serine\/","title":{"rendered":"L&rsquo;acide amin\u00e9 s\u00e9rine : bienfaits et utilit\u00e9"},"content":{"rendered":"\n<p>Tout comme l&rsquo;asparagine, la s\u00e9rine est tr\u00e8s peu connue du grand public ou m\u00eame des sportifs. La s\u00e9rine est un <strong><a href=\"https:\/\/www.fitadium.com\/3-bcaa-acides-amines-essentiels\">acide amin\u00e9<\/a> non essentiel<\/strong>, elle peut donc \u00eatre synth\u00e9tis\u00e9e par nos cellules \u00e0 partir de la glycine.<\/p>\n\n\n\n<p>Comme la thr\u00e9onine, la s\u00e9rine est pr\u00e9sente dans le mucus, o\u00f9 elle se lie avec un sucre pour former une glycoprot\u00e9ine. Elle agit en tant que <strong>pr\u00e9curseur des \u00e9l\u00e9ments de base de l&rsquo;ADN et de l&rsquo;ARN<\/strong>.<\/p>\n\n\n\n<p>Elle joue \u00e9galement un r\u00f4le important de <strong>catalyseur pour de nombreux m\u00e9canismes enzymatiques <\/strong>n\u00e9cessaires au fonctionnement normal de l&rsquo;organisme. La s\u00e9rine fait partie des aminoacides les plus essentiels \u00e0 la synth\u00e8se des prot\u00e9ines du corps humain.<\/p>\n\n\n\n<p><\/p>\n\n\n\n<h2 class=\"wp-block-heading\" id=\"def\">Qu&rsquo;est-ce que l&rsquo;acide amin\u00e9 s\u00e9rine ? D\u00e9finition, structure<\/h2>\n\n\n\n<p>La s\u00e9rine est un <a href=\"https:\/\/www.fitadium.com\/conseils\/acides-amines\/semi-non-essentiels\/\">acide amin\u00e9 non essentiel<\/a>. Elle pr\u00e9sente un centre st\u00e9r\u00e9og\u00e9nique, c&rsquo;est \u00e0 dire qu&rsquo;elle peut prendre deux formes mol\u00e9culaires fonctionnelles, l&rsquo;une orient\u00e9e \u00e0 gauche (L-s\u00e9rine, L pour l\u00e9vogyre), l&rsquo;autre orient\u00e9e \u00e0 droite (D-s\u00e9rine pour dextrogyre).&nbsp;<\/p>\n\n\n\n<p>La forme naturelle de l&rsquo;acide amin\u00e9 est <strong>la L-s\u00e9rine<\/strong>. La D-s\u00e9rine sera g\u00e9n\u00e9r\u00e9e par une enzyme rac\u00e9mase dans le cerveau. Cependant, la D-s\u00e9rine agit sur le plan de la <strong>signalisation cellulaire<\/strong>, notamment pour le syst\u00e8me nerveux central.<\/p>\n\n\n\n<p>La s\u00e9rine est consid\u00e9r\u00e9e comme<strong> non-essentielle,<\/strong> l&rsquo;organisme pouvant la synth\u00e9tiser m\u00eame si elle est pr\u00e9sente dans nos aliments de mani\u00e8re suffisante a priori.<\/p>\n\n\n\n<p>D\u00e9couverte au milieu du 19\u00e8me si\u00e8cle, la s\u00e9rine a \u00e9t\u00e9 isol\u00e9e pour la premi\u00e8re fois \u00e0 partir des prot\u00e9ines de la soie, ce qui explique son nom (de&nbsp;<em>sericum<\/em> en latin).&nbsp;<\/p>\n\n\n\n<p><\/p>\n\n\n\n<h3 class=\"wp-block-heading\">Quel est la formule de s\u00e9rine ?<\/h3>\n\n\n\n<p>La s\u00e9rine est un acide amin\u00e9 prot\u00e9inog\u00e8ne hydrophile de formule&nbsp;<strong>C3H7NO3<\/strong>.<\/p>\n\n\n\n<h3 class=\"wp-block-heading\">Quel est le pr\u00e9curseur de la synth\u00e8se de la s\u00e9rine ?<\/h3>\n\n\n\n<p>La s\u00e9rine peut jouer un r\u00f4le de pr\u00e9curseur pour plusieurs acides amin\u00e9s dont <a href=\"https:\/\/www.fitadium.com\/conseils\/acides-amines\/cysteine\/\"><strong>la cyst\u00e9ine<\/strong><\/a>, <strong>le L-tryptophane <\/strong>ou <strong>la glycine<\/strong>.<\/p>\n\n\n\n<p>Inversement, elle sera synth\u00e9tis\u00e9e \u00e0 partir de la glycine par une enzyme de type transf\u00e9rase.<\/p>\n\n\n\n<p><\/p>\n\n\n\n<h2 class=\"wp-block-heading\" id=\"role\">Quels est le r\u00f4le de la s\u00e9rine pour l&rsquo;organisme ?<\/h2>\n\n\n\n<p>Sur le plan mol\u00e9culaire et g\u00e9n\u00e9tique, la s\u00e9rine participe \u00e0 la formation des bases nucl\u00e9iques de <strong>l&rsquo;ADN et de l&rsquo;ARN,<\/strong> notamment des trois pyrimidines, la cytosine, la thymine et l&rsquo;uracile ainsi que des purines ad\u00e9nine et guanine.<\/p>\n\n\n\n<p>Elle peut \u00eatre utilis\u00e9e pour synth\u00e9tiser le <a href=\"https:\/\/www.fitadium.com\/conseils\/acides-amines\/tryptophane\/\"><strong>L-Tryptophane<\/strong><\/a>, acide amin\u00e9 <strong>pr\u00e9curseur de la s\u00e9rotonine et de la m\u00e9latonine<\/strong>.<\/p>\n\n\n\n<p>La s\u00e9rine participe \u00e0 la <strong>fabrication endog\u00e8ne de la phosphatidyls\u00e9rine<\/strong>, un phospholipide compos\u00e9 d&rsquo;un groupe phosphate associ\u00e9 \u00e0 une mol\u00e9cule de s\u00e9rine. La phosphatidyls\u00e9rine est n\u00e9cessaire \u00e0 la<strong> formation des membranes cellulaires<\/strong>, dans les neurones en particulier. P<\/p>\n\n\n\n<p>ouvant \u00eatre transform\u00e9e par conversion enzymatique <a href=\"https:\/\/www.fitadium.com\/conseils\/acides-amines\/glycine\/\">en<strong> glycine<\/strong><\/a> (acide amin\u00e9 n\u00e9cessaire \u00e0 la synth\u00e8se endog\u00e8ne de la cr\u00e9atine), la s\u00e9rine entra\u00eene <strong>une augmentation des niveaux de cr\u00e9atine dans la circulation sanguine<\/strong>.<\/p>\n\n\n\n<p>De m\u00eame, les complexes coenzymatiques li\u00e9s \u00e0 la s\u00e9rine, <a href=\"https:\/\/www.fitadium.com\/conseils\/acides-amines\/valine\/\">la valine<\/a> et la cyst\u00e9ine intervenant sur la cr\u00e9atine kinase expliquent cette <strong>\u00e9l\u00e9vation de la cr\u00e9atine dans l&rsquo;organisme<\/strong>.<\/p>\n\n\n\n<p><\/p>\n\n\n\n<h3 class=\"wp-block-heading\">La s\u00e9rine est n\u00e9cessaire au fonctionnement du syst\u00e8me nerveux&nbsp;<\/h3>\n\n\n\n<p>Acide amin\u00e9 n\u00e9cessaire au <strong>d\u00e9veloppement normal du syst\u00e8me nerveux central<\/strong>, la L-s\u00e9rine intervient sur la synth\u00e8se des neurones de l&rsquo;hippocampe, une glande qui participe \u00e0 la sant\u00e9 du cerveau ainsi qu&rsquo;au maintien des fonctions cognitives (1).<\/p>\n\n\n\n<p>La D-s\u00e9rine agit \u00e0 la mani\u00e8re d&rsquo;un<strong> neurotransmetteur sur les neurones du cerveau<\/strong> en activant les r\u00e9cepteurs NMDA, un m\u00e9canisme biocellulaire impliqu\u00e9 dans la m\u00e9morisation et l&rsquo;accroissement des capacit\u00e9s d&rsquo;apprentissage.<\/p>\n\n\n\n<p>La L-s\u00e9rine joue un r\u00f4le dans la formation de pr\u00e9curseurs utiles \u00e0 de multiples voies du m\u00e9tabolisme comme <strong>la synth\u00e8se des neurotransmetteurs<\/strong>, la <strong>fabrication des phospholipides de nos membranes cellulaires <\/strong>ou d&rsquo;autres mol\u00e9cules n\u00e9cessaires aux <strong>cellules nerveuses<\/strong>.<\/p>\n\n\n\n<blockquote class=\"wp-block-quote is-layout-flow wp-block-quote-is-layout-flow\"><p>Ainsi, elle participe \u00e0 l&rsquo;\u00e9quilibre et au confort mental de l&rsquo;individu.&nbsp;<\/p><\/blockquote>\n\n\n\n<h3 class=\"wp-block-heading\">La s\u00e9rine est impliqu\u00e9e dans la sant\u00e9 du syst\u00e8me immunitaire<\/h3>\n\n\n\n<p>Certains anticorps et globules blancs, notamment les lymphocytes T, jouent un r\u00f4le majeur dans <strong>la r\u00e9ponse du syst\u00e8me immunitaire<\/strong> contre les infections.<\/p>\n\n\n\n<p>Les s\u00e9rines prot\u00e9ases sont des enzymes qui interviennent sur la r\u00e9gulation et l&rsquo;\u00e9quilibre des cellules T de l&rsquo;immunit\u00e9. La s\u00e9rine intervient en tant que <strong>mol\u00e9cule active sur ce syst\u00e8me enzymatique complexe<\/strong> faisant barrage aux infections qui tentent d&rsquo;envahir le corps.&nbsp;<\/p>\n\n\n\n<p><\/p>\n\n\n\n<h3 class=\"wp-block-heading\">Les bienfaits de cet acide amin\u00e9 pour le corps<\/h3>\n\n\n\n<p>N\u00e9cessaire \u00e0 la bonne marche du syst\u00e8me nerveux, du fonctionnement normal des synapses neuronales, la s\u00e9rine contribue \u00e0 <strong>la sant\u00e9 du cerveau<\/strong>, contre le syndrome de <strong>fatigue nerveuse chronique<\/strong> (2).<\/p>\n\n\n\n<p>Ainsi, la s\u00e9rine participe au <strong>d\u00e9veloppement des fonctions cognitives chez l&rsquo;enfant <\/strong>et \u00e0 leur <strong>maintien \u00e0 l&rsquo;\u00e2ge adulte<\/strong>.<\/p>\n\n\n\n<p>Pr\u00e9curseur du L-tryptophane, lui-m\u00eame n\u00e9cessaire \u00e0 la synth\u00e8se de la s\u00e9rotonine et de la m\u00e9latonine, elle participe indirectement aux <strong>b\u00e9n\u00e9fices d&rsquo;un sommeil r\u00e9parateur<\/strong>.<\/p>\n\n\n\n<p>Comme nous l&rsquo;avons pr\u00e9cis\u00e9, la s\u00e9rine contribue au<strong> fonctionnement optimal du syst\u00e8me immunitaire<\/strong> contre les infections virales, bact\u00e9riennes ou microbiennes.<\/p>\n\n\n\n<p>Des \u00e9tudes scientifiques effectu\u00e9es sur l&rsquo;animal ont d\u00e9montr\u00e9 que la L-s\u00e9rine pouvai<strong>t r\u00e9duire les probl\u00e8mes li\u00e9s \u00e0 un manque de circulation du sang dans un organe<\/strong>, ou isch\u00e9mie (3).<\/p>\n\n\n\n<p>Le m\u00e9canisme de l&rsquo;enzyme s\u00e9rine prot\u00e9ase pourrait \u00e9galement repr\u00e9senter une voie th\u00e9rapeutique contre la <strong>maladie d&rsquo;Alzheimer<\/strong> (4) selon certains chercheurs.<\/p>\n\n\n\n<p><\/p>\n\n\n\n<h2 class=\"wp-block-heading\" id=\"sources\">Quelles sont les sources de s\u00e9rine ?&nbsp;<\/h2>\n\n\n\n<h3 class=\"wp-block-heading\">O\u00f9 trouver de la s\u00e9rine dans l&rsquo;alimentation ?&nbsp;<\/h3>\n\n\n\n<p>La L-s\u00e9rine est naturellement retrouv\u00e9e dans <strong>l&rsquo;alimentation et les aliments prot\u00e9in\u00e9s<\/strong>, de source animale ou v\u00e9g\u00e9tale.<\/p>\n\n\n\n<ul class=\"wp-block-list\"><li>La s\u00e9rine est pr\u00e9sente dans le lait, les oeufs, la viande rouge ou blanche, la dinde, le saumon ou la lotte.<\/li><li>Les sources de prot\u00e9ines v\u00e9g\u00e9tales comme le bl\u00e9, le soja, le riz, les arachides, le ma\u00efs, la pistache ou les haricots apportent aussi de la s\u00e9rine.<\/li><li>Les fromages comme le roquefort ou l&#8217;emmental apportent aussi de la s\u00e9rine.<\/li><\/ul>\n\n\n\n<p>L&rsquo;apport alimentaire pour cet acide amin\u00e9 serait suffisant si votre r\u00e9gime alimentaire est vari\u00e9.&nbsp;<\/p>\n\n\n\n<p><\/p>\n\n\n\n<h3 class=\"wp-block-heading\">Les compl\u00e9ments alimentaires contenant de la s\u00e9rine<\/h3>\n\n\n\n<p>La plupart des compl\u00e9ments alimentaires contenant de la s\u00e9rine reposent sur une posologie variant de <strong>500 \u00e0 3000 mg par jour<\/strong> pour un adulte.<\/p>\n\n\n\n<p>Un suppl\u00e9ment de s\u00e9rine isol\u00e9 se prend <strong>avec de l&rsquo;eau, hors des repas<\/strong>.&nbsp;<\/p>\n\n\n\n<p><\/p>\n\n\n\n<p><strong>R\u00e9f\u00e9rences bibliographiques<\/strong><\/p>\n\n\n\n<p>1 &#8211; J. Mitoma, S. Furuya, Y. Hirabayashi.&nbsp;<em>A novel metabolic communication between neurons and astrocytes: non-essential amino acid l-serine released from astrocytes is essential for developing hippocampal neurons<\/em>. Neurosci. Res., 30 (1998), pp. 195\u2013199<\/p>\n\n\n\n<p>2 &#8211; Marc G. Jones et al., <em>Urinary and plasma organic acids and amino acids in chronic fatigue syndrome,&nbsp;<\/em>Clin Chim Acta. 2005 Nov;361(1-2):150-8.<\/p>\n\n\n\n<p>3 &#8211; Takato Abe et al., <em>Cellular origin and regulation of D- and L-serine in in vitro and in vivo models of cerebral ischemia, <\/em>J. Cereb Blood Flow Metab. 2014 Dec; 34(12): 1928\u20131935.<\/p>\n\n\n\n<p>4 &#8211; Taher Darreh-Shori, et al.,&nbsp;<em>Increased Active OMI\/HTRA2 Serine Protease Displays a Positive Correlation with Cholinergic Alterations in the Alzheimer\u2019s Disease Brain,&nbsp;<\/em>Mol Neurobiol. 2019; 56(7): 4601\u20134619.<br><br><br><br><\/p>\n","protected":false},"excerpt":{"rendered":"<p>Tout comme l&rsquo;asparagine, la s\u00e9rine est tr\u00e8s peu connue du grand public ou m\u00eame des sportifs. La s\u00e9rine est un acide amin\u00e9 non essentiel, elle peut donc \u00eatre synth\u00e9tis\u00e9e par nos cellules \u00e0 partir de la glycine. Comme la thr\u00e9onine, la s\u00e9rine est pr\u00e9sente dans le mucus, o\u00f9 elle se lie avec un sucre pour [&hellip;]<\/p>\n","protected":false},"author":23,"featured_media":58713,"parent":58455,"menu_order":0,"comment_status":"closed","ping_status":"closed","template":"template-cocon.php","meta":{"footnotes":""},"class_list":null,"yoast_head":"<!-- This site is optimized with the Yoast SEO plugin v17.1 - https:\/\/yoast.com\/wordpress\/plugins\/seo\/ -->\n<title>L&#039;acide amin\u00e9 l-s\u00e9rine : bienfaits, danger, utilit\u00e9<\/title>\n<meta name=\"description\" content=\"Qu&#039;est-ce que l&#039;acide amin\u00e9 s\u00e9rine ? \u2605Quels est le r\u00f4le de la s\u00e9rine pour l&#039;organisme ? \u2605Quelles sont les sources de s\u00e9rine ?\" \/>\n<meta name=\"robots\" content=\"index, follow, max-snippet:-1, max-image-preview:large, max-video-preview:-1\" \/>\n<link rel=\"canonical\" href=\"https:\/\/www.fitadium.com\/conseils\/acides-amines\/serine\/\" \/>\n<meta property=\"og:locale\" content=\"fr_FR\" \/>\n<meta property=\"og:type\" content=\"article\" \/>\n<meta property=\"og:title\" content=\"L&#039;acide amin\u00e9 l-s\u00e9rine : bienfaits, danger, utilit\u00e9\" \/>\n<meta property=\"og:description\" content=\"Qu&#039;est-ce que l&#039;acide amin\u00e9 s\u00e9rine ? \u2605Quels est le r\u00f4le de la s\u00e9rine pour l&#039;organisme ? \u2605Quelles sont les sources de s\u00e9rine ?\" \/>\n<meta property=\"og:url\" content=\"https:\/\/www.fitadium.com\/conseils\/acides-amines\/serine\/\" \/>\n<meta property=\"og:site_name\" content=\"Fitadium\" \/>\n<meta property=\"article:publisher\" content=\"https:\/\/www.facebook.com\/fitadium.musculation\" \/>\n<meta property=\"article:modified_time\" content=\"2024-06-11T14:07:21+00:00\" \/>\n<meta property=\"og:image\" content=\"https:\/\/www.fitadium.com\/conseils\/wp-content\/uploads\/2024\/02\/acide-amine-10.jpg\" \/>\n\t<meta property=\"og:image:width\" content=\"1600\" \/>\n\t<meta property=\"og:image:height\" content=\"900\" \/>\n<script type=\"application\/ld+json\" class=\"yoast-schema-graph\">{\"@context\":\"https:\/\/schema.org\",\"@graph\":[{\"@type\":\"Organization\",\"@id\":\"https:\/\/www.fitadium.com\/conseils\/#organization\",\"name\":\"FITADIUM\",\"url\":\"https:\/\/www.fitadium.com\/conseils\/\",\"sameAs\":[\"https:\/\/www.facebook.com\/fitadium.musculation\"],\"logo\":{\"@type\":\"ImageObject\",\"@id\":\"https:\/\/www.fitadium.com\/conseils\/#logo\",\"inLanguage\":\"fr-FR\",\"url\":\"https:\/\/www.fitadium.com\/conseils\/wp-content\/uploads\/2013\/08\/mobypicture.jpg\",\"contentUrl\":\"https:\/\/www.fitadium.com\/conseils\/wp-content\/uploads\/2013\/08\/mobypicture.jpg\",\"width\":510,\"height\":600,\"caption\":\"FITADIUM\"},\"image\":{\"@id\":\"https:\/\/www.fitadium.com\/conseils\/#logo\"}},{\"@type\":\"WebSite\",\"@id\":\"https:\/\/www.fitadium.com\/conseils\/#website\",\"url\":\"https:\/\/www.fitadium.com\/conseils\/\",\"name\":\"Fitadium\",\"description\":\"Toute l&#039;actualit\\u00e9 de la musculation et du fitness\",\"publisher\":{\"@id\":\"https:\/\/www.fitadium.com\/conseils\/#organization\"},\"potentialAction\":[{\"@type\":\"SearchAction\",\"target\":{\"@type\":\"EntryPoint\",\"urlTemplate\":\"https:\/\/www.fitadium.com\/conseils\/?s={search_term_string}\"},\"query-input\":\"required name=search_term_string\"}],\"inLanguage\":\"fr-FR\"},{\"@type\":\"ImageObject\",\"@id\":\"https:\/\/www.fitadium.com\/conseils\/acides-amines\/serine\/#primaryimage\",\"inLanguage\":\"fr-FR\",\"url\":\"https:\/\/www.fitadium.com\/conseils\/wp-content\/uploads\/2024\/02\/acide-amine-10.jpg\",\"contentUrl\":\"https:\/\/www.fitadium.com\/conseils\/wp-content\/uploads\/2024\/02\/acide-amine-10.jpg\",\"width\":1600,\"height\":900,\"caption\":\"acide amine s\\u00e9rine\"},{\"@type\":\"WebPage\",\"@id\":\"https:\/\/www.fitadium.com\/conseils\/acides-amines\/serine\/#webpage\",\"url\":\"https:\/\/www.fitadium.com\/conseils\/acides-amines\/serine\/\",\"name\":\"L'acide amin\\u00e9 l-s\\u00e9rine : bienfaits, danger, utilit\\u00e9\",\"isPartOf\":{\"@id\":\"https:\/\/www.fitadium.com\/conseils\/#website\"},\"primaryImageOfPage\":{\"@id\":\"https:\/\/www.fitadium.com\/conseils\/acides-amines\/serine\/#primaryimage\"},\"datePublished\":\"2024-02-02T08:37:48+00:00\",\"dateModified\":\"2024-06-11T14:07:21+00:00\",\"description\":\"Qu'est-ce que l'acide amin\\u00e9 s\\u00e9rine ? \\u2605Quels est le r\\u00f4le de la s\\u00e9rine pour l'organisme ? \\u2605Quelles sont les sources de s\\u00e9rine ?\",\"breadcrumb\":{\"@id\":\"https:\/\/www.fitadium.com\/conseils\/acides-amines\/serine\/#breadcrumb\"},\"inLanguage\":\"fr-FR\",\"potentialAction\":[{\"@type\":\"ReadAction\",\"target\":[\"https:\/\/www.fitadium.com\/conseils\/acides-amines\/serine\/\"]}]},{\"@type\":\"BreadcrumbList\",\"@id\":\"https:\/\/www.fitadium.com\/conseils\/acides-amines\/serine\/#breadcrumb\",\"itemListElement\":[{\"@type\":\"ListItem\",\"position\":1,\"name\":\"Home\",\"item\":\"https:\/\/www.fitadium.com\/conseils\/\"},{\"@type\":\"ListItem\",\"position\":2,\"name\":\"Les acides amin\\u00e9s en musculation\",\"item\":\"https:\/\/www.fitadium.com\/conseils\/acides-amines\/\"},{\"@type\":\"ListItem\",\"position\":3,\"name\":\"L&rsquo;acide amin\\u00e9 s\\u00e9rine : bienfaits et utilit\\u00e9\"}]}]}<\/script>\n<!-- \/ Yoast SEO plugin. -->","yoast_head_json":{"title":"L'acide amin\u00e9 l-s\u00e9rine : bienfaits, danger, utilit\u00e9","description":"Qu'est-ce que l'acide amin\u00e9 s\u00e9rine ? \u2605Quels est le r\u00f4le de la s\u00e9rine pour l'organisme ? \u2605Quelles sont les sources de s\u00e9rine ?","robots":{"index":"index","follow":"follow","max-snippet":"max-snippet:-1","max-image-preview":"max-image-preview:large","max-video-preview":"max-video-preview:-1"},"canonical":"https:\/\/www.fitadium.com\/conseils\/acides-amines\/serine\/","og_locale":"fr_FR","og_type":"article","og_title":"L'acide amin\u00e9 l-s\u00e9rine : bienfaits, danger, utilit\u00e9","og_description":"Qu'est-ce que l'acide amin\u00e9 s\u00e9rine ? \u2605Quels est le r\u00f4le de la s\u00e9rine pour l'organisme ? \u2605Quelles sont les sources de s\u00e9rine ?","og_url":"https:\/\/www.fitadium.com\/conseils\/acides-amines\/serine\/","og_site_name":"Fitadium","article_publisher":"https:\/\/www.facebook.com\/fitadium.musculation","article_modified_time":"2024-06-11T14:07:21+00:00","og_image":[{"width":1600,"height":900,"url":"https:\/\/www.fitadium.com\/conseils\/wp-content\/uploads\/2024\/02\/acide-amine-10.jpg","path":"\/home\/www\/fitadium\/www\/conseils\/wp-content\/uploads\/2024\/02\/acide-amine-10.jpg","size":"full","id":58713,"alt":"acide amine s\u00e9rine","pixels":1440000,"type":"image\/jpeg"}],"schema":{"@context":"https:\/\/schema.org","@graph":[{"@type":"Organization","@id":"https:\/\/www.fitadium.com\/conseils\/#organization","name":"FITADIUM","url":"https:\/\/www.fitadium.com\/conseils\/","sameAs":["https:\/\/www.facebook.com\/fitadium.musculation"],"logo":{"@type":"ImageObject","@id":"https:\/\/www.fitadium.com\/conseils\/#logo","inLanguage":"fr-FR","url":"https:\/\/www.fitadium.com\/conseils\/wp-content\/uploads\/2013\/08\/mobypicture.jpg","contentUrl":"https:\/\/www.fitadium.com\/conseils\/wp-content\/uploads\/2013\/08\/mobypicture.jpg","width":510,"height":600,"caption":"FITADIUM"},"image":{"@id":"https:\/\/www.fitadium.com\/conseils\/#logo"}},{"@type":"WebSite","@id":"https:\/\/www.fitadium.com\/conseils\/#website","url":"https:\/\/www.fitadium.com\/conseils\/","name":"Fitadium","description":"Toute l&#039;actualit\u00e9 de la musculation et du fitness","publisher":{"@id":"https:\/\/www.fitadium.com\/conseils\/#organization"},"potentialAction":[{"@type":"SearchAction","target":{"@type":"EntryPoint","urlTemplate":"https:\/\/www.fitadium.com\/conseils\/?s={search_term_string}"},"query-input":"required name=search_term_string"}],"inLanguage":"fr-FR"},{"@type":"ImageObject","@id":"https:\/\/www.fitadium.com\/conseils\/acides-amines\/serine\/#primaryimage","inLanguage":"fr-FR","url":"https:\/\/www.fitadium.com\/conseils\/wp-content\/uploads\/2024\/02\/acide-amine-10.jpg","contentUrl":"https:\/\/www.fitadium.com\/conseils\/wp-content\/uploads\/2024\/02\/acide-amine-10.jpg","width":1600,"height":900,"caption":"acide amine s\u00e9rine"},{"@type":"WebPage","@id":"https:\/\/www.fitadium.com\/conseils\/acides-amines\/serine\/#webpage","url":"https:\/\/www.fitadium.com\/conseils\/acides-amines\/serine\/","name":"L'acide amin\u00e9 l-s\u00e9rine : bienfaits, danger, utilit\u00e9","isPartOf":{"@id":"https:\/\/www.fitadium.com\/conseils\/#website"},"primaryImageOfPage":{"@id":"https:\/\/www.fitadium.com\/conseils\/acides-amines\/serine\/#primaryimage"},"datePublished":"2024-02-02T08:37:48+00:00","dateModified":"2024-06-11T14:07:21+00:00","description":"Qu'est-ce que l'acide amin\u00e9 s\u00e9rine ? \u2605Quels est le r\u00f4le de la s\u00e9rine pour l'organisme ? \u2605Quelles sont les sources de s\u00e9rine ?","breadcrumb":{"@id":"https:\/\/www.fitadium.com\/conseils\/acides-amines\/serine\/#breadcrumb"},"inLanguage":"fr-FR","potentialAction":[{"@type":"ReadAction","target":["https:\/\/www.fitadium.com\/conseils\/acides-amines\/serine\/"]}]},{"@type":"BreadcrumbList","@id":"https:\/\/www.fitadium.com\/conseils\/acides-amines\/serine\/#breadcrumb","itemListElement":[{"@type":"ListItem","position":1,"name":"Home","item":"https:\/\/www.fitadium.com\/conseils\/"},{"@type":"ListItem","position":2,"name":"Les acides amin\u00e9s en musculation","item":"https:\/\/www.fitadium.com\/conseils\/acides-amines\/"},{"@type":"ListItem","position":3,"name":"L&rsquo;acide amin\u00e9 s\u00e9rine : bienfaits et utilit\u00e9"}]}]}},"featured_image_src":"https:\/\/www.fitadium.com\/conseils\/wp-content\/uploads\/2024\/02\/acide-amine-10-600x400.jpg","featured_image_src_square":"https:\/\/www.fitadium.com\/conseils\/wp-content\/uploads\/2024\/02\/acide-amine-10-600x600.jpg","_links":{"self":[{"href":"https:\/\/www.fitadium.com\/conseils\/wp-json\/wp\/v2\/pages\/58712","targetHints":{"allow":["GET"]}}],"collection":[{"href":"https:\/\/www.fitadium.com\/conseils\/wp-json\/wp\/v2\/pages"}],"about":[{"href":"https:\/\/www.fitadium.com\/conseils\/wp-json\/wp\/v2\/types\/page"}],"author":[{"embeddable":true,"href":"https:\/\/www.fitadium.com\/conseils\/wp-json\/wp\/v2\/users\/23"}],"replies":[{"embeddable":true,"href":"https:\/\/www.fitadium.com\/conseils\/wp-json\/wp\/v2\/comments?post=58712"}],"version-history":[{"count":10,"href":"https:\/\/www.fitadium.com\/conseils\/wp-json\/wp\/v2\/pages\/58712\/revisions"}],"predecessor-version":[{"id":59459,"href":"https:\/\/www.fitadium.com\/conseils\/wp-json\/wp\/v2\/pages\/58712\/revisions\/59459"}],"up":[{"embeddable":true,"href":"https:\/\/www.fitadium.com\/conseils\/wp-json\/wp\/v2\/pages\/58455"}],"wp:featuredmedia":[{"embeddable":true,"href":"https:\/\/www.fitadium.com\/conseils\/wp-json\/wp\/v2\/media\/58713"}],"wp:attachment":[{"href":"https:\/\/www.fitadium.com\/conseils\/wp-json\/wp\/v2\/media?parent=58712"}],"curies":[{"name":"wp","href":"https:\/\/api.w.org\/{rel}","templated":true}]}}