{"id":58745,"date":"2024-02-02T10:01:27","date_gmt":"2024-02-02T09:01:27","guid":{"rendered":"https:\/\/www.fitadium.com\/conseils\/?page_id=58745"},"modified":"2024-06-11T16:15:51","modified_gmt":"2024-06-11T14:15:51","slug":"asparagine","status":"publish","type":"page","link":"https:\/\/www.fitadium.com\/conseils\/acides-amines\/asparagine\/","title":{"rendered":"L&rsquo;acide amin\u00e9 asparagine : bienfaits et utilit\u00e9"},"content":{"rendered":"\n<p>L&rsquo;asparagine fait partie des <a href=\"https:\/\/www.fitadium.com\/3-bcaa-acides-amines-essentiels\">22 acides amin\u00e9s cod\u00e9s par nos g\u00e8nes<\/a> et qui entrent dans la composition de nos prot\u00e9ines cellulaires. Il peut \u00eatre suppl\u00e9ment\u00e9, notamment dans les <strong>complexes d&rsquo;acides amin\u00e9s complets<\/strong>, sous forme libre ou li\u00e9 \u00e0 de l&rsquo;arginine (arginine aspartate).<\/p>\n\n\n\n<p>Il agirait positivement sur<strong> l&rsquo;\u00e9quilibre du syst\u00e8me nerveux<\/strong>, la <strong>sensibilit\u00e9 \u00e0 l&rsquo;insuline<\/strong>, <strong>l&rsquo;\u00e9nergie<\/strong>, <strong>l&rsquo;endurance <\/strong>et <strong>la r\u00e9sistance contre la fatigue<\/strong> (1).<br><\/p>\n\n\n\n<h2 class=\"wp-block-heading\" id=\"def\">Qu&rsquo;est-ce que l&rsquo;asparagine ? D\u00e9finition<\/h2>\n\n\n\n<p>L&rsquo;asparagine est un <a href=\"https:\/\/www.fitadium.com\/conseils\/acides-amines\/semi-non-essentiels\/\"><strong>acide amin\u00e9 non essentiel<\/strong><\/a>. Il est donc synth\u00e9tis\u00e9 par l&rsquo;organisme, notamment par la synth\u00e8se de l&rsquo;ammoniac et de l&rsquo;oxaloac\u00e9tate, un m\u00e9tabolite du cycle de Krebs.<\/p>\n\n\n\n<p>Il peut aussi \u00eatre <strong>synth\u00e9tis\u00e9 \u00e0 partir de <a href=\"https:\/\/www.fitadium.com\/conseils\/acides-amines\/acide-aspartique\/\">l&rsquo;acide aspartique<\/a><\/strong> par voie enzymatique. De nombreux aliments apportent aussi de l&rsquo;asparagine.<\/p>\n\n\n\n<p>Disons que cet acide amin\u00e9 fut le premier \u00e0 \u00eatre isol\u00e9 car sa d\u00e9couverte date du tout d\u00e9but du 19\u00e8me si\u00e8cle par des scientifiques fran\u00e7ais du nom de Louis-Nicolas Vauquelin et de Pierre-Jean Robiquet. Et m\u00eame si<strong> l&rsquo;asperge <\/strong>n&rsquo;est pas le v\u00e9g\u00e9tal qui en contient le plus, c&rsquo;est bien dans le jus de ce l\u00e9gume qu&rsquo;il fut d\u00e9couvert; ce qui explique son nom.&nbsp;<br><\/p>\n\n\n\n<h3 class=\"wp-block-heading\">Quel est le rapport entre l&rsquo;asparagine, l&rsquo;aspartate, l&rsquo;acide aspartique et l&rsquo;acide glutamique ?&nbsp;<\/h3>\n\n\n\n<p>Notre organisme est pourvu de nombreuses enzymes de la famille des prot\u00e9ases qui permettent de basculer d&rsquo;un acide amin\u00e9 \u00e0 l&rsquo;autre, notamment pour les non-essentiels.<\/p>\n\n\n\n<p>De cette mani\u00e8re, l&rsquo;asparagine peut permuter en<strong> aspartate<\/strong>, puis <a href=\"https:\/\/www.fitadium.com\/conseils\/acides-amines\/glutamate\/\">en <strong>glutamate<\/strong><\/a>, <a href=\"https:\/\/www.fitadium.com\/conseils\/acides-amines\/glutamine\/\"><strong>glutamine<\/strong><\/a>, et de mani\u00e8re indirecte en<strong> alanine <\/strong>\u00e0 partir du cycle de Krebs tout en passant par l&rsquo;alpha-c\u00e9toglutarate avec de l&rsquo;ATP.<br><\/p>\n\n\n\n<h3 class=\"wp-block-heading\">O\u00f9 trouver l&rsquo;asparagine : dans quels aliments ?<\/h3>\n\n\n\n<p>Hors du corps humain, l&rsquo;asparagine est un acide amin\u00e9 <strong>plut\u00f4t rare<\/strong>. Il l&rsquo;est moins que le tryptophane mais bien plus que l&rsquo;arginine ou la leucine par exemple.<\/p>\n\n\n\n<p>Il n&rsquo;en est pas moins pr\u00e9sent dans l&rsquo;alimentation, un grand nombre d&rsquo;aliments contiennent de l&rsquo;asparagine :<\/p>\n\n\n\n<ul class=\"wp-block-list\"><li>c&rsquo;est le cas pour&nbsp;<strong>l&rsquo;asperge<\/strong>,<\/li><li>cet acide amin\u00e9 est aussi retrouv\u00e9 dans&nbsp;<strong>le lait<\/strong>, les prot\u00e9ines du lait (lactos\u00e9rum et cas\u00e9ine) et les produits laitiers.<\/li><li>La <strong>viande<\/strong> de boeuf, le poulet ou la dinde ainsi que de nombreuses <strong>esp\u00e8ces de poissons<\/strong> et <strong>fruits de mer<\/strong> comestibles en apportent.<\/li><li>Les <strong>sources v\u00e9g\u00e9tales<\/strong> d&rsquo;asparagine sont toutes aussi nombreuses. C&rsquo;est par exemple le cas pour le soja, les noix, la pomme de terre, les amandes, les haricots rouges, les lentilles corail, de nombreuses c\u00e9r\u00e9ales et bien d&rsquo;autres&#8230;&nbsp;<br><\/li><\/ul>\n\n\n\n<h2 class=\"wp-block-heading\" id=\"role\">Quel est le r\u00f4le de l&rsquo;asparagine pour l&rsquo;organisme ?<\/h2>\n\n\n\n<p>L&rsquo;asparagine est impliqu\u00e9e dans <strong>la constitution de nos prot\u00e9ines musculaires, cellulaires et organiques<\/strong>.<\/p>\n\n\n\n<p>Produit du cycle de l&rsquo;ur\u00e9e, l&rsquo;asparagine participe indirectement \u00e0 <strong>l&rsquo;\u00e9vacuation des toxines et d\u00e9chets m\u00e9taboliques<\/strong> par le m\u00e9tabolisme de l&rsquo;ammoniaque et de l&rsquo;ur\u00e9e dans l&rsquo;urine.<\/p>\n\n\n\n<p>Des exp\u00e9riences sur l&rsquo;animal ont \u00e9t\u00e9 \u00e9labor\u00e9es avec de l&rsquo;asparagine et de l&rsquo;aspartate afin de d\u00e9terminer l&rsquo;influence possible de cet acide amin\u00e9 sur la fatigue physique. La conclusion de l&rsquo;exp\u00e9rience r\u00e9v\u00e8lera que ces acides amin\u00e9s <strong>ont augment\u00e9 l&rsquo;oxydation rapide des nutriments en \u00e9nergie<\/strong>. De l\u00e0, l&rsquo;utilisation du glycog\u00e8ne h\u00e9patique et musculaire a \u00e9t\u00e9 retard\u00e9, permettant \u00e0 l&rsquo;animal de prolonger l&rsquo;exercice plus longtemps avant \u00e9puisement (2).<br><\/p>\n\n\n\n<h3 class=\"wp-block-heading\">L&rsquo;asparagine est li\u00e9e au d\u00e9veloppement du syst\u00e8me nerveux<\/h3>\n\n\n\n<p>L&rsquo;asparagine est essentiellement li\u00e9e au <strong>d\u00e9veloppement de la fonction c\u00e9r\u00e9brale<\/strong>. Elle participe au maintien de l&rsquo;\u00e9quilibre du syst\u00e8me nerveux.<\/p>\n\n\n\n<p>Une carence en asparagine chez l&rsquo;animal provoquerait des&nbsp;<strong>effets catastrophiques sur le d\u00e9veloppement du syst\u00e8me nerveux<\/strong> \u00e0 la naissance des petits. Cet effet serait caus\u00e9 par une synth\u00e8se peu \u00e9lev\u00e9e de la my\u00e9line, la gaine organique prot\u00e9geant les fibres nerveuses.<\/p>\n\n\n\n<p>A l&rsquo;\u00e2ge adulte, l&rsquo;asparagine contribue au <strong>maintien de l&rsquo;int\u00e9grit\u00e9 des gaines de my\u00e9line<\/strong> ainsi qu&rsquo;au bon fonctionnement des neurones.<br><\/p>\n\n\n\n<h3 class=\"wp-block-heading\">L&rsquo;asparagine pourrait \u00eatre impliqu\u00e9e dans le m\u00e9tabolisme de l&rsquo;insuline<\/h3>\n\n\n\n<p>Les connaissances scientifiques nous informe que des essais cliniques ont \u00e9galement \u00e9t\u00e9 effectu\u00e9s afin de savoir si l&rsquo;asparagine pouvait pr\u00e9senter un int\u00e9r\u00eat dans le cadre du<strong> diab\u00e8te de type 2 <\/strong>et de la <strong>sensibilit\u00e9 \u00e0 l&rsquo;insuline<\/strong> (4).<\/p>\n\n\n\n<p>Des \u00e9tudes sur l&rsquo;animal ont \u00e9t\u00e9 effectu\u00e9es avec un apport d&rsquo;asparagine et d&rsquo;aspartate. Les conclusions d&rsquo;\u00e9tudes ont d\u00e9montr\u00e9 que ces acides amin\u00e9s avait profit\u00e9 d&rsquo;un<strong> stockage augment\u00e9 du glycog\u00e8ne musculaire<\/strong>. Les chercheurs estiment que ces deux acides amin\u00e9s, lorsqu&rsquo;ils sont associ\u00e9s \u00e0 une alimentation riche en prot\u00e9ines, pourraient <strong>stimuler la sensibilit\u00e9 cellulaire \u00e0 l&rsquo;insuline<\/strong>.<\/p>\n\n\n\n<p>Cependant, ces \u00e9tudes effectu\u00e9es sur l&rsquo;animal devront \u00eatre confirm\u00e9es sur l&rsquo;homme.<br><\/p>\n\n\n\n<h3 class=\"wp-block-heading\">Quel est le r\u00f4le de l&rsquo;asparagine sur le cancer ?<\/h3>\n\n\n\n<p>Plusieurs \u00e9tudes scientifiques mettent en lumi\u00e8re le fait que l&rsquo;asparagine pourrait jouer <strong>un r\u00f4le n\u00e9gatif sur les cellules canc\u00e9reuses<\/strong> en favorisant leur croissance.<\/p>\n\n\n\n<p>Cela \u00e9tant, l&rsquo;asparagine n&rsquo;a aucun rapport avec une substance canc\u00e9rig\u00e8ne. Par contre, l&rsquo;asparagine est un r\u00e9gulateur des enzymes du<strong> complexe mTOR<\/strong> agissant sur <strong>la croissance et la multiplication cellulaire<\/strong>.<\/p>\n\n\n\n<p>En bloquant l&rsquo;enzyme asparagine synth\u00e9tase, certaines cellules canc\u00e9reuses ont cess\u00e9 de croitre alors que les cellules pouvant synth\u00e9tiser cet acide amin\u00e9 ont continu\u00e9 de se d\u00e9velopper (3). Une de ces \u00e9tudes a \u00e9t\u00e9 effectu\u00e9e dans le cadre du cancer du sein.<\/p>\n\n\n\n<p>A l&rsquo;oppos\u00e9, l&rsquo;asparagine est un acide amin\u00e9 n\u00e9cessaire \u00e0 la croissance musculaire par le biais de cette voie anabolisante mTOR\/Akt.<br><\/p>\n\n\n\n<h2 class=\"wp-block-heading\" id=\"bienfaits\">Quels sont les bienfaits de l&rsquo;asparagine sur les performances sportives ?<\/h2>\n\n\n\n<p>Un apport en asparagine contribue \u00e0 <strong>faire reculer la fatigue physique<\/strong>, ainsi que d&rsquo;autres acides amin\u00e9s impliqu\u00e9s dans la production d&rsquo;\u00e9nergie comme la glutamine ou l&rsquo;alanine.<\/p>\n\n\n\n<p>Elle entra\u00eene une <strong>\u00e9conomie du glycog\u00e8ne musculaire et h\u00e9patique<\/strong> (meilleur stockage du glucose), ce qui retarde l&rsquo;\u00e9puisement physique avec un gain notable en endurance pendant l&rsquo;exercice.<br><\/p>\n\n\n\n<h3 class=\"wp-block-heading\">Quels compl\u00e9ments alimentaires apportent de l&rsquo;asparagine ?<\/h3>\n\n\n\n<p>Les compl\u00e9ments alimentaires \u00e0 base de <a href=\"https:\/\/www.fitadium.com\/613-eaa\"><strong>complexes d&rsquo;acides amin\u00e9s complets<\/strong><\/a> (EAA + non-essentiels) ainsi que les prot\u00e9ines sous forme de poudre, apportent de l&rsquo;asparagine.&nbsp;<\/p>\n\n\n<div class=\"columns-push-product\">\n  <div class=\"columns-push-product__body\">\n    \n\n<p class=\"has-large-font-size\"><\/p>\n\n\n  <\/div>\n  <div class=\"columns-push-product__product\">\n    <div class=\"product\" GTM-data-id=\"1648\" GTM-data-nom=\"AMINO MAX (252 caps)\">\n  <div class=\"product__img\" style=\"width: -webkit-fill-available;\">\n    <a href=\"https:\/\/www.fitadium.com\/1648-amino-max-252-caps.html\" class=\"product__image_lnk GTM_blog_product\" >\n      <img decoding=\"async\" src=\"https:\/\/www.fitadium.com\/26118-fit_540\/amino-max-252-caps.jpg\" alt=\"\" class=\"product__image lazyload\">\n    <\/a>\n  <\/div>\n  <div class=\"product__body\">\n        <div class=\"product__brand\">Superset Nutrition<\/div>\n    <a class=\"product__name GTM_blog_product\" href=\"https:\/\/www.fitadium.com\/1648-amino-max-252-caps.html\" title=\"AMINO MAX (252 caps)\">\n      AMINO MAX (252 caps)\n    <\/a>\n          <span class=\"product__price\">23.9 \u20ac<\/span>\n      <span class=\"product__price_old\">29.9 \u20ac<\/span>\n            <div class=\"product__excerpt\">Booste ta prise de muscle gr\u00e2ce \u00e0 l&#039;AMINO MAX (252\u2026<\/div>\n            <div><a class=\"product__cta GTM_blog_product\" href=\"https:\/\/www.fitadium.com\/1648-amino-max-252-caps.html\" title=\"AMINO MAX (252 caps)\">Voir le produit<\/a><\/div>\n  <\/div>\n<\/div>\n  <\/div>\n<\/div>\n\n\n\n<p><strong>R\u00e9f\u00e9rences bibliographiques<\/strong> :<\/p>\n\n\n\n<p>1 &#8211; Abel T, Knechtle B, et al.&nbsp;<em>Influence of chronic supplementation of arginine aspartate in endurance athletes on performance and substrate metabolism \u2013 a randomized, double-blind, placebo-controlled study<\/em>.&nbsp;Int J Sports Med. 2005 Jun;26(5):344-9.<\/p>\n\n\n\n<p>2 &#8211; M. L Marquezi et al.,&nbsp;<em>Effect of aspartate and asparagine supplementation on fatigue determinants in intense exercise, <\/em>Int J Sport Nutr Exerc Metab. 2003 Mar;13(1):65-75.<\/p>\n\n\n\n<p>3 &#8211; Abigail S. Krall et al, <em>Asparagine promotes cancer cell proliferation through use as an amino acid exchange factor<\/em>, Nature Communications 7, Article number: 11457 (2016)&nbsp;<\/p>\n\n\n\n<p>4 &#8211; A. H. Lancha Jr et al, <em>The effect of 5 days of aspartate and asparagine supplementation on glucose transport activity in rat muscle,&nbsp;<\/em>Cell Biochem Funct. 2009 Dec;27(8):552-7.<br><br><br><br><br><br><\/p>\n","protected":false},"excerpt":{"rendered":"<p>L&rsquo;asparagine fait partie des 22 acides amin\u00e9s cod\u00e9s par nos g\u00e8nes et qui entrent dans la composition de nos prot\u00e9ines cellulaires. Il peut \u00eatre suppl\u00e9ment\u00e9, notamment dans les complexes d&rsquo;acides amin\u00e9s complets, sous forme libre ou li\u00e9 \u00e0 de l&rsquo;arginine (arginine aspartate). Il agirait positivement sur l&rsquo;\u00e9quilibre du syst\u00e8me nerveux, la sensibilit\u00e9 \u00e0 l&rsquo;insuline, l&rsquo;\u00e9nergie, [&hellip;]<\/p>\n","protected":false},"author":32,"featured_media":58746,"parent":58455,"menu_order":0,"comment_status":"closed","ping_status":"closed","template":"template-cocon.php","meta":{"footnotes":""},"class_list":null,"yoast_head":"<!-- This site is optimized with the Yoast SEO plugin v17.1 - https:\/\/yoast.com\/wordpress\/plugins\/seo\/ -->\n<title>L&#039;acide amin\u00e9 asparagine : bienfaits, danger, utilit\u00e9<\/title>\n<meta name=\"description\" content=\"Qu&#039;est-ce que l&#039;asparagine ? \u2605Quel est le r\u00f4le de l&#039;asparagine pour l&#039;organisme ? \u2605Quels sont ses bienfaits sur les performances sportives ?\" \/>\n<meta name=\"robots\" content=\"index, follow, max-snippet:-1, max-image-preview:large, max-video-preview:-1\" \/>\n<link rel=\"canonical\" href=\"https:\/\/www.fitadium.com\/conseils\/acides-amines\/asparagine\/\" \/>\n<meta property=\"og:locale\" content=\"fr_FR\" \/>\n<meta property=\"og:type\" content=\"article\" \/>\n<meta property=\"og:title\" content=\"L&#039;acide amin\u00e9 asparagine : bienfaits, danger, utilit\u00e9\" \/>\n<meta property=\"og:description\" content=\"Qu&#039;est-ce que l&#039;asparagine ? \u2605Quel est le r\u00f4le de l&#039;asparagine pour l&#039;organisme ? \u2605Quels sont ses bienfaits sur les performances sportives ?\" \/>\n<meta property=\"og:url\" content=\"https:\/\/www.fitadium.com\/conseils\/acides-amines\/asparagine\/\" \/>\n<meta property=\"og:site_name\" content=\"Fitadium\" \/>\n<meta property=\"article:publisher\" content=\"https:\/\/www.facebook.com\/fitadium.musculation\" \/>\n<meta property=\"article:modified_time\" content=\"2024-06-11T14:15:51+00:00\" \/>\n<meta property=\"og:image\" content=\"https:\/\/www.fitadium.com\/conseils\/wp-content\/uploads\/2024\/02\/acide-amine-14.jpg\" \/>\n\t<meta property=\"og:image:width\" content=\"1600\" \/>\n\t<meta property=\"og:image:height\" content=\"900\" \/>\n<script type=\"application\/ld+json\" class=\"yoast-schema-graph\">{\"@context\":\"https:\/\/schema.org\",\"@graph\":[{\"@type\":\"Organization\",\"@id\":\"https:\/\/www.fitadium.com\/conseils\/#organization\",\"name\":\"FITADIUM\",\"url\":\"https:\/\/www.fitadium.com\/conseils\/\",\"sameAs\":[\"https:\/\/www.facebook.com\/fitadium.musculation\"],\"logo\":{\"@type\":\"ImageObject\",\"@id\":\"https:\/\/www.fitadium.com\/conseils\/#logo\",\"inLanguage\":\"fr-FR\",\"url\":\"https:\/\/www.fitadium.com\/conseils\/wp-content\/uploads\/2013\/08\/mobypicture.jpg\",\"contentUrl\":\"https:\/\/www.fitadium.com\/conseils\/wp-content\/uploads\/2013\/08\/mobypicture.jpg\",\"width\":510,\"height\":600,\"caption\":\"FITADIUM\"},\"image\":{\"@id\":\"https:\/\/www.fitadium.com\/conseils\/#logo\"}},{\"@type\":\"WebSite\",\"@id\":\"https:\/\/www.fitadium.com\/conseils\/#website\",\"url\":\"https:\/\/www.fitadium.com\/conseils\/\",\"name\":\"Fitadium\",\"description\":\"Toute l&#039;actualit\\u00e9 de la musculation et du fitness\",\"publisher\":{\"@id\":\"https:\/\/www.fitadium.com\/conseils\/#organization\"},\"potentialAction\":[{\"@type\":\"SearchAction\",\"target\":{\"@type\":\"EntryPoint\",\"urlTemplate\":\"https:\/\/www.fitadium.com\/conseils\/?s={search_term_string}\"},\"query-input\":\"required name=search_term_string\"}],\"inLanguage\":\"fr-FR\"},{\"@type\":\"ImageObject\",\"@id\":\"https:\/\/www.fitadium.com\/conseils\/acides-amines\/asparagine\/#primaryimage\",\"inLanguage\":\"fr-FR\",\"url\":\"https:\/\/www.fitadium.com\/conseils\/wp-content\/uploads\/2024\/02\/acide-amine-14.jpg\",\"contentUrl\":\"https:\/\/www.fitadium.com\/conseils\/wp-content\/uploads\/2024\/02\/acide-amine-14.jpg\",\"width\":1600,\"height\":900,\"caption\":\"L'acide amin\\u00e9 asparagine : bienfaits, danger, utilit\\u00e9\"},{\"@type\":\"WebPage\",\"@id\":\"https:\/\/www.fitadium.com\/conseils\/acides-amines\/asparagine\/#webpage\",\"url\":\"https:\/\/www.fitadium.com\/conseils\/acides-amines\/asparagine\/\",\"name\":\"L'acide amin\\u00e9 asparagine : bienfaits, danger, utilit\\u00e9\",\"isPartOf\":{\"@id\":\"https:\/\/www.fitadium.com\/conseils\/#website\"},\"primaryImageOfPage\":{\"@id\":\"https:\/\/www.fitadium.com\/conseils\/acides-amines\/asparagine\/#primaryimage\"},\"datePublished\":\"2024-02-02T09:01:27+00:00\",\"dateModified\":\"2024-06-11T14:15:51+00:00\",\"description\":\"Qu'est-ce que l'asparagine ? \\u2605Quel est le r\\u00f4le de l'asparagine pour l'organisme ? \\u2605Quels sont ses bienfaits sur les performances sportives ?\",\"breadcrumb\":{\"@id\":\"https:\/\/www.fitadium.com\/conseils\/acides-amines\/asparagine\/#breadcrumb\"},\"inLanguage\":\"fr-FR\",\"potentialAction\":[{\"@type\":\"ReadAction\",\"target\":[\"https:\/\/www.fitadium.com\/conseils\/acides-amines\/asparagine\/\"]}]},{\"@type\":\"BreadcrumbList\",\"@id\":\"https:\/\/www.fitadium.com\/conseils\/acides-amines\/asparagine\/#breadcrumb\",\"itemListElement\":[{\"@type\":\"ListItem\",\"position\":1,\"name\":\"Home\",\"item\":\"https:\/\/www.fitadium.com\/conseils\/\"},{\"@type\":\"ListItem\",\"position\":2,\"name\":\"Les acides amin\\u00e9s en musculation\",\"item\":\"https:\/\/www.fitadium.com\/conseils\/acides-amines\/\"},{\"@type\":\"ListItem\",\"position\":3,\"name\":\"L&rsquo;acide amin\\u00e9 asparagine : bienfaits et utilit\\u00e9\"}]}]}<\/script>\n<!-- \/ Yoast SEO plugin. -->","yoast_head_json":{"title":"L'acide amin\u00e9 asparagine : bienfaits, danger, utilit\u00e9","description":"Qu'est-ce que l'asparagine ? \u2605Quel est le r\u00f4le de l'asparagine pour l'organisme ? \u2605Quels sont ses bienfaits sur les performances sportives ?","robots":{"index":"index","follow":"follow","max-snippet":"max-snippet:-1","max-image-preview":"max-image-preview:large","max-video-preview":"max-video-preview:-1"},"canonical":"https:\/\/www.fitadium.com\/conseils\/acides-amines\/asparagine\/","og_locale":"fr_FR","og_type":"article","og_title":"L'acide amin\u00e9 asparagine : bienfaits, danger, utilit\u00e9","og_description":"Qu'est-ce que l'asparagine ? \u2605Quel est le r\u00f4le de l'asparagine pour l'organisme ? \u2605Quels sont ses bienfaits sur les performances sportives ?","og_url":"https:\/\/www.fitadium.com\/conseils\/acides-amines\/asparagine\/","og_site_name":"Fitadium","article_publisher":"https:\/\/www.facebook.com\/fitadium.musculation","article_modified_time":"2024-06-11T14:15:51+00:00","og_image":[{"width":1600,"height":900,"url":"https:\/\/www.fitadium.com\/conseils\/wp-content\/uploads\/2024\/02\/acide-amine-14.jpg","path":"\/home\/www\/fitadium\/www\/conseils\/wp-content\/uploads\/2024\/02\/acide-amine-14.jpg","size":"full","id":58746,"alt":"L'acide amin\u00e9 asparagine : bienfaits, danger, utilit\u00e9","pixels":1440000,"type":"image\/jpeg"}],"schema":{"@context":"https:\/\/schema.org","@graph":[{"@type":"Organization","@id":"https:\/\/www.fitadium.com\/conseils\/#organization","name":"FITADIUM","url":"https:\/\/www.fitadium.com\/conseils\/","sameAs":["https:\/\/www.facebook.com\/fitadium.musculation"],"logo":{"@type":"ImageObject","@id":"https:\/\/www.fitadium.com\/conseils\/#logo","inLanguage":"fr-FR","url":"https:\/\/www.fitadium.com\/conseils\/wp-content\/uploads\/2013\/08\/mobypicture.jpg","contentUrl":"https:\/\/www.fitadium.com\/conseils\/wp-content\/uploads\/2013\/08\/mobypicture.jpg","width":510,"height":600,"caption":"FITADIUM"},"image":{"@id":"https:\/\/www.fitadium.com\/conseils\/#logo"}},{"@type":"WebSite","@id":"https:\/\/www.fitadium.com\/conseils\/#website","url":"https:\/\/www.fitadium.com\/conseils\/","name":"Fitadium","description":"Toute l&#039;actualit\u00e9 de la musculation et du fitness","publisher":{"@id":"https:\/\/www.fitadium.com\/conseils\/#organization"},"potentialAction":[{"@type":"SearchAction","target":{"@type":"EntryPoint","urlTemplate":"https:\/\/www.fitadium.com\/conseils\/?s={search_term_string}"},"query-input":"required name=search_term_string"}],"inLanguage":"fr-FR"},{"@type":"ImageObject","@id":"https:\/\/www.fitadium.com\/conseils\/acides-amines\/asparagine\/#primaryimage","inLanguage":"fr-FR","url":"https:\/\/www.fitadium.com\/conseils\/wp-content\/uploads\/2024\/02\/acide-amine-14.jpg","contentUrl":"https:\/\/www.fitadium.com\/conseils\/wp-content\/uploads\/2024\/02\/acide-amine-14.jpg","width":1600,"height":900,"caption":"L'acide amin\u00e9 asparagine : bienfaits, danger, utilit\u00e9"},{"@type":"WebPage","@id":"https:\/\/www.fitadium.com\/conseils\/acides-amines\/asparagine\/#webpage","url":"https:\/\/www.fitadium.com\/conseils\/acides-amines\/asparagine\/","name":"L'acide amin\u00e9 asparagine : bienfaits, danger, utilit\u00e9","isPartOf":{"@id":"https:\/\/www.fitadium.com\/conseils\/#website"},"primaryImageOfPage":{"@id":"https:\/\/www.fitadium.com\/conseils\/acides-amines\/asparagine\/#primaryimage"},"datePublished":"2024-02-02T09:01:27+00:00","dateModified":"2024-06-11T14:15:51+00:00","description":"Qu'est-ce que l'asparagine ? \u2605Quel est le r\u00f4le de l'asparagine pour l'organisme ? \u2605Quels sont ses bienfaits sur les performances sportives ?","breadcrumb":{"@id":"https:\/\/www.fitadium.com\/conseils\/acides-amines\/asparagine\/#breadcrumb"},"inLanguage":"fr-FR","potentialAction":[{"@type":"ReadAction","target":["https:\/\/www.fitadium.com\/conseils\/acides-amines\/asparagine\/"]}]},{"@type":"BreadcrumbList","@id":"https:\/\/www.fitadium.com\/conseils\/acides-amines\/asparagine\/#breadcrumb","itemListElement":[{"@type":"ListItem","position":1,"name":"Home","item":"https:\/\/www.fitadium.com\/conseils\/"},{"@type":"ListItem","position":2,"name":"Les acides amin\u00e9s en musculation","item":"https:\/\/www.fitadium.com\/conseils\/acides-amines\/"},{"@type":"ListItem","position":3,"name":"L&rsquo;acide amin\u00e9 asparagine : bienfaits et utilit\u00e9"}]}]}},"featured_image_src":"https:\/\/www.fitadium.com\/conseils\/wp-content\/uploads\/2024\/02\/acide-amine-14-600x400.jpg","featured_image_src_square":"https:\/\/www.fitadium.com\/conseils\/wp-content\/uploads\/2024\/02\/acide-amine-14-600x600.jpg","_links":{"self":[{"href":"https:\/\/www.fitadium.com\/conseils\/wp-json\/wp\/v2\/pages\/58745","targetHints":{"allow":["GET"]}}],"collection":[{"href":"https:\/\/www.fitadium.com\/conseils\/wp-json\/wp\/v2\/pages"}],"about":[{"href":"https:\/\/www.fitadium.com\/conseils\/wp-json\/wp\/v2\/types\/page"}],"author":[{"embeddable":true,"href":"https:\/\/www.fitadium.com\/conseils\/wp-json\/wp\/v2\/users\/32"}],"replies":[{"embeddable":true,"href":"https:\/\/www.fitadium.com\/conseils\/wp-json\/wp\/v2\/comments?post=58745"}],"version-history":[{"count":7,"href":"https:\/\/www.fitadium.com\/conseils\/wp-json\/wp\/v2\/pages\/58745\/revisions"}],"predecessor-version":[{"id":59467,"href":"https:\/\/www.fitadium.com\/conseils\/wp-json\/wp\/v2\/pages\/58745\/revisions\/59467"}],"up":[{"embeddable":true,"href":"https:\/\/www.fitadium.com\/conseils\/wp-json\/wp\/v2\/pages\/58455"}],"wp:featuredmedia":[{"embeddable":true,"href":"https:\/\/www.fitadium.com\/conseils\/wp-json\/wp\/v2\/media\/58746"}],"wp:attachment":[{"href":"https:\/\/www.fitadium.com\/conseils\/wp-json\/wp\/v2\/media?parent=58745"}],"curies":[{"name":"wp","href":"https:\/\/api.w.org\/{rel}","templated":true}]}}